{"id":14,"date":"2022-03-02T12:01:05","date_gmt":"2022-03-02T03:01:05","guid":{"rendered":"https:\/\/hardestchoice.org\/?page_id=14"},"modified":"2024-06-05T13:21:07","modified_gmt":"2024-06-05T04:21:07","slug":"aboutus","status":"publish","type":"page","link":"https:\/\/hardestchoice.org\/az\/aboutus\/","title":{"rendered":"HAQQINDA"},"content":{"rendered":"<div class=\"wp-block-group alignfull is-layout-constrained wp-block-group-is-layout-constrained\">\n<h2 class=\"wp-block-heading\">&lt;&lt; Ultimate Choice &gt;&gt; Study Group<\/h2>\n\n\n\n<p class=\"wp-block-paragraph\">Bu, Kyoto Universitetinin F\u0259nl\u0259raras\u0131 T\u0259hsil M\u0259rk\u0259zinin &quot;The Ultimate Choice&quot; T\u0259dqiqat Qrupunun (ke\u00e7mi\u015f Kyoto Universitetinin &quot;The Ultimate Choice&quot; Ara\u015fd\u0131rma \u0130\u015f\u0131q Birimi) veb sayt\u0131d\u0131r.<\/p>\n\n\n\n<p class=\"wp-block-paragraph\">T\u0259dqiqat\u0131m\u0131z\u0131n n\u0259 arzular\u0131, n\u0259 \u00fcmidl\u0259ri, n\u0259 d\u0259 Nobel m\u00fckafatlar\u0131 var. \u00dcst\u0259lik, bel\u0259 q\u0259ddarl\u0131q haqq\u0131nda d\u00fc\u015f\u00fcnm\u0259k laz\u0131m oldu\u011funu hiss ed\u0259 bil\u0259rsiniz. Bunun s\u0259b\u0259bi, Ultimate Choice il\u0259 ba\u011fl\u0131 ara\u015fd\u0131rman\u0131n n\u0259yi v\u0259 kimi qurban verm\u0259si bar\u0259d\u0259 d\u00fc\u015f\u00fcnm\u0259 ara\u015fd\u0131rmas\u0131d\u0131r.<\/p>\n\n\n\n<p class=\"wp-block-paragraph\">Amma ara\u015fd\u0131rma laz\u0131md\u0131r. \u00c7\u00fcnki Ultimate Choice \u00fc\u00e7\u00fcn cavab haz\u0131rlamasan\u0131z, daha pis v\u0259ziyy\u0259t\u0259 d\u00fc\u015f\u0259c\u0259ksiniz.<\/p>\n\n\n\n<p class=\"wp-block-paragraph\">M\u0259s\u0259l\u0259n, ``y\u00fcks\u0259k \u00f6l\u00fcml\u0259 n\u0259tic\u0259l\u0259n\u0259n pandemiya zaman\u0131 peyv\u0259nd \u00e7at\u0131\u015fmazl\u0131\u011f\u0131 olduqda peyv\u0259nd \u00fc\u00e7\u00fcn kim\u0259 \u00fcst\u00fcnl\u00fck verilm\u0259lidir?&#039;&#039; v\u0259 ``insanlar geni\u015fmiqyasl\u0131 f\u0259lak\u0259td\u0259n xilas edildikd\u0259 xilasetm\u0259 \u00fc\u00e7\u00fcn kim\u0259 \u00fcst\u00fcnl\u00fck verilm\u0259lidir.&#039; &#039; Bu c\u00fcr qurban se\u00e7imi o zaman yerind\u0259 cavab veril\u0259c\u0259k bir \u015fey deyil.<\/p>\n\n\n\n<p class=\"wp-block-paragraph\">\u018fg\u0259r bu qurban sual\u0131 cavabs\u0131z qalarsa, \u00e7ox g\u00fcman ki, ilk g\u0259l\u0259n, birinci xidm\u0259t prinsipi, hakimiyy\u0259td\u0259 olanlara v\u0259 varl\u0131lara \u00fcst\u00fcnl\u00fck veril\u0259c\u0259k v\u0259 ya h\u0259r k\u0259sin qurban verildiyi yerd\u0259 se\u00e7imd\u0259n qa\u00e7\u0131nacaq. insanlar\u0131n \u00e7oxu ist\u0259mir.<\/p>\n\n\n\n<p class=\"wp-block-paragraph\">Uza\u011fa baxma\u011fa davam etm\u0259k d\u0259h\u015f\u0259tli sonlu\u011fu d\u0259yi\u015fmir.<\/p>\n\n\n\n<p class=\"wp-block-paragraph\">H\u0259m\u00e7inin, bu sualla \u0259laq\u0259dar olaraq, b\u0259zi insanlar, m\u0259s\u0259l\u0259n, triaj\u0131 birl\u0259\u015fdir\u0259 bil\u0259r. Bununla bel\u0259, B\u00f6y\u00fck \u015e\u0259rqi Yaponiya z\u0259lz\u0259l\u0259si il\u0259 ba\u015f ver\u0259nl\u0259r f\u00f6vq\u0259lad\u0259 bir v\u0259ziyy\u0259t idi ki, h\u0259tta triajda &quot;\u0259sas prioritet m\u00fcalic\u0259&quot; qeyd olunsa bel\u0259, h\u0259ddind\u0259n art\u0131q \u00e7ox idi v\u0259 \u0259lav\u0259 se\u00e7im laz\u0131m idi. F\u0259lak\u0259tl\u0259rin v\u0259 probleml\u0259rin miqyas\u0131 n\u0259 q\u0259d\u0259r b\u00f6y\u00fckd\u00fcrs\u0259, adi sisteml\u0259rl\u0259 m\u0259\u015f\u011ful olmaq bir o q\u0259d\u0259r \u00e7\u0259tinl\u0259\u015fir v\u0259 ``son se\u00e7im&#039;&#039; h\u0259r yerd\u0259 ba\u015f verir.<\/p>\n\n\n\n<p class=\"wp-block-paragraph\">Bel\u0259 bir \u201cson se\u00e7im\u201din ortaya \u00e7\u0131xmas\u0131na haz\u0131rla\u015fark\u0259n biz hesab edirik ki, m\u00fcmk\u00fcn q\u0259d\u0259r \u00e7ox insan\u0131 inand\u0131ran cavablar haz\u0131rlamaq \u00fc\u00e7\u00fcn zamanla diqq\u0259tli m\u00fczakir\u0259 v\u0259 se\u00e7im imkan\u0131 ver\u0259n mexanizm olmal\u0131d\u0131r.<\/p>\n\n\n\n<p class=\"wp-block-paragraph\">Buna g\u00f6r\u0259 d\u0259, biz ekstremal v\u0259ziyy\u0259tl\u0259rd\u0259 se\u00e7im problemini ara\u015fd\u0131r\u0131r\u0131q v\u0259 &quot;Ultimate Choice&quot; ad\u0131 alt\u0131nda daha yax\u015f\u0131 t\u0259dbirl\u0259ri ara\u015fd\u0131r\u0131r\u0131q.<\/p>\n\n\n\n<p class=\"wp-block-paragraph\">Birlikd\u0259 &quot;The Ultimate Choice&quot; haqq\u0131nda d\u00fc\u015f\u00fcnm\u0259k ist\u0259rdinizmi?<\/p>\n\n\n\n<p class=\"wp-block-paragraph\">(G\u0259l\u0259c\u0259kd\u0259 se\u00e7icil\u0259rin t\u0259klifl\u0259rini q\u0259bul etm\u0259k, m\u00fczakir\u0259l\u0259r \u00fc\u00e7\u00fcn forum yaratmaq v\u0259 h\u0259r bir dild\u0259 versiyalar haz\u0131rlamaq kimi qlobal q\u0259rarlar\u0131n q\u0259bulunu d\u0259st\u0259kl\u0259y\u0259n bir sistem yaratmaq ist\u0259rdim, lakin bu, \u00e7ox uzaqd\u0131r.)<\/p>\n\n\n\n<figure class=\"wp-block-image size-full\"><a href=\"https:\/\/i0.wp.com\/hardestchoice.org\/wp-content\/uploads\/2022\/04\/figure-hardestchoice.png?ssl=1\"><img loading=\"lazy\" decoding=\"async\" width=\"1280\" height=\"957\" data-attachment-id=\"79\" data-permalink=\"https:\/\/hardestchoice.org\/az\/aboutus\/figure-hardestchoice\/\" data-orig-file=\"https:\/\/i0.wp.com\/hardestchoice.org\/wp-content\/uploads\/2022\/04\/figure-hardestchoice.png?fit=1280%2C957&amp;ssl=1\" data-orig-size=\"1280,957\" data-comments-opened=\"0\" data-image-meta=\"{&quot;aperture&quot;:&quot;0&quot;,&quot;credit&quot;:&quot;&quot;,&quot;camera&quot;:&quot;&quot;,&quot;caption&quot;:&quot;&quot;,&quot;created_timestamp&quot;:&quot;0&quot;,&quot;copyright&quot;:&quot;&quot;,&quot;focal_length&quot;:&quot;0&quot;,&quot;iso&quot;:&quot;0&quot;,&quot;shutter_speed&quot;:&quot;0&quot;,&quot;title&quot;:&quot;&quot;,&quot;orientation&quot;:&quot;0&quot;}\" data-image-title=\"figure-hardestchoice\" data-image-description=\"\" data-image-caption=\"\" data-medium-file=\"https:\/\/i0.wp.com\/hardestchoice.org\/wp-content\/uploads\/2022\/04\/figure-hardestchoice.png?fit=300%2C224&amp;ssl=1\" data-large-file=\"https:\/\/i0.wp.com\/hardestchoice.org\/wp-content\/uploads\/2022\/04\/figure-hardestchoice.png?fit=1024%2C766&amp;ssl=1\" src=\"https:\/\/i0.wp.com\/hardestchoice.org\/wp-content\/uploads\/2022\/04\/figure-hardestchoice.png?fit=1280%2C957&amp;ssl=1\" alt=\"\" class=\"wp-image-79\" srcset=\"https:\/\/i0.wp.com\/hardestchoice.org\/wp-content\/uploads\/2022\/04\/figure-hardestchoice.png?w=1280&amp;ssl=1 1280w, https:\/\/i0.wp.com\/hardestchoice.org\/wp-content\/uploads\/2022\/04\/figure-hardestchoice.png?resize=300%2C224&amp;ssl=1 300w, https:\/\/i0.wp.com\/hardestchoice.org\/wp-content\/uploads\/2022\/04\/figure-hardestchoice.png?resize=1024%2C766&amp;ssl=1 1024w, https:\/\/i0.wp.com\/hardestchoice.org\/wp-content\/uploads\/2022\/04\/figure-hardestchoice.png?resize=768%2C574&amp;ssl=1 768w, https:\/\/i0.wp.com\/hardestchoice.org\/wp-content\/uploads\/2022\/04\/figure-hardestchoice.png?resize=16%2C12&amp;ssl=1 16w, https:\/\/i0.wp.com\/hardestchoice.org\/wp-content\/uploads\/2022\/04\/figure-hardestchoice.png?resize=400%2C300&amp;ssl=1 400w, https:\/\/i0.wp.com\/hardestchoice.org\/wp-content\/uploads\/2022\/04\/figure-hardestchoice.png?resize=200%2C150&amp;ssl=1 200w, https:\/\/i0.wp.com\/hardestchoice.org\/wp-content\/uploads\/2022\/04\/figure-hardestchoice.png?resize=1200%2C897&amp;ssl=1 1200w\" sizes=\"auto, (max-width: 1000px) 100vw, 1000px\" \/><\/a><\/figure>\n<\/div>\n\n\n\n<hr class=\"wp-block-separator has-alpha-channel-opacity is-style-wide\"\/>\n\n\n\n<h2 class=\"wp-block-heading\">T\u0259dqiqat qrant\u0131<\/h2>\n\n\n\n<p class=\"wp-block-paragraph\">&quot;<em>Sosial q\u0259rarlar q\u0259bul etm\u0259k \u00fc\u00e7\u00fcn AI \u00fc\u00e7\u00fcn t\u0259l\u0259bl\u0259r<\/em>- yax\u015f\u0131 keyfiyy\u0259t<em>m\u0259lumat d\u0259sti<\/em>v\u0259 arzu olunand\u0131r<em>\u00c7\u0131x\u0131\u015f<\/em>t\u0259dqiqat\u201d (problem n\u00f6mr\u0259si<a href=\"https:\/\/toyotafound.secure.force.com\/psearch\/JoseiDetail?name=D19-ST-0019\">D19-ST-0019<\/a>, N\u00fcmay\u0259nd\u0259: Hirotsugu Ohba) (Toyota V\u0259qfi 2019 X\u00fcsusi burax\u0131l\u0131\u015f\u0131 &quot;Qabaqc\u0131l Texnologiya il\u0259 birg\u0259 yarad\u0131lm\u0131\u015f Yeni \u0130nsan C\u0259miyy\u0259ti&quot;)<\/p>\n\n\n\n<p class=\"wp-block-paragraph\"><a href=\"https:\/\/toyotafound.secure.force.com\/psearch\/JoseiDetail?name=D19-ST-0019\">https:\/\/toyotafound.secure.force.com\/psearch\/JoseiDetail?name=D19-ST-0019<\/a><\/p>\n\n\n\n<hr class=\"wp-block-separator has-alpha-channel-opacity is-style-wide\"\/>\n\n\n\n<h2 class=\"wp-block-heading\">T\u0259dqiqat \u00fczv\u00fc<\/h2>\n\n\n\n<p class=\"wp-block-paragraph\"><\/p>\n\n\n\n<p class=\"wp-block-paragraph\"><strong>Yuko Ichii<\/strong><br>Tokio Universiteti, Kavli Kainat\u0131n Fizika v\u0259 Riyaziyyat \u0130nstitutu, X\u00fcsusi T\u0259yin olunmu\u015f T\u0259dqiqat\u00e7\u0131, Elm Kommunikasiya N\u0259z\u0259riyy\u0259si Bilikl\u0259rinin T\u0259tbiqi<\/p>\n\n\n\n<p class=\"wp-block-paragraph\"><strong>Makoto Ozono<\/strong><br>Do\u015fi\u015fa Universitetinin Humanitar Elml\u0259r \u00fczr\u0259 T\u0259dqiqat \u0130nstitutunun k\u00f6m\u0259k\u00e7i elmi i\u015f\u00e7isi, Siyasi Elm Bilikl\u0259rinin T\u0259tbiqi<\/p>\n\n\n\n<p class=\"wp-block-paragraph\"><strong><a href=\"https:\/\/researchmap.jp\/overhiro\/\" data-type=\"URL\" data-id=\"https:\/\/researchmap.jp\/overhiro\/\" target=\"_blank\" rel=\"noreferrer noopener\">Hirotsugu Ohba<\/a><\/strong><br>Rikkyo Universiteti, S\u00fcni \u0130ntellekt Elml\u0259ri Lisans\u00fcst\u00fc M\u0259kt\u0259bi, X\u00fcsusi T\u0259yin olunmu\u015f Professor, N\u00fcmay\u0259nd\u0259, \u00dcmumi M\u0259sul<\/p>\n\n\n\n<p class=\"wp-block-paragraph\"><strong>\u015eimpey Okamoto<\/strong><br>Hirosima Universiteti, Lisans\u00fcst\u00fc \u018fd\u0259biyyat M\u0259kt\u0259bi, Dosent, T\u0259tbiqi F\u0259ls\u0259f\u0259 Bilikl\u0259rinin T\u0259tbiqi<\/p>\n\n\n\n<p class=\"wp-block-paragraph\"><strong>Masafumi Kasagi<\/strong><br>Naqoya Universitetinin Liberal \u0130nc\u0259s\u0259n\u0259t v\u0259 Elml\u0259r \u0130nstitutunun x\u00fcsusi t\u0259yin olunmu\u015f dosenti;<\/p>\n\n\n\n<p class=\"wp-block-paragraph\"><strong>Noiru Kikuchi<\/strong><br>Milli Siyas\u0259t Ara\u015fd\u0131rmalar\u0131 \u0130nstitutu, Elm, Texnologiya v\u0259 \u0130nnovasiya Siyas\u0259t Ara\u015fd\u0131rmalar\u0131 M\u0259rk\u0259zi, M\u00fct\u0259x\u0259ssis, Elm kommunikasiyas\u0131 n\u0259z\u0259riyy\u0259si bilikl\u0259rinin t\u0259tbiqi<\/p>\n\n\n\n<p class=\"wp-block-paragraph\"><strong>Haru\u015fi Tamazava<\/strong><br>Kyoto Universiteti, Lisans\u00fcst\u00fc \u018fd\u0259biyyat M\u0259kt\u0259bi, T\u0259dqiqat\u00e7\u0131, Ba\u015f direktor m\u00fcavini, Kosmik Elmd\u0259 Bilikl\u0259rin T\u0259tbiqi<\/p>\n\n\n\n<p class=\"wp-block-paragraph\"><strong>Satoshi Kawamura<\/strong><br>Elml\u0259r M\u0259kt\u0259bi, Astronomiya R\u0259s\u0259dxanas\u0131, Kyoto Universiteti, Doktorantura kursu, Kosmik elm bilikl\u0259rinin t\u0259tbiqi<\/p>\n\n\n\n<p class=\"wp-block-paragraph\"><strong>\u015eiro Komatsu<\/strong><br>Yamana\u015fi Universiteti, H\u0259yat v\u0259 \u018ftraf M\u00fchit Elml\u0259ri Fak\u00fclt\u0259si, Dosent, H\u0259yat Elml\u0259ri v\u0259 Siyasi Elml\u0259rd\u0259 Bilikl\u0259rin T\u0259tbiqi<\/p>\n\n\n\n<p class=\"wp-block-paragraph\"><strong>Keiko Sato<\/strong><br>Kyoto Universiteti X\u0259st\u0259xanas\u0131n\u0131n Tibbi T\u0259hl\u00fck\u0259sizliyin \u0130dar\u0259 Edilm\u0259si Departamentinin X\u00fcsusi T\u0259yin olunmu\u015f Dosenti, H\u0259yat Elml\u0259ri Bilikl\u0259rinin T\u0259tbiqi<\/p>\n\n\n\n<p class=\"wp-block-paragraph\"><strong>Mika Suzuki<\/strong><br>Kyoto Universiteti iPS H\u00fcceyr\u0259 T\u0259dqiqat \u0130nstitutu Uehiro Etika T\u0259dqiqat \u015e\u00f6b\u0259si X\u00fcsusi T\u0259dqiqat\u00e7\u0131 Bioetika bilikl\u0259rinin t\u0259tbiqi<\/p>\n\n\n\n<p class=\"wp-block-paragraph\"><strong>Yuki Takagi<\/strong><br>Kyoto Universiteti, Lisans\u00fcst\u00fc \u018fd\u0259biyyat M\u0259kt\u0259bi, Doktorantura Proqram\u0131, T\u0259tbiqi Etika Biliyi<\/p>\n\n\n\n<p class=\"wp-block-paragraph\"><strong>Masatsugu Senchiiwa<\/strong><br>Kitakyushu Universiteti, Xarici Dill\u0259r Fak\u00fclt\u0259si, Qiyabi M\u00fchazir\u0259\u00e7i, Siyasi Elm Bilikl\u0259rinin T\u0259tbiqi<\/p>\n\n\n\n<p class=\"wp-block-paragraph\"><strong><a href=\"https:\/\/researchmap.jp\/Nagafumi_Nakamura\/?lang=japanese\" target=\"_blank\" rel=\"noreferrer noopener\">Naqafumi Nakamura<\/a><\/strong><br>Tokio Universiteti Liberal \u0130nc\u0259s\u0259n\u0259t Fak\u00fclt\u0259si, Liberal \u0130nc\u0259s\u0259n\u0259tin T\u0259kmill\u0259\u015fdirilm\u0259si \u0130nstitutunun x\u00fcsusi t\u0259yin olunmu\u015f assistenti;<\/p>\n\n\n\n<p class=\"wp-block-paragraph\"><strong>Kojiro Honda<\/strong><br>Kanazava Tibb Universiteti, \u0130nsan Elml\u0259ri, Dosent, T\u0259tbiqi F\u0259ls\u0259f\u0259 Bilikl\u0259rinin T\u0259tbiqi<\/p>\n\n\n\n<p class=\"wp-block-paragraph\"><strong>Koki Miyano<\/strong><br>Kyoto Universiteti, F\u0259nl\u0259raras\u0131 T\u0259hsil v\u0259 T\u0259dqiqat\u0131n T\u0259\u015fviqi M\u0259rk\u0259zi, dosent;<\/p>\n\n\n\n<p class=\"wp-block-paragraph\"><strong>Masahiro Morioka<\/strong><br>Vaseda Universiteti, \u0130nsan Elml\u0259ri Fak\u00fclt\u0259si, Professor, T\u0259tbiqi F\u0259ls\u0259f\u0259 Bilikl\u0259rinin T\u0259tbiqi<\/p>","protected":false},"excerpt":{"rendered":"<p>\u300a\u7a76\u6975\u306e\u9078\u629e\u300b\u7814\u7a76\u4f1a \u4eac\u90fd\u5927\u5b66 \u5b66\u969b\u878d\u5408\u6559\u80b2\u30bb\u30f3\u30bf\u30fc\u300a\u7a76\u6975\u306e\u9078\u629e\u300b\u7814\u7a76\u4f1a\uff08\u65e7 \u4eac\u90fd\u5927\u5b66\u300a\u7a76\u6975\u306e\u9078\u629e\u300b\u7814\u7a76\u30e9\u30a4\u30c8 [&hellip;]<\/p>\n","protected":false},"author":131104234,"featured_media":0,"parent":0,"menu_order":0,"comment_status":"closed","ping_status":"closed","template":"","meta":{"_crdt_document":"","advanced_seo_description":"","jetpack_seo_html_title":"","jetpack_seo_noindex":false,"jetpack_post_was_ever_published":false,"footnotes":""},"class_list":["post-14","page","type-page","status-publish","hentry"],"jetpack_likes_enabled":true,"jetpack_sharing_enabled":true,"jetpack_shortlink":"https:\/\/wp.me\/PdK9kd-e","jetpack-related-posts":[],"amp_enabled":true,"_links":{"self":[{"href":"https:\/\/hardestchoice.org\/az\/wp-json\/wp\/v2\/pages\/14","targetHints":{"allow":["GET"]}}],"collection":[{"href":"https:\/\/hardestchoice.org\/az\/wp-json\/wp\/v2\/pages"}],"about":[{"href":"https:\/\/hardestchoice.org\/az\/wp-json\/wp\/v2\/types\/page"}],"author":[{"embeddable":true,"href":"https:\/\/hardestchoice.org\/az\/wp-json\/wp\/v2\/users\/131104234"}],"replies":[{"embeddable":true,"href":"https:\/\/hardestchoice.org\/az\/wp-json\/wp\/v2\/comments?post=14"}],"version-history":[{"count":36,"href":"https:\/\/hardestchoice.org\/az\/wp-json\/wp\/v2\/pages\/14\/revisions"}],"predecessor-version":[{"id":2469,"href":"https:\/\/hardestchoice.org\/az\/wp-json\/wp\/v2\/pages\/14\/revisions\/2469"}],"wp:attachment":[{"href":"https:\/\/hardestchoice.org\/az\/wp-json\/wp\/v2\/media?parent=14"}],"curies":[{"name":"wp","href":"https:\/\/api.w.org\/{rel}","templated":true}]}}