{"id":29,"date":"2022-03-02T12:17:16","date_gmt":"2022-03-02T03:17:16","guid":{"rendered":"https:\/\/hardestchoice.org\/?page_id=29"},"modified":"2022-10-07T20:43:23","modified_gmt":"2022-10-07T11:43:23","slug":"contactus","status":"publish","type":"page","link":"https:\/\/hardestchoice.org\/az\/contactus\/","title":{"rendered":"FAQ \/ \u018fLAQ\u018f"},"content":{"rendered":"<hr class=\"wp-block-separator has-alpha-channel-opacity is-style-wide\"\/>\n\n\n\n<div class=\"wp-block-group is-layout-flow wp-block-group-is-layout-flow\">\n<h2 class=\"wp-block-heading\">Tez-tez veril\u0259n suallar<\/h2>\n\n\n\n<h4 class=\"wp-block-heading\">S: \u0130ndi haz\u0131rla\u015f\u0131r\u0131q.<\/h4>\n\n\n\n<p class=\"wp-block-paragraph\">Cavab: Biz cavab haz\u0131rlay\u0131r\u0131q.<\/p>\n\n\n\n<div class=\"wp-block-columns is-layout-flex wp-container-core-columns-is-layout-1a9244c7 wp-block-columns-is-layout-flex\">\n<div class=\"wp-block-column is-layout-flow wp-block-column-is-layout-flow\" style=\"flex-basis:100%\">\n<hr class=\"wp-block-separator has-alpha-channel-opacity is-style-wide\"\/>\n<\/div>\n<\/div>\n\n\n\n<p class=\"wp-block-paragraph\"><\/p>\n\n\n\n<h3 class=\"wp-block-heading\">&quot;Son se\u00e7im&quot; m\u00f6vzusu haqq\u0131nda<\/h3>\n\n\n\n<p class=\"wp-block-paragraph\">Bu m\u00f6vzu t\u0259l\u0259b\u0259l\u0259rin t\u0259dqiqat v\u0259 t\u0259cr\u00fcb\u0259l\u0259rini inki\u015faf etdir\u0259rk\u0259n h\u0259qiq\u0259t\u0259n qar\u015f\u0131la\u015fd\u0131qlar\u0131 v\u0259 ya qar\u015f\u0131la\u015facaqlar\u0131 probleml\u0259ri \u0259hat\u0259 edir. M\u00fcxt\u0259lif sah\u0259l\u0259rd\u0259 son d\u0259r\u0259c\u0259 \u00e7\u0259tin hesab edil\u0259n suallar \u201cson se\u00e7im\u201d kimi g\u00f6t\u00fcr\u00fcl\u00fcr.<br>Lakin el\u0259 probleml\u0259r var ki, onlar\u0131 sah\u0259nin problemi hesab ets\u0259k bel\u0259, b\u00fct\u00f6vl\u00fckd\u0259 c\u0259miyy\u0259t t\u0259r\u0259find\u0259n payla\u015f\u0131lmamal\u0131d\u0131r. Dig\u0259r t\u0259r\u0259fd\u0259n, c\u0259miyy\u0259tin payla\u015fmal\u0131 oldu\u011fu m\u0259s\u0259l\u0259l\u0259r d\u0259 var ki, o c\u0259miyy\u0259t \u00f6z anlay\u0131\u015f\u0131n\u0131 d\u0259rinl\u0259\u015fdirm\u0259lidir. \u00dcst\u0259lik, h\u0259tta c\u0259miyy\u0259t daxilind\u0259 d\u0259 bunun problem oldu\u011funu d\u00fc\u015f\u00fcn\u0259nl\u0259r d\u0259 var, el\u0259l\u0259ri d\u0259 yoxdur.<br>Sual\u0131 nec\u0259 verdiyinizd\u0259n as\u0131l\u0131 olaraq insanlar f\u0259rqli cavab ver\u0259c\u0259kl\u0259r. M\u0259s\u0259l\u0259n, qa\u00e7q\u0131n problemi il\u0259 ba\u011fl\u0131 sual ver\u0259nd\u0259 \u0259vv\u0259lc\u0259d\u0259n qa\u00e7q\u0131nlar\u0131n ac\u0131nacaql\u0131 v\u0259ziyy\u0259ti vur\u011fulan\u0131rsa, onlar qa\u00e7q\u0131nlar\u0131 xilas etm\u0259y\u0259 meyllidirl\u0259r.<br>Biz h\u0259l\u0259 d\u0259 bu pilot m\u0259rh\u0259l\u0259d\u0259 bu suallar\u0131 verm\u0259yin d\u00fczg\u00fcn yolunu tapma\u011fa \u00e7al\u0131\u015f\u0131r\u0131q.<\/p>\n<\/div>\n\n\n\n<hr class=\"wp-block-separator has-alpha-channel-opacity is-style-wide\"\/>\n\n\n\n<h2 class=\"wp-block-heading\">\u018flaq\u0259 m\u0259lumat\u0131<\/h2>\n\n\n\n<p class=\"wp-block-paragraph\">Ultimate Choice Study Group il\u0259 \u0259laq\u0259 saxlamaq \u00fc\u00e7\u00fcn a\u015fa\u011f\u0131dak\u0131lardan istifad\u0259 edin.<\/p>\n\n\n\n<p class=\"wp-block-paragraph\">\u018fg\u0259r &quot;Ultimate Choice&quot;un bu m\u00f6vzusu il\u0259 ba\u011fl\u0131 h\u0259r hans\u0131 bir fikriniz varsa, l\u00fctf\u0259n, h\u0259r hans\u0131 bir \u015fey yazmaqdan \u00e7\u0259kinm\u0259yin.<\/p>\n\n\n\n<p class=\"wp-block-paragraph\"><\/p>\n\n\n<div class=\"wp-block-jetpack-contact-form is-layout-flex wp-container-jetpack-contact-form-is-layout-2cb9499c wp-block-jetpack-contact-form-is-layout-flex\"><a href=\"https:\/\/hardestchoice.org\/az\/contactus\/\" target=\"_blank\" rel=\"noopener noreferrer\">Forman\u0131 t\u0259qdim edin.<\/a><\/div>\n\n\n<p class=\"wp-block-paragraph\"><\/p>\n\n\n\n<div style=\"height:100px\" aria-hidden=\"true\" class=\"wp-block-spacer\"><\/div>","protected":false},"excerpt":{"rendered":"<p>\u3088\u304f\u3042\u308b\u3054\u8cea\u554f Q: \u53ea\u4eca\u6e96\u5099\u4e2d\u3067\u3059\u3002 A: \u56de\u7b54\u3092\u6e96\u5099\u3057\u3066\u304a\u308a\u307e\u3059\u3002 \u300a\u7a76\u6975\u306e\u9078\u629e\u300b\u3068\u3044\u3046\u30c6\u30fc\u30de\u306b\u3064\u3044\u3066 \u3053 [&hellip;]<\/p>\n","protected":false},"author":136335720,"featured_media":0,"parent":0,"menu_order":0,"comment_status":"closed","ping_status":"closed","template":"","meta":{"_crdt_document":"","advanced_seo_description":"","jetpack_seo_html_title":"","jetpack_seo_noindex":false,"footnotes":""},"class_list":["post-29","page","type-page","status-publish","hentry"],"jetpack_likes_enabled":true,"jetpack_sharing_enabled":true,"jetpack_shortlink":"https:\/\/wp.me\/PdK9kd-t","jetpack-related-posts":[],"amp_enabled":true,"_links":{"self":[{"href":"https:\/\/hardestchoice.org\/az\/wp-json\/wp\/v2\/pages\/29","targetHints":{"allow":["GET"]}}],"collection":[{"href":"https:\/\/hardestchoice.org\/az\/wp-json\/wp\/v2\/pages"}],"about":[{"href":"https:\/\/hardestchoice.org\/az\/wp-json\/wp\/v2\/types\/page"}],"author":[{"embeddable":true,"href":"https:\/\/hardestchoice.org\/az\/wp-json\/wp\/v2\/users\/136335720"}],"replies":[{"embeddable":true,"href":"https:\/\/hardestchoice.org\/az\/wp-json\/wp\/v2\/comments?post=29"}],"version-history":[{"count":34,"href":"https:\/\/hardestchoice.org\/az\/wp-json\/wp\/v2\/pages\/29\/revisions"}],"predecessor-version":[{"id":1755,"href":"https:\/\/hardestchoice.org\/az\/wp-json\/wp\/v2\/pages\/29\/revisions\/1755"}],"wp:attachment":[{"href":"https:\/\/hardestchoice.org\/az\/wp-json\/wp\/v2\/media?parent=29"}],"curies":[{"name":"wp","href":"https:\/\/api.w.org\/{rel}","templated":true}]}}