{"id":14,"date":"2022-03-02T12:01:05","date_gmt":"2022-03-02T03:01:05","guid":{"rendered":"https:\/\/hardestchoice.org\/?page_id=14"},"modified":"2024-06-05T13:21:07","modified_gmt":"2024-06-05T04:21:07","slug":"aboutus","status":"publish","type":"page","link":"https:\/\/hardestchoice.org\/bs\/aboutus\/","title":{"rendered":"O"},"content":{"rendered":"<div class=\"wp-block-group alignfull is-layout-constrained wp-block-group-is-layout-constrained\">\n<h2 class=\"wp-block-heading\">&lt;&lt; Krajnji izbor &gt;&gt; Studijska grupa<\/h2>\n\n\n\n<p class=\"wp-block-paragraph\">Ovo je web stranica Centra za interdisciplinarno obrazovanje &quot;The Ultimate Choice&quot; Studijske grupe Univerziteta Kjoto (biv\u0161a istra\u017eiva\u010dka svjetlosna jedinica &quot;The Ultimate Choice&quot; Univerziteta Kjoto).<\/p>\n\n\n\n<p class=\"wp-block-paragraph\">Na\u0161e istra\u017eivanje nema snove, nade ili Nobelove nagrade. \u0160tavi\u0161e, mo\u017eda \u0107ete osje\u0107ati da trebate razmi\u0161ljati o takvoj okrutnosti. To je zato \u0161to je istra\u017eivanje o krajnjem izboru studija razmi\u0161ljanja o tome \u0161ta i koga \u017ertvovati.<\/p>\n\n\n\n<p class=\"wp-block-paragraph\">Ali potrebno je istra\u017eivanje. Jer ako ne pripremite odgovor za Ultimate Choice, zavr\u0161it \u0107ete u goroj situaciji.<\/p>\n\n\n\n<p class=\"wp-block-paragraph\">Na primjer, ``kome treba dati prioritet za vakcinaciju kada postoji nedostatak vakcina tokom pandemije sa visokom stopom smrtnosti?&#039;&#039; i ``kome treba dati prioritet za spa\u0161avanje kada se ljudi spa\u0161avaju od katastrofe velikih razmjera.&#039; &#039; Ovakav izbor \u017ertve nije ne\u0161to na \u0161ta se u tom trenutku mo\u017ee odgovoriti na licu mjesta.<\/p>\n\n\n\n<p class=\"wp-block-paragraph\">Ako se ovo pitanje \u017ertvovanja ostavi bez odgovora, vjerovatno \u0107e postojati osnova \u201eprvi do\u0111e, prvi servira\u201c, preferencija za one na vlasti i bogate, ili izbjegavanje izbora gdje su svi \u017ertvovani. ve\u0107ina ljudi ne \u017eeli.<\/p>\n\n\n\n<p class=\"wp-block-paragraph\">Nastavak skretanja pogleda ne mijenja u\u017easan kraj.<\/p>\n\n\n\n<p class=\"wp-block-paragraph\">Tako\u0111er, u vezi sa ovim pitanjem, neki ljudi mogu, na primjer, povezati trija\u017eu. Me\u0111utim, ono \u0161to se dogodilo sa Velikim zemljotresom u isto\u010dnom Japanu bila je vanredna situacija u kojoj \u010dak i ako je u trija\u017ei ozna\u010den &quot;tretman najvi\u0161eg prioriteta&quot;, bilo ih je previ\u0161e, pa je bila neophodna daljnja selekcija. \u0160to je ve\u0107a skala katastrofa i problema, to postaje te\u017ee nositi se s konvencionalnim sistemima, a `` krajnji izbor&#039;&#039; se pojavljuje posvuda.<\/p>\n\n\n\n<p class=\"wp-block-paragraph\">U pripremi za pojavu ovakvog \u201ekona\u010dnog izbora\u201c, smatramo da je neophodno imati mehanizam koji omogu\u0107ava pa\u017eljivu diskusiju i selekciju tokom vremena kako bi se proizveli odgovori koji su uvjerljivi za \u0161to ve\u0107i broj ljudi.<\/p>\n\n\n\n<p class=\"wp-block-paragraph\">Stoga istra\u017eujemo problem izbora u ekstremnim situacijama i istra\u017eujemo bolje mjere pod nazivom &quot;Ultimate Choice&quot;.<\/p>\n\n\n\n<p class=\"wp-block-paragraph\">\u017delite li zajedno razmi\u0161ljati o &quot;The Ultimate Choice&quot;?<\/p>\n\n\n\n<p class=\"wp-block-paragraph\">(U budu\u0107nosti bih \u017eelio imati za cilj sistem koji podr\u017eava globalno dono\u0161enje odluka, kao \u0161to je prihvatanje prijedloga bira\u010da, obezbje\u0111ivanje foruma za razmatranje i priprema verzija na svakom jeziku, ali to je daleko.)<\/p>\n\n\n\n<figure class=\"wp-block-image size-full\"><a href=\"https:\/\/i0.wp.com\/hardestchoice.org\/wp-content\/uploads\/2022\/04\/figure-hardestchoice.png?ssl=1\"><img loading=\"lazy\" decoding=\"async\" width=\"1280\" height=\"957\" data-attachment-id=\"79\" data-permalink=\"https:\/\/hardestchoice.org\/bs\/aboutus\/figure-hardestchoice\/\" data-orig-file=\"https:\/\/i0.wp.com\/hardestchoice.org\/wp-content\/uploads\/2022\/04\/figure-hardestchoice.png?fit=1280%2C957&amp;ssl=1\" data-orig-size=\"1280,957\" data-comments-opened=\"0\" data-image-meta=\"{&quot;aperture&quot;:&quot;0&quot;,&quot;credit&quot;:&quot;&quot;,&quot;camera&quot;:&quot;&quot;,&quot;caption&quot;:&quot;&quot;,&quot;created_timestamp&quot;:&quot;0&quot;,&quot;copyright&quot;:&quot;&quot;,&quot;focal_length&quot;:&quot;0&quot;,&quot;iso&quot;:&quot;0&quot;,&quot;shutter_speed&quot;:&quot;0&quot;,&quot;title&quot;:&quot;&quot;,&quot;orientation&quot;:&quot;0&quot;}\" data-image-title=\"figure-hardestchoice\" data-image-description=\"\" data-image-caption=\"\" data-large-file=\"https:\/\/i0.wp.com\/hardestchoice.org\/wp-content\/uploads\/2022\/04\/figure-hardestchoice.png?fit=1024%2C766&amp;ssl=1\" src=\"https:\/\/i0.wp.com\/hardestchoice.org\/wp-content\/uploads\/2022\/04\/figure-hardestchoice.png?fit=1280%2C957&amp;ssl=1\" alt=\"\" class=\"wp-image-79\" srcset=\"https:\/\/i0.wp.com\/hardestchoice.org\/wp-content\/uploads\/2022\/04\/figure-hardestchoice.png?w=1280&amp;ssl=1 1280w, https:\/\/i0.wp.com\/hardestchoice.org\/wp-content\/uploads\/2022\/04\/figure-hardestchoice.png?resize=300%2C224&amp;ssl=1 300w, https:\/\/i0.wp.com\/hardestchoice.org\/wp-content\/uploads\/2022\/04\/figure-hardestchoice.png?resize=1024%2C766&amp;ssl=1 1024w, https:\/\/i0.wp.com\/hardestchoice.org\/wp-content\/uploads\/2022\/04\/figure-hardestchoice.png?resize=768%2C574&amp;ssl=1 768w, https:\/\/i0.wp.com\/hardestchoice.org\/wp-content\/uploads\/2022\/04\/figure-hardestchoice.png?resize=16%2C12&amp;ssl=1 16w, https:\/\/i0.wp.com\/hardestchoice.org\/wp-content\/uploads\/2022\/04\/figure-hardestchoice.png?resize=400%2C300&amp;ssl=1 400w, https:\/\/i0.wp.com\/hardestchoice.org\/wp-content\/uploads\/2022\/04\/figure-hardestchoice.png?resize=200%2C150&amp;ssl=1 200w, https:\/\/i0.wp.com\/hardestchoice.org\/wp-content\/uploads\/2022\/04\/figure-hardestchoice.png?resize=1200%2C897&amp;ssl=1 1200w\" sizes=\"auto, (max-width: 1000px) 100vw, 1000px\" \/><\/a><\/figure>\n<\/div>\n\n\n\n<hr class=\"wp-block-separator has-alpha-channel-opacity is-style-wide\"\/>\n\n\n\n<h2 class=\"wp-block-heading\">Grant za istra\u017eivanje<\/h2>\n\n\n\n<p class=\"wp-block-paragraph\">&quot;<em>Zahtjevi za AI za dono\u0161enje dru\u0161tvenih odluka<\/em>- dobra kvaliteta<em>skup podataka<\/em>i po\u017eeljno<em>Izlaz<\/em>istra\u017eivanje\u201d (broj problema<a href=\"https:\/\/toyotafound.secure.force.com\/psearch\/JoseiDetail?name=D19-ST-0019\">D19-ST-0019<\/a>, predstavnik: Hirotsugu Ohba) (Specijalno izdanje Toyota fondacije 2019. \u201eNovo ljudsko dru\u0161tvo u suradnji s naprednom tehnologijom\u201c)<\/p>\n\n\n\n<p class=\"wp-block-paragraph\"><a href=\"https:\/\/toyotafound.secure.force.com\/psearch\/JoseiDetail?name=D19-ST-0019\">https:\/\/toyotafound.secure.force.com\/psearch\/JoseiDetail?name=D19-ST-0019<\/a><\/p>\n\n\n\n<hr class=\"wp-block-separator has-alpha-channel-opacity is-style-wide\"\/>\n\n\n\n<h2 class=\"wp-block-heading\">\u010clan istra\u017eivanja<\/h2>\n\n\n\n<p class=\"wp-block-paragraph\"><\/p>\n\n\n\n<p class=\"wp-block-paragraph\"><strong>Yuko Ichii<\/strong><br>Univerzitet u Tokiju, Kavli institut za fiziku i matematiku univerzuma, posebno imenovan istra\u017eiva\u010d, primjena znanja teorije komunikacije nauke<\/p>\n\n\n\n<p class=\"wp-block-paragraph\"><strong>Makoto Ozono<\/strong><br>Pomo\u0107ni istra\u017eiva\u010d, Istra\u017eiva\u010dki institut za humanisti\u010dke nauke, Univerzitet Doshisha, Primena znanja politi\u010dkih nauka<\/p>\n\n\n\n<p class=\"wp-block-paragraph\"><strong><a href=\"https:\/\/researchmap.jp\/overhiro\/\" data-type=\"URL\" data-id=\"https:\/\/researchmap.jp\/overhiro\/\" target=\"_blank\" rel=\"noreferrer noopener\">Hirotsugu Ohba<\/a><\/strong><br>Univerzitet Rikkyo, Visoka \u0161kola za nauku o umjetnoj inteligenciji, specijalno imenovani profesor, predstavnik, generalni odgovorni<\/p>\n\n\n\n<p class=\"wp-block-paragraph\"><strong>Shimpei Okamoto<\/strong><br>Univerzitet Hiro\u0161ima, diplomska \u0161kola knji\u017eevnosti, docent, primjena znanja primijenjene filozofije<\/p>\n\n\n\n<p class=\"wp-block-paragraph\"><strong>Masafumi Kasagi<\/strong><br>Posebno imenovan vanredni profesor, Institut za slobodnu umjetnost i nauku, Univerzitet Nagoya;<\/p>\n\n\n\n<p class=\"wp-block-paragraph\"><strong>Noiru Kikuchi<\/strong><br>Nacionalni diplomski institut za politi\u010dke studije, Centar za istra\u017eivanje politike za nauku, tehnologiju i inovacije, specijalista, Primjena znanja teorije nau\u010dne komunikacije<\/p>\n\n\n\n<p class=\"wp-block-paragraph\"><strong>Harushi Tamazawa<\/strong><br>Univerzitet Kjoto, diplomska \u0161kola knji\u017eevnosti, istra\u017eiva\u010d, zamjenik predstavnika, primjena znanja o svemirskim naukama<\/p>\n\n\n\n<p class=\"wp-block-paragraph\"><strong>Satoshi Kawamura<\/strong><br>Diplomska \u0161kola nauka, Astronomska opservatorija, Univerzitet Kjoto, Doktorski kurs, Primjena znanja o svemirskim naukama<\/p>\n\n\n\n<p class=\"wp-block-paragraph\"><strong>Shiro Komatsu<\/strong><br>Univerzitet Yamanashi, Fakultet za \u017eivotnu sredinu i nauke o \u017eivotnoj sredini, vanredni profesor, Primena znanja u nauci o \u017eivotu i politi\u010dkim naukama<\/p>\n\n\n\n<p class=\"wp-block-paragraph\"><strong>Keiko Sato<\/strong><br>Posebno imenovani vanredni profesor, Odsjek za upravljanje medicinskom sigurno\u0161\u0107u, Univerzitetska bolnica Kyoto, primjena znanja o \u017eivotnoj nauci<\/p>\n\n\n\n<p class=\"wp-block-paragraph\"><strong>Mika Suzuki<\/strong><br>Kyoto Univerzitet iPS Cell Research Institute Uehiro Ethics Research Division Specijalni istra\u017eiva\u010d Primjena bioeti\u010dkog znanja<\/p>\n\n\n\n<p class=\"wp-block-paragraph\"><strong>Yuki Takagi<\/strong><br>Univerzitet Kjoto, diplomska \u0161kola knji\u017eevnosti, doktorski program, primijenjeno eti\u010dko znanje<\/p>\n\n\n\n<p class=\"wp-block-paragraph\"><strong>Masatsugu Senchiiwa<\/strong><br>Univerzitet Kitakyushu, Fakultet za strane jezike, honorarni predava\u010d, Primena znanja politi\u010dkih nauka<\/p>\n\n\n\n<p class=\"wp-block-paragraph\"><strong><a href=\"https:\/\/researchmap.jp\/Nagafumi_Nakamura\/?lang=japanese\" target=\"_blank\" rel=\"noreferrer noopener\">Nagafumi Nakamura<\/a><\/strong><br>Posebno imenovani docent, Institut za unapre\u0111enje slobodnih umetnosti, Fakultet slobodnih umetnosti, Univerzitet u Tokiju;<\/p>\n\n\n\n<p class=\"wp-block-paragraph\"><strong>Kojiro Honda<\/strong><br>Medicinski univerzitet Kanazawa, humanisti\u010dke nauke, vanredni profesor, Primjena znanja primijenjene filozofije<\/p>\n\n\n\n<p class=\"wp-block-paragraph\"><strong>Koki Miyano<\/strong><br>Univerzitet Kyoto, Centar za promociju interdisciplinarnog obrazovanja i istra\u017eivanja, vanredni profesor;<\/p>\n\n\n\n<p class=\"wp-block-paragraph\"><strong>Masahiro Morioka<\/strong><br>Univerzitet Waseda, Fakultet ljudskih nauka, profesor, Primjena znanja primijenjene filozofije<\/p>","protected":false},"excerpt":{"rendered":"<p>\u300a\u7a76\u6975\u306e\u9078\u629e\u300b\u7814\u7a76\u4f1a \u4eac\u90fd\u5927\u5b66 \u5b66\u969b\u878d\u5408\u6559\u80b2\u30bb\u30f3\u30bf\u30fc\u300a\u7a76\u6975\u306e\u9078\u629e\u300b\u7814\u7a76\u4f1a\uff08\u65e7 \u4eac\u90fd\u5927\u5b66\u300a\u7a76\u6975\u306e\u9078\u629e\u300b\u7814\u7a76\u30e9\u30a4\u30c8 [&hellip;]<\/p>\n","protected":false},"author":131104234,"featured_media":0,"parent":0,"menu_order":0,"comment_status":"closed","ping_status":"closed","template":"","meta":{"_crdt_document":"","advanced_seo_description":"","jetpack_seo_html_title":"","jetpack_seo_noindex":false,"footnotes":""},"class_list":["post-14","page","type-page","status-publish","hentry"],"jetpack_likes_enabled":true,"jetpack_sharing_enabled":true,"jetpack_shortlink":"https:\/\/wp.me\/PdK9kd-e","jetpack-related-posts":[],"amp_enabled":true,"_links":{"self":[{"href":"https:\/\/hardestchoice.org\/bs\/wp-json\/wp\/v2\/pages\/14","targetHints":{"allow":["GET"]}}],"collection":[{"href":"https:\/\/hardestchoice.org\/bs\/wp-json\/wp\/v2\/pages"}],"about":[{"href":"https:\/\/hardestchoice.org\/bs\/wp-json\/wp\/v2\/types\/page"}],"author":[{"embeddable":true,"href":"https:\/\/hardestchoice.org\/bs\/wp-json\/wp\/v2\/users\/131104234"}],"replies":[{"embeddable":true,"href":"https:\/\/hardestchoice.org\/bs\/wp-json\/wp\/v2\/comments?post=14"}],"version-history":[{"count":36,"href":"https:\/\/hardestchoice.org\/bs\/wp-json\/wp\/v2\/pages\/14\/revisions"}],"predecessor-version":[{"id":2469,"href":"https:\/\/hardestchoice.org\/bs\/wp-json\/wp\/v2\/pages\/14\/revisions\/2469"}],"wp:attachment":[{"href":"https:\/\/hardestchoice.org\/bs\/wp-json\/wp\/v2\/media?parent=14"}],"curies":[{"name":"wp","href":"https:\/\/api.w.org\/{rel}","templated":true}]}}