{"id":29,"date":"2022-03-02T12:17:16","date_gmt":"2022-03-02T03:17:16","guid":{"rendered":"https:\/\/hardestchoice.org\/?page_id=29"},"modified":"2022-10-07T20:43:23","modified_gmt":"2022-10-07T11:43:23","slug":"contactus","status":"publish","type":"page","link":"https:\/\/hardestchoice.org\/bs\/contactus\/","title":{"rendered":"FAQ \/ KONTAKT"},"content":{"rendered":"<hr class=\"wp-block-separator has-alpha-channel-opacity is-style-wide\"\/>\n\n\n\n<div class=\"wp-block-group is-layout-flow wp-block-group-is-layout-flow\">\n<h2 class=\"wp-block-heading\">FAQ<\/h2>\n\n\n\n<h4 class=\"wp-block-heading\">P: Sada se pripremamo.<\/h4>\n\n\n\n<p class=\"wp-block-paragraph\">O: Pripremamo odgovor.<\/p>\n\n\n\n<div class=\"wp-block-columns is-layout-flex wp-container-core-columns-is-layout-1a9244c7 wp-block-columns-is-layout-flex\">\n<div class=\"wp-block-column is-layout-flow wp-block-column-is-layout-flow\" style=\"flex-basis:100%\">\n<hr class=\"wp-block-separator has-alpha-channel-opacity is-style-wide\"\/>\n<\/div>\n<\/div>\n\n\n\n<p class=\"wp-block-paragraph\"><\/p>\n\n\n\n<h3 class=\"wp-block-heading\">O temi &quot;Krajnji izbor&quot;<\/h3>\n\n\n\n<p class=\"wp-block-paragraph\">Ova tema pokriva probleme sa kojima se studenti stvarno suo\u010davaju ili \u0107e se suo\u010diti dok budu napredovali u istra\u017eivanju i praksi. Pitanja koja se smatraju izuzetno te\u0161kim u raznim oblastima uzimaju se kao &quot;krajnji izbor&quot;.<br>Me\u0111utim, postoje problemi koje ne bi trebalo dijeliti dru\u0161tvo u cjelini, \u010dak i ako ih smatramo problemima na terenu. S druge strane, postoje i pitanja koja dru\u0161tvo treba dijeliti i koje dru\u0161tvo treba da produbi svoje razumijevanje. Nadalje, \u010dak i unutar dru\u0161tva postoje ljudi koji misle da je to problem, a postoje ljudi koji misle da nije.<br>U zavisnosti od toga kako postavite pitanje, ljudi \u0107e razli\u010dito odgovoriti. Na primjer, kada se postavlja pitanje o problemu izbjeglica, ako se unaprijed naglasi nevolja izbjeglica, oni te\u017ee spa\u0161avanju izbjeglica.<br>Jo\u0161 uvijek poku\u0161avamo prona\u0107i pravi na\u010din da postavimo ova pitanja tokom ove pilot faze.<\/p>\n<\/div>\n\n\n\n<hr class=\"wp-block-separator has-alpha-channel-opacity is-style-wide\"\/>\n\n\n\n<h2 class=\"wp-block-heading\">Kontakt informacije<\/h2>\n\n\n\n<p class=\"wp-block-paragraph\">Molimo koristite sljede\u0107e da kontaktirate Ultimate Choice Study Group.<\/p>\n\n\n\n<p class=\"wp-block-paragraph\">Ako imate bilo kakvo mi\u0161ljenje o ovoj temi &quot;The Ultimate Choice&quot;, slobodno napi\u0161ite bilo \u0161ta.<\/p>\n\n\n\n<p class=\"wp-block-paragraph\"><\/p>\n\n\n<div class=\"wp-block-jetpack-contact-form is-layout-flex wp-container-jetpack-contact-form-is-layout-2cb9499c wp-block-jetpack-contact-form-is-layout-flex\"><a href=\"https:\/\/hardestchoice.org\/bs\/contactus\/\" target=\"_blank\" rel=\"noopener noreferrer\">Po\u0161aljite obrazac.<\/a><\/div>\n\n\n<p class=\"wp-block-paragraph\"><\/p>\n\n\n\n<div style=\"height:100px\" aria-hidden=\"true\" class=\"wp-block-spacer\"><\/div>","protected":false},"excerpt":{"rendered":"<p>\u3088\u304f\u3042\u308b\u3054\u8cea\u554f Q: \u53ea\u4eca\u6e96\u5099\u4e2d\u3067\u3059\u3002 A: \u56de\u7b54\u3092\u6e96\u5099\u3057\u3066\u304a\u308a\u307e\u3059\u3002 \u300a\u7a76\u6975\u306e\u9078\u629e\u300b\u3068\u3044\u3046\u30c6\u30fc\u30de\u306b\u3064\u3044\u3066 \u3053 [&hellip;]<\/p>\n","protected":false},"author":136335720,"featured_media":0,"parent":0,"menu_order":0,"comment_status":"closed","ping_status":"closed","template":"","meta":{"_crdt_document":"","advanced_seo_description":"","jetpack_seo_html_title":"","jetpack_seo_noindex":false,"footnotes":""},"class_list":["post-29","page","type-page","status-publish","hentry"],"jetpack_likes_enabled":true,"jetpack_sharing_enabled":true,"jetpack_shortlink":"https:\/\/wp.me\/PdK9kd-t","jetpack-related-posts":[],"amp_enabled":true,"_links":{"self":[{"href":"https:\/\/hardestchoice.org\/bs\/wp-json\/wp\/v2\/pages\/29","targetHints":{"allow":["GET"]}}],"collection":[{"href":"https:\/\/hardestchoice.org\/bs\/wp-json\/wp\/v2\/pages"}],"about":[{"href":"https:\/\/hardestchoice.org\/bs\/wp-json\/wp\/v2\/types\/page"}],"author":[{"embeddable":true,"href":"https:\/\/hardestchoice.org\/bs\/wp-json\/wp\/v2\/users\/136335720"}],"replies":[{"embeddable":true,"href":"https:\/\/hardestchoice.org\/bs\/wp-json\/wp\/v2\/comments?post=29"}],"version-history":[{"count":34,"href":"https:\/\/hardestchoice.org\/bs\/wp-json\/wp\/v2\/pages\/29\/revisions"}],"predecessor-version":[{"id":1755,"href":"https:\/\/hardestchoice.org\/bs\/wp-json\/wp\/v2\/pages\/29\/revisions\/1755"}],"wp:attachment":[{"href":"https:\/\/hardestchoice.org\/bs\/wp-json\/wp\/v2\/media?parent=29"}],"curies":[{"name":"wp","href":"https:\/\/api.w.org\/{rel}","templated":true}]}}