{"id":14,"date":"2022-03-02T12:01:05","date_gmt":"2022-03-02T03:01:05","guid":{"rendered":"https:\/\/hardestchoice.org\/?page_id=14"},"modified":"2024-06-05T13:21:07","modified_gmt":"2024-06-05T04:21:07","slug":"aboutus","status":"publish","type":"page","link":"https:\/\/hardestchoice.org\/ca\/aboutus\/","title":{"rendered":"SOBRE"},"content":{"rendered":"<div class=\"wp-block-group alignfull is-layout-constrained wp-block-group-is-layout-constrained\">\n<h2 class=\"wp-block-heading\">&lt;&lt; Elecci\u00f3 definitiva &gt;&gt; Grup d&#039;estudi<\/h2>\n\n\n\n<p class=\"wp-block-paragraph\">Aquest \u00e9s el lloc web del Grup d&#039;Estudis &quot;The Ultimate Choice&quot; del Centre d&#039;Educaci\u00f3 Interdisciplin\u00e0ria de la Universitat de Kyoto (antiga Unitat de Llum de Recerca &quot;The Ultimate Choice&quot; de la Universitat de Kyoto).<\/p>\n\n\n\n<p class=\"wp-block-paragraph\">La nostra investigaci\u00f3 no t\u00e9 somnis, esperances ni premis Nobel. A m\u00e9s, potser sentiu que necessiteu pensar en aquesta crueltat. Aix\u00f2 es deu al fet que la investigaci\u00f3 sobre l&#039;Elecci\u00f3 Definitiva \u00e9s un estudi de pensar qu\u00e8 i a qui sacrificar.<\/p>\n\n\n\n<p class=\"wp-block-paragraph\">Per\u00f2 cal investigar. Perqu\u00e8 si no prepares una resposta per a Ultimate Choice, acabar\u00e0s en una situaci\u00f3 pitjor.<\/p>\n\n\n\n<p class=\"wp-block-paragraph\">Per exemple, &quot;a qui s&#039;ha de prioritzar la vacunaci\u00f3 quan hi ha escassetat de vacunes durant una pand\u00e8mia amb una alta taxa de mortalitat?&quot; i &quot;a qui s&#039;ha de prioritzar el rescat quan es rescaten persones d&#039;un desastre a gran escala&quot;. L&#039;elecci\u00f3 d&#039;un sacrifici com aquest no \u00e9s una cosa que es pugui respondre al moment en aquell moment.<\/p>\n\n\n\n<p class=\"wp-block-paragraph\">Si aquesta q\u00fcesti\u00f3 del sacrifici es deixa sense resposta, \u00e9s probable que hi hagi un primer arribat, primer servit, una prefer\u00e8ncia pels que tenen el poder i els rics, o una evitaci\u00f3 d&#039;elecci\u00f3 on es sacrifiquen tothom. Ser\u00e0 el final que la majoria de la gent no vol.<\/p>\n\n\n\n<p class=\"wp-block-paragraph\">Continuar mirant cap a un altre costat no canvia el terrible final.<\/p>\n\n\n\n<p class=\"wp-block-paragraph\">Tamb\u00e9, en relaci\u00f3 a aquesta pregunta, algunes persones poden associar el triatge, per exemple. No obstant aix\u00f2, el que va passar amb el gran terratr\u00e8mol del Jap\u00f3 oriental va ser una situaci\u00f3 d&#039;emerg\u00e8ncia en la qual, encara que el &quot;tractament de m\u00e0xima prioritat&quot; s&#039;etiquet\u00e9s en el triatge, n&#039;hi havia massa, i calia una selecci\u00f3 m\u00e9s. Com m\u00e9s gran \u00e9s l&#039;escala de desastres i problemes, m\u00e9s dif\u00edcil es fa fer front als sistemes convencionals, i la &quot;opci\u00f3 definitiva&quot; es produeix a tot arreu.<\/p>\n\n\n\n<p class=\"wp-block-paragraph\">En preparaci\u00f3 per a l&#039;aparici\u00f3 d&#039;aquesta &quot;opci\u00f3 definitiva&quot;, creiem que \u00e9s necessari disposar d&#039;un mecanisme que permeti una discussi\u00f3 i una selecci\u00f3 acuradas al llarg del temps per tal de produir respostes convincents per al m\u00e0xim de persones possible.<\/p>\n\n\n\n<p class=\"wp-block-paragraph\">Per tant, estem investigant el problema de l&#039;elecci\u00f3 en situacions extremes i explorant millors mesures sota el t\u00edtol d&#039;&quot;Elecci\u00f3 definitiva&quot;.<\/p>\n\n\n\n<p class=\"wp-block-paragraph\">Voleu pensar junts en &quot;The Ultimate Choice&quot;?<\/p>\n\n\n\n<p class=\"wp-block-paragraph\">(En el futur, m&#039;agradaria apuntar a un sistema que doni suport a la presa de decisions global, com acceptar propostes dels votants, oferir un f\u00f2rum de deliberaci\u00f3 i preparar versions en cada idioma, per\u00f2 queda molt lluny.)<\/p>\n\n\n\n<figure class=\"wp-block-image size-full\"><a href=\"https:\/\/i0.wp.com\/hardestchoice.org\/wp-content\/uploads\/2022\/04\/figure-hardestchoice.png?ssl=1\"><img loading=\"lazy\" decoding=\"async\" width=\"1280\" height=\"957\" data-attachment-id=\"79\" data-permalink=\"https:\/\/hardestchoice.org\/ca\/aboutus\/figure-hardestchoice\/\" data-orig-file=\"https:\/\/i0.wp.com\/hardestchoice.org\/wp-content\/uploads\/2022\/04\/figure-hardestchoice.png?fit=1280%2C957&amp;ssl=1\" data-orig-size=\"1280,957\" data-comments-opened=\"0\" data-image-meta=\"{&quot;aperture&quot;:&quot;0&quot;,&quot;credit&quot;:&quot;&quot;,&quot;camera&quot;:&quot;&quot;,&quot;caption&quot;:&quot;&quot;,&quot;created_timestamp&quot;:&quot;0&quot;,&quot;copyright&quot;:&quot;&quot;,&quot;focal_length&quot;:&quot;0&quot;,&quot;iso&quot;:&quot;0&quot;,&quot;shutter_speed&quot;:&quot;0&quot;,&quot;title&quot;:&quot;&quot;,&quot;orientation&quot;:&quot;0&quot;}\" data-image-title=\"figure-hardestchoice\" data-image-description=\"\" data-image-caption=\"\" data-large-file=\"https:\/\/i0.wp.com\/hardestchoice.org\/wp-content\/uploads\/2022\/04\/figure-hardestchoice.png?fit=1024%2C766&amp;ssl=1\" src=\"https:\/\/i0.wp.com\/hardestchoice.org\/wp-content\/uploads\/2022\/04\/figure-hardestchoice.png?fit=1280%2C957&amp;ssl=1\" alt=\"\" class=\"wp-image-79\" srcset=\"https:\/\/i0.wp.com\/hardestchoice.org\/wp-content\/uploads\/2022\/04\/figure-hardestchoice.png?w=1280&amp;ssl=1 1280w, https:\/\/i0.wp.com\/hardestchoice.org\/wp-content\/uploads\/2022\/04\/figure-hardestchoice.png?resize=300%2C224&amp;ssl=1 300w, https:\/\/i0.wp.com\/hardestchoice.org\/wp-content\/uploads\/2022\/04\/figure-hardestchoice.png?resize=1024%2C766&amp;ssl=1 1024w, https:\/\/i0.wp.com\/hardestchoice.org\/wp-content\/uploads\/2022\/04\/figure-hardestchoice.png?resize=768%2C574&amp;ssl=1 768w, https:\/\/i0.wp.com\/hardestchoice.org\/wp-content\/uploads\/2022\/04\/figure-hardestchoice.png?resize=16%2C12&amp;ssl=1 16w, https:\/\/i0.wp.com\/hardestchoice.org\/wp-content\/uploads\/2022\/04\/figure-hardestchoice.png?resize=400%2C300&amp;ssl=1 400w, https:\/\/i0.wp.com\/hardestchoice.org\/wp-content\/uploads\/2022\/04\/figure-hardestchoice.png?resize=200%2C150&amp;ssl=1 200w, https:\/\/i0.wp.com\/hardestchoice.org\/wp-content\/uploads\/2022\/04\/figure-hardestchoice.png?resize=1200%2C897&amp;ssl=1 1200w\" sizes=\"auto, (max-width: 1000px) 100vw, 1000px\" \/><\/a><\/figure>\n<\/div>\n\n\n\n<hr class=\"wp-block-separator has-alpha-channel-opacity is-style-wide\"\/>\n\n\n\n<h2 class=\"wp-block-heading\">Beca de recerca<\/h2>\n\n\n\n<p class=\"wp-block-paragraph\">&quot;<em>Requisits per a la IA per prendre decisions socials<\/em>- bona qualitat<em>conjunt de dades<\/em>i desitjable<em>Sortida<\/em>investigaci\u00f3\u201d (n\u00famero del problema<a href=\"https:\/\/toyotafound.secure.force.com\/psearch\/JoseiDetail?name=D19-ST-0019\">D19-ST-0019<\/a>, Representant: Hirotsugu Ohba) (Toyota Foundation 2019 Special Issue &quot;New Human Society Co-created with Advanced Technology&quot;)<\/p>\n\n\n\n<p class=\"wp-block-paragraph\"><a href=\"https:\/\/toyotafound.secure.force.com\/psearch\/JoseiDetail?name=D19-ST-0019\">https:\/\/toyotafound.secure.force.com\/psearch\/JoseiDetail?name=D19-ST-0019<\/a><\/p>\n\n\n\n<hr class=\"wp-block-separator has-alpha-channel-opacity is-style-wide\"\/>\n\n\n\n<h2 class=\"wp-block-heading\">Membre investigador<\/h2>\n\n\n\n<p class=\"wp-block-paragraph\"><\/p>\n\n\n\n<p class=\"wp-block-paragraph\"><strong>Yuko Ichii<\/strong><br>Universitat de T\u00f2quio, Institut Kavli per a la F\u00edsica i les Matem\u00e0tiques de l&#039;Univers, investigador especialment designat, aplicaci\u00f3 del coneixement de la teoria de la comunicaci\u00f3 cient\u00edfica<\/p>\n\n\n\n<p class=\"wp-block-paragraph\"><strong>Makoto Ozono<\/strong><br>Investigador adjunt, Institut de Recerca d&#039;Humanitats, Universitat de Doshisha, Aplicaci\u00f3 del coneixement de la ci\u00e8ncia pol\u00edtica<\/p>\n\n\n\n<p class=\"wp-block-paragraph\"><strong><a href=\"https:\/\/researchmap.jp\/overhiro\/\" data-type=\"URL\" data-id=\"https:\/\/researchmap.jp\/overhiro\/\" target=\"_blank\" rel=\"noreferrer noopener\">Hirotsugu Ohba<\/a><\/strong><br>Universitat Rikkyo, Escola de Postgrau en Ci\u00e8ncies de la Intel\u00b7lig\u00e8ncia Artificial, professor, representant, responsable general designat especialment<\/p>\n\n\n\n<p class=\"wp-block-paragraph\"><strong>Shimpei Okamoto<\/strong><br>Universitat d&#039;Hiroshima, Escola de Postgrau en Lletres, Professor Adjunt, Aplicaci\u00f3 del Coneixement de Filosofia Aplicada<\/p>\n\n\n\n<p class=\"wp-block-paragraph\"><strong>Masafumi Kasagi<\/strong><br>Professor associat especialment designat, Institut d&#039;Arts i Ci\u00e8ncies Liberals, Universitat de Nagoya;<\/p>\n\n\n\n<p class=\"wp-block-paragraph\"><strong>Noiru Kikuchi<\/strong><br>National Graduate Institute for Policy Studies, Policy Research Center for Science, Technology and Innovation, Especialista, Aplicaci\u00f3 del coneixement de la teoria de la comunicaci\u00f3 cient\u00edfica<\/p>\n\n\n\n<p class=\"wp-block-paragraph\"><strong>Harushi Tamazawa<\/strong><br>Universitat de Kyoto, Escola de Postgrau en Lletres, Investigador, Director General adjunt, Aplicaci\u00f3 del coneixement a la ci\u00e8ncia espacial<\/p>\n\n\n\n<p class=\"wp-block-paragraph\"><strong>Satoshi Kawamura<\/strong><br>Escola de Postgrau en Ci\u00e8ncies, Observatori Astron\u00f2mic, Universitat de Kyoto, Curs de doctorat, Aplicaci\u00f3 del coneixement de la ci\u00e8ncia espacial<\/p>\n\n\n\n<p class=\"wp-block-paragraph\"><strong>Shiro Komatsu<\/strong><br>Universitat de Yamanashi, Facultat de Ci\u00e8ncies de la Vida i del Medi Ambient, professor associat, Aplicaci\u00f3 del coneixement en ci\u00e8ncies de la vida i ci\u00e8ncies pol\u00edtiques<\/p>\n\n\n\n<p class=\"wp-block-paragraph\"><strong>Keiko Sato<\/strong><br>Professor associat especialment nomenat, Departament de Gesti\u00f3 de la Seguretat M\u00e8dica, Hospital Universitari de Kyoto, Aplicaci\u00f3 del coneixement de les ci\u00e8ncies de la vida<\/p>\n\n\n\n<p class=\"wp-block-paragraph\"><strong>Mika Suzuki<\/strong><br>Universitat de Kyoto iPS Cell Research Institute Uehiro Ethics Research Division Investigador especial Aplicaci\u00f3 del coneixement de la bio\u00e8tica<\/p>\n\n\n\n<p class=\"wp-block-paragraph\"><strong>Yuki Takagi<\/strong><br>Universitat de Kyoto, Escola de Postgrau en Lletres, Programa de Doctorat, Coneixement d&#039;\u00c8tica Aplicada<\/p>\n\n\n\n<p class=\"wp-block-paragraph\"><strong>Masatsugu Senchiiwa<\/strong><br>Universitat de Kitakyushu, Facultat de Lleng\u00fces Estrangeres, Professor a temps parcial, Aplicaci\u00f3 del coneixement de la ci\u00e8ncia pol\u00edtica<\/p>\n\n\n\n<p class=\"wp-block-paragraph\"><strong><a href=\"https:\/\/researchmap.jp\/Nagafumi_Nakamura\/?lang=japanese\" target=\"_blank\" rel=\"noreferrer noopener\">Nagafumi Nakamura<\/a><\/strong><br>Professor assistent especialment designat, Institut per a l&#039;Avan\u00e7ament de les Arts Liberals, Facultat d&#039;Arts Liberals, Universitat de T\u00f2quio;<\/p>\n\n\n\n<p class=\"wp-block-paragraph\"><strong>Kojiro Honda<\/strong><br>Universitat M\u00e8dica de Kanazawa, Ci\u00e8ncies Humanes, Professor Associat, Aplicaci\u00f3 del Coneixement de la Filosofia Aplicada<\/p>\n\n\n\n<p class=\"wp-block-paragraph\"><strong>Koki Miyano<\/strong><br>Universitat de Kyoto, Centre per a la Promoci\u00f3 de l&#039;Educaci\u00f3 i la Recerca Interdisciplin\u00e0ries, Professor Associat;<\/p>\n\n\n\n<p class=\"wp-block-paragraph\"><strong>Masahiro Morioka<\/strong><br>Universitat de Waseda, Facultat de Ci\u00e8ncies Humanes, Professor, Aplicaci\u00f3 del Coneixement de Filosofia Aplicada<\/p>","protected":false},"excerpt":{"rendered":"<p>\u300a\u7a76\u6975\u306e\u9078\u629e\u300b\u7814\u7a76\u4f1a \u4eac\u90fd\u5927\u5b66 \u5b66\u969b\u878d\u5408\u6559\u80b2\u30bb\u30f3\u30bf\u30fc\u300a\u7a76\u6975\u306e\u9078\u629e\u300b\u7814\u7a76\u4f1a\uff08\u65e7 \u4eac\u90fd\u5927\u5b66\u300a\u7a76\u6975\u306e\u9078\u629e\u300b\u7814\u7a76\u30e9\u30a4\u30c8 [&hellip;]<\/p>\n","protected":false},"author":131104234,"featured_media":0,"parent":0,"menu_order":0,"comment_status":"closed","ping_status":"closed","template":"","meta":{"_crdt_document":"","advanced_seo_description":"","jetpack_seo_html_title":"","jetpack_seo_noindex":false,"footnotes":""},"class_list":["post-14","page","type-page","status-publish","hentry"],"jetpack_likes_enabled":true,"jetpack_sharing_enabled":true,"jetpack_shortlink":"https:\/\/wp.me\/PdK9kd-e","jetpack-related-posts":[],"amp_enabled":true,"_links":{"self":[{"href":"https:\/\/hardestchoice.org\/ca\/wp-json\/wp\/v2\/pages\/14","targetHints":{"allow":["GET"]}}],"collection":[{"href":"https:\/\/hardestchoice.org\/ca\/wp-json\/wp\/v2\/pages"}],"about":[{"href":"https:\/\/hardestchoice.org\/ca\/wp-json\/wp\/v2\/types\/page"}],"author":[{"embeddable":true,"href":"https:\/\/hardestchoice.org\/ca\/wp-json\/wp\/v2\/users\/131104234"}],"replies":[{"embeddable":true,"href":"https:\/\/hardestchoice.org\/ca\/wp-json\/wp\/v2\/comments?post=14"}],"version-history":[{"count":36,"href":"https:\/\/hardestchoice.org\/ca\/wp-json\/wp\/v2\/pages\/14\/revisions"}],"predecessor-version":[{"id":2469,"href":"https:\/\/hardestchoice.org\/ca\/wp-json\/wp\/v2\/pages\/14\/revisions\/2469"}],"wp:attachment":[{"href":"https:\/\/hardestchoice.org\/ca\/wp-json\/wp\/v2\/media?parent=14"}],"curies":[{"name":"wp","href":"https:\/\/api.w.org\/{rel}","templated":true}]}}