{"id":29,"date":"2022-03-02T12:17:16","date_gmt":"2022-03-02T03:17:16","guid":{"rendered":"https:\/\/hardestchoice.org\/?page_id=29"},"modified":"2022-10-07T20:43:23","modified_gmt":"2022-10-07T11:43:23","slug":"contactus","status":"publish","type":"page","link":"https:\/\/hardestchoice.org\/ca\/contactus\/","title":{"rendered":"PMF \/ CONTACTE"},"content":{"rendered":"<hr class=\"wp-block-separator has-alpha-channel-opacity is-style-wide\"\/>\n\n\n\n<div class=\"wp-block-group is-layout-flow wp-block-group-is-layout-flow\">\n<h2 class=\"wp-block-heading\">Preguntes freq\u00fcents<\/h2>\n\n\n\n<h4 class=\"wp-block-heading\">P: Ara ens estem preparant.<\/h4>\n\n\n\n<p class=\"wp-block-paragraph\">R: Estem preparant una resposta.<\/p>\n\n\n\n<div class=\"wp-block-columns is-layout-flex wp-container-core-columns-is-layout-1a9244c7 wp-block-columns-is-layout-flex\">\n<div class=\"wp-block-column is-layout-flow wp-block-column-is-layout-flow\" style=\"flex-basis:100%\">\n<hr class=\"wp-block-separator has-alpha-channel-opacity is-style-wide\"\/>\n<\/div>\n<\/div>\n\n\n\n<p class=\"wp-block-paragraph\"><\/p>\n\n\n\n<h3 class=\"wp-block-heading\">Sobre el tema &quot;The Ultimate Choice&quot;<\/h3>\n\n\n\n<p class=\"wp-block-paragraph\">Aquest tema tracta els problemes que els estudiants realment s&#039;enfronten o s&#039;enfrontaran a mesura que avancen en la seva recerca i pr\u00e0ctica. Les q\u00fcestions que es consideren extremadament dif\u00edcils en diversos camps es consideren &quot;opci\u00f3 definitiva&quot;.<br>Tanmateix, hi ha alguns problemes que no haurien de ser compartits pel conjunt de la societat, encara que els considerem problemes en el terreny. D&#039;altra banda, tamb\u00e9 hi ha q\u00fcestions que haurien de ser compartides per la societat, i que la societat hauria d&#039;aprofundir en la seva comprensi\u00f3. A m\u00e9s, fins i tot dins de la societat, hi ha gent que pensa que \u00e9s un problema, i hi ha gent que pensa que no.<br>Segons com facis la pregunta, la gent respondr\u00e0 de manera diferent. Per exemple, quan es pregunta sobre el problema dels refugiats, si s&#039;emfatitza per endavant la dif\u00edcil situaci\u00f3 dels refugiats, tendeixen a salvar-los.<br>Encara estem intentant trobar la manera correcta de fer aquestes preguntes durant aquesta fase pilot.<\/p>\n<\/div>\n\n\n\n<hr class=\"wp-block-separator has-alpha-channel-opacity is-style-wide\"\/>\n\n\n\n<h2 class=\"wp-block-heading\">Informaci\u00f3 de contacte<\/h2>\n\n\n\n<p class=\"wp-block-paragraph\">Si us plau, utilitzeu el seg\u00fcent per contactar amb el grup d&#039;estudi Ultimate Choice.<\/p>\n\n\n\n<p class=\"wp-block-paragraph\">Si teniu alguna opini\u00f3 sobre aquest tema de &quot;The Ultimate Choice&quot;, no dubteu a escriure qualsevol cosa.<\/p>\n\n\n\n<p class=\"wp-block-paragraph\"><\/p>\n\n\n<div class=\"wp-block-jetpack-contact-form is-layout-flex wp-container-jetpack-contact-form-is-layout-2cb9499c wp-block-jetpack-contact-form-is-layout-flex\"><a href=\"https:\/\/hardestchoice.org\/ca\/contactus\/\" target=\"_blank\" rel=\"noopener noreferrer\">Envia un formulari.<\/a><\/div>\n\n\n<p class=\"wp-block-paragraph\"><\/p>\n\n\n\n<div style=\"height:100px\" aria-hidden=\"true\" class=\"wp-block-spacer\"><\/div>","protected":false},"excerpt":{"rendered":"<p>\u3088\u304f\u3042\u308b\u3054\u8cea\u554f Q: \u53ea\u4eca\u6e96\u5099\u4e2d\u3067\u3059\u3002 A: \u56de\u7b54\u3092\u6e96\u5099\u3057\u3066\u304a\u308a\u307e\u3059\u3002 \u300a\u7a76\u6975\u306e\u9078\u629e\u300b\u3068\u3044\u3046\u30c6\u30fc\u30de\u306b\u3064\u3044\u3066 \u3053 [&hellip;]<\/p>\n","protected":false},"author":136335720,"featured_media":0,"parent":0,"menu_order":0,"comment_status":"closed","ping_status":"closed","template":"","meta":{"_crdt_document":"","advanced_seo_description":"","jetpack_seo_html_title":"","jetpack_seo_noindex":false,"footnotes":""},"class_list":["post-29","page","type-page","status-publish","hentry"],"jetpack_likes_enabled":true,"jetpack_sharing_enabled":true,"jetpack_shortlink":"https:\/\/wp.me\/PdK9kd-t","jetpack-related-posts":[],"amp_enabled":true,"_links":{"self":[{"href":"https:\/\/hardestchoice.org\/ca\/wp-json\/wp\/v2\/pages\/29","targetHints":{"allow":["GET"]}}],"collection":[{"href":"https:\/\/hardestchoice.org\/ca\/wp-json\/wp\/v2\/pages"}],"about":[{"href":"https:\/\/hardestchoice.org\/ca\/wp-json\/wp\/v2\/types\/page"}],"author":[{"embeddable":true,"href":"https:\/\/hardestchoice.org\/ca\/wp-json\/wp\/v2\/users\/136335720"}],"replies":[{"embeddable":true,"href":"https:\/\/hardestchoice.org\/ca\/wp-json\/wp\/v2\/comments?post=29"}],"version-history":[{"count":34,"href":"https:\/\/hardestchoice.org\/ca\/wp-json\/wp\/v2\/pages\/29\/revisions"}],"predecessor-version":[{"id":1755,"href":"https:\/\/hardestchoice.org\/ca\/wp-json\/wp\/v2\/pages\/29\/revisions\/1755"}],"wp:attachment":[{"href":"https:\/\/hardestchoice.org\/ca\/wp-json\/wp\/v2\/media?parent=29"}],"curies":[{"name":"wp","href":"https:\/\/api.w.org\/{rel}","templated":true}]}}