{"id":14,"date":"2022-03-02T12:01:05","date_gmt":"2022-03-02T03:01:05","guid":{"rendered":"https:\/\/hardestchoice.org\/?page_id=14"},"modified":"2024-06-05T13:21:07","modified_gmt":"2024-06-05T04:21:07","slug":"aboutus","status":"publish","type":"page","link":"https:\/\/hardestchoice.org\/cs\/aboutus\/","title":{"rendered":"O"},"content":{"rendered":"<div class=\"wp-block-group alignfull is-layout-constrained wp-block-group-is-layout-constrained\">\n<h2 class=\"wp-block-heading\">&lt;&lt; Ultimate Choice &gt;&gt; Studijn\u00ed skupina<\/h2>\n\n\n\n<p class=\"wp-block-paragraph\">Toto je webov\u00e1 str\u00e1nka Kj\u00f3tsk\u00e9ho univerzitn\u00edho centra pro mezioborov\u00e9 vzd\u011bl\u00e1v\u00e1n\u00ed Studijn\u00ed skupina &quot;The Ultimate Choice&quot; (b\u00fdval\u00e1 v\u00fdzkumn\u00e1 sv\u011bteln\u00e1 jednotka &quot;The Ultimate Choice&quot; univerzity v Kj\u00f3tu).<\/p>\n\n\n\n<p class=\"wp-block-paragraph\">N\u00e1\u0161 v\u00fdzkum nem\u00e1 \u017e\u00e1dn\u00e9 sny, nad\u011bje ani Nobelovy ceny. Krom\u011b toho m\u016f\u017eete m\u00edt pocit, \u017ee mus\u00edte o takov\u00e9 krutosti p\u0159em\u00fd\u0161let. Je to proto, \u017ee v\u00fdzkum Ultimate Choice je studiem p\u0159em\u00fd\u0161len\u00ed o tom, co a koho ob\u011btovat.<\/p>\n\n\n\n<p class=\"wp-block-paragraph\">Ale v\u00fdzkum je pot\u0159eba. Proto\u017ee pokud si nep\u0159iprav\u00edte odpov\u011b\u010f na Ultimate Choice, dostanete se do hor\u0161\u00ed situace.<\/p>\n\n\n\n<p class=\"wp-block-paragraph\">Nap\u0159\u00edklad ``kdo by m\u011bl b\u00fdt up\u0159ednostn\u011bn p\u0159i o\u010dkov\u00e1n\u00ed, kdy\u017e je nedostatek vakc\u00edn b\u011bhem pandemie s vysokou \u00famrtnost\u00ed?&#039;&#039; a ``kdo by m\u011bl m\u00edt prioritu p\u0159i z\u00e1chran\u011b, kdy\u017e jsou lid\u00e9 zachr\u00e1n\u011bni z rozs\u00e1hl\u00e9 katastrofy.&#039; \u201c Volba ob\u011bti, jako je tato, nen\u00ed n\u011bco, na co lze v tu chv\u00edli odpov\u011bd\u011bt na m\u00edst\u011b.<\/p>\n\n\n\n<p class=\"wp-block-paragraph\">Pokud tato ot\u00e1zka ob\u011bti z\u016fstane nezodpov\u011bzena, je pravd\u011bpodobn\u00e9, \u017ee bude existovat z\u00e1sada \u201ekdo d\u0159\u00edv p\u0159ijde, ten d\u0159\u00edv mele\u201c, up\u0159ednost\u0148ov\u00e1n\u00ed mocn\u00fdch a bohat\u00fdch nebo vyh\u00fdb\u00e1n\u00ed se volb\u011b, kde je ob\u011btov\u00e1n ka\u017ed\u00fd. To bude konec. v\u011bt\u0161ina lid\u00ed nechce.<\/p>\n\n\n\n<p class=\"wp-block-paragraph\">Pokra\u010dov\u00e1n\u00ed v pohledu jinam nic nem\u011bn\u00ed na hrozn\u00e9m konci.<\/p>\n\n\n\n<p class=\"wp-block-paragraph\">Tak\u00e9 v souvislosti s touto ot\u00e1zkou si n\u011bkte\u0159\u00ed lid\u00e9 mohou spojovat nap\u0159\u00edklad t\u0159\u00edd\u011bn\u00ed. Nicm\u00e9n\u011b to, co se stalo s velk\u00fdm zem\u011bt\u0159esen\u00edm ve v\u00fdchodn\u00edm Japonsku, byla nouzov\u00e1 situace, ve kter\u00e9 i kdy\u017e byla p\u0159i t\u0159\u00edd\u011bn\u00ed ozna\u010dena \u201el\u00e9\u010dba nejvy\u0161\u0161\u00ed priority\u201c, bylo jich p\u0159\u00edli\u0161 mnoho a byl nezbytn\u00fd dal\u0161\u00ed v\u00fdb\u011br. \u010c\u00edm v\u011bt\u0161\u00ed je rozsah katastrof a probl\u00e9m\u016f, t\u00edm obt\u00ed\u017en\u011bj\u0161\u00ed je vypo\u0159\u00e1dat se s konven\u010dn\u00edmi syst\u00e9my a ,,kone\u010dn\u00e1 volba&#039;&#039; nast\u00e1v\u00e1 v\u0161ude.<\/p>\n\n\n\n<p class=\"wp-block-paragraph\">V r\u00e1mci p\u0159\u00edpravy na vznik takov\u00e9 \u201ekone\u010dn\u00e9 volby\u201c v\u011b\u0159\u00edme, \u017ee je nutn\u00e9 m\u00edt mechanismus, kter\u00fd umo\u017en\u00ed pe\u010dlivou diskuzi a v\u00fdb\u011br v pr\u016fb\u011bhu \u010dasu, aby byly z\u00edsk\u00e1ny odpov\u011bdi, kter\u00e9 budou p\u0159esv\u011bd\u010div\u00e9 pro co nejv\u00edce lid\u00ed.<\/p>\n\n\n\n<p class=\"wp-block-paragraph\">Proto zkoum\u00e1me probl\u00e9m volby v extr\u00e9mn\u00edch situac\u00edch a zkoum\u00e1me lep\u0161\u00ed opat\u0159en\u00ed pod n\u00e1zvem \u201eUltimate Choice\u201c.<\/p>\n\n\n\n<p class=\"wp-block-paragraph\">Cht\u011bli byste spole\u010dn\u011b p\u0159em\u00fd\u0161let o \u201eThe Ultimate Choice\u201c?<\/p>\n\n\n\n<p class=\"wp-block-paragraph\">(Do budoucna bych cht\u011bl usilovat o syst\u00e9m, kter\u00fd podporuje glob\u00e1ln\u00ed rozhodov\u00e1n\u00ed, jako je p\u0159ij\u00edm\u00e1n\u00ed n\u00e1vrh\u016f od voli\u010d\u016f, poskytov\u00e1n\u00ed diskusn\u00edho f\u00f3ra a p\u0159\u00edprava verz\u00ed v ka\u017ed\u00e9m jazyce, ale to je je\u0161t\u011b daleko. )<\/p>\n\n\n\n<figure class=\"wp-block-image size-full\"><a href=\"https:\/\/i0.wp.com\/hardestchoice.org\/wp-content\/uploads\/2022\/04\/figure-hardestchoice.png?ssl=1\"><img loading=\"lazy\" decoding=\"async\" width=\"1280\" height=\"957\" data-attachment-id=\"79\" data-permalink=\"https:\/\/hardestchoice.org\/cs\/aboutus\/figure-hardestchoice\/\" data-orig-file=\"https:\/\/i0.wp.com\/hardestchoice.org\/wp-content\/uploads\/2022\/04\/figure-hardestchoice.png?fit=1280%2C957&amp;ssl=1\" data-orig-size=\"1280,957\" data-comments-opened=\"0\" data-image-meta=\"{&quot;aperture&quot;:&quot;0&quot;,&quot;credit&quot;:&quot;&quot;,&quot;camera&quot;:&quot;&quot;,&quot;caption&quot;:&quot;&quot;,&quot;created_timestamp&quot;:&quot;0&quot;,&quot;copyright&quot;:&quot;&quot;,&quot;focal_length&quot;:&quot;0&quot;,&quot;iso&quot;:&quot;0&quot;,&quot;shutter_speed&quot;:&quot;0&quot;,&quot;title&quot;:&quot;&quot;,&quot;orientation&quot;:&quot;0&quot;}\" data-image-title=\"figure-hardestchoice\" data-image-description=\"\" data-image-caption=\"\" data-large-file=\"https:\/\/i0.wp.com\/hardestchoice.org\/wp-content\/uploads\/2022\/04\/figure-hardestchoice.png?fit=1024%2C766&amp;ssl=1\" src=\"https:\/\/i0.wp.com\/hardestchoice.org\/wp-content\/uploads\/2022\/04\/figure-hardestchoice.png?fit=1280%2C957&amp;ssl=1\" alt=\"\" class=\"wp-image-79\" srcset=\"https:\/\/i0.wp.com\/hardestchoice.org\/wp-content\/uploads\/2022\/04\/figure-hardestchoice.png?w=1280&amp;ssl=1 1280w, https:\/\/i0.wp.com\/hardestchoice.org\/wp-content\/uploads\/2022\/04\/figure-hardestchoice.png?resize=300%2C224&amp;ssl=1 300w, https:\/\/i0.wp.com\/hardestchoice.org\/wp-content\/uploads\/2022\/04\/figure-hardestchoice.png?resize=1024%2C766&amp;ssl=1 1024w, https:\/\/i0.wp.com\/hardestchoice.org\/wp-content\/uploads\/2022\/04\/figure-hardestchoice.png?resize=768%2C574&amp;ssl=1 768w, https:\/\/i0.wp.com\/hardestchoice.org\/wp-content\/uploads\/2022\/04\/figure-hardestchoice.png?resize=16%2C12&amp;ssl=1 16w, https:\/\/i0.wp.com\/hardestchoice.org\/wp-content\/uploads\/2022\/04\/figure-hardestchoice.png?resize=400%2C300&amp;ssl=1 400w, https:\/\/i0.wp.com\/hardestchoice.org\/wp-content\/uploads\/2022\/04\/figure-hardestchoice.png?resize=200%2C150&amp;ssl=1 200w, https:\/\/i0.wp.com\/hardestchoice.org\/wp-content\/uploads\/2022\/04\/figure-hardestchoice.png?resize=1200%2C897&amp;ssl=1 1200w\" sizes=\"auto, (max-width: 1000px) 100vw, 1000px\" \/><\/a><\/figure>\n<\/div>\n\n\n\n<hr class=\"wp-block-separator has-alpha-channel-opacity is-style-wide\"\/>\n\n\n\n<h2 class=\"wp-block-heading\">V\u00fdzkumn\u00fd grant<\/h2>\n\n\n\n<p class=\"wp-block-paragraph\">&quot;<em>Po\u017eadavky na um\u011blou inteligenci p\u0159i p\u0159ij\u00edm\u00e1n\u00ed soci\u00e1ln\u00edch rozhodnut\u00ed<\/em>- dobr\u00e1 kvalita<em>datov\u00fd soubor<\/em>a \u017e\u00e1douc\u00ed<em>V\u00fdstup<\/em>v\u00fdzkum\u201c (probl\u00e9m \u010d\u00edslo<a href=\"https:\/\/toyotafound.secure.force.com\/psearch\/JoseiDetail?name=D19-ST-0019\">D19-ST-0019<\/a>, Z\u00e1stupce: Hirotsugu Ohba) (speci\u00e1ln\u00ed vyd\u00e1n\u00ed nadace Toyota 2019 \u201eNov\u00e1 lidsk\u00e1 spole\u010dnost spoluvytvo\u0159en\u00e1 pokro\u010dilou technologi\u00ed\u201c)<\/p>\n\n\n\n<p class=\"wp-block-paragraph\"><a href=\"https:\/\/toyotafound.secure.force.com\/psearch\/JoseiDetail?name=D19-ST-0019\">https:\/\/toyotafound.secure.force.com\/psearch\/JoseiDetail?name=D19-ST-0019<\/a><\/p>\n\n\n\n<hr class=\"wp-block-separator has-alpha-channel-opacity is-style-wide\"\/>\n\n\n\n<h2 class=\"wp-block-heading\">\u010clen v\u00fdzkumu<\/h2>\n\n\n\n<p class=\"wp-block-paragraph\"><\/p>\n\n\n\n<p class=\"wp-block-paragraph\"><strong>Yuko Ichii<\/strong><br>Tokijsk\u00e1 univerzita, Kavli Institute for the Physics and Mathematics of the Universe, speci\u00e1ln\u011b jmenovan\u00fd v\u00fdzkumn\u00fd pracovn\u00edk, aplikace znalost\u00ed z teorie komunikace v\u011bdy<\/p>\n\n\n\n<p class=\"wp-block-paragraph\"><strong>Makoto Ozono<\/strong><br>Pomocn\u00fd v\u00fdzkumn\u00fd pracovn\u00edk, V\u00fdzkumn\u00fd \u00fastav pro humanitn\u00ed v\u011bdy, Univerzita Doshisha, Aplikace znalost\u00ed z politologie<\/p>\n\n\n\n<p class=\"wp-block-paragraph\"><strong><a href=\"https:\/\/researchmap.jp\/overhiro\/\" data-type=\"URL\" data-id=\"https:\/\/researchmap.jp\/overhiro\/\" target=\"_blank\" rel=\"noreferrer noopener\">Hirotsugu Ohba<\/a><\/strong><br>Rikkyo University, Graduate School of Artificial Intelligence Science, Speci\u00e1ln\u011b jmenovan\u00fd profesor, z\u00e1stupce, hlavn\u00ed odpov\u011bdn\u00fd<\/p>\n\n\n\n<p class=\"wp-block-paragraph\"><strong>Shimpei Okamoto<\/strong><br>Hiroshima University, Graduate School of Letters, odborn\u00fd asistent, aplikace znalost\u00ed aplikovan\u00e9 filozofie<\/p>\n\n\n\n<p class=\"wp-block-paragraph\"><strong>Masafumi Kasagi<\/strong><br>Speci\u00e1ln\u011b jmenovan\u00fd docent, Institut svobodn\u00fdch um\u011bn\u00ed a v\u011bd, Univerzita v Nagoji;<\/p>\n\n\n\n<p class=\"wp-block-paragraph\"><strong>Noiru Kikuchi<\/strong><br>National Graduate Institute for Policy Studies, Centrum politick\u00e9ho v\u00fdzkumu pro v\u011bdu, technologie a inovace, specialista, Aplikace znalost\u00ed teorie komunikace v\u011bdy<\/p>\n\n\n\n<p class=\"wp-block-paragraph\"><strong>Harushi Tamazawa<\/strong><br>Kyoto University, Graduate School of Letters, v\u00fdzkumn\u00edk, z\u00e1stupce gener\u00e1ln\u00edho \u0159editele, aplikace znalost\u00ed ve v\u011bd\u011b o vesm\u00edru<\/p>\n\n\n\n<p class=\"wp-block-paragraph\"><strong>Satoshi Kawamura<\/strong><br>Graduate School of Science, Astronomick\u00e1 observato\u0159, Univerzita v Kj\u00f3tu, doktorsk\u00fd kurz, Aplikace poznatk\u016f vesm\u00edrn\u00e9 v\u011bdy<\/p>\n\n\n\n<p class=\"wp-block-paragraph\"><strong>Shiro Komatsu<\/strong><br>University of Yamanashi, Fakulta \u017eivotn\u00edho prost\u0159ed\u00ed a environment\u00e1ln\u00edch v\u011bd, docent, Aplikace znalost\u00ed v biologick\u00fdch v\u011bd\u00e1ch a politologii<\/p>\n\n\n\n<p class=\"wp-block-paragraph\"><strong>Keiko Sato<\/strong><br>Speci\u00e1ln\u011b jmenovan\u00fd docent, \u00dastav managementu l\u00e9ka\u0159sk\u00e9 bezpe\u010dnosti, Kj\u00f3tsk\u00e1 fakultn\u00ed nemocnice, Aplikace znalost\u00ed z p\u0159\u00edrodn\u00edch v\u011bd<\/p>\n\n\n\n<p class=\"wp-block-paragraph\"><strong>Mika Suzuki<\/strong><br>Kyoto University iPS Cell Research Institute Uehiro Ethics Research Division Special Researcher Aplikace bioetick\u00fdch znalost\u00ed<\/p>\n\n\n\n<p class=\"wp-block-paragraph\"><strong>Yuki Takagi<\/strong><br>Kyoto University, Graduate School of Letters, doktorsk\u00fd program, Aplikovan\u00e9 etick\u00e9 znalosti<\/p>\n\n\n\n<p class=\"wp-block-paragraph\"><strong>Masatsugu Senchiiwa<\/strong><br>Univerzita Kitakyushu, Fakulta ciz\u00edch jazyk\u016f, lektor na \u010d\u00e1ste\u010dn\u00fd \u00favazek, Aplikace znalost\u00ed z politologie<\/p>\n\n\n\n<p class=\"wp-block-paragraph\"><strong><a href=\"https:\/\/researchmap.jp\/Nagafumi_Nakamura\/?lang=japanese\" target=\"_blank\" rel=\"noreferrer noopener\">Nagafumi Nakamura<\/a><\/strong><br>Speci\u00e1ln\u011b jmenovan\u00fd odborn\u00fd asistent, Institut pro rozvoj svobodn\u00fdch um\u011bn\u00ed, Fakulta svobodn\u00fdch um\u011bn\u00ed, Tokijsk\u00e1 univerzita;<\/p>\n\n\n\n<p class=\"wp-block-paragraph\"><strong>Kojiro Honda<\/strong><br>Kanazawa Medical University, Human Sciences, docent, Application of Knowledge of Applied Philosophy<\/p>\n\n\n\n<p class=\"wp-block-paragraph\"><strong>Koki Miyano<\/strong><br>Kj\u00f3tsk\u00e1 univerzita, Centrum pro podporu interdisciplin\u00e1rn\u00edho vzd\u011bl\u00e1v\u00e1n\u00ed a v\u00fdzkumu, docent;<\/p>\n\n\n\n<p class=\"wp-block-paragraph\"><strong>Masahiro Morioka<\/strong><br>Univerzita Waseda, Fakulta humanitn\u00edch v\u011bd, profesor, aplikace znalost\u00ed aplikovan\u00e9 filozofie<\/p>","protected":false},"excerpt":{"rendered":"<p>\u300a\u7a76\u6975\u306e\u9078\u629e\u300b\u7814\u7a76\u4f1a \u4eac\u90fd\u5927\u5b66 \u5b66\u969b\u878d\u5408\u6559\u80b2\u30bb\u30f3\u30bf\u30fc\u300a\u7a76\u6975\u306e\u9078\u629e\u300b\u7814\u7a76\u4f1a\uff08\u65e7 \u4eac\u90fd\u5927\u5b66\u300a\u7a76\u6975\u306e\u9078\u629e\u300b\u7814\u7a76\u30e9\u30a4\u30c8 [&hellip;]<\/p>\n","protected":false},"author":131104234,"featured_media":0,"parent":0,"menu_order":0,"comment_status":"closed","ping_status":"closed","template":"","meta":{"_crdt_document":"","advanced_seo_description":"","jetpack_seo_html_title":"","jetpack_seo_noindex":false,"footnotes":""},"class_list":["post-14","page","type-page","status-publish","hentry"],"jetpack_likes_enabled":true,"jetpack_sharing_enabled":true,"jetpack_shortlink":"https:\/\/wp.me\/PdK9kd-e","jetpack-related-posts":[],"amp_enabled":true,"_links":{"self":[{"href":"https:\/\/hardestchoice.org\/cs\/wp-json\/wp\/v2\/pages\/14","targetHints":{"allow":["GET"]}}],"collection":[{"href":"https:\/\/hardestchoice.org\/cs\/wp-json\/wp\/v2\/pages"}],"about":[{"href":"https:\/\/hardestchoice.org\/cs\/wp-json\/wp\/v2\/types\/page"}],"author":[{"embeddable":true,"href":"https:\/\/hardestchoice.org\/cs\/wp-json\/wp\/v2\/users\/131104234"}],"replies":[{"embeddable":true,"href":"https:\/\/hardestchoice.org\/cs\/wp-json\/wp\/v2\/comments?post=14"}],"version-history":[{"count":36,"href":"https:\/\/hardestchoice.org\/cs\/wp-json\/wp\/v2\/pages\/14\/revisions"}],"predecessor-version":[{"id":2469,"href":"https:\/\/hardestchoice.org\/cs\/wp-json\/wp\/v2\/pages\/14\/revisions\/2469"}],"wp:attachment":[{"href":"https:\/\/hardestchoice.org\/cs\/wp-json\/wp\/v2\/media?parent=14"}],"curies":[{"name":"wp","href":"https:\/\/api.w.org\/{rel}","templated":true}]}}