{"id":29,"date":"2022-03-02T12:17:16","date_gmt":"2022-03-02T03:17:16","guid":{"rendered":"https:\/\/hardestchoice.org\/?page_id=29"},"modified":"2022-10-07T20:43:23","modified_gmt":"2022-10-07T11:43:23","slug":"contactus","status":"publish","type":"page","link":"https:\/\/hardestchoice.org\/cs\/contactus\/","title":{"rendered":"FAQ \/ KONTAKT"},"content":{"rendered":"<hr class=\"wp-block-separator has-alpha-channel-opacity is-style-wide\"\/>\n\n\n\n<div class=\"wp-block-group is-layout-flow wp-block-group-is-layout-flow\">\n<h2 class=\"wp-block-heading\">FAQ<\/h2>\n\n\n\n<h4 class=\"wp-block-heading\">Ot\u00e1zka: Nyn\u00ed se p\u0159ipravujeme.<\/h4>\n\n\n\n<p>A: P\u0159ipravujeme odpov\u011b\u010f.<\/p>\n\n\n\n<div class=\"wp-block-columns is-layout-flex wp-container-core-columns-is-layout-28f84493 wp-block-columns-is-layout-flex\">\n<div class=\"wp-block-column is-layout-flow wp-block-column-is-layout-flow\" style=\"flex-basis:100%\">\n<hr class=\"wp-block-separator has-alpha-channel-opacity is-style-wide\"\/>\n<\/div>\n<\/div>\n\n\n\n<p><\/p>\n\n\n\n<h3 class=\"wp-block-heading\">O t\u00e9matu &quot;Nejlep\u0161\u00ed volba&quot;<\/h3>\n\n\n\n<p>Toto t\u00e9ma pokr\u00fdv\u00e1 probl\u00e9my, kter\u00fdm studenti skute\u010dn\u011b \u010del\u00ed nebo budou \u010delit, kdy\u017e postupuj\u00ed ve sv\u00e9m v\u00fdzkumu a praxi. Ot\u00e1zky, kter\u00e9 jsou v r\u016fzn\u00fdch oblastech pova\u017eov\u00e1ny za extr\u00e9mn\u011b obt\u00ed\u017en\u00e9, jsou br\u00e1ny jako \u201ekone\u010dn\u00e1 volba\u201c.<br>Existuj\u00ed v\u0161ak n\u011bkter\u00e9 probl\u00e9my, kter\u00e9 by spole\u010dnost jako celek nem\u011bla sd\u00edlet, i kdy\u017e je pova\u017eujeme za probl\u00e9my v ter\u00e9nu. Na druhou stranu existuj\u00ed i t\u00e9mata, kter\u00e1 by m\u011bla spole\u010dnost sd\u00edlet, a \u017ee by spole\u010dnost m\u011bla prohlubovat sv\u00e9 porozum\u011bn\u00ed. Nav\u00edc i ve spole\u010dnosti existuj\u00ed lid\u00e9, kte\u0159\u00ed si mysl\u00ed, \u017ee to je probl\u00e9m, a lid\u00e9, kte\u0159\u00ed si mysl\u00ed, \u017ee to nen\u00ed probl\u00e9m.<br>V z\u00e1vislosti na tom, jak ot\u00e1zku polo\u017e\u00edte, budou lid\u00e9 reagovat r\u016fzn\u011b. Kdy\u017e se nap\u0159\u00edklad zept\u00e1te na probl\u00e9m uprchl\u00edk\u016f, pokud je p\u0159edem zd\u016frazn\u011bna t\u00edse\u0148 uprchl\u00edk\u016f, maj\u00ed tendenci uprchl\u00edky zachra\u0148ovat.<br>St\u00e1le se sna\u017e\u00edme naj\u00edt spr\u00e1vn\u00fd zp\u016fsob, jak si tyto ot\u00e1zky kl\u00e1st b\u011bhem t\u00e9to pilotn\u00ed f\u00e1ze.<\/p>\n<\/div>\n\n\n\n<hr class=\"wp-block-separator has-alpha-channel-opacity is-style-wide\"\/>\n\n\n\n<h2 class=\"wp-block-heading\">Kontaktn\u00ed informace<\/h2>\n\n\n\n<p>Ke kontaktov\u00e1n\u00ed studijn\u00ed skupiny Ultimate Choice pou\u017eijte pros\u00edm n\u00e1sleduj\u00edc\u00ed.<\/p>\n\n\n\n<p>Pokud m\u00e1te n\u011bjak\u00e9 n\u00e1zory na toto t\u00e9ma &quot;The Ultimate Choice&quot;, nev\u00e1hejte a napi\u0161te.<\/p>\n\n\n\n<p><\/p>\n\n\n<div class=\"wp-block-jetpack-contact-form\"><a href=\"https:\/\/hardestchoice.org\/cs\/contactus\/\" target=\"_blank\" rel=\"noopener noreferrer\">Ode\u0161lete formul\u00e1\u0159.<\/a><\/div>\n\n\n<p><\/p>\n\n\n\n<div style=\"height:100px\" aria-hidden=\"true\" class=\"wp-block-spacer\"><\/div>","protected":false},"excerpt":{"rendered":"<p>\u3088\u304f\u3042\u308b\u3054\u8cea\u554f Q: \u53ea\u4eca\u6e96\u5099\u4e2d\u3067\u3059\u3002 A: \u56de\u7b54\u3092\u6e96\u5099\u3057\u3066\u304a\u308a\u307e\u3059\u3002 \u300a\u7a76\u6975\u306e\u9078\u629e\u300b\u3068\u3044\u3046\u30c6\u30fc\u30de\u306b\u3064\u3044\u3066 \u3053 [&hellip;]<\/p>","protected":false},"author":136335720,"featured_media":0,"parent":0,"menu_order":0,"comment_status":"closed","ping_status":"closed","template":"","meta":{"advanced_seo_description":"","jetpack_seo_html_title":"","jetpack_seo_noindex":false,"jetpack_post_was_ever_published":false,"footnotes":""},"class_list":["post-29","page","type-page","status-publish","hentry"],"jetpack_likes_enabled":true,"jetpack_sharing_enabled":true,"jetpack_shortlink":"https:\/\/wp.me\/PdK9kd-t","jetpack-related-posts":[],"amp_enabled":true,"_links":{"self":[{"href":"https:\/\/hardestchoice.org\/cs\/wp-json\/wp\/v2\/pages\/29","targetHints":{"allow":["GET"]}}],"collection":[{"href":"https:\/\/hardestchoice.org\/cs\/wp-json\/wp\/v2\/pages"}],"about":[{"href":"https:\/\/hardestchoice.org\/cs\/wp-json\/wp\/v2\/types\/page"}],"author":[{"embeddable":true,"href":"https:\/\/hardestchoice.org\/cs\/wp-json\/wp\/v2\/users\/136335720"}],"replies":[{"embeddable":true,"href":"https:\/\/hardestchoice.org\/cs\/wp-json\/wp\/v2\/comments?post=29"}],"version-history":[{"count":34,"href":"https:\/\/hardestchoice.org\/cs\/wp-json\/wp\/v2\/pages\/29\/revisions"}],"predecessor-version":[{"id":1755,"href":"https:\/\/hardestchoice.org\/cs\/wp-json\/wp\/v2\/pages\/29\/revisions\/1755"}],"wp:attachment":[{"href":"https:\/\/hardestchoice.org\/cs\/wp-json\/wp\/v2\/media?parent=29"}],"curies":[{"name":"wp","href":"https:\/\/api.w.org\/{rel}","templated":true}]}}