{"id":29,"date":"2022-03-02T12:17:16","date_gmt":"2022-03-02T03:17:16","guid":{"rendered":"https:\/\/hardestchoice.org\/?page_id=29"},"modified":"2022-10-07T20:43:23","modified_gmt":"2022-10-07T11:43:23","slug":"contactus","status":"publish","type":"page","link":"https:\/\/hardestchoice.org\/cy\/contactus\/","title":{"rendered":"FAQ\/CYSYLLTIAD"},"content":{"rendered":"<hr class=\"wp-block-separator has-alpha-channel-opacity is-style-wide\"\/>\n\n\n\n<div class=\"wp-block-group is-layout-flow wp-block-group-is-layout-flow\">\n<h2 class=\"wp-block-heading\">FAQ<\/h2>\n\n\n\n<h4 class=\"wp-block-heading\">C: Rydym yn paratoi ar hyn o bryd.<\/h4>\n\n\n\n<p class=\"wp-block-paragraph\">A: Rydym yn paratoi ateb.<\/p>\n\n\n\n<div class=\"wp-block-columns is-layout-flex wp-container-core-columns-is-layout-1a9244c7 wp-block-columns-is-layout-flex\">\n<div class=\"wp-block-column is-layout-flow wp-block-column-is-layout-flow\" style=\"flex-basis:100%\">\n<hr class=\"wp-block-separator has-alpha-channel-opacity is-style-wide\"\/>\n<\/div>\n<\/div>\n\n\n\n<p class=\"wp-block-paragraph\"><\/p>\n\n\n\n<h3 class=\"wp-block-heading\">Yngl\u0177n \u00e2&#039;r thema &quot;Dewis Cyflawn&quot;<\/h3>\n\n\n\n<p class=\"wp-block-paragraph\">Mae&#039;r thema hon yn canolbwyntio ar faterion y mae myfyrwyr yn eu hwynebu mewn gwirionedd ac y byddant yn eu hwynebu wrth iddynt ddatblygu eu hymchwil a&#039;u hymarfer. Mae cwestiynau sy&#039;n cael eu hystyried yn hynod o anodd mewn gwahanol feysydd yn cael eu dewis fel y ``dewis terfynol.&#039;&#039;<br>Fodd bynnag, hyd yn oed os ystyrir bod y broblem yn broblem yn y maes, mae rhai problemau na ddylid eu rhannu \u00e2\u2019r gymdeithas gyfan. Ar y llaw arall, mae materion hefyd y dylai cymdeithas eu rhannu ac y dylai cymdeithas ddyfnhau ei dealltwriaeth ohonynt. Ar ben hynny, o fewn cymdeithas, mae yna bobl sy&#039;n meddwl ei bod yn broblem, ac eraill sy&#039;n meddwl nad yw&#039;n broblem.<br>Gall atebion pobl amrywio&#039;n fawr yn dibynnu ar sut rydych chi&#039;n gofyn iddyn nhw. Er enghraifft, wrth ofyn am fater ffoaduriaid, os pwysleisiwch gyflwr ffoaduriaid ymlaen llaw, byddwch yn fwy tebygol o\u2019u hachub, ond os pwysleisiwch yr anfanteision a ddaw yn sgil derbyn ffoaduriaid, byddwch yn fwy tebygol o\u2019u gwrthod.<br>Yn y cyfnod peilot hwn, rydym ar hyn o bryd yn chwilio am ffordd briodol o ofyn cwestiynau fel hyn.<\/p>\n<\/div>\n\n\n\n<hr class=\"wp-block-separator has-alpha-channel-opacity is-style-wide\"\/>\n\n\n\n<h2 class=\"wp-block-heading\">Gwybodaeth Cyswllt<\/h2>\n\n\n\n<p class=\"wp-block-paragraph\">Os hoffech gysylltu \u00e2&#039;r gr\u0175p ymchwil ``Dewis Terfynol&#039;&#039;, cysylltwch \u00e2 ni gan ddefnyddio&#039;r ffurflen isod.<\/p>\n\n\n\n<p class=\"wp-block-paragraph\">Os oes gennych unrhyw farn am y thema hon o ``Dewis Terfynol,&#039;&#039; mae croeso i chi eu hysgrifennu.<\/p>\n\n\n\n<p class=\"wp-block-paragraph\"><\/p>\n\n\n<div class=\"wp-block-jetpack-contact-form is-layout-flex wp-container-jetpack-contact-form-is-layout-2cb9499c wp-block-jetpack-contact-form-is-layout-flex\"><a href=\"https:\/\/hardestchoice.org\/cy\/contactus\/\" target=\"_blank\" rel=\"noopener noreferrer\">Submit a form.<\/a><\/div>\n\n\n<p class=\"wp-block-paragraph\"><\/p>\n\n\n\n<div style=\"height:100px\" aria-hidden=\"true\" class=\"wp-block-spacer\"><\/div>","protected":false},"excerpt":{"rendered":"<p>\u3088\u304f\u3042\u308b\u3054\u8cea\u554f Q: \u53ea\u4eca\u6e96\u5099\u4e2d\u3067\u3059\u3002 A: \u56de\u7b54\u3092\u6e96\u5099\u3057\u3066\u304a\u308a\u307e\u3059\u3002 \u300a\u7a76\u6975\u306e\u9078\u629e\u300b\u3068\u3044\u3046\u30c6\u30fc\u30de\u306b\u3064\u3044\u3066 \u3053 [&hellip;]<\/p>\n","protected":false},"author":136335720,"featured_media":0,"parent":0,"menu_order":0,"comment_status":"closed","ping_status":"closed","template":"","meta":{"_crdt_document":"","advanced_seo_description":"","jetpack_seo_html_title":"","jetpack_seo_noindex":false,"footnotes":""},"class_list":["post-29","page","type-page","status-publish","hentry"],"jetpack_likes_enabled":true,"jetpack_sharing_enabled":true,"jetpack_shortlink":"https:\/\/wp.me\/PdK9kd-t","jetpack-related-posts":[],"amp_enabled":true,"_links":{"self":[{"href":"https:\/\/hardestchoice.org\/cy\/wp-json\/wp\/v2\/pages\/29","targetHints":{"allow":["GET"]}}],"collection":[{"href":"https:\/\/hardestchoice.org\/cy\/wp-json\/wp\/v2\/pages"}],"about":[{"href":"https:\/\/hardestchoice.org\/cy\/wp-json\/wp\/v2\/types\/page"}],"author":[{"embeddable":true,"href":"https:\/\/hardestchoice.org\/cy\/wp-json\/wp\/v2\/users\/136335720"}],"replies":[{"embeddable":true,"href":"https:\/\/hardestchoice.org\/cy\/wp-json\/wp\/v2\/comments?post=29"}],"version-history":[{"count":34,"href":"https:\/\/hardestchoice.org\/cy\/wp-json\/wp\/v2\/pages\/29\/revisions"}],"predecessor-version":[{"id":1755,"href":"https:\/\/hardestchoice.org\/cy\/wp-json\/wp\/v2\/pages\/29\/revisions\/1755"}],"wp:attachment":[{"href":"https:\/\/hardestchoice.org\/cy\/wp-json\/wp\/v2\/media?parent=29"}],"curies":[{"name":"wp","href":"https:\/\/api.w.org\/{rel}","templated":true}]}}