{"id":14,"date":"2022-03-02T12:01:05","date_gmt":"2022-03-02T03:01:05","guid":{"rendered":"https:\/\/hardestchoice.org\/?page_id=14"},"modified":"2024-06-05T13:21:07","modified_gmt":"2024-06-05T04:21:07","slug":"aboutus","status":"publish","type":"page","link":"https:\/\/hardestchoice.org\/da\/aboutus\/","title":{"rendered":"OM"},"content":{"rendered":"<div class=\"wp-block-group alignfull is-layout-constrained wp-block-group-is-layout-constrained\">\n<h2 class=\"wp-block-heading\">&lt;&lt; Ultimate Choice &gt;&gt; Studiegruppe<\/h2>\n\n\n\n<p>Dette er webstedet for Kyoto Universitetscenter for Tv\u00e6rfaglig Uddannelse &quot;The Ultimate Choice&quot; Study Group (tidligere Kyoto University &quot;The Ultimate Choice&quot; Research Light Unit).<\/p>\n\n\n\n<p>Vores forskning har ingen dr\u00f8mme, h\u00e5b eller Nobelpriser. Desuden kan du f\u00f8le, at du skal t\u00e6nke p\u00e5 s\u00e5dan grusomhed. Dette skyldes, at forskning i det ultimative valg er en unders\u00f8gelse af at t\u00e6nke p\u00e5, hvad og hvem man skal ofre.<\/p>\n\n\n\n<p>Men forskning er n\u00f8dvendig. For hvis du ikke forbereder et svar til Ultimate Choice, ender du i en v\u00e6rre situation.<\/p>\n\n\n\n<p>For eksempel, ``hvem b\u00f8r prioriteres til vaccination, n\u00e5r der er mangel p\u00e5 vacciner under en pandemi med h\u00f8j d\u00f8delighed?&#039;&#039; og ``hvem b\u00f8r prioriteres til redning, n\u00e5r mennesker reddes fra en storstilet katastrofe.&#039; &#039; Valget af offer som dette er ikke noget, der kan besvares p\u00e5 stedet p\u00e5 det tidspunkt.<\/p>\n\n\n\n<p>Hvis dette sp\u00f8rgsm\u00e5l om opofrelse efterlades ubesvaret, er det sandsynligt, at der vil v\u00e6re f\u00f8rst til m\u00f8lle-princippet, en pr\u00e6ference for magthavere og de velhavende, eller en undg\u00e5else af valg, hvor alle ofres. Det vil v\u00e6re enden, at de fleste mennesker ikke \u00f8nsker.<\/p>\n\n\n\n<p>At blive ved med at kigge v\u00e6k \u00e6ndrer ikke p\u00e5 den forf\u00e6rdelige slutning.<\/p>\n\n\n\n<p>Ogs\u00e5 i forhold til dette sp\u00f8rgsm\u00e5l kan nogle mennesker f.eks. forbinde triage. Men det, der skete med det store \u00f8stlige Japan-jordsk\u00e6lv, var en n\u00f8dsituation, hvor selv hvis &quot;topprioritetsbehandlingen&quot; var m\u00e6rket i triagen, var der for mange, og yderligere udv\u00e6lgelse var n\u00f8dvendig. Jo st\u00f8rre omfanget af katastrofer og problemer er, jo sv\u00e6rere bliver det at h\u00e5ndtere konventionelle systemer, og det ``ultimate valg&#039;&#039; forekommer overalt.<\/p>\n\n\n\n<p>Som forberedelse til fremkomsten af et s\u00e5dant &quot;ultimativt valg&quot;, mener vi, at det er n\u00f8dvendigt at have en mekanisme, der giver mulighed for omhyggelig diskussion og udv\u00e6lgelse over tid for at producere svar, der er overbevisende for s\u00e5 mange mennesker som muligt.<\/p>\n\n\n\n<p>Derfor unders\u00f8ger vi problemet med valg i ekstreme situationer og udforsker bedre tiltag under titlen &quot;Ultimate Choice&quot;.<\/p>\n\n\n\n<p>Kunne du t\u00e6nke dig at t\u00e6nke p\u00e5 &quot;Det ultimative valg&quot; sammen?<\/p>\n\n\n\n<p>(I fremtiden vil jeg gerne tilstr\u00e6be et system, der underst\u00f8tter global beslutningstagning, s\u00e5som at acceptere forslag fra v\u00e6lgere, skabe et forum for overvejelser og udarbejde versioner p\u00e5 hvert sprog, men det er langt v\u00e6k. )<\/p>\n\n\n\n<figure class=\"wp-block-image size-full\"><a href=\"https:\/\/i0.wp.com\/hardestchoice.org\/wp-content\/uploads\/2022\/04\/figure-hardestchoice.png?ssl=1\"><img loading=\"lazy\" decoding=\"async\" width=\"1280\" height=\"957\" data-attachment-id=\"79\" data-permalink=\"https:\/\/hardestchoice.org\/da\/aboutus\/figure-hardestchoice\/\" data-orig-file=\"https:\/\/i0.wp.com\/hardestchoice.org\/wp-content\/uploads\/2022\/04\/figure-hardestchoice.png?fit=1280%2C957&amp;ssl=1\" data-orig-size=\"1280,957\" data-comments-opened=\"0\" data-image-meta=\"{&quot;aperture&quot;:&quot;0&quot;,&quot;credit&quot;:&quot;&quot;,&quot;camera&quot;:&quot;&quot;,&quot;caption&quot;:&quot;&quot;,&quot;created_timestamp&quot;:&quot;0&quot;,&quot;copyright&quot;:&quot;&quot;,&quot;focal_length&quot;:&quot;0&quot;,&quot;iso&quot;:&quot;0&quot;,&quot;shutter_speed&quot;:&quot;0&quot;,&quot;title&quot;:&quot;&quot;,&quot;orientation&quot;:&quot;0&quot;}\" data-image-title=\"figure-hardestchoice\" data-image-description=\"\" data-image-caption=\"\" data-medium-file=\"https:\/\/i0.wp.com\/hardestchoice.org\/wp-content\/uploads\/2022\/04\/figure-hardestchoice.png?fit=300%2C224&amp;ssl=1\" data-large-file=\"https:\/\/i0.wp.com\/hardestchoice.org\/wp-content\/uploads\/2022\/04\/figure-hardestchoice.png?fit=1024%2C766&amp;ssl=1\" src=\"https:\/\/i0.wp.com\/hardestchoice.org\/wp-content\/uploads\/2022\/04\/figure-hardestchoice.png?fit=1280%2C957&amp;ssl=1\" alt=\"\" class=\"wp-image-79\" srcset=\"https:\/\/i0.wp.com\/hardestchoice.org\/wp-content\/uploads\/2022\/04\/figure-hardestchoice.png?w=1280&amp;ssl=1 1280w, https:\/\/i0.wp.com\/hardestchoice.org\/wp-content\/uploads\/2022\/04\/figure-hardestchoice.png?resize=300%2C224&amp;ssl=1 300w, https:\/\/i0.wp.com\/hardestchoice.org\/wp-content\/uploads\/2022\/04\/figure-hardestchoice.png?resize=1024%2C766&amp;ssl=1 1024w, https:\/\/i0.wp.com\/hardestchoice.org\/wp-content\/uploads\/2022\/04\/figure-hardestchoice.png?resize=768%2C574&amp;ssl=1 768w, https:\/\/i0.wp.com\/hardestchoice.org\/wp-content\/uploads\/2022\/04\/figure-hardestchoice.png?resize=16%2C12&amp;ssl=1 16w, https:\/\/i0.wp.com\/hardestchoice.org\/wp-content\/uploads\/2022\/04\/figure-hardestchoice.png?resize=400%2C300&amp;ssl=1 400w, https:\/\/i0.wp.com\/hardestchoice.org\/wp-content\/uploads\/2022\/04\/figure-hardestchoice.png?resize=200%2C150&amp;ssl=1 200w, https:\/\/i0.wp.com\/hardestchoice.org\/wp-content\/uploads\/2022\/04\/figure-hardestchoice.png?resize=1200%2C897&amp;ssl=1 1200w\" sizes=\"auto, (max-width: 1000px) 100vw, 1000px\" \/><\/a><\/figure>\n<\/div>\n\n\n\n<hr class=\"wp-block-separator has-alpha-channel-opacity is-style-wide\"\/>\n\n\n\n<h2 class=\"wp-block-heading\">Forskningsbevilling<\/h2>\n\n\n\n<p>&quot;<em>Krav til AI for at tr\u00e6ffe sociale beslutninger<\/em>- god kvalitet<em>datas\u00e6t<\/em>og \u00f8nskeligt<em>Produktion<\/em>forskning&quot; (problemnummer<a href=\"https:\/\/toyotafound.secure.force.com\/psearch\/JoseiDetail?name=D19-ST-0019\">D19-ST-0019<\/a>, Repr\u00e6sentant: Hirotsugu Ohba) (Toyota Foundation 2019 Special Issue &quot;New Human Society Co-created with Advanced Technology&quot;)<\/p>\n\n\n\n<p><a href=\"https:\/\/toyotafound.secure.force.com\/psearch\/JoseiDetail?name=D19-ST-0019\">https:\/\/toyotafound.secure.force.com\/psearch\/JoseiDetail?name=D19-ST-0019<\/a><\/p>\n\n\n\n<hr class=\"wp-block-separator has-alpha-channel-opacity is-style-wide\"\/>\n\n\n\n<h2 class=\"wp-block-heading\">Forskningsmedlem<\/h2>\n\n\n\n<p><\/p>\n\n\n\n<p><strong>Yuko Ichii<\/strong><br>University of Tokyo, Kavli Institute for the Physics and Mathematics of the Universe, s\u00e6rligt udpeget forsker, anvendelse af viden om videnskabskommunikationsteori<\/p>\n\n\n\n<p><strong>Makoto Ozono<\/strong><br>Adjungeret forsker, Research Institute for Humanities, Doshisha University, Application of Political Science Knowledge<\/p>\n\n\n\n<p><strong><a href=\"https:\/\/researchmap.jp\/overhiro\/\" data-type=\"URL\" data-id=\"https:\/\/researchmap.jp\/overhiro\/\" target=\"_blank\" rel=\"noreferrer noopener\">Hirotsugu Ohba<\/a><\/strong><br>Rikkyo University, Graduate School of Artificial Intelligence Science, specielt udn\u00e6vnt professor, repr\u00e6sentant, generelt ansvarlig<\/p>\n\n\n\n<p><strong>Shimpei Okamoto<\/strong><br>Hiroshima University, Graduate School of Letters, Adjunkt, Anvendelse af viden om anvendt filosofi<\/p>\n\n\n\n<p><strong>Masafumi Kasagi<\/strong><br>Specielt udn\u00e6vnt lektor, Institute of Liberal Arts and Sciences, Nagoya University;<\/p>\n\n\n\n<p><strong>Noiru Kikuchi<\/strong><br>National Graduate Institute for Policy Studies, Policy Research Center for Science, Technology and Innovation, Specialist, Anvendelse af viden om videnskabskommunikationsteori<\/p>\n\n\n\n<p><strong>Harushi Tamazawa<\/strong><br>Kyoto University, Graduate School of Letters, forsker, viceadministrerende direkt\u00f8r, anvendelse af viden inden for rumvidenskab<\/p>\n\n\n\n<p><strong>Satoshi Kawamura<\/strong><br>Graduate School of Science, Astronomical Observatory, Kyoto University, Doktorgradskursus, Anvendelse af viden om rumvidenskab<\/p>\n\n\n\n<p><strong>Shiro Komatsu<\/strong><br>University of Yamanashi, Fakultet for Liv- og Milj\u00f8videnskab, Lektor, Anvendelse af Viden i Biovidenskab og Statskundskab<\/p>\n\n\n\n<p><strong>Keiko Sato<\/strong><br>S\u00e6rligt udn\u00e6vnt lektor, Afdeling for Medicinsk Sikkerhedsledelse, Kyoto Universitetshospital, Anvendelse af Life Science Knowledge<\/p>\n\n\n\n<p><strong>Mika Suzuki<\/strong><br>Kyoto University iPS Cell Research Institute Uehiro Ethics Research Division Specialforsker Anvendelse af bioetisk viden<\/p>\n\n\n\n<p><strong>Yuki Takagi<\/strong><br>Kyoto University, Graduate School of Letters, Doktorgradsprogram, Anvendt etisk viden<\/p>\n\n\n\n<p><strong>Masatsugu Senchiiwa<\/strong><br>University of Kitakyushu, Fakultet for fremmedsprog, deltidslektor, anvendelse af statskundskabsviden<\/p>\n\n\n\n<p><strong><a href=\"https:\/\/researchmap.jp\/Nagafumi_Nakamura\/?lang=japanese\" target=\"_blank\" rel=\"noreferrer noopener\">Nagafumi Nakamura<\/a><\/strong><br>Specielt udn\u00e6vnt adjunkt, Institute for Advancement of Liberal Arts, Fakultet for Liberal Kunst, Tokyo University;<\/p>\n\n\n\n<p><strong>Kojiro Honda<\/strong><br>Kanazawa Medical University, Human Sciences, lektor, Anvendelse af viden om anvendt filosofi<\/p>\n\n\n\n<p><strong>Koki Miyano<\/strong><br>Kyoto University, Center for fremme af tv\u00e6rfaglig uddannelse og forskning, lektor;<\/p>\n\n\n\n<p><strong>Masahiro Morioka<\/strong><br>Waseda University, Fakultet for Humanvidenskab, Professor, Anvendelse af Viden om Anvendt Filosofi<\/p>","protected":false},"excerpt":{"rendered":"<p>&quot;Ultimate Choice&quot; Study Group Kyoto University Interdisciplinary Education Center &quot;Ultimate Choice&quot; Study Group (tidligere Kyoto University &quot;Ultimate Choice&quot; Research Light [\u2026]<\/p>","protected":false},"author":131104234,"featured_media":0,"parent":0,"menu_order":0,"comment_status":"closed","ping_status":"closed","template":"","meta":{"advanced_seo_description":"","jetpack_seo_html_title":"","jetpack_seo_noindex":false,"jetpack_post_was_ever_published":false,"footnotes":""},"class_list":["post-14","page","type-page","status-publish","hentry"],"jetpack_likes_enabled":true,"jetpack_sharing_enabled":true,"jetpack_shortlink":"https:\/\/wp.me\/PdK9kd-e","jetpack-related-posts":[],"amp_enabled":true,"_links":{"self":[{"href":"https:\/\/hardestchoice.org\/da\/wp-json\/wp\/v2\/pages\/14","targetHints":{"allow":["GET"]}}],"collection":[{"href":"https:\/\/hardestchoice.org\/da\/wp-json\/wp\/v2\/pages"}],"about":[{"href":"https:\/\/hardestchoice.org\/da\/wp-json\/wp\/v2\/types\/page"}],"author":[{"embeddable":true,"href":"https:\/\/hardestchoice.org\/da\/wp-json\/wp\/v2\/users\/131104234"}],"replies":[{"embeddable":true,"href":"https:\/\/hardestchoice.org\/da\/wp-json\/wp\/v2\/comments?post=14"}],"version-history":[{"count":36,"href":"https:\/\/hardestchoice.org\/da\/wp-json\/wp\/v2\/pages\/14\/revisions"}],"predecessor-version":[{"id":2469,"href":"https:\/\/hardestchoice.org\/da\/wp-json\/wp\/v2\/pages\/14\/revisions\/2469"}],"wp:attachment":[{"href":"https:\/\/hardestchoice.org\/da\/wp-json\/wp\/v2\/media?parent=14"}],"curies":[{"name":"wp","href":"https:\/\/api.w.org\/{rel}","templated":true}]}}