{"id":14,"date":"2022-03-02T12:01:05","date_gmt":"2022-03-02T03:01:05","guid":{"rendered":"https:\/\/hardestchoice.org\/?page_id=14"},"modified":"2024-06-05T13:21:07","modified_gmt":"2024-06-05T04:21:07","slug":"aboutus","status":"publish","type":"page","link":"https:\/\/hardestchoice.org\/de\/aboutus\/","title":{"rendered":"UM"},"content":{"rendered":"<div class=\"wp-block-group alignfull is-layout-constrained wp-block-group-is-layout-constrained\">\n<h2 class=\"wp-block-heading\">&lt;&lt; Ultimative Wahl &gt;&gt; Studiengruppe<\/h2>\n\n\n\n<p class=\"wp-block-paragraph\">Dies ist die Website der Studiengruppe \u201eThe Ultimate Choice\u201c des Kyoto University Center for Interdisciplinary Education (ehemals \u201eThe Ultimate Choice\u201c Research Light Unit der Kyoto University).<\/p>\n\n\n\n<p class=\"wp-block-paragraph\">Unsere Forschung kennt keine Tr\u00e4ume, Hoffnungen oder Nobelpreise. Dar\u00fcber hinaus haben Sie m\u00f6glicherweise das Gef\u00fchl, dass Sie \u00fcber solche Grausamkeiten nachdenken m\u00fcssen. Dies liegt daran, dass es sich bei der Forschung zur \u201eUltimativen Wahl\u201c um eine Forschung handelt, die dar\u00fcber nachdenkt, was und wen man opfern sollte.<\/p>\n\n\n\n<p class=\"wp-block-paragraph\">Aber Forschung ist n\u00f6tig. Denn wenn Sie keine Antwort auf \u201eUltimate Choice\u201c vorbereiten, geraten Sie in eine noch schlimmere Situation.<\/p>\n\n\n\n<p class=\"wp-block-paragraph\">Zum Beispiel: \u201eWem sollte bei der Impfung Vorrang einger\u00e4umt werden, wenn es w\u00e4hrend einer Pandemie mit einer hohen Todesrate zu einem Mangel an Impfstoffen kommt?\u201c und \u201eWem sollte bei der Rettung Vorrang einger\u00e4umt werden, wenn Menschen aus einer Katastrophe gro\u00dfen Ausma\u00dfes gerettet werden.\u201c \u201eDie Wahl eines solchen Opfers kann zu diesem Zeitpunkt nicht sofort beantwortet werden.\u201c<\/p>\n\n\n\n<p class=\"wp-block-paragraph\">Wenn diese Opferfrage unbeantwortet bleibt, wird es wahrscheinlich zu einem Prinzip kommen, das zuerst kommt, mahlt zuerst, zu einer Bevorzugung der M\u00e4chtigen und Reichen oder zu einer Vermeidung von Wahlm\u00f6glichkeiten, bei denen jeder geopfert wird. Das wird das Ende sein die meisten Leute wollen es nicht.<\/p>\n\n\n\n<p class=\"wp-block-paragraph\">Das weitere Wegschauen \u00e4ndert nichts am schrecklichen Ende.<\/p>\n\n\n\n<p class=\"wp-block-paragraph\">In Bezug auf diese Frage assoziieren manche Menschen beispielsweise auch mit Triage. Bei dem gro\u00dfen Erdbeben in Ostjapan handelte es sich jedoch um eine Notsituation, in der es zu viele gab und eine weitere Auswahl erforderlich war, auch wenn in der Triage die Behandlung mit der h\u00f6chsten Priorit\u00e4t markiert war. Je gr\u00f6\u00dfer das Ausma\u00df der Katastrophen und Probleme, desto schwieriger wird es, mit konventionellen Systemen umzugehen, und die \u201eultimative Wahl\u201c findet \u00fcberall statt.<\/p>\n\n\n\n<p class=\"wp-block-paragraph\">Als Vorbereitung auf die Entstehung einer solchen \u201eultimativen Wahl\u201c halten wir es f\u00fcr notwendig, \u00fcber einen Mechanismus zu verf\u00fcgen, der eine sorgf\u00e4ltige Diskussion und Auswahl im Laufe der Zeit erm\u00f6glicht, um Antworten zu liefern, die m\u00f6glichst viele Menschen \u00fcberzeugen.<\/p>\n\n\n\n<p class=\"wp-block-paragraph\">Daher erforschen wir das Problem der Wahl in Extremsituationen und erforschen bessere Ma\u00dfnahmen unter dem Titel \u201eUltimate Choice\u201c.<\/p>\n\n\n\n<p class=\"wp-block-paragraph\">M\u00f6chten Sie gemeinsam \u00fcber \u201eThe Ultimate Choice\u201c nachdenken?<\/p>\n\n\n\n<p class=\"wp-block-paragraph\">(In der Zukunft w\u00fcrde ich gerne ein System anstreben, das die globale Entscheidungsfindung unterst\u00fctzt, etwa durch die Annahme von Vorschl\u00e4gen von W\u00e4hlern, die Bereitstellung eines Diskussionsforums und die Erstellung von Versionen in jeder Sprache, aber das ist noch ein weiter Weg.)<\/p>\n\n\n\n<figure class=\"wp-block-image size-full\"><a href=\"https:\/\/i0.wp.com\/hardestchoice.org\/wp-content\/uploads\/2022\/04\/figure-hardestchoice.png?ssl=1\"><img loading=\"lazy\" decoding=\"async\" width=\"1280\" height=\"957\" data-attachment-id=\"79\" data-permalink=\"https:\/\/hardestchoice.org\/de\/aboutus\/figure-hardestchoice\/\" data-orig-file=\"https:\/\/i0.wp.com\/hardestchoice.org\/wp-content\/uploads\/2022\/04\/figure-hardestchoice.png?fit=1280%2C957&amp;ssl=1\" data-orig-size=\"1280,957\" data-comments-opened=\"0\" data-image-meta=\"{&quot;aperture&quot;:&quot;0&quot;,&quot;credit&quot;:&quot;&quot;,&quot;camera&quot;:&quot;&quot;,&quot;caption&quot;:&quot;&quot;,&quot;created_timestamp&quot;:&quot;0&quot;,&quot;copyright&quot;:&quot;&quot;,&quot;focal_length&quot;:&quot;0&quot;,&quot;iso&quot;:&quot;0&quot;,&quot;shutter_speed&quot;:&quot;0&quot;,&quot;title&quot;:&quot;&quot;,&quot;orientation&quot;:&quot;0&quot;}\" data-image-title=\"figure-hardestchoice\" data-image-description=\"\" data-image-caption=\"\" data-large-file=\"https:\/\/i0.wp.com\/hardestchoice.org\/wp-content\/uploads\/2022\/04\/figure-hardestchoice.png?fit=1024%2C766&amp;ssl=1\" src=\"https:\/\/i0.wp.com\/hardestchoice.org\/wp-content\/uploads\/2022\/04\/figure-hardestchoice.png?fit=1280%2C957&amp;ssl=1\" alt=\"\" class=\"wp-image-79\" srcset=\"https:\/\/i0.wp.com\/hardestchoice.org\/wp-content\/uploads\/2022\/04\/figure-hardestchoice.png?w=1280&amp;ssl=1 1280w, https:\/\/i0.wp.com\/hardestchoice.org\/wp-content\/uploads\/2022\/04\/figure-hardestchoice.png?resize=300%2C224&amp;ssl=1 300w, https:\/\/i0.wp.com\/hardestchoice.org\/wp-content\/uploads\/2022\/04\/figure-hardestchoice.png?resize=1024%2C766&amp;ssl=1 1024w, https:\/\/i0.wp.com\/hardestchoice.org\/wp-content\/uploads\/2022\/04\/figure-hardestchoice.png?resize=768%2C574&amp;ssl=1 768w, https:\/\/i0.wp.com\/hardestchoice.org\/wp-content\/uploads\/2022\/04\/figure-hardestchoice.png?resize=16%2C12&amp;ssl=1 16w, https:\/\/i0.wp.com\/hardestchoice.org\/wp-content\/uploads\/2022\/04\/figure-hardestchoice.png?resize=400%2C300&amp;ssl=1 400w, https:\/\/i0.wp.com\/hardestchoice.org\/wp-content\/uploads\/2022\/04\/figure-hardestchoice.png?resize=200%2C150&amp;ssl=1 200w, https:\/\/i0.wp.com\/hardestchoice.org\/wp-content\/uploads\/2022\/04\/figure-hardestchoice.png?resize=1200%2C897&amp;ssl=1 1200w\" sizes=\"auto, (max-width: 1000px) 100vw, 1000px\" \/><\/a><\/figure>\n<\/div>\n\n\n\n<hr class=\"wp-block-separator has-alpha-channel-opacity is-style-wide\"\/>\n\n\n\n<h2 class=\"wp-block-heading\">Forschungsstipendium<\/h2>\n\n\n\n<p class=\"wp-block-paragraph\">&quot;<em>Anforderungen an KI, um soziale Entscheidungen zu treffen<\/em>- gute Qualit\u00e4t<em>Datensatz<\/em>und w\u00fcnschenswert<em>Ausgabe<\/em>Forschung\u201c (Problem Nr<a href=\"https:\/\/toyotafound.secure.force.com\/psearch\/JoseiDetail?name=D19-ST-0019\">D19-ST-0019<\/a>, Vertreter: Hirotsugu Ohba) (Sonderausgabe 2019 der Toyota Foundation \u201eNeue menschliche Gesellschaft gemeinsam mit fortschrittlicher Technologie geschaffen\u201c)<\/p>\n\n\n\n<p class=\"wp-block-paragraph\"><a href=\"https:\/\/toyotafound.secure.force.com\/psearch\/JoseiDetail?name=D19-ST-0019\">https:\/\/toyotafound.secure.force.com\/psearch\/JoseiDetail?name=D19-ST-0019<\/a><\/p>\n\n\n\n<hr class=\"wp-block-separator has-alpha-channel-opacity is-style-wide\"\/>\n\n\n\n<h2 class=\"wp-block-heading\">Forschungsmitglied<\/h2>\n\n\n\n<p class=\"wp-block-paragraph\"><\/p>\n\n\n\n<p class=\"wp-block-paragraph\"><strong>Yuko Ichii<\/strong><br>Universit\u00e4t Tokio, Kavli-Institut f\u00fcr Physik und Mathematik des Universums, speziell ernannter Forscher, Anwendung des Wissens der Wissenschaftskommunikationstheorie<\/p>\n\n\n\n<p class=\"wp-block-paragraph\"><strong>Makoto Ozono<\/strong><br>Au\u00dferordentlicher Forscher, Forschungsinstitut f\u00fcr Geisteswissenschaften, Doshisha-Universit\u00e4t, Anwendung politikwissenschaftlicher Erkenntnisse<\/p>\n\n\n\n<p class=\"wp-block-paragraph\"><strong><a href=\"https:\/\/researchmap.jp\/overhiro\/\" data-type=\"URL\" data-id=\"https:\/\/researchmap.jp\/overhiro\/\" target=\"_blank\" rel=\"noreferrer noopener\">Hirotsugu Ohba<\/a><\/strong><br>Rikkyo University, Graduate School of Artificial Intelligence Science, speziell ernannter Professor, Vertreter, Generalverantwortlicher<\/p>\n\n\n\n<p class=\"wp-block-paragraph\"><strong>Shimpei Okamoto<\/strong><br>Universit\u00e4t Hiroshima, Graduate School of Letters, Assistenzprofessor, Anwendung des Wissens der Angewandten Philosophie<\/p>\n\n\n\n<p class=\"wp-block-paragraph\"><strong>Masafumi Kasagi<\/strong><br>Speziell ernannter au\u00dferordentlicher Professor, Institut f\u00fcr Geisteswissenschaften und Wissenschaften, Universit\u00e4t Nagoya;<\/p>\n\n\n\n<p class=\"wp-block-paragraph\"><strong>Noiru Kikuchi<\/strong><br>Nationales Graduierteninstitut f\u00fcr Politikstudien, Politikforschungszentrum f\u00fcr Wissenschaft, Technologie und Innovation, Spezialist f\u00fcr die Anwendung von Wissen in der Wissenschaftskommunikation<\/p>\n\n\n\n<p class=\"wp-block-paragraph\"><strong>Harushi Tamazawa<\/strong><br>Universit\u00e4t Kyoto, Graduate School of Letters, Forscher, stellvertretender CEO, Anwendung von Wissen in der Weltraumwissenschaft<\/p>\n\n\n\n<p class=\"wp-block-paragraph\"><strong>Satoshi Kawamura<\/strong><br>Graduate School of Science, Astronomisches Observatorium, Universit\u00e4t Kyoto, Doktorandenkurs, Anwendung von Kenntnissen der Weltraumwissenschaft<\/p>\n\n\n\n<p class=\"wp-block-paragraph\"><strong>Shiro Komatsu<\/strong><br>Universit\u00e4t Yamanashi, Fakult\u00e4t f\u00fcr Lebens- und Umweltwissenschaften, au\u00dferordentlicher Professor, Anwendung von Wissen in Biowissenschaften und Politikwissenschaft<\/p>\n\n\n\n<p class=\"wp-block-paragraph\"><strong>Keiko Sato<\/strong><br>Speziell ernannter au\u00dferordentlicher Professor, Abteilung f\u00fcr medizinisches Sicherheitsmanagement, Universit\u00e4tsklinikum Kyoto, Anwendung von biowissenschaftlichem Wissen<\/p>\n\n\n\n<p class=\"wp-block-paragraph\"><strong>Mika Suzuki<\/strong><br>iPS-Zellforschungsinstitut der Universit\u00e4t Kyoto, Uehiro-Ethikforschungsabteilung, Spezialforscher, Anwendung von bioethischem Wissen<\/p>\n\n\n\n<p class=\"wp-block-paragraph\"><strong>Yuki Takagi<\/strong><br>Universit\u00e4t Kyoto, Graduate School of Letters, Doktorandenprogramm, Wissen \u00fcber angewandte Ethik<\/p>\n\n\n\n<p class=\"wp-block-paragraph\"><strong>Masatsugu Senchiiwa<\/strong><br>Universit\u00e4t Kitakyushu, Fakult\u00e4t f\u00fcr Fremdsprachen, Teilzeitdozent, Anwendung politikwissenschaftlicher Kenntnisse<\/p>\n\n\n\n<p class=\"wp-block-paragraph\"><strong><a href=\"https:\/\/researchmap.jp\/Nagafumi_Nakamura\/?lang=japanese\" target=\"_blank\" rel=\"noreferrer noopener\">Nagafumi Nakamura<\/a><\/strong><br>Speziell ernannter Assistenzprofessor, Institute for Advancement of Liberal Arts, Fakult\u00e4t f\u00fcr Geisteswissenschaften, Universit\u00e4t Tokio;<\/p>\n\n\n\n<p class=\"wp-block-paragraph\"><strong>Kojiro Honda<\/strong><br>Kanazawa Medical University, Humanwissenschaften, au\u00dferordentlicher Professor, Anwendung des Wissens der Angewandten Philosophie<\/p>\n\n\n\n<p class=\"wp-block-paragraph\"><strong>Koki Miyano<\/strong><br>Universit\u00e4t Kyoto, Zentrum zur F\u00f6rderung interdisziplin\u00e4rer Bildung und Forschung, au\u00dferordentlicher Professor;<\/p>\n\n\n\n<p class=\"wp-block-paragraph\"><strong>Masahiro Morioka<\/strong><br>Waseda University, Fakult\u00e4t f\u00fcr Humanwissenschaften, Professor, Anwendung des Wissens der Angewandten Philosophie<\/p>","protected":false},"excerpt":{"rendered":"<p>\u300a\u7a76\u6975\u306e\u9078\u629e\u300b\u7814\u7a76\u4f1a \u4eac\u90fd\u5927\u5b66 \u5b66\u969b\u878d\u5408\u6559\u80b2\u30bb\u30f3\u30bf\u30fc\u300a\u7a76\u6975\u306e\u9078\u629e\u300b\u7814\u7a76\u4f1a\uff08\u65e7 \u4eac\u90fd\u5927\u5b66\u300a\u7a76\u6975\u306e\u9078\u629e\u300b\u7814\u7a76\u30e9\u30a4\u30c8 [&hellip;]<\/p>\n","protected":false},"author":131104234,"featured_media":0,"parent":0,"menu_order":0,"comment_status":"closed","ping_status":"closed","template":"","meta":{"_crdt_document":"","advanced_seo_description":"","jetpack_seo_html_title":"","jetpack_seo_noindex":false,"footnotes":""},"class_list":["post-14","page","type-page","status-publish","hentry"],"jetpack_likes_enabled":true,"jetpack_sharing_enabled":true,"jetpack_shortlink":"https:\/\/wp.me\/PdK9kd-e","jetpack-related-posts":[],"amp_enabled":true,"_links":{"self":[{"href":"https:\/\/hardestchoice.org\/de\/wp-json\/wp\/v2\/pages\/14","targetHints":{"allow":["GET"]}}],"collection":[{"href":"https:\/\/hardestchoice.org\/de\/wp-json\/wp\/v2\/pages"}],"about":[{"href":"https:\/\/hardestchoice.org\/de\/wp-json\/wp\/v2\/types\/page"}],"author":[{"embeddable":true,"href":"https:\/\/hardestchoice.org\/de\/wp-json\/wp\/v2\/users\/131104234"}],"replies":[{"embeddable":true,"href":"https:\/\/hardestchoice.org\/de\/wp-json\/wp\/v2\/comments?post=14"}],"version-history":[{"count":36,"href":"https:\/\/hardestchoice.org\/de\/wp-json\/wp\/v2\/pages\/14\/revisions"}],"predecessor-version":[{"id":2469,"href":"https:\/\/hardestchoice.org\/de\/wp-json\/wp\/v2\/pages\/14\/revisions\/2469"}],"wp:attachment":[{"href":"https:\/\/hardestchoice.org\/de\/wp-json\/wp\/v2\/media?parent=14"}],"curies":[{"name":"wp","href":"https:\/\/api.w.org\/{rel}","templated":true}]}}