{"id":29,"date":"2022-03-02T12:17:16","date_gmt":"2022-03-02T03:17:16","guid":{"rendered":"https:\/\/hardestchoice.org\/?page_id=29"},"modified":"2022-10-07T20:43:23","modified_gmt":"2022-10-07T11:43:23","slug":"contactus","status":"publish","type":"page","link":"https:\/\/hardestchoice.org\/de\/contactus\/","title":{"rendered":"FAQ \/ KONTAKT"},"content":{"rendered":"<hr class=\"wp-block-separator has-alpha-channel-opacity is-style-wide\"\/>\n\n\n\n<div class=\"wp-block-group is-layout-flow wp-block-group-is-layout-flow\">\n<h2 class=\"wp-block-heading\">FAQ<\/h2>\n\n\n\n<h4 class=\"wp-block-heading\">F: Wir bereiten uns gerade vor.<\/h4>\n\n\n\n<p class=\"wp-block-paragraph\">A: Wir bereiten eine Antwort vor.<\/p>\n\n\n\n<div class=\"wp-block-columns is-layout-flex wp-container-core-columns-is-layout-1a9244c7 wp-block-columns-is-layout-flex\">\n<div class=\"wp-block-column is-layout-flow wp-block-column-is-layout-flow\" style=\"flex-basis:100%\">\n<hr class=\"wp-block-separator has-alpha-channel-opacity is-style-wide\"\/>\n<\/div>\n<\/div>\n\n\n\n<p class=\"wp-block-paragraph\"><\/p>\n\n\n\n<h3 class=\"wp-block-heading\">Zum Thema \u201eUltimate Choice\u201c<\/h3>\n\n\n\n<p class=\"wp-block-paragraph\">Dieses Thema konzentriert sich auf Probleme, mit denen Studierende tats\u00e4chlich konfrontiert sind und konfrontiert werden, wenn sie ihre Forschung und Praxis vorantreiben. Als \u201eultimative Wahl\u201c werden Fragen ausgew\u00e4hlt, die in verschiedenen Bereichen als \u00e4u\u00dferst schwierig gelten.<br>Doch selbst wenn das Problem als ein Problem vor Ort betrachtet wird, gibt es einige Probleme, die nicht mit der Gesellschaft als Ganzes geteilt werden sollten. Andererseits gibt es auch Themen, die von der Gesellschaft geteilt werden sollten und deren Verst\u00e4ndnis die Gesellschaft vertiefen sollte. Dar\u00fcber hinaus gibt es in der Gesellschaft Menschen, die denken, es sei ein Problem, und andere, die denken, es sei kein Problem.<br>Die Antworten der Menschen k\u00f6nnen stark variieren, je nachdem, wie Sie sie fragen. Wenn Sie zum Beispiel nach der Fl\u00fcchtlingsfrage fragen, ist es wahrscheinlicher, dass Sie sie retten, wenn Sie die Notlage der Fl\u00fcchtlinge im Voraus betonen, aber wenn Sie die Nachteile betonen, die mit der Aufnahme von Fl\u00fcchtlingen einhergehen, ist es wahrscheinlicher, dass Sie sie ablehnen.<br>In dieser Pilotphase suchen wir derzeit nach einer geeigneten M\u00f6glichkeit, Fragen wie diese zu stellen.<\/p>\n<\/div>\n\n\n\n<hr class=\"wp-block-separator has-alpha-channel-opacity is-style-wide\"\/>\n\n\n\n<h2 class=\"wp-block-heading\">Kontaktinformationen<\/h2>\n\n\n\n<p class=\"wp-block-paragraph\">Wenn Sie mit der Forschungsgruppe \u201eUltimate Choice\u201c Kontakt aufnehmen m\u00f6chten, kontaktieren Sie uns bitte \u00fcber das untenstehende Formular.<\/p>\n\n\n\n<p class=\"wp-block-paragraph\">Wenn Sie eine Meinung zu diesem Thema \u201eUltimate Choice\u201c haben, k\u00f6nnen Sie diese gerne aufschreiben.<\/p>\n\n\n\n<p class=\"wp-block-paragraph\"><\/p>\n\n\n<div class=\"wp-block-jetpack-contact-form is-layout-flex wp-container-jetpack-contact-form-is-layout-2cb9499c wp-block-jetpack-contact-form-is-layout-flex\"><a href=\"https:\/\/hardestchoice.org\/de\/contactus\/\" target=\"_blank\" rel=\"noopener noreferrer\">Formular einreichen.<\/a><\/div>\n\n\n<p class=\"wp-block-paragraph\"><\/p>\n\n\n\n<div style=\"height:100px\" aria-hidden=\"true\" class=\"wp-block-spacer\"><\/div>","protected":false},"excerpt":{"rendered":"<p>\u3088\u304f\u3042\u308b\u3054\u8cea\u554f Q: \u53ea\u4eca\u6e96\u5099\u4e2d\u3067\u3059\u3002 A: \u56de\u7b54\u3092\u6e96\u5099\u3057\u3066\u304a\u308a\u307e\u3059\u3002 \u300a\u7a76\u6975\u306e\u9078\u629e\u300b\u3068\u3044\u3046\u30c6\u30fc\u30de\u306b\u3064\u3044\u3066 \u3053 [&hellip;]<\/p>\n","protected":false},"author":136335720,"featured_media":0,"parent":0,"menu_order":0,"comment_status":"closed","ping_status":"closed","template":"","meta":{"_crdt_document":"","advanced_seo_description":"","jetpack_seo_html_title":"","jetpack_seo_noindex":false,"footnotes":""},"class_list":["post-29","page","type-page","status-publish","hentry"],"jetpack_likes_enabled":true,"jetpack_sharing_enabled":true,"jetpack_shortlink":"https:\/\/wp.me\/PdK9kd-t","jetpack-related-posts":[],"amp_enabled":true,"_links":{"self":[{"href":"https:\/\/hardestchoice.org\/de\/wp-json\/wp\/v2\/pages\/29","targetHints":{"allow":["GET"]}}],"collection":[{"href":"https:\/\/hardestchoice.org\/de\/wp-json\/wp\/v2\/pages"}],"about":[{"href":"https:\/\/hardestchoice.org\/de\/wp-json\/wp\/v2\/types\/page"}],"author":[{"embeddable":true,"href":"https:\/\/hardestchoice.org\/de\/wp-json\/wp\/v2\/users\/136335720"}],"replies":[{"embeddable":true,"href":"https:\/\/hardestchoice.org\/de\/wp-json\/wp\/v2\/comments?post=29"}],"version-history":[{"count":34,"href":"https:\/\/hardestchoice.org\/de\/wp-json\/wp\/v2\/pages\/29\/revisions"}],"predecessor-version":[{"id":1755,"href":"https:\/\/hardestchoice.org\/de\/wp-json\/wp\/v2\/pages\/29\/revisions\/1755"}],"wp:attachment":[{"href":"https:\/\/hardestchoice.org\/de\/wp-json\/wp\/v2\/media?parent=29"}],"curies":[{"name":"wp","href":"https:\/\/api.w.org\/{rel}","templated":true}]}}