{"id":14,"date":"2022-03-02T12:01:05","date_gmt":"2022-03-02T03:01:05","guid":{"rendered":"https:\/\/hardestchoice.org\/?page_id=14"},"modified":"2024-06-05T13:21:07","modified_gmt":"2024-06-05T04:21:07","slug":"aboutus","status":"publish","type":"page","link":"https:\/\/hardestchoice.org\/eo\/aboutus\/","title":{"rendered":"PRI"},"content":{"rendered":"<div class=\"wp-block-group alignfull is-layout-constrained wp-block-group-is-layout-constrained\">\n<h2 class=\"wp-block-heading\">&lt;&lt; Finfina Elekto &gt;&gt; Studgrupo<\/h2>\n\n\n\n<p class=\"wp-block-paragraph\">\u0108i tio estas la retejo de Kioto-Universitato Centro por Interfaka Edukado &quot;La Finfina Elekto&quot; Studo-Grupo (iama Kiota Universitato &quot;La Finfina Elekto&quot; Esplora Lumo-Unuo).<\/p>\n\n\n\n<p class=\"wp-block-paragraph\">Nia esplorado ne havas revojn, esperojn a\u016d nobelpremiojn. Krome, vi eble sentas, ke vi bezonas pensi pri tia krueleco. \u0108i tio estas \u0109ar esplorado pri la Finfina Elekto estas esplorado kiu konsideras kion kaj kiun oferi.<\/p>\n\n\n\n<p class=\"wp-block-paragraph\">Sed esploro necesas. \u0108ar se vi ne preparas respondon por Finfina Elekto, vi fini\u011dos en pli malbona situacio.<\/p>\n\n\n\n<p class=\"wp-block-paragraph\">Ekzemple, ``kiu devus esti prioritatita por vakcinado kiam mankas vakcinoj dum pandemio kun alta mortoprocento?&#039;&#039; kaj ``kiu devus esti prioritatita por savo kiam homoj estas savitaj de grandskala katastrofo.&#039; &#039; La elekto de ofero tia ne estas io, kio povas esti respondita surloke tiutempe.<\/p>\n\n\n\n<p class=\"wp-block-paragraph\">Se \u0109i tiu demando pri ofero restas nerespondita, ver\u015dajne estos unua alvenita, unua servita bazo, prefero por tiuj en povo kaj ri\u0109uloj, a\u016d evitado de elekto kie \u0109iuj estas oferitaj. plej multaj homoj ne volas.<\/p>\n\n\n\n<p class=\"wp-block-paragraph\">Da\u016dri forrigardi ne \u015dan\u011das la teruran finon.<\/p>\n\n\n\n<p class=\"wp-block-paragraph\">Anka\u016d, rilate \u0109i tiun demandon, iuj homoj povas asocii, ekzemple, triage. Tamen, kio okazis kun la Granda Orienta Japania Sismo estis kriza situacio en kiu e\u0109 se la &quot;\u0109efprioritata traktado&quot; estis etikedita en la triado, ekzistis tro multaj, kaj plia elekto estis necesa. Ju pli granda estas la skalo de katastrofoj kaj problemoj, des pli malfacile fari\u011das trakti konvenciajn sistemojn, kaj la ``finfina elekto&#039;&#039; okazas \u0109ie.<\/p>\n\n\n\n<p class=\"wp-block-paragraph\">Prepare por la apero de tia &quot;finfina elekto&quot;, ni opinias, ke necesas havi mekanismon, kiu ebligas zorgan diskuton kaj elekton la\u016dlonge de la tempo por produkti respondojn konvinkajn al kiel eble plej multaj homoj.<\/p>\n\n\n\n<p class=\"wp-block-paragraph\">Sekve, ni esploras la problemon de elekto en ekstremaj situacioj kaj esploras pli bonajn rimedojn sub la titolo de &quot;Finfina Elekto&quot;.<\/p>\n\n\n\n<p class=\"wp-block-paragraph\">\u0108u vi \u015datus pensi kune pri &quot;La Finfina Elekto&quot;?<\/p>\n\n\n\n<p class=\"wp-block-paragraph\">(Estonte mi \u015datus celi sistemon, kiu subtenas tutmondan decidon, kiel akcepti proponojn de balotantoj, havigi forumon por interkonsili\u011do kaj prepari versiojn en \u0109iu lingvo, sed \u011di estas tre malproksima. )<\/p>\n\n\n\n<figure class=\"wp-block-image size-full\"><a href=\"https:\/\/i0.wp.com\/hardestchoice.org\/wp-content\/uploads\/2022\/04\/figure-hardestchoice.png?ssl=1\"><img loading=\"lazy\" decoding=\"async\" width=\"1280\" height=\"957\" data-attachment-id=\"79\" data-permalink=\"https:\/\/hardestchoice.org\/eo\/aboutus\/figure-hardestchoice\/\" data-orig-file=\"https:\/\/i0.wp.com\/hardestchoice.org\/wp-content\/uploads\/2022\/04\/figure-hardestchoice.png?fit=1280%2C957&amp;ssl=1\" data-orig-size=\"1280,957\" data-comments-opened=\"0\" data-image-meta=\"{&quot;aperture&quot;:&quot;0&quot;,&quot;credit&quot;:&quot;&quot;,&quot;camera&quot;:&quot;&quot;,&quot;caption&quot;:&quot;&quot;,&quot;created_timestamp&quot;:&quot;0&quot;,&quot;copyright&quot;:&quot;&quot;,&quot;focal_length&quot;:&quot;0&quot;,&quot;iso&quot;:&quot;0&quot;,&quot;shutter_speed&quot;:&quot;0&quot;,&quot;title&quot;:&quot;&quot;,&quot;orientation&quot;:&quot;0&quot;}\" data-image-title=\"figure-hardestchoice\" data-image-description=\"\" data-image-caption=\"\" data-large-file=\"https:\/\/i0.wp.com\/hardestchoice.org\/wp-content\/uploads\/2022\/04\/figure-hardestchoice.png?fit=1024%2C766&amp;ssl=1\" src=\"https:\/\/i0.wp.com\/hardestchoice.org\/wp-content\/uploads\/2022\/04\/figure-hardestchoice.png?fit=1280%2C957&amp;ssl=1\" alt=\"\" class=\"wp-image-79\" srcset=\"https:\/\/i0.wp.com\/hardestchoice.org\/wp-content\/uploads\/2022\/04\/figure-hardestchoice.png?w=1280&amp;ssl=1 1280w, https:\/\/i0.wp.com\/hardestchoice.org\/wp-content\/uploads\/2022\/04\/figure-hardestchoice.png?resize=300%2C224&amp;ssl=1 300w, https:\/\/i0.wp.com\/hardestchoice.org\/wp-content\/uploads\/2022\/04\/figure-hardestchoice.png?resize=1024%2C766&amp;ssl=1 1024w, https:\/\/i0.wp.com\/hardestchoice.org\/wp-content\/uploads\/2022\/04\/figure-hardestchoice.png?resize=768%2C574&amp;ssl=1 768w, https:\/\/i0.wp.com\/hardestchoice.org\/wp-content\/uploads\/2022\/04\/figure-hardestchoice.png?resize=16%2C12&amp;ssl=1 16w, https:\/\/i0.wp.com\/hardestchoice.org\/wp-content\/uploads\/2022\/04\/figure-hardestchoice.png?resize=400%2C300&amp;ssl=1 400w, https:\/\/i0.wp.com\/hardestchoice.org\/wp-content\/uploads\/2022\/04\/figure-hardestchoice.png?resize=200%2C150&amp;ssl=1 200w, https:\/\/i0.wp.com\/hardestchoice.org\/wp-content\/uploads\/2022\/04\/figure-hardestchoice.png?resize=1200%2C897&amp;ssl=1 1200w\" sizes=\"auto, (max-width: 1000px) 100vw, 1000px\" \/><\/a><\/figure>\n<\/div>\n\n\n\n<hr class=\"wp-block-separator has-alpha-channel-opacity is-style-wide\"\/>\n\n\n\n<h2 class=\"wp-block-heading\">Esplorsubvencio<\/h2>\n\n\n\n<p class=\"wp-block-paragraph\">&quot;<em>Postuloj por AI fari sociajn decidojn<\/em>- bona kvalito<em>datumaro<\/em>kaj dezirinda<em>Eligo<\/em>esploro\u201d (problemnumero<a href=\"https:\/\/toyotafound.secure.force.com\/psearch\/JoseiDetail?name=D19-ST-0019\">D19-ST-0019<\/a>, Reprezentanto: Hirotsugu Ohba) (Toyota Foundation 2019 Speciala Numero &quot;Nova Homa Socio Kunkreita kun Altnivela Teknologio&quot;)<\/p>\n\n\n\n<p class=\"wp-block-paragraph\"><a href=\"https:\/\/toyotafound.secure.force.com\/psearch\/JoseiDetail?name=D19-ST-0019\">https:\/\/toyotafound.secure.force.com\/psearch\/JoseiDetail?name=D19-ST-0019<\/a><\/p>\n\n\n\n<hr class=\"wp-block-separator has-alpha-channel-opacity is-style-wide\"\/>\n\n\n\n<h2 class=\"wp-block-heading\">Esplora membro<\/h2>\n\n\n\n<p class=\"wp-block-paragraph\"><\/p>\n\n\n\n<p class=\"wp-block-paragraph\"><strong>Yuko Ichii<\/strong><br>La Universitato de Tokio, Kavli Instituto por la Fiziko kaj Matematiko de la Universo, Speciale Nomumita Esploristo, Apliko de Scio pri Scienca Komunikada Teorio<\/p>\n\n\n\n<p class=\"wp-block-paragraph\"><strong>Makoto Ozono<\/strong><br>Adjunct Researcher, Esplorinstituto por Homaroscienco, Doshisha University, Apliko de Politika Scienca Scio<\/p>\n\n\n\n<p class=\"wp-block-paragraph\"><strong><a href=\"https:\/\/researchmap.jp\/overhiro\/\" data-type=\"URL\" data-id=\"https:\/\/researchmap.jp\/overhiro\/\" target=\"_blank\" rel=\"noreferrer noopener\">Hirotsugu Ohba<\/a><\/strong><br>Rikkyo University, Diplomi\u011dinta Lernejo de Artefarita Inteligenteco-Scienco, Speciale Nomumita Profesoro, Reprezentanto, \u011cenerala Respondeca<\/p>\n\n\n\n<p class=\"wp-block-paragraph\"><strong>Shimpei Okamoto<\/strong><br>Hiro\u015dima Universitato, Diplomi\u011dinta Lernejo de Leteroj, Lektoro, Apliko de Scio pri Aplikata Filozofio<\/p>\n\n\n\n<p class=\"wp-block-paragraph\"><strong>Masafumi Kasagi<\/strong><br>Speciale Nomumita Lektoro, Instituto de Liberala Arto kaj Sciencoj, Nagoya University;<\/p>\n\n\n\n<p class=\"wp-block-paragraph\"><strong>Noiru Kikuchi<\/strong><br>Nacia Diplomi\u011dinta Instituto por Politikaj Studoj, Politika Esplorcentro por Scienco, Teknologio kaj Novigado, Specialisto, Apliko de Scio pri Scienca Komunikado<\/p>\n\n\n\n<p class=\"wp-block-paragraph\"><strong>Haru\u015di Tamazawa<\/strong><br>Kioto-Universitato, Diplomi\u011dinta Lernejo de Leteroj, Esploristo, Vic\u0109efoficisto, Apliko de Scio en Kosmoscienco<\/p>\n\n\n\n<p class=\"wp-block-paragraph\"><strong>Satoshi Kawamura<\/strong><br>Diplomi\u011dinta Lernejo de Scienco, Astronomia Observatorio, Kioto-Universitato, Doktora kurso, Apliko de scio pri kosmoscienco<\/p>\n\n\n\n<p class=\"wp-block-paragraph\"><strong>\u015ciro Komatsu<\/strong><br>Universitato de Yamanashi, Fakultato de Vivo kaj Mediaj Sciencoj, Lektoro, Apliko de Scio en Vivscienco kaj Politika Scienco<\/p>\n\n\n\n<p class=\"wp-block-paragraph\"><strong>Keiko Sato<\/strong><br>Speciale Nomumita Lektoro, Sekcio de Medicina Sekureca Administrado, Kyoto University Hospital, Apliko de Vivscienca Scio<\/p>\n\n\n\n<p class=\"wp-block-paragraph\"><strong>Mika Suzuki<\/strong><br>Kioto-Universitato, Centro por iPS \u0108ela Esplorado kaj Apliko, Uehiro Ethics Research Division, Program-Specific Researcher, Apliko de scio pri bioetiko<\/p>\n\n\n\n<p class=\"wp-block-paragraph\"><strong>Yuki Takagi<\/strong><br>Kioto Universitato, Diplomi\u011dinta Lernejo de Leteroj, Doktora Programo, Aplikata Etiko-Scio<\/p>\n\n\n\n<p class=\"wp-block-paragraph\"><strong>Masatsugu Senchiiwa<\/strong><br>Universitato de Kitakyushu, Fakultato de Fremdlingvoj, Partatempa Preleganto, Apliko de Politika Scienca Scio<\/p>\n\n\n\n<p class=\"wp-block-paragraph\"><strong><a href=\"https:\/\/researchmap.jp\/Nagafumi_Nakamura\/?lang=japanese\" target=\"_blank\" rel=\"noreferrer noopener\">Nagafumi Nakamura<\/a><\/strong><br>Speciale Nomumita Lektoro, Instituto por Akcelo de Liberala Arto, Fakultato de Liberala Arto, La Universitato de Tokio;<\/p>\n\n\n\n<p class=\"wp-block-paragraph\"><strong>Kojiro Honda<\/strong><br>Kanazawa Medicina Universitato, Homaj Sciencoj, Lektoro, Apliko de Scio pri Aplikata Filozofio<\/p>\n\n\n\n<p class=\"wp-block-paragraph\"><strong>Koki Miyano<\/strong><br>Kyoto University, Centro por la Anta\u016denigo de Interfaka Eduko kaj Esplorado, Lektoro;<\/p>\n\n\n\n<p class=\"wp-block-paragraph\"><strong>Masahiro Morioka<\/strong><br>Waseda University, Fakultato de Homaj Sciencoj, Profesoro, Apliko de Scio pri Aplikata Filozofio<\/p>","protected":false},"excerpt":{"rendered":"<p>\u300a\u7a76\u6975\u306e\u9078\u629e\u300b\u7814\u7a76\u4f1a \u4eac\u90fd\u5927\u5b66 \u5b66\u969b\u878d\u5408\u6559\u80b2\u30bb\u30f3\u30bf\u30fc\u300a\u7a76\u6975\u306e\u9078\u629e\u300b\u7814\u7a76\u4f1a\uff08\u65e7 \u4eac\u90fd\u5927\u5b66\u300a\u7a76\u6975\u306e\u9078\u629e\u300b\u7814\u7a76\u30e9\u30a4\u30c8 [&hellip;]<\/p>\n","protected":false},"author":131104234,"featured_media":0,"parent":0,"menu_order":0,"comment_status":"closed","ping_status":"closed","template":"","meta":{"_crdt_document":"","advanced_seo_description":"","jetpack_seo_html_title":"","jetpack_seo_noindex":false,"footnotes":""},"class_list":["post-14","page","type-page","status-publish","hentry"],"jetpack_likes_enabled":true,"jetpack_sharing_enabled":true,"jetpack_shortlink":"https:\/\/wp.me\/PdK9kd-e","jetpack-related-posts":[],"amp_enabled":true,"_links":{"self":[{"href":"https:\/\/hardestchoice.org\/eo\/wp-json\/wp\/v2\/pages\/14","targetHints":{"allow":["GET"]}}],"collection":[{"href":"https:\/\/hardestchoice.org\/eo\/wp-json\/wp\/v2\/pages"}],"about":[{"href":"https:\/\/hardestchoice.org\/eo\/wp-json\/wp\/v2\/types\/page"}],"author":[{"embeddable":true,"href":"https:\/\/hardestchoice.org\/eo\/wp-json\/wp\/v2\/users\/131104234"}],"replies":[{"embeddable":true,"href":"https:\/\/hardestchoice.org\/eo\/wp-json\/wp\/v2\/comments?post=14"}],"version-history":[{"count":36,"href":"https:\/\/hardestchoice.org\/eo\/wp-json\/wp\/v2\/pages\/14\/revisions"}],"predecessor-version":[{"id":2469,"href":"https:\/\/hardestchoice.org\/eo\/wp-json\/wp\/v2\/pages\/14\/revisions\/2469"}],"wp:attachment":[{"href":"https:\/\/hardestchoice.org\/eo\/wp-json\/wp\/v2\/media?parent=14"}],"curies":[{"name":"wp","href":"https:\/\/api.w.org\/{rel}","templated":true}]}}