{"id":29,"date":"2022-03-02T12:17:16","date_gmt":"2022-03-02T03:17:16","guid":{"rendered":"https:\/\/hardestchoice.org\/?page_id=29"},"modified":"2022-10-07T20:43:23","modified_gmt":"2022-10-07T11:43:23","slug":"contactus","status":"publish","type":"page","link":"https:\/\/hardestchoice.org\/eo\/contactus\/","title":{"rendered":"Oftaj Demandoj \/ KONTAKTO"},"content":{"rendered":"<hr class=\"wp-block-separator has-alpha-channel-opacity is-style-wide\"\/>\n\n\n\n<div class=\"wp-block-group is-layout-flow wp-block-group-is-layout-flow\">\n<h2 class=\"wp-block-heading\">Oftaj Demandoj<\/h2>\n\n\n\n<h4 class=\"wp-block-heading\">Q: Ni nuntempe preparas.<\/h4>\n\n\n\n<p class=\"wp-block-paragraph\">A: Ni preparas respondon.<\/p>\n\n\n\n<div class=\"wp-block-columns is-layout-flex wp-container-core-columns-is-layout-1a9244c7 wp-block-columns-is-layout-flex\">\n<div class=\"wp-block-column is-layout-flow wp-block-column-is-layout-flow\" style=\"flex-basis:100%\">\n<hr class=\"wp-block-separator has-alpha-channel-opacity is-style-wide\"\/>\n<\/div>\n<\/div>\n\n\n\n<p class=\"wp-block-paragraph\"><\/p>\n\n\n\n<h3 class=\"wp-block-heading\">Pri la temo de &quot;Finfina Elekto&quot;<\/h3>\n\n\n\n<p class=\"wp-block-paragraph\">\u0108i tiu temo temigas aferojn, kiujn studentoj efektive alfrontos kaj alfrontos dum ili anta\u016denigas sian esploradon kaj praktikon. Demandoj kiuj estas konsiderataj kiel ekstreme malfacilaj en diversaj kampoj estas elektitaj kiel la ``finfina elekto.&#039;&#039;<br>Tamen, e\u0109 se la problemo estas konsiderata kiel problemo en la kampo, ekzistas iuj problemoj, kiuj ne devus esti kundividitaj kun la tuta socio. Aliflanke, estas anka\u016d aferoj, kiujn la socio devus kunhavigi kaj pri kiuj la socio devus profundigi sian komprenon. Krome, ene de la socio, estas homoj kiuj opinias ke \u011di estas problemo, kaj aliaj kiuj opinias ke \u011di ne estas problemo.<br>La respondoj de homoj povas multe varii depende de kiel vi demandas ilin. Ekzemple, kiam vi demandas pri la problemo pri rifu\u011dintoj, se vi anticipe emfazas la malfacila\u0135ojn de rifu\u011dintoj, vi pli ver\u015dajne savos ilin, sed se vi emfazos la malavanta\u011dojn, kiuj venas kun akcepto de rifu\u011dintoj, vi pli probable malakceptos ilin.<br>En \u0109i tiu pilota etapo, ni nuntempe ser\u0109as ta\u016dgan manieron demandi tiajn demandojn.<\/p>\n<\/div>\n\n\n\n<hr class=\"wp-block-separator has-alpha-channel-opacity is-style-wide\"\/>\n\n\n\n<h2 class=\"wp-block-heading\">Kontakt-informoj<\/h2>\n\n\n\n<p class=\"wp-block-paragraph\">Se vi \u015datus kontakti la esplorgrupon ``Pinfina Elekto&#039;&#039;, bonvolu kontakti nin per la suba formularo.<\/p>\n\n\n\n<p class=\"wp-block-paragraph\">Se vi havas opiniojn pri \u0109i tiu temo de ``Finfina Elekto&#039;&#039;, bonvolu noti ilin.<\/p>\n\n\n\n<p class=\"wp-block-paragraph\"><\/p>\n\n\n<div class=\"wp-block-jetpack-contact-form is-layout-flex wp-container-jetpack-contact-form-is-layout-2cb9499c wp-block-jetpack-contact-form-is-layout-flex\"><a href=\"https:\/\/hardestchoice.org\/eo\/contactus\/\" target=\"_blank\" rel=\"noopener noreferrer\">Submit a form.<\/a><\/div>\n\n\n<p class=\"wp-block-paragraph\"><\/p>\n\n\n\n<div style=\"height:100px\" aria-hidden=\"true\" class=\"wp-block-spacer\"><\/div>","protected":false},"excerpt":{"rendered":"<p>\u3088\u304f\u3042\u308b\u3054\u8cea\u554f Q: \u53ea\u4eca\u6e96\u5099\u4e2d\u3067\u3059\u3002 A: \u56de\u7b54\u3092\u6e96\u5099\u3057\u3066\u304a\u308a\u307e\u3059\u3002 \u300a\u7a76\u6975\u306e\u9078\u629e\u300b\u3068\u3044\u3046\u30c6\u30fc\u30de\u306b\u3064\u3044\u3066 \u3053 [&hellip;]<\/p>\n","protected":false},"author":136335720,"featured_media":0,"parent":0,"menu_order":0,"comment_status":"closed","ping_status":"closed","template":"","meta":{"_crdt_document":"","advanced_seo_description":"","jetpack_seo_html_title":"","jetpack_seo_noindex":false,"footnotes":""},"class_list":["post-29","page","type-page","status-publish","hentry"],"jetpack_likes_enabled":true,"jetpack_sharing_enabled":true,"jetpack_shortlink":"https:\/\/wp.me\/PdK9kd-t","jetpack-related-posts":[],"amp_enabled":true,"_links":{"self":[{"href":"https:\/\/hardestchoice.org\/eo\/wp-json\/wp\/v2\/pages\/29","targetHints":{"allow":["GET"]}}],"collection":[{"href":"https:\/\/hardestchoice.org\/eo\/wp-json\/wp\/v2\/pages"}],"about":[{"href":"https:\/\/hardestchoice.org\/eo\/wp-json\/wp\/v2\/types\/page"}],"author":[{"embeddable":true,"href":"https:\/\/hardestchoice.org\/eo\/wp-json\/wp\/v2\/users\/136335720"}],"replies":[{"embeddable":true,"href":"https:\/\/hardestchoice.org\/eo\/wp-json\/wp\/v2\/comments?post=29"}],"version-history":[{"count":34,"href":"https:\/\/hardestchoice.org\/eo\/wp-json\/wp\/v2\/pages\/29\/revisions"}],"predecessor-version":[{"id":1755,"href":"https:\/\/hardestchoice.org\/eo\/wp-json\/wp\/v2\/pages\/29\/revisions\/1755"}],"wp:attachment":[{"href":"https:\/\/hardestchoice.org\/eo\/wp-json\/wp\/v2\/media?parent=29"}],"curies":[{"name":"wp","href":"https:\/\/api.w.org\/{rel}","templated":true}]}}