{"id":14,"date":"2022-03-02T12:01:05","date_gmt":"2022-03-02T03:01:05","guid":{"rendered":"https:\/\/hardestchoice.org\/?page_id=14"},"modified":"2024-06-05T13:21:07","modified_gmt":"2024-06-05T04:21:07","slug":"aboutus","status":"publish","type":"page","link":"https:\/\/hardestchoice.org\/es\/aboutus\/","title":{"rendered":"SOBRE"},"content":{"rendered":"<div class=\"wp-block-group alignfull is-layout-constrained wp-block-group-is-layout-constrained\">\n<h2 class=\"wp-block-heading\">&lt;&lt; \u00daltima elecci\u00f3n &gt;&gt; Grupo de estudio<\/h2>\n\n\n\n<p class=\"wp-block-paragraph\">Este es el sitio web del Grupo de estudio &quot;La elecci\u00f3n definitiva&quot; del Centro de educaci\u00f3n interdisciplinaria de la Universidad de Kioto (antigua Unidad de investigaci\u00f3n &quot;La elecci\u00f3n definitiva&quot; de la Universidad de Kioto).<\/p>\n\n\n\n<p class=\"wp-block-paragraph\">Nuestra investigaci\u00f3n no tiene sue\u00f1os, esperanzas ni premios Nobel. Adem\u00e1s, puede sentir que necesita pensar en tal crueldad. Esto se debe a que la investigaci\u00f3n sobre la \u00daltima Elecci\u00f3n es un estudio sobre qu\u00e9 y a qui\u00e9n sacrificar.<\/p>\n\n\n\n<p class=\"wp-block-paragraph\">Pero se necesita investigaci\u00f3n. Porque si no prepara una respuesta para Ultimate Choice, terminar\u00e1 en una situaci\u00f3n peor.<\/p>\n\n\n\n<p class=\"wp-block-paragraph\">Por ejemplo, &quot;\u00bfa qui\u00e9n se debe priorizar la vacunaci\u00f3n cuando hay escasez de vacunas durante una pandemia con una alta tasa de mortalidad?&quot; y &quot;a qui\u00e9n se debe priorizar el rescate cuando se rescata a personas de un desastre a gran escala&quot;. &#039; La elecci\u00f3n de un sacrificio como este no es algo que pueda responderse en ese momento.<\/p>\n\n\n\n<p class=\"wp-block-paragraph\">Si esta cuesti\u00f3n del sacrificio no se responde, es probable que haya una preferencia por orden de llegada, una preferencia por los que est\u00e1n en el poder y los ricos, o una evitaci\u00f3n de la elecci\u00f3n donde todos son sacrificados. la mayor\u00eda de la gente no quiere.<\/p>\n\n\n\n<p class=\"wp-block-paragraph\">Seguir mirando hacia otro lado no cambia el terrible final.<\/p>\n\n\n\n<p class=\"wp-block-paragraph\">Adem\u00e1s, en relaci\u00f3n con esta pregunta, algunas personas pueden asociar el triaje, por ejemplo. Sin embargo, lo que sucedi\u00f3 con el Gran Terremoto del Este de Jap\u00f3n fue una situaci\u00f3n de emergencia en la que incluso si el &quot;tratamiento de m\u00e1xima prioridad&quot; estaba etiquetado en el triaje, hab\u00eda demasiados y era necesaria una selecci\u00f3n adicional. Cuanto mayor es la escala de los desastres y problemas, m\u00e1s dif\u00edcil se vuelve tratar con los sistemas convencionales, y la &quot;elecci\u00f3n final&quot; ocurre en todas partes.<\/p>\n\n\n\n<p class=\"wp-block-paragraph\">En preparaci\u00f3n para el surgimiento de tal &quot;elecci\u00f3n final&quot;, creemos que es necesario tener un mecanismo que permita una discusi\u00f3n y selecci\u00f3n cuidadosas a lo largo del tiempo para producir respuestas que sean convincentes para la mayor cantidad de personas posible.<\/p>\n\n\n\n<p class=\"wp-block-paragraph\">Por lo tanto, estamos investigando el problema de la elecci\u00f3n en situaciones extremas y explorando mejores medidas bajo el t\u00edtulo de &quot;Ultimate Choice&quot;.<\/p>\n\n\n\n<p class=\"wp-block-paragraph\">\u00bfTe gustar\u00eda pensar juntos en &quot;La elecci\u00f3n definitiva&quot;?<\/p>\n\n\n\n<p class=\"wp-block-paragraph\">(En el futuro, me gustar\u00eda apuntar a un sistema que apoye la toma de decisiones global, como aceptar propuestas de los votantes, proporcionar un foro para la deliberaci\u00f3n y preparar versiones en cada idioma, pero es un largo camino).<\/p>\n\n\n\n<figure class=\"wp-block-image size-full\"><a href=\"https:\/\/i0.wp.com\/hardestchoice.org\/wp-content\/uploads\/2022\/04\/figure-hardestchoice.png?ssl=1\"><img loading=\"lazy\" decoding=\"async\" width=\"1280\" height=\"957\" data-attachment-id=\"79\" data-permalink=\"https:\/\/hardestchoice.org\/es\/aboutus\/figure-hardestchoice\/\" data-orig-file=\"https:\/\/i0.wp.com\/hardestchoice.org\/wp-content\/uploads\/2022\/04\/figure-hardestchoice.png?fit=1280%2C957&amp;ssl=1\" data-orig-size=\"1280,957\" data-comments-opened=\"0\" data-image-meta=\"{&quot;aperture&quot;:&quot;0&quot;,&quot;credit&quot;:&quot;&quot;,&quot;camera&quot;:&quot;&quot;,&quot;caption&quot;:&quot;&quot;,&quot;created_timestamp&quot;:&quot;0&quot;,&quot;copyright&quot;:&quot;&quot;,&quot;focal_length&quot;:&quot;0&quot;,&quot;iso&quot;:&quot;0&quot;,&quot;shutter_speed&quot;:&quot;0&quot;,&quot;title&quot;:&quot;&quot;,&quot;orientation&quot;:&quot;0&quot;}\" data-image-title=\"figure-hardestchoice\" data-image-description=\"\" data-image-caption=\"\" data-large-file=\"https:\/\/i0.wp.com\/hardestchoice.org\/wp-content\/uploads\/2022\/04\/figure-hardestchoice.png?fit=1024%2C766&amp;ssl=1\" src=\"https:\/\/i0.wp.com\/hardestchoice.org\/wp-content\/uploads\/2022\/04\/figure-hardestchoice.png?fit=1280%2C957&amp;ssl=1\" alt=\"\" class=\"wp-image-79\" srcset=\"https:\/\/i0.wp.com\/hardestchoice.org\/wp-content\/uploads\/2022\/04\/figure-hardestchoice.png?w=1280&amp;ssl=1 1280w, https:\/\/i0.wp.com\/hardestchoice.org\/wp-content\/uploads\/2022\/04\/figure-hardestchoice.png?resize=300%2C224&amp;ssl=1 300w, https:\/\/i0.wp.com\/hardestchoice.org\/wp-content\/uploads\/2022\/04\/figure-hardestchoice.png?resize=1024%2C766&amp;ssl=1 1024w, https:\/\/i0.wp.com\/hardestchoice.org\/wp-content\/uploads\/2022\/04\/figure-hardestchoice.png?resize=768%2C574&amp;ssl=1 768w, https:\/\/i0.wp.com\/hardestchoice.org\/wp-content\/uploads\/2022\/04\/figure-hardestchoice.png?resize=16%2C12&amp;ssl=1 16w, https:\/\/i0.wp.com\/hardestchoice.org\/wp-content\/uploads\/2022\/04\/figure-hardestchoice.png?resize=400%2C300&amp;ssl=1 400w, https:\/\/i0.wp.com\/hardestchoice.org\/wp-content\/uploads\/2022\/04\/figure-hardestchoice.png?resize=200%2C150&amp;ssl=1 200w, https:\/\/i0.wp.com\/hardestchoice.org\/wp-content\/uploads\/2022\/04\/figure-hardestchoice.png?resize=1200%2C897&amp;ssl=1 1200w\" sizes=\"auto, (max-width: 1000px) 100vw, 1000px\" \/><\/a><\/figure>\n<\/div>\n\n\n\n<hr class=\"wp-block-separator has-alpha-channel-opacity is-style-wide\"\/>\n\n\n\n<h2 class=\"wp-block-heading\">Beca de investigaci\u00f3n<\/h2>\n\n\n\n<p class=\"wp-block-paragraph\">&quot;<em>Requisitos para que la IA tome decisiones sociales<\/em>- buena calidad<em>conjunto de datos<\/em>y deseable<em>Producci\u00f3n<\/em>investigaci\u00f3n\u201d (n\u00famero de problema<a href=\"https:\/\/toyotafound.secure.force.com\/psearch\/JoseiDetail?name=D19-ST-0019\">D19-ST-0019<\/a>, Representante: Hirotsugu Ohba) (Edici\u00f3n especial de la Fundaci\u00f3n Toyota 2019 &quot;Nueva sociedad humana cocreada con tecnolog\u00eda avanzada&quot;)<\/p>\n\n\n\n<p class=\"wp-block-paragraph\"><a href=\"https:\/\/toyotafound.secure.force.com\/psearch\/JoseiDetail?name=D19-ST-0019\">https:\/\/toyotafound.secure.force.com\/psearch\/JoseiDetail?name=D19-ST-0019<\/a><\/p>\n\n\n\n<hr class=\"wp-block-separator has-alpha-channel-opacity is-style-wide\"\/>\n\n\n\n<h2 class=\"wp-block-heading\">miembro investigador<\/h2>\n\n\n\n<p class=\"wp-block-paragraph\"><\/p>\n\n\n\n<p class=\"wp-block-paragraph\"><strong>yuko ichii<\/strong><br>Universidad de Tokio, Instituto Kavli de F\u00edsica y Matem\u00e1ticas del Universo, Investigador especialmente designado, Aplicaci\u00f3n del conocimiento de la teor\u00eda de la comunicaci\u00f3n cient\u00edfica<\/p>\n\n\n\n<p class=\"wp-block-paragraph\"><strong>Makoto Ozono<\/strong><br>Investigador Adjunto, Instituto de Investigaci\u00f3n de Humanidades, Universidad Doshisha, Aplicaci\u00f3n del Conocimiento de Ciencias Pol\u00edticas<\/p>\n\n\n\n<p class=\"wp-block-paragraph\"><strong><a href=\"https:\/\/researchmap.jp\/overhiro\/\" data-type=\"URL\" data-id=\"https:\/\/researchmap.jp\/overhiro\/\" target=\"_blank\" rel=\"noreferrer noopener\">Hirotsugu Ohba<\/a><\/strong><br>Universidad de Rikkyo, Escuela de Graduados en Ciencias de la Inteligencia Artificial, Profesor especialmente designado, Representante, Responsable general<\/p>\n\n\n\n<p class=\"wp-block-paragraph\"><strong>Shimpei Okamoto<\/strong><br>Universidad de Hiroshima, Escuela de Graduados en Letras, Profesor Asistente, Aplicaci\u00f3n del Conocimiento de la Filosof\u00eda Aplicada<\/p>\n\n\n\n<p class=\"wp-block-paragraph\"><strong>masafumi kasagi<\/strong><br>Profesor Asociado Especialmente Designado, Instituto de Artes y Ciencias Liberales, Universidad de Nagoya;<\/p>\n\n\n\n<p class=\"wp-block-paragraph\"><strong>Noiru Kikuchi<\/strong><br>Instituto Nacional de Posgrado en Estudios de Pol\u00edticas, Centro de Investigaci\u00f3n de Pol\u00edticas para la Ciencia, la Tecnolog\u00eda y la Innovaci\u00f3n, Especialista, Aplicaci\u00f3n del conocimiento de la teor\u00eda de la comunicaci\u00f3n cient\u00edfica<\/p>\n\n\n\n<p class=\"wp-block-paragraph\"><strong>harushi tamazawa<\/strong><br>Universidad de Kyoto, Escuela de Graduados en Letras, Investigador, Director Ejecutivo Adjunto, Aplicaci\u00f3n del Conocimiento en Ciencias Espaciales<\/p>\n\n\n\n<p class=\"wp-block-paragraph\"><strong>satoshi kawamura<\/strong><br>Escuela de Posgrado en Ciencias, Observatorio Astron\u00f3mico, Universidad de Kioto, Curso de doctorado, Aplicaci\u00f3n del conocimiento de la ciencia espacial<\/p>\n\n\n\n<p class=\"wp-block-paragraph\"><strong>Shiro Komatsu<\/strong><br>Universidad de Yamanashi, Facultad de Ciencias Ambientales y de la Vida, Profesor Asociado, Aplicaci\u00f3n del Conocimiento en Ciencias de la Vida y Ciencias Pol\u00edticas<\/p>\n\n\n\n<p class=\"wp-block-paragraph\"><strong>keiko sato<\/strong><br>Profesor Asociado Especialmente Designado, Departamento de Gesti\u00f3n de Seguridad M\u00e9dica, Hospital Universitario de Kyoto, Aplicaci\u00f3n del Conocimiento de Ciencias de la Vida<\/p>\n\n\n\n<p class=\"wp-block-paragraph\"><strong>mika suzuki<\/strong><br>Instituto de Investigaci\u00f3n de C\u00e9lulas iPS de la Universidad de Kyoto Investigador Especial de la Divisi\u00f3n de Investigaci\u00f3n de \u00c9tica de Uehiro Aplicaci\u00f3n del conocimiento bio\u00e9tico<\/p>\n\n\n\n<p class=\"wp-block-paragraph\"><strong>yuki takagi<\/strong><br>Universidad de Kyoto, Escuela de Graduados en Letras, Programa de Doctorado, Conocimiento de \u00c9tica Aplicada<\/p>\n\n\n\n<p class=\"wp-block-paragraph\"><strong>Masatsugu Senchiiwa<\/strong><br>Universidad de Kitakyushu, Facultad de Idiomas Extranjeros, Profesor a tiempo parcial, Aplicaci\u00f3n del conocimiento de Ciencias Pol\u00edticas<\/p>\n\n\n\n<p class=\"wp-block-paragraph\"><strong><a href=\"https:\/\/researchmap.jp\/Nagafumi_Nakamura\/?lang=japanese\" target=\"_blank\" rel=\"noreferrer noopener\">nagashi nakamura<\/a><\/strong><br>Profesor asistente especialmente designado, Instituto para el Avance de las Artes Liberales, Facultad de Artes Liberales, Universidad de Tokio;<\/p>\n\n\n\n<p class=\"wp-block-paragraph\"><strong>kojiro honda<\/strong><br>Universidad M\u00e9dica de Kanazawa, Ciencias Humanas, Profesor Asociado, Aplicaci\u00f3n del Conocimiento de la Filosof\u00eda Aplicada<\/p>\n\n\n\n<p class=\"wp-block-paragraph\"><strong>koki miyano<\/strong><br>Universidad de Kyoto, Centro para la Promoci\u00f3n de la Educaci\u00f3n e Investigaci\u00f3n Interdisciplinaria, Profesor Asociado;<\/p>\n\n\n\n<p class=\"wp-block-paragraph\"><strong>Masahiro Morioka<\/strong><br>Universidad de Waseda, Facultad de Ciencias Human\u00edsticas, Profesor, Aplicaci\u00f3n del conocimiento de Filosof\u00eda Aplicada<\/p>","protected":false},"excerpt":{"rendered":"<p>\u300a\u7a76\u6975\u306e\u9078\u629e\u300b\u7814\u7a76\u4f1a \u4eac\u90fd\u5927\u5b66 \u5b66\u969b\u878d\u5408\u6559\u80b2\u30bb\u30f3\u30bf\u30fc\u300a\u7a76\u6975\u306e\u9078\u629e\u300b\u7814\u7a76\u4f1a\uff08\u65e7 \u4eac\u90fd\u5927\u5b66\u300a\u7a76\u6975\u306e\u9078\u629e\u300b\u7814\u7a76\u30e9\u30a4\u30c8 [&hellip;]<\/p>\n","protected":false},"author":131104234,"featured_media":0,"parent":0,"menu_order":0,"comment_status":"closed","ping_status":"closed","template":"","meta":{"_crdt_document":"","advanced_seo_description":"","jetpack_seo_html_title":"","jetpack_seo_noindex":false,"footnotes":""},"class_list":["post-14","page","type-page","status-publish","hentry"],"jetpack_likes_enabled":true,"jetpack_sharing_enabled":true,"jetpack_shortlink":"https:\/\/wp.me\/PdK9kd-e","jetpack-related-posts":[],"amp_enabled":true,"_links":{"self":[{"href":"https:\/\/hardestchoice.org\/es\/wp-json\/wp\/v2\/pages\/14","targetHints":{"allow":["GET"]}}],"collection":[{"href":"https:\/\/hardestchoice.org\/es\/wp-json\/wp\/v2\/pages"}],"about":[{"href":"https:\/\/hardestchoice.org\/es\/wp-json\/wp\/v2\/types\/page"}],"author":[{"embeddable":true,"href":"https:\/\/hardestchoice.org\/es\/wp-json\/wp\/v2\/users\/131104234"}],"replies":[{"embeddable":true,"href":"https:\/\/hardestchoice.org\/es\/wp-json\/wp\/v2\/comments?post=14"}],"version-history":[{"count":36,"href":"https:\/\/hardestchoice.org\/es\/wp-json\/wp\/v2\/pages\/14\/revisions"}],"predecessor-version":[{"id":2469,"href":"https:\/\/hardestchoice.org\/es\/wp-json\/wp\/v2\/pages\/14\/revisions\/2469"}],"wp:attachment":[{"href":"https:\/\/hardestchoice.org\/es\/wp-json\/wp\/v2\/media?parent=14"}],"curies":[{"name":"wp","href":"https:\/\/api.w.org\/{rel}","templated":true}]}}