{"id":14,"date":"2022-03-02T12:01:05","date_gmt":"2022-03-02T03:01:05","guid":{"rendered":"https:\/\/hardestchoice.org\/?page_id=14"},"modified":"2024-06-05T13:21:07","modified_gmt":"2024-06-05T04:21:07","slug":"aboutus","status":"publish","type":"page","link":"https:\/\/hardestchoice.org\/et\/aboutus\/","title":{"rendered":"KOHTA"},"content":{"rendered":"<div class=\"wp-block-group alignfull is-layout-constrained wp-block-group-is-layout-constrained\">\n<h2 class=\"wp-block-heading\">&lt;&lt; \u00dclim valik &gt;&gt; \u00d5pper\u00fchm<\/h2>\n\n\n\n<p class=\"wp-block-paragraph\">See on Kyoto \u00fclikooli interdistsiplinaarse hariduse keskuse &quot;The Ultimate Choice&quot; uuringur\u00fchma (endine Kyoto \u00fclikooli &quot;The Ultimate Choice&quot; uurimisvalgustus\u00fcksus) veebisait.<\/p>\n\n\n\n<p class=\"wp-block-paragraph\">Meie uurimist\u00f6\u00f6l pole unistusi, lootusi ega Nobeli preemiaid. Lisaks v\u00f5ite tunda, et peate sellise julmuse peale m\u00f5tlema. Seda seet\u00f5ttu, et Ultimate Choice&#039;i uurimine on uurimus, mis kaalub, mida ja keda ohverdada.<\/p>\n\n\n\n<p class=\"wp-block-paragraph\">Kuid uuringuid on vaja. Sest kui te Ultimate Choice&#039;i jaoks vastust ei valmista, j\u00f5uate hullemasse olukorda.<\/p>\n\n\n\n<p class=\"wp-block-paragraph\">N\u00e4iteks ``keda tuleks eelistada vaktsineerimisel, kui suure suremusm\u00e4\u00e4raga pandeemia ajal vaktsiine napib?&#039;&#039; ja ``Keda tuleks eelistada p\u00e4\u00e4stmisel, kui inimesi p\u00e4\u00e4stetakse ulatuslikust katastroofist. &#039; Niisugusele ohvrivalikule ei saa sel ajal kohapeal vastust anda.<\/p>\n\n\n\n<p class=\"wp-block-paragraph\">Kui see ohverdamisk\u00fcsimus j\u00e4\u00e4b vastuseta, on t\u00f5en\u00e4oline, et p\u00f5him\u00f5ttel \u201ekes ees, see mees\u201d, eelistatakse v\u00f5imulolijaid ja j\u00f5ukaid v\u00f5i v\u00e4lditakse valikut, kus k\u00f5ik ohverdatakse. enamik inimesi ei taha.<\/p>\n\n\n\n<p class=\"wp-block-paragraph\">Vaatamise j\u00e4tkamine mujale ei muuda kohutavat l\u00f5ppu.<\/p>\n\n\n\n<p class=\"wp-block-paragraph\">Samuti v\u00f5ivad m\u00f5ned inimesed seostada selle k\u00fcsimusega n\u00e4iteks triaa\u017ei. Suure Ida-Jaapani maav\u00e4rinaga juhtunu oli aga h\u00e4daolukord, kus isegi kui triaa\u017eis m\u00e4rgiti &quot;k\u00f5rgema prioriteediga ravi&quot;, oli neid liiga palju ja vajalik oli edasine valik. Mida suurem on katastroofide ja probleemide ulatus, seda keerulisem on tavap\u00e4raste s\u00fcsteemidega toime tulla ja &quot;l\u00f5plik valik&quot; on k\u00f5ikjal.<\/p>\n\n\n\n<p class=\"wp-block-paragraph\">Sellise \u201cl\u00f5pliku valiku\u201d tekkimist ette valmistades usume, et vaja on mehhanismi, mis v\u00f5imaldab aja jooksul hoolikat arutelu ja valikut, et anda v\u00f5imalikult paljusid veenvaid vastuseid.<\/p>\n\n\n\n<p class=\"wp-block-paragraph\">Seet\u00f5ttu uurime valikuprobleemi \u00e4\u00e4rmuslikes olukordades ja uurime paremaid meetmeid pealkirja all &quot;Ultimate Choice&quot;.<\/p>\n\n\n\n<p class=\"wp-block-paragraph\">Kas soovite koos m\u00f5elda &quot;The Ultimate Choice&quot; peale?<\/p>\n\n\n\n<p class=\"wp-block-paragraph\">(Tulevikus tahaksin seada eesm\u00e4rgiks s\u00fcsteemi, mis toetab globaalset otsustamist, n\u00e4iteks valijate ettepanekute vastuv\u00f5tmist, arutelufoorumi pakkumist ja versioonide koostamist igas keeles, kuid see on veel kaugel.)<\/p>\n\n\n\n<figure class=\"wp-block-image size-full\"><a href=\"https:\/\/i0.wp.com\/hardestchoice.org\/wp-content\/uploads\/2022\/04\/figure-hardestchoice.png?ssl=1\"><img loading=\"lazy\" decoding=\"async\" width=\"1280\" height=\"957\" data-attachment-id=\"79\" data-permalink=\"https:\/\/hardestchoice.org\/et\/aboutus\/figure-hardestchoice\/\" data-orig-file=\"https:\/\/i0.wp.com\/hardestchoice.org\/wp-content\/uploads\/2022\/04\/figure-hardestchoice.png?fit=1280%2C957&amp;ssl=1\" data-orig-size=\"1280,957\" data-comments-opened=\"0\" data-image-meta=\"{&quot;aperture&quot;:&quot;0&quot;,&quot;credit&quot;:&quot;&quot;,&quot;camera&quot;:&quot;&quot;,&quot;caption&quot;:&quot;&quot;,&quot;created_timestamp&quot;:&quot;0&quot;,&quot;copyright&quot;:&quot;&quot;,&quot;focal_length&quot;:&quot;0&quot;,&quot;iso&quot;:&quot;0&quot;,&quot;shutter_speed&quot;:&quot;0&quot;,&quot;title&quot;:&quot;&quot;,&quot;orientation&quot;:&quot;0&quot;}\" data-image-title=\"figure-hardestchoice\" data-image-description=\"\" data-image-caption=\"\" data-large-file=\"https:\/\/i0.wp.com\/hardestchoice.org\/wp-content\/uploads\/2022\/04\/figure-hardestchoice.png?fit=1024%2C766&amp;ssl=1\" src=\"https:\/\/i0.wp.com\/hardestchoice.org\/wp-content\/uploads\/2022\/04\/figure-hardestchoice.png?fit=1280%2C957&amp;ssl=1\" alt=\"\" class=\"wp-image-79\" srcset=\"https:\/\/i0.wp.com\/hardestchoice.org\/wp-content\/uploads\/2022\/04\/figure-hardestchoice.png?w=1280&amp;ssl=1 1280w, https:\/\/i0.wp.com\/hardestchoice.org\/wp-content\/uploads\/2022\/04\/figure-hardestchoice.png?resize=300%2C224&amp;ssl=1 300w, https:\/\/i0.wp.com\/hardestchoice.org\/wp-content\/uploads\/2022\/04\/figure-hardestchoice.png?resize=1024%2C766&amp;ssl=1 1024w, https:\/\/i0.wp.com\/hardestchoice.org\/wp-content\/uploads\/2022\/04\/figure-hardestchoice.png?resize=768%2C574&amp;ssl=1 768w, https:\/\/i0.wp.com\/hardestchoice.org\/wp-content\/uploads\/2022\/04\/figure-hardestchoice.png?resize=16%2C12&amp;ssl=1 16w, https:\/\/i0.wp.com\/hardestchoice.org\/wp-content\/uploads\/2022\/04\/figure-hardestchoice.png?resize=400%2C300&amp;ssl=1 400w, https:\/\/i0.wp.com\/hardestchoice.org\/wp-content\/uploads\/2022\/04\/figure-hardestchoice.png?resize=200%2C150&amp;ssl=1 200w, https:\/\/i0.wp.com\/hardestchoice.org\/wp-content\/uploads\/2022\/04\/figure-hardestchoice.png?resize=1200%2C897&amp;ssl=1 1200w\" sizes=\"auto, (max-width: 1000px) 100vw, 1000px\" \/><\/a><\/figure>\n<\/div>\n\n\n\n<hr class=\"wp-block-separator has-alpha-channel-opacity is-style-wide\"\/>\n\n\n\n<h2 class=\"wp-block-heading\">Uurimistoetus<\/h2>\n\n\n\n<p class=\"wp-block-paragraph\">&quot;<em>N\u00f5uded tehisintellektile sotsiaalsete otsuste tegemiseks<\/em>- hea kvaliteet<em>andmekogum<\/em>ja soovitav<em>V\u00e4ljund<\/em>uurimine\u201d (probleemi number<a href=\"https:\/\/toyotafound.secure.force.com\/psearch\/JoseiDetail?name=D19-ST-0019\">D19-ST-0019<\/a>, esindaja: Hirotsugu Ohba) (Toyota Foundationi 2019. aasta erinumber &quot;Uus inim\u00fchiskond, mis loodi koos t\u00e4iustatud tehnoloogiaga&quot;)<\/p>\n\n\n\n<p class=\"wp-block-paragraph\"><a href=\"https:\/\/toyotafound.secure.force.com\/psearch\/JoseiDetail?name=D19-ST-0019\">https:\/\/toyotafound.secure.force.com\/psearch\/JoseiDetail?name=D19-ST-0019<\/a><\/p>\n\n\n\n<hr class=\"wp-block-separator has-alpha-channel-opacity is-style-wide\"\/>\n\n\n\n<h2 class=\"wp-block-heading\">Uurija liige<\/h2>\n\n\n\n<p class=\"wp-block-paragraph\"><\/p>\n\n\n\n<p class=\"wp-block-paragraph\"><strong>Yuko Ichii<\/strong><br>Tokyo \u00fclikool, Kavli universumi f\u00fc\u00fcsika ja matemaatika instituut, spetsiaalselt m\u00e4\u00e4ratud teadur, teaduslike kommunikatsiooniteooria teadmiste rakendamine<\/p>\n\n\n\n<p class=\"wp-block-paragraph\"><strong>Makoto Ozono<\/strong><br>Doshisha \u00fclikooli humanitaarteaduste uurimisinstituudi abiteadur, politoloogiateadmiste rakendamine<\/p>\n\n\n\n<p class=\"wp-block-paragraph\"><strong><a href=\"https:\/\/researchmap.jp\/overhiro\/\" data-type=\"URL\" data-id=\"https:\/\/researchmap.jp\/overhiro\/\" target=\"_blank\" rel=\"noreferrer noopener\">Hirotsugu Ohba<\/a><\/strong><br>Rikkyo \u00fclikool, tehisintellekti teaduse magistrikool, spetsiaalselt m\u00e4\u00e4ratud professor, esindaja, \u00fcldvastutav<\/p>\n\n\n\n<p class=\"wp-block-paragraph\"><strong>Shimpei Okamoto<\/strong><br>Hiroshima \u00dclikool, Kirjanduskool, abiprofessor, rakendusfilosoofia teadmiste rakendamine<\/p>\n\n\n\n<p class=\"wp-block-paragraph\"><strong>Masafumi Kasagi<\/strong><br>Nagoya \u00fclikooli vabade kunstide ja teaduste instituudi spetsiaalselt m\u00e4\u00e4ratud dotsent;<\/p>\n\n\n\n<p class=\"wp-block-paragraph\"><strong>Noiru Kikuchi<\/strong><br>Riiklik poliitikauuringute instituut, teaduse, tehnoloogia ja innovatsiooni poliitikauuringute keskus, teaduskommunikatsiooni teadmiste rakendamise spetsialist<\/p>\n\n\n\n<p class=\"wp-block-paragraph\"><strong>Harushi Tamazawa<\/strong><br>Kyoto \u00fclikool, kirjak\u00f5rgkool, teadur, tegevjuhi aset\u00e4itja, teadmiste rakendamine kosmoseteaduses<\/p>\n\n\n\n<p class=\"wp-block-paragraph\"><strong>Satoshi Kawamura<\/strong><br>Graduate School of Sciences, Astronoomia Observatoorium, Kyoto \u00dclikool, Doktorikursus, Kosmoseteaduse teadmiste rakendamine<\/p>\n\n\n\n<p class=\"wp-block-paragraph\"><strong>Shiro Komatsu<\/strong><br>Yamanashi \u00dclikool, bio- ja keskkonnateaduste teaduskond, dotsent, teadmiste rakendamine bio- ja politoloogias<\/p>\n\n\n\n<p class=\"wp-block-paragraph\"><strong>Keiko Sato<\/strong><br>Spetsiaalselt m\u00e4\u00e4ratud dotsent, Kyoto \u00fclikooli haigla meditsiinilise ohutuse juhtimise osakond, bioteaduste teadmiste rakendamine<\/p>\n\n\n\n<p class=\"wp-block-paragraph\"><strong>Mika Suzuki<\/strong><br>Kyoto \u00fclikooli iPS rakuuuringute instituut Uehiro eetikauuringute osakond eriteadur Bioeetika teadmiste rakendamine<\/p>\n\n\n\n<p class=\"wp-block-paragraph\"><strong>Yuki Takagi<\/strong><br>Kyoto \u00fclikool, Graduate School of Letters, doktoriprogramm, rakenduseetika teadmised<\/p>\n\n\n\n<p class=\"wp-block-paragraph\"><strong>Masatsugu Senchiiwa<\/strong><br>Kitakyushu \u00fclikool, v\u00f5\u00f5rkeelte teaduskond, osakoormusega lektor, riigiteaduste teadmiste rakendamine<\/p>\n\n\n\n<p class=\"wp-block-paragraph\"><strong><a href=\"https:\/\/researchmap.jp\/Nagafumi_Nakamura\/?lang=japanese\" target=\"_blank\" rel=\"noreferrer noopener\">Nagafumi Nakamura<\/a><\/strong><br>Tokyo \u00fclikooli vabade kunstide teaduskonna vabade kunstide arendamise instituudi spetsiaalselt m\u00e4\u00e4ratud abiprofessor;<\/p>\n\n\n\n<p class=\"wp-block-paragraph\"><strong>Kojiro Honda<\/strong><br>Kanazawa meditsiini\u00fclikool, humanitaarteadused, dotsent, rakendusfilosoofia teadmiste rakendamine<\/p>\n\n\n\n<p class=\"wp-block-paragraph\"><strong>Koki Miyano<\/strong><br>Kyoto \u00fclikool, interdistsiplinaarse hariduse ja teadust\u00f6\u00f6 edendamise keskus, dotsent;<\/p>\n\n\n\n<p class=\"wp-block-paragraph\"><strong>Masahiro Morioka<\/strong><br>Waseda \u00fclikool, humanitaarteaduste teaduskond, rakendusfilosoofia teadmiste rakendamise professor<\/p>","protected":false},"excerpt":{"rendered":"<p>\u300a\u7a76\u6975\u306e\u9078\u629e\u300b\u7814\u7a76\u4f1a \u4eac\u90fd\u5927\u5b66 \u5b66\u969b\u878d\u5408\u6559\u80b2\u30bb\u30f3\u30bf\u30fc\u300a\u7a76\u6975\u306e\u9078\u629e\u300b\u7814\u7a76\u4f1a\uff08\u65e7 \u4eac\u90fd\u5927\u5b66\u300a\u7a76\u6975\u306e\u9078\u629e\u300b\u7814\u7a76\u30e9\u30a4\u30c8 [&hellip;]<\/p>\n","protected":false},"author":131104234,"featured_media":0,"parent":0,"menu_order":0,"comment_status":"closed","ping_status":"closed","template":"","meta":{"_crdt_document":"","advanced_seo_description":"","jetpack_seo_html_title":"","jetpack_seo_noindex":false,"footnotes":""},"class_list":["post-14","page","type-page","status-publish","hentry"],"jetpack_likes_enabled":true,"jetpack_sharing_enabled":true,"jetpack_shortlink":"https:\/\/wp.me\/PdK9kd-e","jetpack-related-posts":[],"amp_enabled":true,"_links":{"self":[{"href":"https:\/\/hardestchoice.org\/et\/wp-json\/wp\/v2\/pages\/14","targetHints":{"allow":["GET"]}}],"collection":[{"href":"https:\/\/hardestchoice.org\/et\/wp-json\/wp\/v2\/pages"}],"about":[{"href":"https:\/\/hardestchoice.org\/et\/wp-json\/wp\/v2\/types\/page"}],"author":[{"embeddable":true,"href":"https:\/\/hardestchoice.org\/et\/wp-json\/wp\/v2\/users\/131104234"}],"replies":[{"embeddable":true,"href":"https:\/\/hardestchoice.org\/et\/wp-json\/wp\/v2\/comments?post=14"}],"version-history":[{"count":36,"href":"https:\/\/hardestchoice.org\/et\/wp-json\/wp\/v2\/pages\/14\/revisions"}],"predecessor-version":[{"id":2469,"href":"https:\/\/hardestchoice.org\/et\/wp-json\/wp\/v2\/pages\/14\/revisions\/2469"}],"wp:attachment":[{"href":"https:\/\/hardestchoice.org\/et\/wp-json\/wp\/v2\/media?parent=14"}],"curies":[{"name":"wp","href":"https:\/\/api.w.org\/{rel}","templated":true}]}}