{"id":29,"date":"2022-03-02T12:17:16","date_gmt":"2022-03-02T03:17:16","guid":{"rendered":"https:\/\/hardestchoice.org\/?page_id=29"},"modified":"2022-10-07T20:43:23","modified_gmt":"2022-10-07T11:43:23","slug":"contactus","status":"publish","type":"page","link":"https:\/\/hardestchoice.org\/et\/contactus\/","title":{"rendered":"KKK \/ KONTAKT"},"content":{"rendered":"<hr class=\"wp-block-separator has-alpha-channel-opacity is-style-wide\"\/>\n\n\n\n<div class=\"wp-block-group is-layout-flow wp-block-group-is-layout-flow\">\n<h2 class=\"wp-block-heading\">KKK<\/h2>\n\n\n\n<h4 class=\"wp-block-heading\">K: Praegu valmistume.<\/h4>\n\n\n\n<p class=\"wp-block-paragraph\">V: Valmistame vastust ette.<\/p>\n\n\n\n<div class=\"wp-block-columns is-layout-flex wp-container-core-columns-is-layout-1a9244c7 wp-block-columns-is-layout-flex\">\n<div class=\"wp-block-column is-layout-flow wp-block-column-is-layout-flow\" style=\"flex-basis:100%\">\n<hr class=\"wp-block-separator has-alpha-channel-opacity is-style-wide\"\/>\n<\/div>\n<\/div>\n\n\n\n<p class=\"wp-block-paragraph\"><\/p>\n\n\n\n<h3 class=\"wp-block-heading\">Teemast &quot;The Ultimate Choice&quot;<\/h3>\n\n\n\n<p class=\"wp-block-paragraph\">See teema h\u00f5lmab probleeme, millega \u00f5pilased oma uurimist\u00f6\u00f6 ja praktika edendamisel tegelikult silmitsi seisavad v\u00f5i silmitsi seisavad. K\u00fcsimused, mida erinevates valdkondades \u00fcliraskeks peetakse, v\u00f5etakse kui &quot;\u00fclim valik&quot;.<br>Siiski on probleeme, mida \u00fchiskond tervikuna ei tohiks jagada, isegi kui peame neid valdkonna probleemideks. Teisest k\u00fcljest on ka teemasid, mida \u00fchiskond peaks jagama ja millest \u00fchiskond peaks oma arusaamist s\u00fcvendama. Veelgi enam, isegi \u00fchiskonnas on inimesi, kes arvavad, et see on probleem, ja on inimesi, kes arvavad, et see pole probleem.<br>S\u00f5ltuvalt sellest, kuidas te k\u00fcsimuse esitate, reageerivad inimesed erinevalt. N\u00e4iteks pagulasprobleemi kohta k\u00fcsides kiputakse pagulasi p\u00e4\u00e4stma, kui pagulaste rasket olukorda ette r\u00f5hutatakse.<br>P\u00fc\u00fcame endiselt leida \u00f5iget viisi nende k\u00fcsimuste esitamiseks selle katseetapi jooksul.<\/p>\n<\/div>\n\n\n\n<hr class=\"wp-block-separator has-alpha-channel-opacity is-style-wide\"\/>\n\n\n\n<h2 class=\"wp-block-heading\">Kontaktinfo<\/h2>\n\n\n\n<p class=\"wp-block-paragraph\">Ultimate Choice Study Groupiga \u00fchenduse v\u00f5tmiseks kasutage j\u00e4rgmist.<\/p>\n\n\n\n<p class=\"wp-block-paragraph\">Kui teil on &quot;The Ultimate Choice&quot; selle teema kohta arvamusi, kirjutage julgelt midagi.<\/p>\n\n\n\n<p class=\"wp-block-paragraph\"><\/p>\n\n\n<div class=\"wp-block-jetpack-contact-form is-layout-flex wp-container-jetpack-contact-form-is-layout-2cb9499c wp-block-jetpack-contact-form-is-layout-flex\"><a href=\"https:\/\/hardestchoice.org\/et\/contactus\/\" target=\"_blank\" rel=\"noopener noreferrer\">Submit a form.<\/a><\/div>\n\n\n<p class=\"wp-block-paragraph\"><\/p>\n\n\n\n<div style=\"height:100px\" aria-hidden=\"true\" class=\"wp-block-spacer\"><\/div>","protected":false},"excerpt":{"rendered":"<p>\u3088\u304f\u3042\u308b\u3054\u8cea\u554f Q: \u53ea\u4eca\u6e96\u5099\u4e2d\u3067\u3059\u3002 A: \u56de\u7b54\u3092\u6e96\u5099\u3057\u3066\u304a\u308a\u307e\u3059\u3002 \u300a\u7a76\u6975\u306e\u9078\u629e\u300b\u3068\u3044\u3046\u30c6\u30fc\u30de\u306b\u3064\u3044\u3066 \u3053 [&hellip;]<\/p>\n","protected":false},"author":136335720,"featured_media":0,"parent":0,"menu_order":0,"comment_status":"closed","ping_status":"closed","template":"","meta":{"_crdt_document":"","advanced_seo_description":"","jetpack_seo_html_title":"","jetpack_seo_noindex":false,"footnotes":""},"class_list":["post-29","page","type-page","status-publish","hentry"],"jetpack_likes_enabled":true,"jetpack_sharing_enabled":true,"jetpack_shortlink":"https:\/\/wp.me\/PdK9kd-t","jetpack-related-posts":[],"amp_enabled":true,"_links":{"self":[{"href":"https:\/\/hardestchoice.org\/et\/wp-json\/wp\/v2\/pages\/29","targetHints":{"allow":["GET"]}}],"collection":[{"href":"https:\/\/hardestchoice.org\/et\/wp-json\/wp\/v2\/pages"}],"about":[{"href":"https:\/\/hardestchoice.org\/et\/wp-json\/wp\/v2\/types\/page"}],"author":[{"embeddable":true,"href":"https:\/\/hardestchoice.org\/et\/wp-json\/wp\/v2\/users\/136335720"}],"replies":[{"embeddable":true,"href":"https:\/\/hardestchoice.org\/et\/wp-json\/wp\/v2\/comments?post=29"}],"version-history":[{"count":34,"href":"https:\/\/hardestchoice.org\/et\/wp-json\/wp\/v2\/pages\/29\/revisions"}],"predecessor-version":[{"id":1755,"href":"https:\/\/hardestchoice.org\/et\/wp-json\/wp\/v2\/pages\/29\/revisions\/1755"}],"wp:attachment":[{"href":"https:\/\/hardestchoice.org\/et\/wp-json\/wp\/v2\/media?parent=29"}],"curies":[{"name":"wp","href":"https:\/\/api.w.org\/{rel}","templated":true}]}}