{"id":14,"date":"2022-03-02T12:01:05","date_gmt":"2022-03-02T03:01:05","guid":{"rendered":"https:\/\/hardestchoice.org\/?page_id=14"},"modified":"2024-06-05T13:21:07","modified_gmt":"2024-06-05T04:21:07","slug":"aboutus","status":"publish","type":"page","link":"https:\/\/hardestchoice.org\/fi\/aboutus\/","title":{"rendered":"NOIN"},"content":{"rendered":"<div class=\"wp-block-group alignfull is-layout-constrained wp-block-group-is-layout-constrained\">\n<h2 class=\"wp-block-heading\">&lt;&lt; Ultimate Choice &gt;&gt; Opintoryhm\u00e4<\/h2>\n\n\n\n<p class=\"wp-block-paragraph\">T\u00e4m\u00e4 on Kioton yliopiston poikkitieteellisen koulutuksen keskuksen &quot;The Ultimate Choice&quot; -tutkimusryhm\u00e4n (entinen Kioton yliopiston &quot;The Ultimate Choice&quot; -tutkimusvaloyksikk\u00f6) verkkosivusto.<\/p>\n\n\n\n<p class=\"wp-block-paragraph\">Tutkimuksemme ei sis\u00e4ll\u00e4 unelmia, toiveita tai Nobel-palkintoja. Lis\u00e4ksi saatat tuntea, ett\u00e4 sinun t\u00e4ytyy ajatella t\u00e4llaista julmuutta. T\u00e4m\u00e4 johtuu siit\u00e4, ett\u00e4 Ultimate Choice -tutkimus on tutkimus siit\u00e4, kuinka ajatellaan mit\u00e4 ja kenet uhrataan.<\/p>\n\n\n\n<p class=\"wp-block-paragraph\">Mutta tutkimusta tarvitaan. Koska jos et valmistele vastausta Ultimate Choiceen, p\u00e4\u00e4dyt pahempaan tilanteeseen.<\/p>\n\n\n\n<p class=\"wp-block-paragraph\">Esimerkiksi ``ket\u00e4 tulisi asettaa etusijalle rokotuksissa, kun rokotteista on pulaa pandemian aikana, jossa kuolleisuusaste on korkea?&#039; ja ``ket\u00e4 tulee asettaa etusijalle pelastamisessa, kun ihmisi\u00e4 pelastetaan laajamittaisesta katastrofista.&#039; &#039; T\u00e4llaiseen uhrivalintaan ei voi tuolloin vastata paikan p\u00e4\u00e4ll\u00e4.<\/p>\n\n\n\n<p class=\"wp-block-paragraph\">Jos t\u00e4m\u00e4 uhrauskysymys j\u00e4tet\u00e4\u00e4n vastaamatta, on todenn\u00e4k\u00f6ist\u00e4, ett\u00e4 tulee ensin tullutta palvellaan ensin -periaate, vallanpit\u00e4jien ja varakkaiden suosiminen tai valinnan v\u00e4ltt\u00e4minen, jossa kaikki uhrataan. useimmat ihmiset eiv\u00e4t halua.<\/p>\n\n\n\n<p class=\"wp-block-paragraph\">Katsomisen jatkaminen muualle ei muuta kauheaa loppua.<\/p>\n\n\n\n<p class=\"wp-block-paragraph\">My\u00f6s t\u00e4h\u00e4n kysymykseen jotkut ihmiset voivat yhdist\u00e4\u00e4 esimerkiksi triage. Suuren It\u00e4-Japanin maanj\u00e4ristyksen yhteydess\u00e4 tapahtui kuitenkin h\u00e4t\u00e4tilanne, jossa vaikka &quot;ensisijainen hoito&quot; oli merkitty lajitteluun, niit\u00e4 oli liikaa, ja lis\u00e4valinta oli tarpeen. Mit\u00e4 suurempi on katastrofien ja ongelmien mittakaava, sit\u00e4 vaikeampaa on k\u00e4sitell\u00e4 perinteisi\u00e4 j\u00e4rjestelmi\u00e4, ja &quot;lopullinen valinta&quot; tapahtuu kaikkialla.<\/p>\n\n\n\n<p class=\"wp-block-paragraph\">Valmistauduttaessa t\u00e4llaisen &quot;lopullisen valinnan&quot; syntymiseen uskomme, ett\u00e4 tarvitaan mekanismi, joka mahdollistaa huolellisen keskustelun ja valinnan ajan mittaan, jotta saadaan mahdollisimman monille vakuuttavia vastauksia.<\/p>\n\n\n\n<p class=\"wp-block-paragraph\">Siksi tutkimme valinnan ongelmaa \u00e4\u00e4rimm\u00e4isiss\u00e4 tilanteissa ja etsimme parempia toimenpiteit\u00e4 otsikon &quot;Ultimate Choice&quot; alla.<\/p>\n\n\n\n<p class=\"wp-block-paragraph\">Haluaisitko mietti\u00e4 &quot;The Ultimate Choicea&quot; yhdess\u00e4?<\/p>\n\n\n\n<p class=\"wp-block-paragraph\">(Jatkossa haluaisin pyrki\u00e4 globaalia p\u00e4\u00e4t\u00f6ksentekoa tukevaan j\u00e4rjestelm\u00e4\u00e4n, kuten \u00e4\u00e4nest\u00e4jien ehdotusten hyv\u00e4ksymiseen, keskustelufoorumin tarjoamiseen ja versioiden valmisteluun jokaisella kielell\u00e4, mutta se on viel\u00e4 kaukana.)<\/p>\n\n\n\n<figure class=\"wp-block-image size-full\"><a href=\"https:\/\/i0.wp.com\/hardestchoice.org\/wp-content\/uploads\/2022\/04\/figure-hardestchoice.png?ssl=1\"><img loading=\"lazy\" decoding=\"async\" width=\"1280\" height=\"957\" data-attachment-id=\"79\" data-permalink=\"https:\/\/hardestchoice.org\/fi\/aboutus\/figure-hardestchoice\/\" data-orig-file=\"https:\/\/i0.wp.com\/hardestchoice.org\/wp-content\/uploads\/2022\/04\/figure-hardestchoice.png?fit=1280%2C957&amp;ssl=1\" data-orig-size=\"1280,957\" data-comments-opened=\"0\" data-image-meta=\"{&quot;aperture&quot;:&quot;0&quot;,&quot;credit&quot;:&quot;&quot;,&quot;camera&quot;:&quot;&quot;,&quot;caption&quot;:&quot;&quot;,&quot;created_timestamp&quot;:&quot;0&quot;,&quot;copyright&quot;:&quot;&quot;,&quot;focal_length&quot;:&quot;0&quot;,&quot;iso&quot;:&quot;0&quot;,&quot;shutter_speed&quot;:&quot;0&quot;,&quot;title&quot;:&quot;&quot;,&quot;orientation&quot;:&quot;0&quot;}\" data-image-title=\"figure-hardestchoice\" data-image-description=\"\" data-image-caption=\"\" data-large-file=\"https:\/\/i0.wp.com\/hardestchoice.org\/wp-content\/uploads\/2022\/04\/figure-hardestchoice.png?fit=1024%2C766&amp;ssl=1\" src=\"https:\/\/i0.wp.com\/hardestchoice.org\/wp-content\/uploads\/2022\/04\/figure-hardestchoice.png?fit=1280%2C957&amp;ssl=1\" alt=\"\" class=\"wp-image-79\" srcset=\"https:\/\/i0.wp.com\/hardestchoice.org\/wp-content\/uploads\/2022\/04\/figure-hardestchoice.png?w=1280&amp;ssl=1 1280w, https:\/\/i0.wp.com\/hardestchoice.org\/wp-content\/uploads\/2022\/04\/figure-hardestchoice.png?resize=300%2C224&amp;ssl=1 300w, https:\/\/i0.wp.com\/hardestchoice.org\/wp-content\/uploads\/2022\/04\/figure-hardestchoice.png?resize=1024%2C766&amp;ssl=1 1024w, https:\/\/i0.wp.com\/hardestchoice.org\/wp-content\/uploads\/2022\/04\/figure-hardestchoice.png?resize=768%2C574&amp;ssl=1 768w, https:\/\/i0.wp.com\/hardestchoice.org\/wp-content\/uploads\/2022\/04\/figure-hardestchoice.png?resize=16%2C12&amp;ssl=1 16w, https:\/\/i0.wp.com\/hardestchoice.org\/wp-content\/uploads\/2022\/04\/figure-hardestchoice.png?resize=400%2C300&amp;ssl=1 400w, https:\/\/i0.wp.com\/hardestchoice.org\/wp-content\/uploads\/2022\/04\/figure-hardestchoice.png?resize=200%2C150&amp;ssl=1 200w, https:\/\/i0.wp.com\/hardestchoice.org\/wp-content\/uploads\/2022\/04\/figure-hardestchoice.png?resize=1200%2C897&amp;ssl=1 1200w\" sizes=\"auto, (max-width: 1000px) 100vw, 1000px\" \/><\/a><\/figure>\n<\/div>\n\n\n\n<hr class=\"wp-block-separator has-alpha-channel-opacity is-style-wide\"\/>\n\n\n\n<h2 class=\"wp-block-heading\">Tutkimusapuraha<\/h2>\n\n\n\n<p class=\"wp-block-paragraph\">&quot;<em>Teko\u00e4lyn vaatimukset sosiaalisten p\u00e4\u00e4t\u00f6sten tekemiseen<\/em>- hyv\u00e4 laatu<em>tietojoukko<\/em>ja toivottavaa<em>L\u00e4ht\u00f6<\/em>tutkimus\u201d (ongelma numero<a href=\"https:\/\/toyotafound.secure.force.com\/psearch\/JoseiDetail?name=D19-ST-0019\">D19-ST-0019<\/a>, edustaja: Hirotsugu Ohba) (Toyota Foundation 2019 -erikoisnumero &quot;Uusi ihmisyhteiskunta, joka luotiin yhdess\u00e4 edistyneen teknologian kanssa&quot;)<\/p>\n\n\n\n<p class=\"wp-block-paragraph\"><a href=\"https:\/\/toyotafound.secure.force.com\/psearch\/JoseiDetail?name=D19-ST-0019\">https:\/\/toyotafound.secure.force.com\/psearch\/JoseiDetail?name=D19-ST-0019<\/a><\/p>\n\n\n\n<hr class=\"wp-block-separator has-alpha-channel-opacity is-style-wide\"\/>\n\n\n\n<h2 class=\"wp-block-heading\">Tutkijan j\u00e4sen<\/h2>\n\n\n\n<p class=\"wp-block-paragraph\"><\/p>\n\n\n\n<p class=\"wp-block-paragraph\"><strong>Yuko Ichii<\/strong><br>Tokion yliopisto, Universumin fysiikan ja matematiikan Kavli-instituutti, erikoistutkija, Tieteellisen tiedon soveltaminen Kommunikaatioteoria<\/p>\n\n\n\n<p class=\"wp-block-paragraph\"><strong>Makoto Ozono<\/strong><br>Apulaistutkija, humanististen tieteiden tutkimuslaitos, Doshishan yliopisto, valtiotieteiden soveltaminen<\/p>\n\n\n\n<p class=\"wp-block-paragraph\"><strong><a href=\"https:\/\/researchmap.jp\/overhiro\/\" data-type=\"URL\" data-id=\"https:\/\/researchmap.jp\/overhiro\/\" target=\"_blank\" rel=\"noreferrer noopener\">Hirotsugu Ohba<\/a><\/strong><br>Rikkyon yliopisto, teko\u00e4lytieteen tutkijakoulu, erikoisprofessori, edustaja, yleinen vastuuhenkil\u00f6<\/p>\n\n\n\n<p class=\"wp-block-paragraph\"><strong>Shimpei Okamoto<\/strong><br>Hiroshima University, Graduate School of Letters, apulaisprofessori, soveltavan filosofian tiet\u00e4myksen soveltaminen<\/p>\n\n\n\n<p class=\"wp-block-paragraph\"><strong>Masafumi Kasagi<\/strong><br>Erityisesti nimitetty apulaisprofessori, Institute of Liberal Arts and Sciences, Nagoyan yliopisto;<\/p>\n\n\n\n<p class=\"wp-block-paragraph\"><strong>Noiru Kikuchi<\/strong><br>Valtion politiikan tutkimuslaitos, Tieteen, teknologian ja innovaatioiden politiikan tutkimuskeskus, asiantuntija, tiedeviestinn\u00e4n teorian tiedon soveltaminen<\/p>\n\n\n\n<p class=\"wp-block-paragraph\"><strong>Harushi Tamazawa<\/strong><br>Kioton yliopisto, Graduate School of Letters, tutkija, varatoimitusjohtaja, Tiedon soveltaminen avaruustieteess\u00e4<\/p>\n\n\n\n<p class=\"wp-block-paragraph\"><strong>Satoshi Kawamura<\/strong><br>Tutkijakoulu, T\u00e4htitieteellinen observatorio, Kioton yliopisto, Tohtorikurssi, Avaruustieteen tiedon soveltaminen<\/p>\n\n\n\n<p class=\"wp-block-paragraph\"><strong>Shiro Komatsu<\/strong><br>Yamanashin yliopisto, Bio- ja ymp\u00e4rist\u00f6tieteiden tiedekunta, apulaisprofessori, tiedon soveltaminen biotieteiss\u00e4 ja valtiotieteiss\u00e4<\/p>\n\n\n\n<p class=\"wp-block-paragraph\"><strong>Keiko Sato<\/strong><br>Erityisesti nimitetty apulaisprofessori, l\u00e4\u00e4ketieteellisen turvallisuuden hallinnan laitos, Kioton yliopistollinen sairaala, Life Science Knowledge -sovellus<\/p>\n\n\n\n<p class=\"wp-block-paragraph\"><strong>Mika Suzuki<\/strong><br>Kioton yliopisto iPS Cell Research Institute Uehiro Ethics Research Division Erikoistutkija Bioetiikan tiedon soveltaminen<\/p>\n\n\n\n<p class=\"wp-block-paragraph\"><strong>Yuki Takagi<\/strong><br>Kioton yliopisto, Graduate School of Letters, tohtoriohjelma, Applied Ethics Knowledge<\/p>\n\n\n\n<p class=\"wp-block-paragraph\"><strong>Masatsugu Senchiiwa<\/strong><br>Kitakyushun yliopisto, vieraiden kielten tiedekunta, osa-aikainen luennoitsija, valtiotieteen tiedon soveltaminen<\/p>\n\n\n\n<p class=\"wp-block-paragraph\"><strong><a href=\"https:\/\/researchmap.jp\/Nagafumi_Nakamura\/?lang=japanese\" target=\"_blank\" rel=\"noreferrer noopener\">Nagafumi Nakamura<\/a><\/strong><br>Erityisesti nimitetty apulaisprofessori, Institute for Advancement of Liberal Arts, Faculty of Liberal Arts, Tokion yliopisto;<\/p>\n\n\n\n<p class=\"wp-block-paragraph\"><strong>Kojiro Honda<\/strong><br>Kanazawan l\u00e4\u00e4ketieteellinen yliopisto, humanistiset tieteet, apulaisprofessori, soveltavan filosofian tiet\u00e4myksen soveltaminen<\/p>\n\n\n\n<p class=\"wp-block-paragraph\"><strong>Koki Miyano<\/strong><br>Kioton yliopisto, Tieteidenv\u00e4lisen koulutuksen ja tutkimuksen edist\u00e4miskeskus, apulaisprofessori;<\/p>\n\n\n\n<p class=\"wp-block-paragraph\"><strong>Masahiro Morioka<\/strong><br>Wasedan yliopisto, Humanistinen tiedekunta, Professori, Sovellettavan Filosofian Tiedon soveltaminen<\/p>","protected":false},"excerpt":{"rendered":"<p>\u300a\u7a76\u6975\u306e\u9078\u629e\u300b\u7814\u7a76\u4f1a \u4eac\u90fd\u5927\u5b66 \u5b66\u969b\u878d\u5408\u6559\u80b2\u30bb\u30f3\u30bf\u30fc\u300a\u7a76\u6975\u306e\u9078\u629e\u300b\u7814\u7a76\u4f1a\uff08\u65e7 \u4eac\u90fd\u5927\u5b66\u300a\u7a76\u6975\u306e\u9078\u629e\u300b\u7814\u7a76\u30e9\u30a4\u30c8 [&hellip;]<\/p>\n","protected":false},"author":131104234,"featured_media":0,"parent":0,"menu_order":0,"comment_status":"closed","ping_status":"closed","template":"","meta":{"_crdt_document":"","advanced_seo_description":"","jetpack_seo_html_title":"","jetpack_seo_noindex":false,"footnotes":""},"class_list":["post-14","page","type-page","status-publish","hentry"],"jetpack_likes_enabled":true,"jetpack_sharing_enabled":true,"jetpack_shortlink":"https:\/\/wp.me\/PdK9kd-e","jetpack-related-posts":[],"amp_enabled":true,"_links":{"self":[{"href":"https:\/\/hardestchoice.org\/fi\/wp-json\/wp\/v2\/pages\/14","targetHints":{"allow":["GET"]}}],"collection":[{"href":"https:\/\/hardestchoice.org\/fi\/wp-json\/wp\/v2\/pages"}],"about":[{"href":"https:\/\/hardestchoice.org\/fi\/wp-json\/wp\/v2\/types\/page"}],"author":[{"embeddable":true,"href":"https:\/\/hardestchoice.org\/fi\/wp-json\/wp\/v2\/users\/131104234"}],"replies":[{"embeddable":true,"href":"https:\/\/hardestchoice.org\/fi\/wp-json\/wp\/v2\/comments?post=14"}],"version-history":[{"count":36,"href":"https:\/\/hardestchoice.org\/fi\/wp-json\/wp\/v2\/pages\/14\/revisions"}],"predecessor-version":[{"id":2469,"href":"https:\/\/hardestchoice.org\/fi\/wp-json\/wp\/v2\/pages\/14\/revisions\/2469"}],"wp:attachment":[{"href":"https:\/\/hardestchoice.org\/fi\/wp-json\/wp\/v2\/media?parent=14"}],"curies":[{"name":"wp","href":"https:\/\/api.w.org\/{rel}","templated":true}]}}