{"id":29,"date":"2022-03-02T12:17:16","date_gmt":"2022-03-02T03:17:16","guid":{"rendered":"https:\/\/hardestchoice.org\/?page_id=29"},"modified":"2022-10-07T20:43:23","modified_gmt":"2022-10-07T11:43:23","slug":"contactus","status":"publish","type":"page","link":"https:\/\/hardestchoice.org\/fi\/contactus\/","title":{"rendered":"FAQ \/ YHTEYSTIEDOT"},"content":{"rendered":"<hr class=\"wp-block-separator has-alpha-channel-opacity is-style-wide\"\/>\n\n\n\n<div class=\"wp-block-group is-layout-flow wp-block-group-is-layout-flow\">\n<h2 class=\"wp-block-heading\">FAQ<\/h2>\n\n\n\n<h4 class=\"wp-block-heading\">K: Valmistaudumme nyt.<\/h4>\n\n\n\n<p class=\"wp-block-paragraph\">V: Valmistelemme vastausta.<\/p>\n\n\n\n<div class=\"wp-block-columns is-layout-flex wp-container-core-columns-is-layout-1a9244c7 wp-block-columns-is-layout-flex\">\n<div class=\"wp-block-column is-layout-flow wp-block-column-is-layout-flow\" style=\"flex-basis:100%\">\n<hr class=\"wp-block-separator has-alpha-channel-opacity is-style-wide\"\/>\n<\/div>\n<\/div>\n\n\n\n<p class=\"wp-block-paragraph\"><\/p>\n\n\n\n<h3 class=\"wp-block-heading\">Tietoja teemasta &quot;The Ultimate Choice&quot;<\/h3>\n\n\n\n<p class=\"wp-block-paragraph\">T\u00e4m\u00e4 teema kattaa kysymyksi\u00e4, joita opiskelijat kohtaavat tai tulevat kohtaamaan edist\u00e4ess\u00e4\u00e4n tutkimustaan ja k\u00e4yt\u00e4nt\u00f6j\u00e4\u00e4n. Kysymykset, joita pidet\u00e4\u00e4n eri aloilla eritt\u00e4in vaikeina, otetaan &quot;lopullisena valinnana&quot;.<br>On kuitenkin joitain ongelmia, joita ei pit\u00e4isi jakaa koko yhteiskunnan kesken, vaikka katsoisimme niit\u00e4 alan ongelmiksi. Toisaalta on my\u00f6s asioita, jotka yhteiskunnan tulisi jakaa ja yhteiskunnan tulisi syvent\u00e4\u00e4 ymm\u00e4rryst\u00e4\u00e4n. Lis\u00e4ksi jopa yhteiskunnassa on ihmisi\u00e4, joiden mielest\u00e4 se on ongelma, ja on ihmisi\u00e4, joiden mielest\u00e4 se ei ole.<br>Riippuen siit\u00e4, miten kysyt kysymyksen, ihmiset vastaavat eri tavalla. Esimerkiksi pakolaisongelmasta kysytt\u00e4ess\u00e4, jos pakolaisten ahdinkoa korostetaan etuk\u00e4teen, he pyrkiv\u00e4t pelastamaan pakolaiset.<br>Yrit\u00e4mme edelleen l\u00f6yt\u00e4\u00e4 oikean tavan esitt\u00e4\u00e4 n\u00e4m\u00e4 kysymykset t\u00e4m\u00e4n pilottivaiheen aikana.<\/p>\n<\/div>\n\n\n\n<hr class=\"wp-block-separator has-alpha-channel-opacity is-style-wide\"\/>\n\n\n\n<h2 class=\"wp-block-heading\">Yhteystiedot<\/h2>\n\n\n\n<p class=\"wp-block-paragraph\">K\u00e4yt\u00e4 seuraavaa ottaaksesi yhteytt\u00e4 Ultimate Choice Study Groupiin.<\/p>\n\n\n\n<p class=\"wp-block-paragraph\">Jos sinulla on mielipiteit\u00e4 t\u00e4st\u00e4 &quot;The Ultimate Choice&quot; -teemasta, kirjoita mit\u00e4 tahansa.<\/p>\n\n\n\n<p class=\"wp-block-paragraph\"><\/p>\n\n\n<div class=\"wp-block-jetpack-contact-form is-layout-flex wp-container-jetpack-contact-form-is-layout-2cb9499c wp-block-jetpack-contact-form-is-layout-flex\"><a href=\"https:\/\/hardestchoice.org\/fi\/contactus\/\" target=\"_blank\" rel=\"noopener noreferrer\">Submit a form.<\/a><\/div>\n\n\n<p class=\"wp-block-paragraph\"><\/p>\n\n\n\n<div style=\"height:100px\" aria-hidden=\"true\" class=\"wp-block-spacer\"><\/div>","protected":false},"excerpt":{"rendered":"<p>\u3088\u304f\u3042\u308b\u3054\u8cea\u554f Q: \u53ea\u4eca\u6e96\u5099\u4e2d\u3067\u3059\u3002 A: \u56de\u7b54\u3092\u6e96\u5099\u3057\u3066\u304a\u308a\u307e\u3059\u3002 \u300a\u7a76\u6975\u306e\u9078\u629e\u300b\u3068\u3044\u3046\u30c6\u30fc\u30de\u306b\u3064\u3044\u3066 \u3053 [&hellip;]<\/p>\n","protected":false},"author":136335720,"featured_media":0,"parent":0,"menu_order":0,"comment_status":"closed","ping_status":"closed","template":"","meta":{"_crdt_document":"","advanced_seo_description":"","jetpack_seo_html_title":"","jetpack_seo_noindex":false,"footnotes":""},"class_list":["post-29","page","type-page","status-publish","hentry"],"jetpack_likes_enabled":true,"jetpack_sharing_enabled":true,"jetpack_shortlink":"https:\/\/wp.me\/PdK9kd-t","jetpack-related-posts":[],"amp_enabled":true,"_links":{"self":[{"href":"https:\/\/hardestchoice.org\/fi\/wp-json\/wp\/v2\/pages\/29","targetHints":{"allow":["GET"]}}],"collection":[{"href":"https:\/\/hardestchoice.org\/fi\/wp-json\/wp\/v2\/pages"}],"about":[{"href":"https:\/\/hardestchoice.org\/fi\/wp-json\/wp\/v2\/types\/page"}],"author":[{"embeddable":true,"href":"https:\/\/hardestchoice.org\/fi\/wp-json\/wp\/v2\/users\/136335720"}],"replies":[{"embeddable":true,"href":"https:\/\/hardestchoice.org\/fi\/wp-json\/wp\/v2\/comments?post=29"}],"version-history":[{"count":34,"href":"https:\/\/hardestchoice.org\/fi\/wp-json\/wp\/v2\/pages\/29\/revisions"}],"predecessor-version":[{"id":1755,"href":"https:\/\/hardestchoice.org\/fi\/wp-json\/wp\/v2\/pages\/29\/revisions\/1755"}],"wp:attachment":[{"href":"https:\/\/hardestchoice.org\/fi\/wp-json\/wp\/v2\/media?parent=29"}],"curies":[{"name":"wp","href":"https:\/\/api.w.org\/{rel}","templated":true}]}}