{"id":24,"date":"2022-03-02T12:14:30","date_gmt":"2022-03-02T03:14:30","guid":{"rendered":"https:\/\/hardestchoice.org\/?page_id=24"},"modified":"2022-05-24T23:50:30","modified_gmt":"2022-05-24T14:50:30","slug":"research","status":"publish","type":"page","link":"https:\/\/hardestchoice.org\/fr\/research\/","title":{"rendered":"RECHERCHER"},"content":{"rendered":"<div class=\"wp-block-group is-layout-constrained wp-block-group-is-layout-constrained\">\n<p>Vous pouvez voir les th\u00e8mes et les id\u00e9es actuellement en cours de recherche, les sondages en cours de recrutement, les affiches publi\u00e9es lors d&#039;\u00e9v\u00e9nements pass\u00e9s, etc.<\/p>\n\n\n\n<p class=\"has-small-font-size\">* Les choix et opinions auxquels vous avez r\u00e9pondu seront analys\u00e9s et agr\u00e9g\u00e9s uniquement \u00e0 des fins de recherche au sein du groupe d'\u00e9tude \"Choix le plus Difficile\" de l'Universit\u00e9 de Kyoto, et seront utilis\u00e9s dans des soci\u00e9t\u00e9s universitaires, des articles universitaires et sur ce site Web. Aucun individu n'est identifi\u00e9.<\/p>\n\n\n\n<div style=\"height:40px\" aria-hidden=\"true\" class=\"wp-block-spacer\"><\/div>\n\n\n\n<div class=\"wp-block-query is-style-quadrat-diamond-posts is-layout-constrained wp-block-query-is-layout-constrained\"><ul class=\"wp-block-post-template is-layout-flow wp-block-post-template-is-layout-flow\"><li class=\"wp-block-post post-6683 post type-post status-publish format-standard hentry category-1982\">\n\n<div class=\"wp-block-columns is-layout-flex wp-container-core-columns-is-layout-28f84493 wp-block-columns-is-layout-flex\">\n<div class=\"wp-block-column is-vertically-aligned-center is-layout-constrained wp-container-core-column-is-layout-6a2cfb7b wp-block-column-is-layout-constrained\"><h2 class=\"has-text-align-left wp-block-post-title has-large-font-size\"><a href=\"https:\/\/hardestchoice.org\/fr\/2025\/04\/28\/6683\/\" target=\"_self\" >Publication du rapport \u00ab\u00a0Apporter la voix sociale \u00e0 l&#039;IA\u00a0: rapport d&#039;une enqu\u00eate sociale sur le choix du sacrifice\u00a0\u00bb<\/a><\/h2>\n\n\n<div class=\"wp-block-group post-meta is-nowrap is-layout-flex wp-container-core-group-is-layout-6c531013 wp-block-group-is-layout-flex\"><div style=\"font-size:16px;\" class=\"is-style-post-date-icon wp-block-post-date\"><time datetime=\"2025-04-28T13:33:10+09:00\">28 avril 2025<\/time><\/div>\n\n<div style=\"font-size:16px\" class=\"taxonomy-category is-style-post-category-icon wp-block-post-terms\"><a href=\"https:\/\/hardestchoice.org\/fr\/category\/%e6%9c%aa%e5%88%86%e9%a1%9e\/\" rel=\"tag\">Non class\u00e9<\/a><\/div><\/div>\n<\/div>\n<\/div>\n\n\n\n<div style=\"height:30px\" aria-hidden=\"true\" class=\"wp-block-spacer\"><\/div>\n\n<\/li><li class=\"wp-block-post post-2688 post type-post status-publish format-standard hentry category-1982\">\n\n<div class=\"wp-block-columns is-layout-flex wp-container-core-columns-is-layout-28f84493 wp-block-columns-is-layout-flex\">\n<div class=\"wp-block-column is-vertically-aligned-center is-layout-constrained wp-container-core-column-is-layout-6a2cfb7b wp-block-column-is-layout-constrained\"><h2 class=\"has-text-align-left wp-block-post-title has-large-font-size\"><a href=\"https:\/\/hardestchoice.org\/fr\/2024\/08\/23\/2688\/\" target=\"_self\" >Publication des diapositives du rapport \u00ab\u00a0Simple Review of Moral Dataset Research\u00a0\u00bb<\/a><\/h2>\n\n\n<div class=\"wp-block-group post-meta is-nowrap is-layout-flex wp-container-core-group-is-layout-6c531013 wp-block-group-is-layout-flex\"><div style=\"font-size:16px;\" class=\"is-style-post-date-icon wp-block-post-date\"><time datetime=\"2024-08-23T14:27:05+09:00\">23 ao\u00fbt 2024<\/time><\/div>\n\n<div style=\"font-size:16px\" class=\"taxonomy-category is-style-post-category-icon wp-block-post-terms\"><a href=\"https:\/\/hardestchoice.org\/fr\/category\/%e6%9c%aa%e5%88%86%e9%a1%9e\/\" rel=\"tag\">Non class\u00e9<\/a><\/div><\/div>\n<\/div>\n<\/div>\n\n\n\n<div style=\"height:30px\" aria-hidden=\"true\" class=\"wp-block-spacer\"><\/div>\n\n<\/li><li class=\"wp-block-post post-2436 post type-post status-publish format-standard hentry category-1982\">\n\n<div class=\"wp-block-columns is-layout-flex wp-container-core-columns-is-layout-28f84493 wp-block-columns-is-layout-flex\">\n<div class=\"wp-block-column is-vertically-aligned-center is-layout-constrained wp-container-core-column-is-layout-6a2cfb7b wp-block-column-is-layout-constrained\"><h2 class=\"has-text-align-left wp-block-post-title has-large-font-size\"><a href=\"https:\/\/hardestchoice.org\/fr\/2024\/05\/27\/2436\/\" target=\"_self\" >Publication de la traduction du document d&#039;enqu\u00eate sur l&#039;alignement de l&#039;IA<\/a><\/h2>\n\n\n<div class=\"wp-block-group post-meta is-nowrap is-layout-flex wp-container-core-group-is-layout-6c531013 wp-block-group-is-layout-flex\"><div style=\"font-size:16px;\" class=\"is-style-post-date-icon wp-block-post-date\"><time datetime=\"2024-05-27T13:35:29+09:00\">27 mai 2024<\/time><\/div>\n\n<div style=\"font-size:16px\" class=\"taxonomy-category is-style-post-category-icon wp-block-post-terms\"><a href=\"https:\/\/hardestchoice.org\/fr\/category\/%e6%9c%aa%e5%88%86%e9%a1%9e\/\" rel=\"tag\">Non class\u00e9<\/a><\/div><\/div>\n<\/div>\n<\/div>\n\n\n\n<div style=\"height:30px\" aria-hidden=\"true\" class=\"wp-block-spacer\"><\/div>\n\n<\/li><li class=\"wp-block-post post-1891 post type-post status-publish format-standard hentry category-1982\">\n\n<div class=\"wp-block-columns is-layout-flex wp-container-core-columns-is-layout-28f84493 wp-block-columns-is-layout-flex\">\n<div class=\"wp-block-column is-vertically-aligned-center is-layout-constrained wp-container-core-column-is-layout-6a2cfb7b wp-block-column-is-layout-constrained\"><h2 class=\"has-text-align-left wp-block-post-title has-large-font-size\"><a href=\"https:\/\/hardestchoice.org\/fr\/2023\/10\/19\/1891\/\" target=\"_self\" >[Aper\u00e7u de l&#039;enqu\u00eate Web]\u300aUltimate Choice\u300bjanvier 2023\/mai 2023<\/a><\/h2>\n\n\n<div class=\"wp-block-group post-meta is-nowrap is-layout-flex wp-container-core-group-is-layout-6c531013 wp-block-group-is-layout-flex\"><div style=\"font-size:16px;\" class=\"is-style-post-date-icon wp-block-post-date\"><time datetime=\"2023-10-19T11:19:56+09:00\">19 octobre 2023<\/time><\/div>\n\n<div style=\"font-size:16px\" class=\"taxonomy-category is-style-post-category-icon wp-block-post-terms\"><a href=\"https:\/\/hardestchoice.org\/fr\/category\/%e6%9c%aa%e5%88%86%e9%a1%9e\/\" rel=\"tag\">Non class\u00e9<\/a><\/div><\/div>\n<\/div>\n<\/div>\n\n\n\n<div style=\"height:30px\" aria-hidden=\"true\" class=\"wp-block-spacer\"><\/div>\n\n<\/li><li class=\"wp-block-post post-1726 post type-post status-publish format-standard hentry category-1982\">\n\n<div class=\"wp-block-columns is-layout-flex wp-container-core-columns-is-layout-28f84493 wp-block-columns-is-layout-flex\">\n<div class=\"wp-block-column is-vertically-aligned-center is-layout-constrained wp-container-core-column-is-layout-6a2cfb7b wp-block-column-is-layout-constrained\"><h2 class=\"has-text-align-left wp-block-post-title has-large-font-size\"><a href=\"https:\/\/hardestchoice.org\/fr\/2022\/10\/04\/1726\/\" target=\"_self\" >[Bulletin d&#039;enqu\u00eate Web] \u300aChoix Ultime\u300b Sep2022<\/a><\/h2>\n\n\n<div class=\"wp-block-group post-meta is-nowrap is-layout-flex wp-container-core-group-is-layout-6c531013 wp-block-group-is-layout-flex\"><div style=\"font-size:16px;\" class=\"is-style-post-date-icon wp-block-post-date\"><time datetime=\"2022-10-04T14:25:24+09:00\">4 octobre 2022<\/time><\/div>\n\n<div style=\"font-size:16px\" class=\"taxonomy-category is-style-post-category-icon wp-block-post-terms\"><a href=\"https:\/\/hardestchoice.org\/fr\/category\/%e6%9c%aa%e5%88%86%e9%a1%9e\/\" rel=\"tag\">Non class\u00e9<\/a><\/div><\/div>\n<\/div>\n<\/div>\n\n\n\n<div style=\"height:30px\" aria-hidden=\"true\" class=\"wp-block-spacer\"><\/div>\n\n<\/li><li class=\"wp-block-post post-1703 post type-post status-publish format-standard hentry category-124847 category-124855\">\n\n<div class=\"wp-block-columns is-layout-flex wp-container-core-columns-is-layout-28f84493 wp-block-columns-is-layout-flex\">\n<div class=\"wp-block-column is-vertically-aligned-center is-layout-constrained wp-container-core-column-is-layout-6a2cfb7b wp-block-column-is-layout-constrained\"><h2 class=\"has-text-align-left wp-block-post-title has-large-font-size\"><a href=\"https:\/\/hardestchoice.org\/fr\/2022\/09\/22\/1703\/\" target=\"_self\" >Rapport de r\u00e9sultat &quot;Tout le monde affronte &lt;choix ultime&gt; Aug2022&quot;<\/a><\/h2>\n\n\n<div class=\"wp-block-group post-meta is-nowrap is-layout-flex wp-container-core-group-is-layout-6c531013 wp-block-group-is-layout-flex\"><div style=\"font-size:16px;\" class=\"is-style-post-date-icon wp-block-post-date\"><time datetime=\"2022-09-22T11:39:18+09:00\">22 septembre 2022<\/time><\/div>\n\n<div style=\"font-size:16px\" class=\"taxonomy-category is-style-post-category-icon wp-block-post-terms\"><a href=\"https:\/\/hardestchoice.org\/fr\/category\/%e9%81%8e%e5%8e%bb%e3%81%ae\/\" rel=\"tag\">un \u00e9v\u00e9nement<\/a><span class=\"wp-block-post-terms__separator\">, <\/span><a href=\"https:\/\/hardestchoice.org\/fr\/category\/%e7%86%9f%e8%ad%b0\/\" rel=\"tag\">D\u00e9lib\u00e9rant<\/a><\/div><\/div>\n<\/div>\n<\/div>\n\n\n\n<div style=\"height:30px\" aria-hidden=\"true\" class=\"wp-block-spacer\"><\/div>\n\n<\/li><li class=\"wp-block-post post-1646 post type-post status-publish format-standard hentry category-124848 category-124847 category-124855\">\n\n<div class=\"wp-block-columns is-layout-flex wp-container-core-columns-is-layout-28f84493 wp-block-columns-is-layout-flex\">\n<div class=\"wp-block-column is-vertically-aligned-center is-layout-constrained wp-container-core-column-is-layout-6a2cfb7b wp-block-column-is-layout-constrained\"><h2 class=\"has-text-align-left wp-block-post-title has-large-font-size\"><a href=\"https:\/\/hardestchoice.org\/fr\/2022\/08\/18\/1646\/\" target=\"_self\" >&lt;Fin de l&#039;enqu\u00eate&gt; Face \u00e0 tout le monde \u300aChoix ultime\u300b Aug2022<\/a><\/h2>\n\n\n<div class=\"wp-block-group post-meta is-nowrap is-layout-flex wp-container-core-group-is-layout-6c531013 wp-block-group-is-layout-flex\"><div style=\"font-size:16px;\" class=\"is-style-post-date-icon wp-block-post-date\"><time datetime=\"2022-08-18T22:47:11+09:00\">18 ao\u00fbt 2022<\/time><\/div>\n\n<div style=\"font-size:16px\" class=\"taxonomy-category is-style-post-category-icon wp-block-post-terms\"><a href=\"https:\/\/hardestchoice.org\/fr\/category\/%e7%8f%be%e5%9c%a8%e6%a4%9c%e8%a8%8e%e4%b8%ad\/\" rel=\"tag\">id\u00e9e<\/a><span class=\"wp-block-post-terms__separator\">, <\/span><a href=\"https:\/\/hardestchoice.org\/fr\/category\/%e9%81%8e%e5%8e%bb%e3%81%ae\/\" rel=\"tag\">un \u00e9v\u00e9nement<\/a><span class=\"wp-block-post-terms__separator\">, <\/span><a href=\"https:\/\/hardestchoice.org\/fr\/category\/%e7%86%9f%e8%ad%b0\/\" rel=\"tag\">D\u00e9lib\u00e9rant<\/a><\/div><\/div>\n<\/div>\n<\/div>\n\n\n\n<div style=\"height:30px\" aria-hidden=\"true\" class=\"wp-block-spacer\"><\/div>\n\n<\/li><li class=\"wp-block-post post-1303 post type-post status-publish format-standard hentry category-124847 category-124854\">\n\n<div class=\"wp-block-columns is-layout-flex wp-container-core-columns-is-layout-28f84493 wp-block-columns-is-layout-flex\">\n<div class=\"wp-block-column is-vertically-aligned-center is-layout-constrained wp-container-core-column-is-layout-6a2cfb7b wp-block-column-is-layout-constrained\"><h2 class=\"has-text-align-left wp-block-post-title has-large-font-size\"><a href=\"https:\/\/hardestchoice.org\/fr\/2022\/05\/27\/1303\/\" target=\"_self\" >Lisons ensemble le rapport de l&#039;atelier &quot;Space Weather Forecast&quot;<\/a><\/h2>\n\n\n<div class=\"wp-block-group post-meta is-nowrap is-layout-flex wp-container-core-group-is-layout-6c531013 wp-block-group-is-layout-flex\"><div style=\"font-size:16px;\" class=\"is-style-post-date-icon wp-block-post-date\"><time datetime=\"2022-05-27T16:53:20+09:00\">27 mai 2022<\/time><\/div>\n\n<div style=\"font-size:16px\" class=\"taxonomy-category is-style-post-category-icon wp-block-post-terms\"><a href=\"https:\/\/hardestchoice.org\/fr\/category\/%e9%81%8e%e5%8e%bb%e3%81%ae\/\" rel=\"tag\">un \u00e9v\u00e9nement<\/a><span class=\"wp-block-post-terms__separator\">, <\/span><a href=\"https:\/\/hardestchoice.org\/fr\/category\/%e4%ba%8b%e4%be%8b%e4%bd%9c%e6%88%90\/\" rel=\"tag\">\u00c9tude de cas<\/a><\/div><\/div>\n<\/div>\n<\/div>\n\n\n\n<div style=\"height:30px\" aria-hidden=\"true\" class=\"wp-block-spacer\"><\/div>\n\n<\/li><li class=\"wp-block-post post-1122 post type-post status-publish format-standard hentry category-124847 category-124855\">\n\n<div class=\"wp-block-columns is-layout-flex wp-container-core-columns-is-layout-28f84493 wp-block-columns-is-layout-flex\">\n<div class=\"wp-block-column is-vertically-aligned-center is-layout-constrained wp-container-core-column-is-layout-6a2cfb7b wp-block-column-is-layout-constrained\"><h2 class=\"has-text-align-left wp-block-post-title has-large-font-size\"><a href=\"https:\/\/hardestchoice.org\/fr\/2022\/05\/24\/1122\/\" target=\"_self\" >Enqu\u00eate pilote sur \" le bon choix \" dans la pand\u00e9mie de COVID-19<\/a><\/h2>\n\n\n<div class=\"wp-block-group post-meta is-nowrap is-layout-flex wp-container-core-group-is-layout-6c531013 wp-block-group-is-layout-flex\"><div style=\"font-size:16px;\" class=\"is-style-post-date-icon wp-block-post-date\"><time datetime=\"2022-05-24T17:00:00+09:00\">24 mai 2022<\/time><\/div>\n\n<div style=\"font-size:16px\" class=\"taxonomy-category is-style-post-category-icon wp-block-post-terms\"><a href=\"https:\/\/hardestchoice.org\/fr\/category\/%e9%81%8e%e5%8e%bb%e3%81%ae\/\" rel=\"tag\">un \u00e9v\u00e9nement<\/a><span class=\"wp-block-post-terms__separator\">, <\/span><a href=\"https:\/\/hardestchoice.org\/fr\/category\/%e7%86%9f%e8%ad%b0\/\" rel=\"tag\">D\u00e9lib\u00e9rant<\/a><\/div><\/div>\n<\/div>\n<\/div>\n\n\n\n<div style=\"height:30px\" aria-hidden=\"true\" class=\"wp-block-spacer\"><\/div>\n\n<\/li><li class=\"wp-block-post post-993 post type-post status-publish format-standard hentry category-124847\">\n\n<div class=\"wp-block-columns is-layout-flex wp-container-core-columns-is-layout-28f84493 wp-block-columns-is-layout-flex\">\n<div class=\"wp-block-column is-vertically-aligned-center is-layout-constrained wp-container-core-column-is-layout-6a2cfb7b wp-block-column-is-layout-constrained\"><h2 class=\"has-text-align-left wp-block-post-title has-large-font-size\"><a href=\"https:\/\/hardestchoice.org\/fr\/2020\/01\/11\/993\/\" target=\"_self\" >Groupe d&#039;\u00e9tude de janvier 2020<\/a><\/h2>\n\n\n<div class=\"wp-block-group post-meta is-nowrap is-layout-flex wp-container-core-group-is-layout-6c531013 wp-block-group-is-layout-flex\"><div style=\"font-size:16px;\" class=\"is-style-post-date-icon wp-block-post-date\"><time datetime=\"2020-01-11T16:20:00+09:00\">11 janvier 2020<\/time><\/div>\n\n<div style=\"font-size:16px\" class=\"taxonomy-category is-style-post-category-icon wp-block-post-terms\"><a href=\"https:\/\/hardestchoice.org\/fr\/category\/%e9%81%8e%e5%8e%bb%e3%81%ae\/\" rel=\"tag\">un \u00e9v\u00e9nement<\/a><\/div><\/div>\n<\/div>\n<\/div>\n\n\n\n<div style=\"height:30px\" aria-hidden=\"true\" class=\"wp-block-spacer\"><\/div>\n\n<\/li><\/ul>\n\n<nav class=\"alignwide wp-block-query-pagination is-layout-flex wp-block-query-pagination-is-layout-flex\" aria-label=\"Pagination\">\n\n\n<div class=\"wp-block-query-pagination-numbers\"><span aria-current=\"page\" class=\"page-numbers current\">1<\/span>\n<a class=\"page-numbers\" href=\"?query-10-page=2\">2<\/a><\/div>\n\n<a href=\"\/fr\/wp-json\/wp\/v2\/pages\/24?query-10-page=2\" class=\"wp-block-query-pagination-next\">Page suivante<span class='wp-block-query-pagination-next-arrow is-arrow-arrow' aria-hidden='true'>\u2192<\/span><\/a>\n<\/nav><\/div>\n\n\n\n<div style=\"height:60px\" aria-hidden=\"true\" class=\"wp-block-spacer\"><\/div>\n<\/div>","protected":false},"excerpt":{"rendered":"<p>\u73fe\u5728\u7814\u7a76\u4e2d\u306e\u30c6\u30fc\u30de\u3084\u30a2\u30a4\u30c7\u30a2\u3001\u52df\u96c6\u4e2d\u306e\u8abf\u67fb\u3001\u904e\u53bb\u306e\u30a4\u30d9\u30f3\u30c8\u3067\u516c\u958b\u3057\u305f\u30dd\u30b9\u30bf\u30fc\u7b49\u3092\u3054\u89a7\u3044\u305f\u3060\u3051\u307e\u3059\u3002 \u203b\u3054\u56de\u7b54\u3044 [&hellip;]<\/p>","protected":false},"author":136335720,"featured_media":0,"parent":0,"menu_order":0,"comment_status":"closed","ping_status":"closed","template":"","meta":{"advanced_seo_description":"","jetpack_seo_html_title":"","jetpack_seo_noindex":false,"jetpack_post_was_ever_published":false,"footnotes":""},"class_list":["post-24","page","type-page","status-publish","hentry"],"jetpack_likes_enabled":true,"jetpack_sharing_enabled":true,"jetpack_shortlink":"https:\/\/wp.me\/PdK9kd-o","jetpack-related-posts":[],"amp_enabled":true,"_links":{"self":[{"href":"https:\/\/hardestchoice.org\/fr\/wp-json\/wp\/v2\/pages\/24","targetHints":{"allow":["GET"]}}],"collection":[{"href":"https:\/\/hardestchoice.org\/fr\/wp-json\/wp\/v2\/pages"}],"about":[{"href":"https:\/\/hardestchoice.org\/fr\/wp-json\/wp\/v2\/types\/page"}],"author":[{"embeddable":true,"href":"https:\/\/hardestchoice.org\/fr\/wp-json\/wp\/v2\/users\/136335720"}],"replies":[{"embeddable":true,"href":"https:\/\/hardestchoice.org\/fr\/wp-json\/wp\/v2\/comments?post=24"}],"version-history":[{"count":23,"href":"https:\/\/hardestchoice.org\/fr\/wp-json\/wp\/v2\/pages\/24\/revisions"}],"predecessor-version":[{"id":1644,"href":"https:\/\/hardestchoice.org\/fr\/wp-json\/wp\/v2\/pages\/24\/revisions\/1644"}],"wp:attachment":[{"href":"https:\/\/hardestchoice.org\/fr\/wp-json\/wp\/v2\/media?parent=24"}],"curies":[{"name":"wp","href":"https:\/\/api.w.org\/{rel}","templated":true}]}}