{"id":29,"date":"2022-03-02T12:17:16","date_gmt":"2022-03-02T03:17:16","guid":{"rendered":"https:\/\/hardestchoice.org\/?page_id=29"},"modified":"2022-10-07T20:43:23","modified_gmt":"2022-10-07T11:43:23","slug":"contactus","status":"publish","type":"page","link":"https:\/\/hardestchoice.org\/fr\/contactus\/","title":{"rendered":"FAQ \/ CONTACT"},"content":{"rendered":"<hr class=\"wp-block-separator has-alpha-channel-opacity is-style-wide\"\/>\n\n\n\n<div class=\"wp-block-group is-layout-flow wp-block-group-is-layout-flow\">\n<h2 class=\"wp-block-heading\">FAQ<\/h2>\n\n\n\n<h4 class=\"wp-block-heading\">Q : Je me pr\u00e9pare maintenant.<\/h4>\n\n\n\n<p class=\"wp-block-paragraph\">R : Nous pr\u00e9parons une r\u00e9ponse.<\/p>\n\n\n\n<div class=\"wp-block-columns is-layout-flex wp-container-core-columns-is-layout-1a9244c7 wp-block-columns-is-layout-flex\">\n<div class=\"wp-block-column is-layout-flow wp-block-column-is-layout-flow\" style=\"flex-basis:100%\">\n<hr class=\"wp-block-separator has-alpha-channel-opacity is-style-wide\"\/>\n<\/div>\n<\/div>\n\n\n\n<p class=\"wp-block-paragraph\"><\/p>\n\n\n\n<h3 class=\"wp-block-heading\">A propos du th\u00e8me \"Choix le plus difficile\"<\/h3>\n\n\n\n<p class=\"wp-block-paragraph\">Ce th\u00e8me couvre les d\u00e9fis auxquels vous serez confront\u00e9s et auxquels vous serez confront\u00e9s au cours de vos recherches et de votre pratique. Les questions consid\u00e9r\u00e9es comme extr\u00eamement difficiles dans divers domaines sont consid\u00e9r\u00e9es comme un \"Choix le plus difficile\".<br>Cependant, m\u00eame si le probl\u00e8me est consid\u00e9r\u00e9 comme un probl\u00e8me de terrain, il existe certains probl\u00e8mes qui ne devraient pas \u00eatre partag\u00e9s avec la soci\u00e9t\u00e9 dans son ensemble. D\u2019un autre c\u00f4t\u00e9, il y a aussi des questions qui devraient \u00eatre partag\u00e9es par la soci\u00e9t\u00e9 et que celle-ci devrait approfondir sa compr\u00e9hension. De plus, au sein de la soci\u00e9t\u00e9, il y a des gens qui pensent que c&#039;est un probl\u00e8me, et d&#039;autres qui pensent que ce n&#039;est pas un probl\u00e8me.<br>Les r\u00e9ponses des gens varient consid\u00e9rablement selon la fa\u00e7on dont ils demandent. Par exemple, lorsque vous posez des questions sur les r\u00e9fugi\u00e9s, si vous insistez \u00e0 l&#039;avance sur la situation difficile du r\u00e9fugi\u00e9, vous le sauverez, et si vous insistez sur les inconv\u00e9nients associ\u00e9s \u00e0 l&#039;acceptation de r\u00e9fugi\u00e9s, vous le rejeterez.<br>A ce stade pilote, nous cherchons une mani\u00e8re appropri\u00e9e de poser ces questions.<\/p>\n<\/div>\n\n\n\n<hr class=\"wp-block-separator has-alpha-channel-opacity is-style-wide\"\/>\n\n\n\n<h2 class=\"wp-block-heading\">Informations de contact<\/h2>\n\n\n\n<p class=\"wp-block-paragraph\">Veuillez envoyer le contact au groupe d'\u00e9tude \"Choix le plus difficile\" parmi les suivants.<\/p>\n\n\n\n<p class=\"wp-block-paragraph\">Si vous avez des commentaires sur ce th\u00e8me de \n \"Choix le plus difficile\", n'h\u00e9sitez pas \u00e0 \u00e9crire n'importe quoi.<\/p>\n\n\n\n<p class=\"wp-block-paragraph\"><\/p>\n\n\n<div class=\"wp-block-jetpack-contact-form is-layout-flex wp-container-jetpack-contact-form-is-layout-2cb9499c wp-block-jetpack-contact-form-is-layout-flex\"><a href=\"https:\/\/hardestchoice.org\/fr\/contactus\/\" target=\"_blank\" rel=\"noopener noreferrer\">Soumettre un formulaire.<\/a><\/div>\n\n\n<p class=\"wp-block-paragraph\"><\/p>\n\n\n\n<div style=\"height:100px\" aria-hidden=\"true\" class=\"wp-block-spacer\"><\/div>","protected":false},"excerpt":{"rendered":"<p>\u3088\u304f\u3042\u308b\u3054\u8cea\u554f Q: \u53ea\u4eca\u6e96\u5099\u4e2d\u3067\u3059\u3002 A: \u56de\u7b54\u3092\u6e96\u5099\u3057\u3066\u304a\u308a\u307e\u3059\u3002 \u300a\u7a76\u6975\u306e\u9078\u629e\u300b\u3068\u3044\u3046\u30c6\u30fc\u30de\u306b\u3064\u3044\u3066 \u3053 [&hellip;]<\/p>\n","protected":false},"author":136335720,"featured_media":0,"parent":0,"menu_order":0,"comment_status":"closed","ping_status":"closed","template":"","meta":{"_crdt_document":"","advanced_seo_description":"","jetpack_seo_html_title":"","jetpack_seo_noindex":false,"footnotes":""},"class_list":["post-29","page","type-page","status-publish","hentry"],"jetpack_likes_enabled":true,"jetpack_sharing_enabled":true,"jetpack_shortlink":"https:\/\/wp.me\/PdK9kd-t","jetpack-related-posts":[],"amp_enabled":true,"_links":{"self":[{"href":"https:\/\/hardestchoice.org\/fr\/wp-json\/wp\/v2\/pages\/29","targetHints":{"allow":["GET"]}}],"collection":[{"href":"https:\/\/hardestchoice.org\/fr\/wp-json\/wp\/v2\/pages"}],"about":[{"href":"https:\/\/hardestchoice.org\/fr\/wp-json\/wp\/v2\/types\/page"}],"author":[{"embeddable":true,"href":"https:\/\/hardestchoice.org\/fr\/wp-json\/wp\/v2\/users\/136335720"}],"replies":[{"embeddable":true,"href":"https:\/\/hardestchoice.org\/fr\/wp-json\/wp\/v2\/comments?post=29"}],"version-history":[{"count":34,"href":"https:\/\/hardestchoice.org\/fr\/wp-json\/wp\/v2\/pages\/29\/revisions"}],"predecessor-version":[{"id":1755,"href":"https:\/\/hardestchoice.org\/fr\/wp-json\/wp\/v2\/pages\/29\/revisions\/1755"}],"wp:attachment":[{"href":"https:\/\/hardestchoice.org\/fr\/wp-json\/wp\/v2\/media?parent=29"}],"curies":[{"name":"wp","href":"https:\/\/api.w.org\/{rel}","templated":true}]}}