{"id":14,"date":"2022-03-02T12:01:05","date_gmt":"2022-03-02T03:01:05","guid":{"rendered":"https:\/\/hardestchoice.org\/?page_id=14"},"modified":"2024-06-05T13:21:07","modified_gmt":"2024-06-05T04:21:07","slug":"aboutus","status":"publish","type":"page","link":"https:\/\/hardestchoice.org\/gd\/aboutus\/","title":{"rendered":"ABHAINN"},"content":{"rendered":"<div class=\"wp-block-group alignfull is-layout-constrained wp-block-group-is-layout-constrained\">\n<h2 class=\"wp-block-heading\">Buidheann Sgr\u00f9daidh \u300aRoghainn Deireannach\u300b<\/h2>\n\n\n\n<p class=\"wp-block-paragraph\">Is e seo duilleag-dachaigh Buidheann Rannsachaidh Ionad Foghlaim Eadar-chuspaireil Oilthigh Kyoto `` Ultimate Choice&#039;&#039; (Aonad Solas Rannsachaidh `` Ultimate Choice&#039;&#039; aig Oilthigh Kyoto roimhe seo).<\/p>\n\n\n\n<p class=\"wp-block-paragraph\">Chan eil d\u00f2chasan, aislingean no Duaisean Nobel aig an rannsachadh againn. A bharrachd air an sin, is d\u00f2cha gum bi thu a &#039;faireachdainn gu bheil e riatanach beachdachadh air rudan cho cruaidh. Tha seo air sg\u00e0th gu bheil rannsachadh `` Roghainn Deireannach &#039;&#039; a&#039; beachdachadh air d\u00e8 agus c\u00f2 a bu ch\u00f2ir a thoirt seachad.<\/p>\n\n\n\n<p class=\"wp-block-paragraph\">Ach tha e na sgr\u00f9dadh riatanach. Oir mura ullaich thu freagairt airson an `` roghainn mu dheireadh&#039;&#039;, \u00e8iridh suidheachadh nas miosa.<\/p>\n\n\n\n<p class=\"wp-block-paragraph\">Mar eisimpleir, \u201cC\u00f2 a bu ch\u00f2ir pr\u00ecomhachas a thoirt dha banachdach nuair a tha gainnead bhanachdachan ann ri linn galar l\u00e8ir-sgaoilte marbhtach?\u201d agus \u201cC\u00f2 a bu ch\u00f2ir pr\u00ecomhachas a thoirt dha teasairginn nuair a thathar a\u2019 teasairginn dhaoine bho mh\u00f2r-thubaist?&quot; Is e an roghainn \u00ecobairt mar seo chan e rudeigin a dh&#039;fhaodar a fhreagairt san spot.<\/p>\n\n\n\n<p class=\"wp-block-paragraph\">Mura freagair sinn a\u2019 cheist seo mu \u00ecobairt, is d\u00f2cha gum bi sinn ann an suidheachadh far a bheilear a\u2019 tighinn an toiseach, an toiseach a\u2019 frithealadh, na cumhachdach agus na beairteach air am pr\u00ecomhachasadh, air neo bidh sinn a\u2019 seachnadh roghainn agus a\u2019 d\u00e8anamh \u00ecobairtean dha na h-uile. toradh nach eil a\u2019 mh\u00f2r-chuid ag iarraidh.<\/p>\n\n\n\n<p class=\"wp-block-paragraph\">Fi\u00f9 ma chumas sinn oirnn a\u2019 coimhead air falbh, chan atharraich an toradh uamhasach.<\/p>\n\n\n\n<p class=\"wp-block-paragraph\">Faodaidh cuid cuideachd smaoineachadh air triage, mar eisimpleir, co-cheangailte ris a\u2019 cheist seo. Ach, b\u2019 e suidheachadh \u00e8iginneach a bh\u2019 anns na thachair aig Crith-thalmhainn Iapan an Ear agus eadhon ged a bhiodh triage air a chomharrachadh mar \u201cl\u00e0imhseachadh pr\u00ecomhachais as \u00e0irde,\u201d bha an \u00e0ireamh de ch\u00f9isean ro mh\u00f2r agus bha feum air tuilleadh taghaidh. Mar as motha a bhios m\u00f2r-thubaist no trioblaid ann, is ann as duilghe a bhios e freagairt a\u2019 cleachdadh dh\u00f2ighean \u00e0bhaisteach, agus tha an ``roghainn mu dheireadh&#039;&#039; ag \u00e8irigh anns gach \u00e0ite.<\/p>\n\n\n\n<p class=\"wp-block-paragraph\">Mar ullachadh airson a leithid de \u201croghainn deireannach,\u201d tha mi a\u2019 creidsinn, gus freagairtean a chruthachadh a dh\u2019 fhaodas uimhir de dhaoine gabhail ris, gu bheil feum againn air siostam a leigeas leinn deasbad agus taghadh faiceallach a dh\u00e8anamh.<\/p>\n\n\n\n<p class=\"wp-block-paragraph\">Mar sin, fon tiotal `` Roghainn deireannach, &#039;&#039; tha sinn a &#039;rannsachadh duilgheadas roghainn ann an suidheachaidhean f\u00ecor agus a&#039; coimhead airson fuasglaidhean nas fhe\u00e0rr.<\/p>\n\n\n\n<p class=\"wp-block-paragraph\">Am bu mhath leat smaoineachadh air an roghainn mu dheireadh c\u00f2mhla?<\/p>\n\n\n\n<p class=\"wp-block-paragraph\">(Anns an \u00e0m ri teachd, bu mhath leam a bhith ag amas air siostam a bheir taic do cho-dh\u00f9naidhean cruinneil le bhith a\u2019 gabhail ri molaidhean bho luchd-bh\u00f2taidh, a\u2019 toirt seachad f\u00f2ram airson beachdachadh, agus ag ullachadh dreachan ann an diofar ch\u00e0nanan, ach tha seo fhathast fada air falbh.)<\/p>\n\n\n\n<figure class=\"wp-block-image size-full\"><a href=\"https:\/\/i0.wp.com\/hardestchoice.org\/wp-content\/uploads\/2022\/04\/figure-hardestchoice.png?ssl=1\"><img loading=\"lazy\" decoding=\"async\" width=\"1280\" height=\"957\" data-attachment-id=\"79\" data-permalink=\"https:\/\/hardestchoice.org\/gd\/aboutus\/figure-hardestchoice\/\" data-orig-file=\"https:\/\/i0.wp.com\/hardestchoice.org\/wp-content\/uploads\/2022\/04\/figure-hardestchoice.png?fit=1280%2C957&amp;ssl=1\" data-orig-size=\"1280,957\" data-comments-opened=\"0\" data-image-meta=\"{&quot;aperture&quot;:&quot;0&quot;,&quot;credit&quot;:&quot;&quot;,&quot;camera&quot;:&quot;&quot;,&quot;caption&quot;:&quot;&quot;,&quot;created_timestamp&quot;:&quot;0&quot;,&quot;copyright&quot;:&quot;&quot;,&quot;focal_length&quot;:&quot;0&quot;,&quot;iso&quot;:&quot;0&quot;,&quot;shutter_speed&quot;:&quot;0&quot;,&quot;title&quot;:&quot;&quot;,&quot;orientation&quot;:&quot;0&quot;}\" data-image-title=\"figure-hardestchoice\" data-image-description=\"\" data-image-caption=\"\" data-large-file=\"https:\/\/i0.wp.com\/hardestchoice.org\/wp-content\/uploads\/2022\/04\/figure-hardestchoice.png?fit=1024%2C766&amp;ssl=1\" src=\"https:\/\/i0.wp.com\/hardestchoice.org\/wp-content\/uploads\/2022\/04\/figure-hardestchoice.png?fit=1280%2C957&amp;ssl=1\" alt=\"\" class=\"wp-image-79\" srcset=\"https:\/\/i0.wp.com\/hardestchoice.org\/wp-content\/uploads\/2022\/04\/figure-hardestchoice.png?w=1280&amp;ssl=1 1280w, https:\/\/i0.wp.com\/hardestchoice.org\/wp-content\/uploads\/2022\/04\/figure-hardestchoice.png?resize=300%2C224&amp;ssl=1 300w, https:\/\/i0.wp.com\/hardestchoice.org\/wp-content\/uploads\/2022\/04\/figure-hardestchoice.png?resize=1024%2C766&amp;ssl=1 1024w, https:\/\/i0.wp.com\/hardestchoice.org\/wp-content\/uploads\/2022\/04\/figure-hardestchoice.png?resize=768%2C574&amp;ssl=1 768w, https:\/\/i0.wp.com\/hardestchoice.org\/wp-content\/uploads\/2022\/04\/figure-hardestchoice.png?resize=16%2C12&amp;ssl=1 16w, https:\/\/i0.wp.com\/hardestchoice.org\/wp-content\/uploads\/2022\/04\/figure-hardestchoice.png?resize=400%2C300&amp;ssl=1 400w, https:\/\/i0.wp.com\/hardestchoice.org\/wp-content\/uploads\/2022\/04\/figure-hardestchoice.png?resize=200%2C150&amp;ssl=1 200w, https:\/\/i0.wp.com\/hardestchoice.org\/wp-content\/uploads\/2022\/04\/figure-hardestchoice.png?resize=1200%2C897&amp;ssl=1 1200w\" sizes=\"auto, (max-width: 1000px) 100vw, 1000px\" \/><\/a><\/figure>\n<\/div>\n\n\n\n<hr class=\"wp-block-separator has-alpha-channel-opacity is-style-wide\"\/>\n\n\n\n<h2 class=\"wp-block-heading\">tabhartasan rannsachaidh<\/h2>\n\n\n\n<p class=\"wp-block-paragraph\">&quot;<em>Riatanasan airson AI gus co-dh\u00f9naidhean s\u00f2isealta a dh\u00e8anamh<\/em>- deagh ch\u00e0ileachd<em>seata d\u00e0ta<\/em>agus ion-mhiannaichte<em>Toradh<\/em>rannsachadh&quot; (\u00e0ireamh duilgheadas<a href=\"https:\/\/toyotafound.secure.force.com\/psearch\/JoseiDetail?name=D19-ST-0019\">D19-ST-0019<\/a>, Riochdaire: Hirotsugu Oba) (Toyota Foundation 2019 Cuspair S\u00f2nraichte \u201cComann daonna \u00f9r air a cho-chruthachadh le teicne\u00f2las adhartach\u201d)<\/p>\n\n\n\n<p class=\"wp-block-paragraph\"><a href=\"https:\/\/toyotafound.secure.force.com\/psearch\/JoseiDetail?name=D19-ST-0019\">https:\/\/toyotafound.secure.force.com\/psearch\/JoseiDetail?name=D19-ST-0019<\/a><\/p>\n\n\n\n<hr class=\"wp-block-separator has-alpha-channel-opacity is-style-wide\"\/>\n\n\n\n<h2 class=\"wp-block-heading\">buill rannsachaidh<\/h2>\n\n\n\n<p class=\"wp-block-paragraph\"><\/p>\n\n\n\n<p class=\"wp-block-paragraph\"><strong>Tagh Kagai<\/strong><br>Oilthigh Tokyo, Institiud Kavli airson Fiosaigs agus Matamataig na Cruinne, Neach-rannsachaidh S\u00f2nraichte, cleachdadh e\u00f2las air te\u00f2iridh conaltraidh saidheans<\/p>\n\n\n\n<p class=\"wp-block-paragraph\"><strong>Makoto Ozono<\/strong><br>Oilthigh Doshisha, Institiud nan Daonnachdan, Neach-rannsachaidh C\u00f9mhnant, Cur an gn\u00ecomh e\u00f2las saidheans poilitigeach<\/p>\n\n\n\n<p class=\"wp-block-paragraph\"><strong><a href=\"https:\/\/researchmap.jp\/overhiro\/\" data-type=\"URL\" data-id=\"https:\/\/researchmap.jp\/overhiro\/\" target=\"_blank\" rel=\"noreferrer noopener\">Hirotsugu Ohba<\/a><\/strong><br>Oilthigh Rikkyo, Sgoil Cheumnach Saidheans Artificial Intelligence, \u00c0rd-ollamh air a shuidheachadh gu s\u00f2nraichte, Riochdaire, Uallach Coitcheann<\/p>\n\n\n\n<p class=\"wp-block-paragraph\"><strong>Shinpei Okamoto<\/strong><br>Oilthigh Hiroshima, Sgoil Cheumnach nan Litrichean, Leas-Ollamh, Cur an gn\u00ecomh e\u00f2lais ann am feallsanachd gn\u00ecomhaichte<\/p>\n\n\n\n<p class=\"wp-block-paragraph\"><strong>Mashashi Kasagi<\/strong><br>\u00c0rd-ollamh Co-cheangailte gu s\u00f2nraichte, Colaiste Ealain Libearalach Oilthigh Nagoya, Cur an gn\u00ecomh E\u00f2lais bho Fheallsanachd Deuchainneach<\/p>\n\n\n\n<p class=\"wp-block-paragraph\"><strong>Noiru Kikuchi<\/strong><br>Institiud Ceumnaiche N\u00e0iseanta airson Sgr\u00f9daidhean Poileasaidh \/ Ionad Sgr\u00f9daidh Poileasaidh \u00d9r-ghn\u00e0thachaidh Saidheans is Teicne\u00f2lais \/ Proifeiseantaich, Cur an s\u00e0s E\u00f2las ann an Te\u00f2iridh Conaltraidh Saidheans<\/p>\n\n\n\n<p class=\"wp-block-paragraph\"><strong>Harushi Tamazawa<\/strong><br>Oilthigh Kyoto, Sgoil Litrichean Ceumnaiche, Neach-rannsachaidh, Iar-riochdaire, Cur an gn\u00ecomh E\u00f2las Saidheans F\u00e0nais<\/p>\n\n\n\n<p class=\"wp-block-paragraph\"><strong>Satoshi Kawamura<\/strong><br>Oilthigh Kyoto, Amharclann Reul-e\u00f2lais Sgoil Cheumnach Saidheans, Pr\u00f2gram Dotaireil, Cur an gn\u00ecomh E\u00f2las Saidheans F\u00e0nais<\/p>\n\n\n\n<p class=\"wp-block-paragraph\"><strong>Shiro Komatsu<\/strong><br>Oilthigh Yamanashi, D\u00e0mh Beatha agus Saidheansan \u00c0rainneachd, \u00c0rd-ollamh, cleachdadh e\u00f2las bho shaidheans beatha agus saidheans poilitigeach<\/p>\n\n\n\n<p class=\"wp-block-paragraph\"><strong>Keiko Sato<\/strong><br>Oilthigh Kyoto, Ospadal D\u00e0mh an Leigheis, Roinn Riaghladh S\u00e0bhailteachd Meidigeach, \u00c0rd-ollamh air a chur an dreuchd gu s\u00f2nraichte, Cur an gn\u00ecomh E\u00f2las Saidheans Beatha<\/p>\n\n\n\n<p class=\"wp-block-paragraph\"><strong>Mika Suzuki<\/strong><br>Oilthigh Kyoto, Institiud Rannsachaidh Cell iPS, Roinn Rannsachaidh Beusachd Uehiro, Neach-rannsachaidh S\u00f2nraichte, Cur an gn\u00ecomh e\u00f2las air bith-e\u00f2las<\/p>\n\n\n\n<p class=\"wp-block-paragraph\"><strong>Yuki Takagi<\/strong><br>Oilthigh Kyoto, Sgoil Litrichean Ceumnaiche, Pr\u00f2gram Dotaireil, Cur an s\u00e0s E\u00f2lais ann am Beusachd Gn\u00ecomhaichte<\/p>\n\n\n\n<p class=\"wp-block-paragraph\"><strong>Masatsugu Chichiiwa<\/strong><br>Oilthigh Cathair Kitakyushu, D\u00e0mh Sgr\u00f9daidhean nan D\u00f9thchannan C\u00e8in, \u00f2raidiche p\u00e0irt-\u00f9ine, cleachdadh e\u00f2las saidheans poilitigeach<\/p>\n\n\n\n<p class=\"wp-block-paragraph\"><strong><a href=\"https:\/\/researchmap.jp\/Nagafumi_Nakamura\/?lang=japanese\" target=\"_blank\" rel=\"noreferrer noopener\">Nagafumi Nakamura<\/a><\/strong><br>\u00c0rd-ollamh Neach-taic Pr\u00f2iseict, Buidheann airson Foghlam Ealain Libearalach air adhart, D\u00e0mh nan Ealan is nan Saidheansan, Oilthigh Tokyo, Cur an gn\u00ecomh e\u00f2las saidheans poilitigeach<\/p>\n\n\n\n<p class=\"wp-block-paragraph\"><strong>Honda Kojiro<\/strong><br>Oilthigh Meidigeach Kanazawa, Roinn nan Saidheansan Daonna, \u00c0rd-ollamh Co-cheangailte, Cur an gn\u00ecomh e\u00f2las bho fheallsanachd gn\u00ecomhaichte<\/p>\n\n\n\n<p class=\"wp-block-paragraph\"><strong>Miyano<\/strong><br>\u00c0rd-ollamh Co-cheangailte, Ionad Brosnachadh Foghlam is Rannsachadh Eadar-chuspaireil, Oilthigh Kyoto, Cur an gn\u00ecomh e\u00f2las bho aonachadh eadar-chuspaireil<\/p>\n\n\n\n<p class=\"wp-block-paragraph\"><strong>Masahiro Morioka<\/strong><br>Oilthigh Waseda, D\u00e0mh nan Saidheansan Daonna, Ollamh, Cur an gn\u00ecomh e\u00f2las bho fheallsanachd gn\u00ecomhaichte<\/p>","protected":false},"excerpt":{"rendered":"<p>\u300a\u7a76\u6975\u306e\u9078\u629e\u300b\u7814\u7a76\u4f1a \u4eac\u90fd\u5927\u5b66 \u5b66\u969b\u878d\u5408\u6559\u80b2\u30bb\u30f3\u30bf\u30fc\u300a\u7a76\u6975\u306e\u9078\u629e\u300b\u7814\u7a76\u4f1a\uff08\u65e7 \u4eac\u90fd\u5927\u5b66\u300a\u7a76\u6975\u306e\u9078\u629e\u300b\u7814\u7a76\u30e9\u30a4\u30c8 [&hellip;]<\/p>\n","protected":false},"author":131104234,"featured_media":0,"parent":0,"menu_order":0,"comment_status":"closed","ping_status":"closed","template":"","meta":{"_crdt_document":"","advanced_seo_description":"","jetpack_seo_html_title":"","jetpack_seo_noindex":false,"footnotes":""},"class_list":["post-14","page","type-page","status-publish","hentry"],"jetpack_likes_enabled":true,"jetpack_sharing_enabled":true,"jetpack_shortlink":"https:\/\/wp.me\/PdK9kd-e","jetpack-related-posts":[],"amp_enabled":true,"_links":{"self":[{"href":"https:\/\/hardestchoice.org\/gd\/wp-json\/wp\/v2\/pages\/14","targetHints":{"allow":["GET"]}}],"collection":[{"href":"https:\/\/hardestchoice.org\/gd\/wp-json\/wp\/v2\/pages"}],"about":[{"href":"https:\/\/hardestchoice.org\/gd\/wp-json\/wp\/v2\/types\/page"}],"author":[{"embeddable":true,"href":"https:\/\/hardestchoice.org\/gd\/wp-json\/wp\/v2\/users\/131104234"}],"replies":[{"embeddable":true,"href":"https:\/\/hardestchoice.org\/gd\/wp-json\/wp\/v2\/comments?post=14"}],"version-history":[{"count":36,"href":"https:\/\/hardestchoice.org\/gd\/wp-json\/wp\/v2\/pages\/14\/revisions"}],"predecessor-version":[{"id":2469,"href":"https:\/\/hardestchoice.org\/gd\/wp-json\/wp\/v2\/pages\/14\/revisions\/2469"}],"wp:attachment":[{"href":"https:\/\/hardestchoice.org\/gd\/wp-json\/wp\/v2\/media?parent=14"}],"curies":[{"name":"wp","href":"https:\/\/api.w.org\/{rel}","templated":true}]}}