{"id":29,"date":"2022-03-02T12:17:16","date_gmt":"2022-03-02T03:17:16","guid":{"rendered":"https:\/\/hardestchoice.org\/?page_id=29"},"modified":"2022-10-07T20:43:23","modified_gmt":"2022-10-07T11:43:23","slug":"contactus","status":"publish","type":"page","link":"https:\/\/hardestchoice.org\/gd\/contactus\/","title":{"rendered":"Ceistean Cumanta \/ CONTACT"},"content":{"rendered":"<hr class=\"wp-block-separator has-alpha-channel-opacity is-style-wide\"\/>\n\n\n\n<div class=\"wp-block-group is-layout-flow wp-block-group-is-layout-flow\">\n<h2 class=\"wp-block-heading\">Ceistean Cumanta<\/h2>\n\n\n\n<h4 class=\"wp-block-heading\">C: Tha sinn ag ullachadh an-dr\u00e0sta.<\/h4>\n\n\n\n<p class=\"wp-block-paragraph\">F: Tha sinn ag ullachadh freagairt.<\/p>\n\n\n\n<div class=\"wp-block-columns is-layout-flex wp-container-core-columns-is-layout-1a9244c7 wp-block-columns-is-layout-flex\">\n<div class=\"wp-block-column is-layout-flow wp-block-column-is-layout-flow\" style=\"flex-basis:100%\">\n<hr class=\"wp-block-separator has-alpha-channel-opacity is-style-wide\"\/>\n<\/div>\n<\/div>\n\n\n\n<p class=\"wp-block-paragraph\"><\/p>\n\n\n\n<h3 class=\"wp-block-heading\">Mu dheidhinn a\u2019 chuspair \u201cRoghainn deireannach\u201d<\/h3>\n\n\n\n<p class=\"wp-block-paragraph\">Tha an cuspair seo a\u2019 cuimseachadh air c\u00f9isean a bhios mu choinneamh oileanaich agus a bhios romhpa fhad \u2018s a bhios iad a\u2019 toirt air adhart an rannsachadh agus an cleachdadh. Tha ceistean a thathas a&#039; meas a bhith uabhasach doirbh ann an diofar raointean air an taghadh mar an ``roghainn mu dheireadh.&#039;&#039;<br>Ach, eadhon ged a tha thu a &#039;creidsinn gu bheil duilgheadas san raon, tha cuid de dhuilgheadasan ann nach bu ch\u00f2ir a bhith air an roinn leis a&#039; chomann-sh\u00f2isealta gu h-iomlan. Air an l\u00e0imh eile, tha c\u00f9isean ann cuideachd a bu ch\u00f2ir a bhith air an co-roinn leis a\u2019 chomann-sh\u00f2isealta agus air am bu ch\u00f2ir don chomann-sh\u00f2isealta tuigse nas doimhne fhaighinn orra. A bharrachd air an sin, anns a\u2019 chomann-sh\u00f2isealta, tha daoine ann a tha den bheachd gur e duilgheadas a th\u2019 ann, agus feadhainn eile a tha den bheachd nach e duilgheadas a th\u2019 ann.<br>Faodaidh freagairtean dhaoine atharrachadh gu m\u00f2r a r\u00e8ir mar a dh\u2019iarras tu orra. Mar eisimpleir, nuair a bhios tu a\u2019 faighneachd mu ch\u00f9is f\u00f2garraich, ma chuireas tu cuideam air suidheachadh f\u00f2garraich ro-l\u00e0imh, bidh thu nas dualtaiche an s\u00e0bhaladh, ach ma chuireas tu cuideam air na h-eas-bhuannachdan a thig an cois gabhail ri f\u00f2garraich, bidh thu nas dualtaiche an di\u00f9ltadh.<br>Aig an \u00ecre ph\u00ecleat seo, tha sinn an-dr\u00e0sta a\u2019 lorg d\u00f2igh iomchaidh air ceistean mar seo fhaighneachd.<\/p>\n<\/div>\n\n\n\n<hr class=\"wp-block-separator has-alpha-channel-opacity is-style-wide\"\/>\n\n\n\n<h2 class=\"wp-block-heading\">Fiosrachadh conaltraidh<\/h2>\n\n\n\n<p class=\"wp-block-paragraph\">Ma tha thu airson fios a chur chun bhuidheann rannsachaidh ``Deireadh Roghainn&#039;&#039;, nach cuir thu fios thugainn a&#039; cleachdadh an fhoirm gu h-\u00ecosal.<\/p>\n\n\n\n<p class=\"wp-block-paragraph\">Ma tha beachd sam bith agad mun chuspair seo de `` Roghainn Deireannach,&#039;&#039; feuch an sgr\u00ecobh thu s\u00ecos iad.<\/p>\n\n\n\n<p class=\"wp-block-paragraph\"><\/p>\n\n\n<div class=\"wp-block-jetpack-contact-form is-layout-flex wp-container-jetpack-contact-form-is-layout-2cb9499c wp-block-jetpack-contact-form-is-layout-flex\"><a href=\"https:\/\/hardestchoice.org\/gd\/contactus\/\" target=\"_blank\" rel=\"noopener noreferrer\">Submit a form.<\/a><\/div>\n\n\n<p class=\"wp-block-paragraph\"><\/p>\n\n\n\n<div style=\"height:100px\" aria-hidden=\"true\" class=\"wp-block-spacer\"><\/div>","protected":false},"excerpt":{"rendered":"<p>\u3088\u304f\u3042\u308b\u3054\u8cea\u554f Q: \u53ea\u4eca\u6e96\u5099\u4e2d\u3067\u3059\u3002 A: \u56de\u7b54\u3092\u6e96\u5099\u3057\u3066\u304a\u308a\u307e\u3059\u3002 \u300a\u7a76\u6975\u306e\u9078\u629e\u300b\u3068\u3044\u3046\u30c6\u30fc\u30de\u306b\u3064\u3044\u3066 \u3053 [&hellip;]<\/p>\n","protected":false},"author":136335720,"featured_media":0,"parent":0,"menu_order":0,"comment_status":"closed","ping_status":"closed","template":"","meta":{"_crdt_document":"","advanced_seo_description":"","jetpack_seo_html_title":"","jetpack_seo_noindex":false,"footnotes":""},"class_list":["post-29","page","type-page","status-publish","hentry"],"jetpack_likes_enabled":true,"jetpack_sharing_enabled":true,"jetpack_shortlink":"https:\/\/wp.me\/PdK9kd-t","jetpack-related-posts":[],"amp_enabled":true,"_links":{"self":[{"href":"https:\/\/hardestchoice.org\/gd\/wp-json\/wp\/v2\/pages\/29","targetHints":{"allow":["GET"]}}],"collection":[{"href":"https:\/\/hardestchoice.org\/gd\/wp-json\/wp\/v2\/pages"}],"about":[{"href":"https:\/\/hardestchoice.org\/gd\/wp-json\/wp\/v2\/types\/page"}],"author":[{"embeddable":true,"href":"https:\/\/hardestchoice.org\/gd\/wp-json\/wp\/v2\/users\/136335720"}],"replies":[{"embeddable":true,"href":"https:\/\/hardestchoice.org\/gd\/wp-json\/wp\/v2\/comments?post=29"}],"version-history":[{"count":34,"href":"https:\/\/hardestchoice.org\/gd\/wp-json\/wp\/v2\/pages\/29\/revisions"}],"predecessor-version":[{"id":1755,"href":"https:\/\/hardestchoice.org\/gd\/wp-json\/wp\/v2\/pages\/29\/revisions\/1755"}],"wp:attachment":[{"href":"https:\/\/hardestchoice.org\/gd\/wp-json\/wp\/v2\/media?parent=29"}],"curies":[{"name":"wp","href":"https:\/\/api.w.org\/{rel}","templated":true}]}}