{"id":14,"date":"2022-03-02T12:01:05","date_gmt":"2022-03-02T03:01:05","guid":{"rendered":"https:\/\/hardestchoice.org\/?page_id=14"},"modified":"2024-06-05T13:21:07","modified_gmt":"2024-06-05T04:21:07","slug":"aboutus","status":"publish","type":"page","link":"https:\/\/hardestchoice.org\/gl\/aboutus\/","title":{"rendered":"SOBRE"},"content":{"rendered":"<div class=\"wp-block-group alignfull is-layout-constrained wp-block-group-is-layout-constrained\">\n<h2 class=\"wp-block-heading\">&lt;&lt; A elecci\u00f3n definitiva &gt;&gt; Grupo de estudo<\/h2>\n\n\n\n<p class=\"wp-block-paragraph\">Este \u00e9 o sitio web do Grupo de Estudos &quot;The Ultimate Choice&quot; do Centro Universitario de Kioto para a Educaci\u00f3n Interdisciplinar (antiga Unidade de Luz de Investigaci\u00f3n &quot;The Ultimate Choice&quot; da Universidade de Kioto).<\/p>\n\n\n\n<p class=\"wp-block-paragraph\">A nosa investigaci\u00f3n non ten so\u00f1os, esperanzas nin premios Nobel. Ademais, podes sentir que necesitas pensar en tal crueldade. Isto d\u00e9bese a que a investigaci\u00f3n sobre a Elecci\u00f3n Definitiva \u00e9 un estudo sobre o que e a quen sacrificar.<\/p>\n\n\n\n<p class=\"wp-block-paragraph\">Pero a investigaci\u00f3n \u00e9 necesaria. Porque se non preparas unha resposta para Ultimate Choice, acabar\u00e1s nunha situaci\u00f3n peor.<\/p>\n\n\n\n<p class=\"wp-block-paragraph\">Por exemplo, ``a quen se debe priorizar a vacinaci\u00f3n cando hai escaseza de vacinas durante unha pandemia cunha alta taxa de mortalidade?&#039;&#039; e ``a quen se debe priorizar o rescate cando se rescata a xente dun desastre a gran escala&#039;. A elecci\u00f3n dun sacrificio como este non \u00e9 algo que se poida responder no acto nese momento.<\/p>\n\n\n\n<p class=\"wp-block-paragraph\">Se esta cuesti\u00f3n do sacrificio queda sen resposta, \u00e9 probable que haxa un primeiro en chegar, primeiro servido, unha preferencia polos que est\u00e1n en poder e os ricos, ou unha evitaci\u00f3n da elecci\u00f3n onde todos son sacrificados. a maior\u00eda da xente non quere.<\/p>\n\n\n\n<p class=\"wp-block-paragraph\">Seguir mirando para outro lado non cambia o terrible final.<\/p>\n\n\n\n<p class=\"wp-block-paragraph\">Ademais, en relaci\u00f3n a esta cuesti\u00f3n, algunhas persoas poden asociar a triaxe, por exemplo. Non obstante, o que pasou co Gran Terremoto do Xap\u00f3n Oriental foi unha situaci\u00f3n de emerxencia na que a\u00ednda que se marcase o &quot;tratamento de m\u00e1xima prioridade&quot; na clasificaci\u00f3n, hab\u00eda demasiados e era necesaria unha selecci\u00f3n adicional. Canto maior sexa a escala de desastres e problemas, m\u00e1is dif\u00edcil se volve xestionar os sistemas convencionais, e a &quot;opci\u00f3n final&quot; ocorre en todas partes.<\/p>\n\n\n\n<p class=\"wp-block-paragraph\">En preparaci\u00f3n para a aparici\u00f3n de tal &quot;escolla definitiva&quot;, cremos que \u00e9 necesario contar cun mecanismo que permita unha discusi\u00f3n e unha selecci\u00f3n coidadosas ao longo do tempo para producir respostas que convenzan ao maior n\u00famero de persoas posible.<\/p>\n\n\n\n<p class=\"wp-block-paragraph\">Por iso, estamos investigando o problema da elecci\u00f3n en situaci\u00f3ns extremas e explorando mellores medidas baixo o t\u00edtulo de &quot;Elecci\u00f3n definitiva&quot;.<\/p>\n\n\n\n<p class=\"wp-block-paragraph\">Gustar\u00edache pensar xuntos en &quot;The Ultimate Choice&quot;?<\/p>\n\n\n\n<p class=\"wp-block-paragraph\">(No futuro, gustar\u00edame apuntar a un sistema que apoie a toma de decisi\u00f3ns globais, como aceptar propostas dos votantes, proporcionar un foro de deliberaci\u00f3n e preparar versi\u00f3ns en cada idioma, pero queda moi lonxe.)<\/p>\n\n\n\n<figure class=\"wp-block-image size-full\"><a href=\"https:\/\/i0.wp.com\/hardestchoice.org\/wp-content\/uploads\/2022\/04\/figure-hardestchoice.png?ssl=1\"><img loading=\"lazy\" decoding=\"async\" width=\"1280\" height=\"957\" data-attachment-id=\"79\" data-permalink=\"https:\/\/hardestchoice.org\/gl\/aboutus\/figure-hardestchoice\/\" data-orig-file=\"https:\/\/i0.wp.com\/hardestchoice.org\/wp-content\/uploads\/2022\/04\/figure-hardestchoice.png?fit=1280%2C957&amp;ssl=1\" data-orig-size=\"1280,957\" data-comments-opened=\"0\" data-image-meta=\"{&quot;aperture&quot;:&quot;0&quot;,&quot;credit&quot;:&quot;&quot;,&quot;camera&quot;:&quot;&quot;,&quot;caption&quot;:&quot;&quot;,&quot;created_timestamp&quot;:&quot;0&quot;,&quot;copyright&quot;:&quot;&quot;,&quot;focal_length&quot;:&quot;0&quot;,&quot;iso&quot;:&quot;0&quot;,&quot;shutter_speed&quot;:&quot;0&quot;,&quot;title&quot;:&quot;&quot;,&quot;orientation&quot;:&quot;0&quot;}\" data-image-title=\"figure-hardestchoice\" data-image-description=\"\" data-image-caption=\"\" data-large-file=\"https:\/\/i0.wp.com\/hardestchoice.org\/wp-content\/uploads\/2022\/04\/figure-hardestchoice.png?fit=1024%2C766&amp;ssl=1\" src=\"https:\/\/i0.wp.com\/hardestchoice.org\/wp-content\/uploads\/2022\/04\/figure-hardestchoice.png?fit=1280%2C957&amp;ssl=1\" alt=\"\" class=\"wp-image-79\" srcset=\"https:\/\/i0.wp.com\/hardestchoice.org\/wp-content\/uploads\/2022\/04\/figure-hardestchoice.png?w=1280&amp;ssl=1 1280w, https:\/\/i0.wp.com\/hardestchoice.org\/wp-content\/uploads\/2022\/04\/figure-hardestchoice.png?resize=300%2C224&amp;ssl=1 300w, https:\/\/i0.wp.com\/hardestchoice.org\/wp-content\/uploads\/2022\/04\/figure-hardestchoice.png?resize=1024%2C766&amp;ssl=1 1024w, https:\/\/i0.wp.com\/hardestchoice.org\/wp-content\/uploads\/2022\/04\/figure-hardestchoice.png?resize=768%2C574&amp;ssl=1 768w, https:\/\/i0.wp.com\/hardestchoice.org\/wp-content\/uploads\/2022\/04\/figure-hardestchoice.png?resize=16%2C12&amp;ssl=1 16w, https:\/\/i0.wp.com\/hardestchoice.org\/wp-content\/uploads\/2022\/04\/figure-hardestchoice.png?resize=400%2C300&amp;ssl=1 400w, https:\/\/i0.wp.com\/hardestchoice.org\/wp-content\/uploads\/2022\/04\/figure-hardestchoice.png?resize=200%2C150&amp;ssl=1 200w, https:\/\/i0.wp.com\/hardestchoice.org\/wp-content\/uploads\/2022\/04\/figure-hardestchoice.png?resize=1200%2C897&amp;ssl=1 1200w\" sizes=\"auto, (max-width: 1000px) 100vw, 1000px\" \/><\/a><\/figure>\n<\/div>\n\n\n\n<hr class=\"wp-block-separator has-alpha-channel-opacity is-style-wide\"\/>\n\n\n\n<h2 class=\"wp-block-heading\">Bolsa de investigaci\u00f3n<\/h2>\n\n\n\n<p class=\"wp-block-paragraph\">&quot;<em>Requisitos para que a IA tome decisi\u00f3ns sociais<\/em>- boa calidade<em>conxunto de datos<\/em>e desexable<em>Sa\u00edda<\/em>investigaci\u00f3n\u201d (n\u00famero de problema<a href=\"https:\/\/toyotafound.secure.force.com\/psearch\/JoseiDetail?name=D19-ST-0019\">D19-ST-0019<\/a>, Representante: Hirotsugu Ohba) (Toyota Foundation 2019 Special Issue &quot;New Human Society Co-created with Advanced Technology&quot;)<\/p>\n\n\n\n<p class=\"wp-block-paragraph\"><a href=\"https:\/\/toyotafound.secure.force.com\/psearch\/JoseiDetail?name=D19-ST-0019\">https:\/\/toyotafound.secure.force.com\/psearch\/JoseiDetail?name=D19-ST-0019<\/a><\/p>\n\n\n\n<hr class=\"wp-block-separator has-alpha-channel-opacity is-style-wide\"\/>\n\n\n\n<h2 class=\"wp-block-heading\">Membro investigador<\/h2>\n\n\n\n<p class=\"wp-block-paragraph\"><\/p>\n\n\n\n<p class=\"wp-block-paragraph\"><strong>Yuko Ichii<\/strong><br>Universidade de Tokio, Instituto Kavli para a F\u00edsica e as Matem\u00e1ticas do Universo, Investigador especialmente designado, Aplicaci\u00f3n do Co\u00f1ecemento da Teor\u00eda da Comunicaci\u00f3n Cient\u00edfica<\/p>\n\n\n\n<p class=\"wp-block-paragraph\"><strong>Makoto Ozono<\/strong><br>Investigador Adxunto, Instituto de Investigaci\u00f3n de Humanidades, Universidade de Doshisha, Aplicaci\u00f3n do Co\u00f1ecemento en Ciencias Pol\u00edticas<\/p>\n\n\n\n<p class=\"wp-block-paragraph\"><strong><a href=\"https:\/\/researchmap.jp\/overhiro\/\" data-type=\"URL\" data-id=\"https:\/\/researchmap.jp\/overhiro\/\" target=\"_blank\" rel=\"noreferrer noopener\">Hirotsugu Ohba<\/a><\/strong><br>Rikkyo University, Graduate School of Artificial Intelligence Science, profesor especialmente designado, representante, responsable xeral<\/p>\n\n\n\n<p class=\"wp-block-paragraph\"><strong>Shimpei Okamoto<\/strong><br>Universidade de Hiroshima, Graduate School of Letters, profesor asistente, aplicaci\u00f3n do co\u00f1ecemento de filosof\u00eda aplicada<\/p>\n\n\n\n<p class=\"wp-block-paragraph\"><strong>Masafumi Kasagi<\/strong><br>Profesor asociado especialmente designado, Instituto de Artes e Ciencias Liberais da Universidade de Nagoya;<\/p>\n\n\n\n<p class=\"wp-block-paragraph\"><strong>Noiru Kikuchi<\/strong><br>Instituto Nacional de Posgrao de Estudos Pol\u00edticos, Centro de Investigaci\u00f3n Pol\u00edtica para Ciencia, Tecnolox\u00eda e Innovaci\u00f3n, Especialista, Aplicaci\u00f3n do co\u00f1ecemento da teor\u00eda da comunicaci\u00f3n cient\u00edfica<\/p>\n\n\n\n<p class=\"wp-block-paragraph\"><strong>Harushi Tamazawa<\/strong><br>Universidade de Kioto, Escola de Posgrao en Letras, Investigador, Vicedirector Xeral, Aplicaci\u00f3n do Co\u00f1ecemento en Ciencias Espaciales<\/p>\n\n\n\n<p class=\"wp-block-paragraph\"><strong>Satoshi Kawamura<\/strong><br>Escola de posgrao en Ciencias, Observatorio Astron\u00f3mico, Universidade de Kioto, Curso de doutoramento, Aplicaci\u00f3n do co\u00f1ecemento da ciencia espacial<\/p>\n\n\n\n<p class=\"wp-block-paragraph\"><strong>Shiro Komatsu<\/strong><br>Universidade de Yamanashi, Facultade de Ciencias da Vida e do Medio Ambiente, Profesor Asociado, Aplicaci\u00f3n do Co\u00f1ecemento en Ciencias da Vida e Ciencias Pol\u00edticas<\/p>\n\n\n\n<p class=\"wp-block-paragraph\"><strong>Keiko Sato<\/strong><br>Profesor asociado especialmente designado, Departamento de Xesti\u00f3n da Seguridade M\u00e9dica, Hospital Universitario de Kioto, Aplicaci\u00f3n do Co\u00f1ecemento das Ciencias da Vida<\/p>\n\n\n\n<p class=\"wp-block-paragraph\"><strong>Mika Suzuki<\/strong><br>Instituto de Investigaci\u00f3n Celular iPS da Universidade de Kioto Divisi\u00f3n de Investigaci\u00f3n \u00c9tica de Uehiro Investigador Especial Aplicaci\u00f3n do co\u00f1ecemento da bio\u00e9tica<\/p>\n\n\n\n<p class=\"wp-block-paragraph\"><strong>Yuki Takagi<\/strong><br>Universidade de Kioto, Escola de Posgrao en Letras, Programa de Doutoramento, Co\u00f1ecemento de \u00c9tica Aplicada<\/p>\n\n\n\n<p class=\"wp-block-paragraph\"><strong>Masatsugu Senchiiwa<\/strong><br>Universidade de Kitakyushu, Facultade de Linguas Estranxeiras, Profesor a tempo parcial, Aplicaci\u00f3n do co\u00f1ecemento da ciencia pol\u00edtica<\/p>\n\n\n\n<p class=\"wp-block-paragraph\"><strong><a href=\"https:\/\/researchmap.jp\/Nagafumi_Nakamura\/?lang=japanese\" target=\"_blank\" rel=\"noreferrer noopener\">Nagafumi Nakamura<\/a><\/strong><br>Profesor asistente especialmente designado, Instituto para o Avance de Artes Liberais, Facultade de Artes Liberais, Universidade de Tokio;<\/p>\n\n\n\n<p class=\"wp-block-paragraph\"><strong>Kojiro Honda<\/strong><br>Universidade M\u00e9dica de Kanazawa, Ciencias Humanas, Profesor Asociado, Aplicaci\u00f3n do Co\u00f1ecemento da Filosof\u00eda Aplicada<\/p>\n\n\n\n<p class=\"wp-block-paragraph\"><strong>Koki Miyano<\/strong><br>Universidade de Kioto, Centro para a Promoci\u00f3n da Educaci\u00f3n e Investigaci\u00f3n Interdisciplinaria, profesor asociado;<\/p>\n\n\n\n<p class=\"wp-block-paragraph\"><strong>Masahiro Morioka<\/strong><br>Universidade de Waseda, Facultade de Ciencias Humanas, Profesora, Aplicaci\u00f3n do Co\u00f1ecemento de Filosof\u00eda Aplicada<\/p>","protected":false},"excerpt":{"rendered":"<p>\u300a\u7a76\u6975\u306e\u9078\u629e\u300b\u7814\u7a76\u4f1a \u4eac\u90fd\u5927\u5b66 \u5b66\u969b\u878d\u5408\u6559\u80b2\u30bb\u30f3\u30bf\u30fc\u300a\u7a76\u6975\u306e\u9078\u629e\u300b\u7814\u7a76\u4f1a\uff08\u65e7 \u4eac\u90fd\u5927\u5b66\u300a\u7a76\u6975\u306e\u9078\u629e\u300b\u7814\u7a76\u30e9\u30a4\u30c8 [&hellip;]<\/p>\n","protected":false},"author":131104234,"featured_media":0,"parent":0,"menu_order":0,"comment_status":"closed","ping_status":"closed","template":"","meta":{"_crdt_document":"","advanced_seo_description":"","jetpack_seo_html_title":"","jetpack_seo_noindex":false,"footnotes":""},"class_list":["post-14","page","type-page","status-publish","hentry"],"jetpack_likes_enabled":true,"jetpack_sharing_enabled":true,"jetpack_shortlink":"https:\/\/wp.me\/PdK9kd-e","jetpack-related-posts":[],"amp_enabled":true,"_links":{"self":[{"href":"https:\/\/hardestchoice.org\/gl\/wp-json\/wp\/v2\/pages\/14","targetHints":{"allow":["GET"]}}],"collection":[{"href":"https:\/\/hardestchoice.org\/gl\/wp-json\/wp\/v2\/pages"}],"about":[{"href":"https:\/\/hardestchoice.org\/gl\/wp-json\/wp\/v2\/types\/page"}],"author":[{"embeddable":true,"href":"https:\/\/hardestchoice.org\/gl\/wp-json\/wp\/v2\/users\/131104234"}],"replies":[{"embeddable":true,"href":"https:\/\/hardestchoice.org\/gl\/wp-json\/wp\/v2\/comments?post=14"}],"version-history":[{"count":36,"href":"https:\/\/hardestchoice.org\/gl\/wp-json\/wp\/v2\/pages\/14\/revisions"}],"predecessor-version":[{"id":2469,"href":"https:\/\/hardestchoice.org\/gl\/wp-json\/wp\/v2\/pages\/14\/revisions\/2469"}],"wp:attachment":[{"href":"https:\/\/hardestchoice.org\/gl\/wp-json\/wp\/v2\/media?parent=14"}],"curies":[{"name":"wp","href":"https:\/\/api.w.org\/{rel}","templated":true}]}}