{"id":29,"date":"2022-03-02T12:17:16","date_gmt":"2022-03-02T03:17:16","guid":{"rendered":"https:\/\/hardestchoice.org\/?page_id=29"},"modified":"2022-10-07T20:43:23","modified_gmt":"2022-10-07T11:43:23","slug":"contactus","status":"publish","type":"page","link":"https:\/\/hardestchoice.org\/gl\/contactus\/","title":{"rendered":"FAQ \/ CONTACTO"},"content":{"rendered":"<hr class=\"wp-block-separator has-alpha-channel-opacity is-style-wide\"\/>\n\n\n\n<div class=\"wp-block-group is-layout-flow wp-block-group-is-layout-flow\">\n<h2 class=\"wp-block-heading\">FAQ<\/h2>\n\n\n\n<h4 class=\"wp-block-heading\">P: Actualmente estamos preparando.<\/h4>\n\n\n\n<p class=\"wp-block-paragraph\">R: Estamos preparando unha resposta.<\/p>\n\n\n\n<div class=\"wp-block-columns is-layout-flex wp-container-core-columns-is-layout-1a9244c7 wp-block-columns-is-layout-flex\">\n<div class=\"wp-block-column is-layout-flow wp-block-column-is-layout-flow\" style=\"flex-basis:100%\">\n<hr class=\"wp-block-separator has-alpha-channel-opacity is-style-wide\"\/>\n<\/div>\n<\/div>\n\n\n\n<p class=\"wp-block-paragraph\"><\/p>\n\n\n\n<h3 class=\"wp-block-heading\">Sobre o tema &quot;Elecci\u00f3n definitiva&quot;<\/h3>\n\n\n\n<p class=\"wp-block-paragraph\">Este tema c\u00e9ntrase nos problemas aos que realmente se enfrontan os estudantes e aos que se enfrontar\u00e1n mentres avancen na s\u00faa investigaci\u00f3n e pr\u00e1ctica. As preguntas que se consideran extremadamente dif\u00edciles en varios campos son seleccionadas como a &quot;opci\u00f3n definitiva&quot;.<br>Non obstante, a\u00ednda que se considere que o problema \u00e9 un problema no campo, hai alg\u00fans problemas que non deben ser compartidos co conxunto da sociedade. Por outra banda, tam\u00e9n hai cuesti\u00f3ns que deber\u00edan ser compartidas pola sociedade e que a sociedade deber\u00eda afondar na s\u00faa comprensi\u00f3n. Ademais, dentro da sociedade, hai persoas que pensan que \u00e9 un problema, e outras que pensan que non \u00e9 un problema.<br>As respostas das persoas poden variar moito dependendo de como lles preguntes. Por exemplo, ao preguntar polo tema dos refuxiados, se fai fincap\u00e9 na dif\u00edcil situaci\u00f3n dos refuxiados con antelaci\u00f3n, ter\u00e1 m\u00e1is probabilidades de salvalos, pero se enfatiza as desvantaxes que sup\u00f3n aceptar refuxiados, ser\u00e1 m\u00e1is probable que os rexeite.<br>Nesta fase piloto, actualmente estamos a buscar unha forma adecuada de facer preguntas como esta.<\/p>\n<\/div>\n\n\n\n<hr class=\"wp-block-separator has-alpha-channel-opacity is-style-wide\"\/>\n\n\n\n<h2 class=\"wp-block-heading\">Informaci\u00f3n de contacto<\/h2>\n\n\n\n<p class=\"wp-block-paragraph\">Se desexa po\u00f1erse en contacto co grupo de investigaci\u00f3n ``Ultimate Choice&#039;&#039;, p\u00f3\u00f1ase en contacto connosco mediante o seguinte formulario.<\/p>\n\n\n\n<p class=\"wp-block-paragraph\">Se tes algunha opini\u00f3n sobre este tema de ``Ultimate Choice&#039;&#039;, non dubides en anotalas.<\/p>\n\n\n\n<p class=\"wp-block-paragraph\"><\/p>\n\n\n<div class=\"wp-block-jetpack-contact-form is-layout-flex wp-container-jetpack-contact-form-is-layout-2cb9499c wp-block-jetpack-contact-form-is-layout-flex\"><a href=\"https:\/\/hardestchoice.org\/gl\/contactus\/\" target=\"_blank\" rel=\"noopener noreferrer\">Env\u00eda un formulario.<\/a><\/div>\n\n\n<p class=\"wp-block-paragraph\"><\/p>\n\n\n\n<div style=\"height:100px\" aria-hidden=\"true\" class=\"wp-block-spacer\"><\/div>","protected":false},"excerpt":{"rendered":"<p>\u3088\u304f\u3042\u308b\u3054\u8cea\u554f Q: \u53ea\u4eca\u6e96\u5099\u4e2d\u3067\u3059\u3002 A: \u56de\u7b54\u3092\u6e96\u5099\u3057\u3066\u304a\u308a\u307e\u3059\u3002 \u300a\u7a76\u6975\u306e\u9078\u629e\u300b\u3068\u3044\u3046\u30c6\u30fc\u30de\u306b\u3064\u3044\u3066 \u3053 [&hellip;]<\/p>\n","protected":false},"author":136335720,"featured_media":0,"parent":0,"menu_order":0,"comment_status":"closed","ping_status":"closed","template":"","meta":{"_crdt_document":"","advanced_seo_description":"","jetpack_seo_html_title":"","jetpack_seo_noindex":false,"footnotes":""},"class_list":["post-29","page","type-page","status-publish","hentry"],"jetpack_likes_enabled":true,"jetpack_sharing_enabled":true,"jetpack_shortlink":"https:\/\/wp.me\/PdK9kd-t","jetpack-related-posts":[],"amp_enabled":true,"_links":{"self":[{"href":"https:\/\/hardestchoice.org\/gl\/wp-json\/wp\/v2\/pages\/29","targetHints":{"allow":["GET"]}}],"collection":[{"href":"https:\/\/hardestchoice.org\/gl\/wp-json\/wp\/v2\/pages"}],"about":[{"href":"https:\/\/hardestchoice.org\/gl\/wp-json\/wp\/v2\/types\/page"}],"author":[{"embeddable":true,"href":"https:\/\/hardestchoice.org\/gl\/wp-json\/wp\/v2\/users\/136335720"}],"replies":[{"embeddable":true,"href":"https:\/\/hardestchoice.org\/gl\/wp-json\/wp\/v2\/comments?post=29"}],"version-history":[{"count":34,"href":"https:\/\/hardestchoice.org\/gl\/wp-json\/wp\/v2\/pages\/29\/revisions"}],"predecessor-version":[{"id":1755,"href":"https:\/\/hardestchoice.org\/gl\/wp-json\/wp\/v2\/pages\/29\/revisions\/1755"}],"wp:attachment":[{"href":"https:\/\/hardestchoice.org\/gl\/wp-json\/wp\/v2\/media?parent=29"}],"curies":[{"name":"wp","href":"https:\/\/api.w.org\/{rel}","templated":true}]}}