{"id":14,"date":"2022-03-02T12:01:05","date_gmt":"2022-03-02T03:01:05","guid":{"rendered":"https:\/\/hardestchoice.org\/?page_id=14"},"modified":"2024-06-05T13:21:07","modified_gmt":"2024-06-05T04:21:07","slug":"aboutus","status":"publish","type":"page","link":"https:\/\/hardestchoice.org\/hr\/aboutus\/","title":{"rendered":"OKO"},"content":{"rendered":"<div class=\"wp-block-group alignfull is-layout-constrained wp-block-group-is-layout-constrained\">\n<h2 class=\"wp-block-heading\">&lt;&lt; Kona\u010dni izbor &gt;&gt; Studijska grupa<\/h2>\n\n\n\n<p class=\"wp-block-paragraph\">Ovo je web stranica Centra za interdisciplinarno obrazovanje Sveu\u010dili\u0161ta Kyoto Studijska grupa &quot;The Ultimate Choice&quot; (biv\u0161a Jedinica za istra\u017eivanje &quot;The Ultimate Choice&quot; Sveu\u010dili\u0161ta Kyoto).<\/p>\n\n\n\n<p class=\"wp-block-paragraph\">Na\u0161e istra\u017eivanje nema snova, nade ili Nobelove nagrade. Nadalje, mo\u017eda osje\u0107ate da trebate razmisliti o takvoj okrutnosti. To je zato \u0161to je istra\u017eivanje o kona\u010dnom izboru istra\u017eivanje o razmi\u0161ljanju o tome \u0161to i koga \u017ertvovati.<\/p>\n\n\n\n<p class=\"wp-block-paragraph\">Ali potrebno je istra\u017eivanje. Jer ako ne pripremite odgovor za Ultimate Choice, zavr\u0161it \u0107ete u goroj situaciji.<\/p>\n\n\n\n<p class=\"wp-block-paragraph\">Na primjer, ``kome bi trebao biti prioritet za cijepljenje kada postoji manjak cjepiva tijekom pandemije s visokom stopom smrtnosti?&#039;&#039; i ``kome bi trebao biti prioritet za spa\u0161avanje kada se ljudi spa\u0161avaju od velike katastrofe.&#039; &#039; Izbor \u017ertve kao \u0161to je ovaj nije ne\u0161to na \u0161to se mo\u017ee odgovoriti na licu mjesta u to vrijeme.<\/p>\n\n\n\n<p class=\"wp-block-paragraph\">Ako se ovo pitanje o \u017ertvi ostavi bez odgovora, vjerojatno \u0107e postojati na\u010delo tko prvi do\u0111e, prvi uslu\u017een, preferiranje onih koji su na vlasti i bogati, ili izbjegavanje izbora gdje se svi \u017ertvuju. Bit \u0107e to kraj koji ve\u0107ina ljudi ne \u017eeli.<\/p>\n\n\n\n<p class=\"wp-block-paragraph\">Nastavak skretanja pogleda ne mijenja u\u017easan kraj.<\/p>\n\n\n\n<p class=\"wp-block-paragraph\">Tako\u0111er, u vezi s ovim pitanjem neki ljudi mogu povezati npr. trija\u017eu. Me\u0111utim, ono \u0161to se dogodilo s velikim potresom u Isto\u010dnom Japanu bila je hitna situacija u kojoj \u010dak i ako je &quot;tretman najvi\u0161eg prioriteta&quot; bio ozna\u010den u trija\u017ei, bilo ih je previ\u0161e, te je bio potreban daljnji odabir. \u0160to je ve\u0107i razmjer katastrofa i problema, to postaje te\u017ee nositi se s konvencionalnim sustavima, a ``krajnji izbor&#039;&#039; pojavljuje se posvuda.<\/p>\n\n\n\n<p class=\"wp-block-paragraph\">U pripremi za pojavu takvog &quot;kona\u010dnog izbora&quot;, vjerujemo da je neophodno imati mehanizam koji omogu\u0107uje pa\u017eljivu raspravu i odabir tijekom vremena kako bi se proizveli odgovori koji su uvjerljivi za \u0161to je mogu\u0107e vi\u0161e ljudi.<\/p>\n\n\n\n<p class=\"wp-block-paragraph\">Stoga istra\u017eujemo problem izbora u ekstremnim situacijama i istra\u017eujemo bolje mjere pod naslovom &quot;Ultimate Choice&quot;.<\/p>\n\n\n\n<p class=\"wp-block-paragraph\">Biste li voljeli zajedno razmi\u0161ljati o &quot;The Ultimate Choice&quot;?<\/p>\n\n\n\n<p class=\"wp-block-paragraph\">(U budu\u0107nosti bih \u017eelio te\u017eiti sustavu koji podr\u017eava globalno dono\u0161enje odluka, kao \u0161to je prihva\u0107anje prijedloga glasa\u010da, pru\u017eanje foruma za razmatranje i pripremanje verzija na svakom jeziku, ali to je daleko.)<\/p>\n\n\n\n<figure class=\"wp-block-image size-full\"><a href=\"https:\/\/i0.wp.com\/hardestchoice.org\/wp-content\/uploads\/2022\/04\/figure-hardestchoice.png?ssl=1\"><img loading=\"lazy\" decoding=\"async\" width=\"1280\" height=\"957\" data-attachment-id=\"79\" data-permalink=\"https:\/\/hardestchoice.org\/hr\/aboutus\/figure-hardestchoice\/\" data-orig-file=\"https:\/\/i0.wp.com\/hardestchoice.org\/wp-content\/uploads\/2022\/04\/figure-hardestchoice.png?fit=1280%2C957&amp;ssl=1\" data-orig-size=\"1280,957\" data-comments-opened=\"0\" data-image-meta=\"{&quot;aperture&quot;:&quot;0&quot;,&quot;credit&quot;:&quot;&quot;,&quot;camera&quot;:&quot;&quot;,&quot;caption&quot;:&quot;&quot;,&quot;created_timestamp&quot;:&quot;0&quot;,&quot;copyright&quot;:&quot;&quot;,&quot;focal_length&quot;:&quot;0&quot;,&quot;iso&quot;:&quot;0&quot;,&quot;shutter_speed&quot;:&quot;0&quot;,&quot;title&quot;:&quot;&quot;,&quot;orientation&quot;:&quot;0&quot;}\" data-image-title=\"figure-hardestchoice\" data-image-description=\"\" data-image-caption=\"\" data-large-file=\"https:\/\/i0.wp.com\/hardestchoice.org\/wp-content\/uploads\/2022\/04\/figure-hardestchoice.png?fit=1024%2C766&amp;ssl=1\" src=\"https:\/\/i0.wp.com\/hardestchoice.org\/wp-content\/uploads\/2022\/04\/figure-hardestchoice.png?fit=1280%2C957&amp;ssl=1\" alt=\"\" class=\"wp-image-79\" srcset=\"https:\/\/i0.wp.com\/hardestchoice.org\/wp-content\/uploads\/2022\/04\/figure-hardestchoice.png?w=1280&amp;ssl=1 1280w, https:\/\/i0.wp.com\/hardestchoice.org\/wp-content\/uploads\/2022\/04\/figure-hardestchoice.png?resize=300%2C224&amp;ssl=1 300w, https:\/\/i0.wp.com\/hardestchoice.org\/wp-content\/uploads\/2022\/04\/figure-hardestchoice.png?resize=1024%2C766&amp;ssl=1 1024w, https:\/\/i0.wp.com\/hardestchoice.org\/wp-content\/uploads\/2022\/04\/figure-hardestchoice.png?resize=768%2C574&amp;ssl=1 768w, https:\/\/i0.wp.com\/hardestchoice.org\/wp-content\/uploads\/2022\/04\/figure-hardestchoice.png?resize=16%2C12&amp;ssl=1 16w, https:\/\/i0.wp.com\/hardestchoice.org\/wp-content\/uploads\/2022\/04\/figure-hardestchoice.png?resize=400%2C300&amp;ssl=1 400w, https:\/\/i0.wp.com\/hardestchoice.org\/wp-content\/uploads\/2022\/04\/figure-hardestchoice.png?resize=200%2C150&amp;ssl=1 200w, https:\/\/i0.wp.com\/hardestchoice.org\/wp-content\/uploads\/2022\/04\/figure-hardestchoice.png?resize=1200%2C897&amp;ssl=1 1200w\" sizes=\"auto, (max-width: 1000px) 100vw, 1000px\" \/><\/a><\/figure>\n<\/div>\n\n\n\n<hr class=\"wp-block-separator has-alpha-channel-opacity is-style-wide\"\/>\n\n\n\n<h2 class=\"wp-block-heading\">Potpora za istra\u017eivanje<\/h2>\n\n\n\n<p class=\"wp-block-paragraph\">&quot;<em>Zahtjevi za AI za dono\u0161enje dru\u0161tvenih odluka<\/em>- dobra kvaliteta<em>skup podataka<\/em>i po\u017eeljno<em>Izlaz<\/em>istra\u017eivanje\u201d (broj problema<a href=\"https:\/\/toyotafound.secure.force.com\/psearch\/JoseiDetail?name=D19-ST-0019\">D19-ST-0019<\/a>, predstavnik: Hirotsugu Ohba) (Posebno izdanje Zaklade Toyota 2019. &quot;Novo ljudsko dru\u0161tvo stvoreno zajedno s naprednom tehnologijom&quot;)<\/p>\n\n\n\n<p class=\"wp-block-paragraph\"><a href=\"https:\/\/toyotafound.secure.force.com\/psearch\/JoseiDetail?name=D19-ST-0019\">https:\/\/toyotafound.secure.force.com\/psearch\/JoseiDetail?name=D19-ST-0019<\/a><\/p>\n\n\n\n<hr class=\"wp-block-separator has-alpha-channel-opacity is-style-wide\"\/>\n\n\n\n<h2 class=\"wp-block-heading\">\u010clan istra\u017eivanja<\/h2>\n\n\n\n<p class=\"wp-block-paragraph\"><\/p>\n\n\n\n<p class=\"wp-block-paragraph\"><strong>Yuko Ichii<\/strong><br>Sveu\u010dili\u0161te u Tokiju, Institut Kavli za fiziku i matematiku svemira, posebno imenovani istra\u017eiva\u010d, Primjena znanja teorije znanstvene komunikacije<\/p>\n\n\n\n<p class=\"wp-block-paragraph\"><strong>Makoto Ozono<\/strong><br>Pomo\u0107ni istra\u017eiva\u010d, Istra\u017eiva\u010dki institut za humanisti\u010dke znanosti, Sveu\u010dili\u0161te Doshisha, Primjena znanja iz politi\u010dkih znanosti<\/p>\n\n\n\n<p class=\"wp-block-paragraph\"><strong><a href=\"https:\/\/researchmap.jp\/overhiro\/\" data-type=\"URL\" data-id=\"https:\/\/researchmap.jp\/overhiro\/\" target=\"_blank\" rel=\"noreferrer noopener\">Hirotsugu Ohba<\/a><\/strong><br>Sveu\u010dili\u0161te Rikkyo, diplomski studij znanosti o umjetnoj inteligenciji, posebno imenovani profesor, predstavnik, generalno odgovoran<\/p>\n\n\n\n<p class=\"wp-block-paragraph\"><strong>Shimpei Okamoto<\/strong><br>Sveu\u010dili\u0161te Hiroshima, diplomski studij knji\u017eevnosti, docent, primjena znanja primijenjene filozofije<\/p>\n\n\n\n<p class=\"wp-block-paragraph\"><strong>Masafumi Kasagi<\/strong><br>Posebno imenovani izvanredni profesor, Institut za slobodne umjetnosti i znanosti, Sveu\u010dili\u0161te Nagoya;<\/p>\n\n\n\n<p class=\"wp-block-paragraph\"><strong>Noiru Kikuchi<\/strong><br>Nacionalni diplomski institut za politi\u010dke studije, Policy Research Center for Science, Technology and Innovation, specijalist, Primjena znanja teorije znanstvene komunikacije<\/p>\n\n\n\n<p class=\"wp-block-paragraph\"><strong>Harushi Tamazawa<\/strong><br>Sveu\u010dili\u0161te Kyoto, Graduate School of Letters, istra\u017eiva\u010d, zamjenik izvr\u0161nog direktora, primjena znanja u svemirskoj znanosti<\/p>\n\n\n\n<p class=\"wp-block-paragraph\"><strong>Satoshi Kawamura<\/strong><br>Graduate School of Science, Astronomical Observatory, Kyoto University, Doctoral course, Application of knowledge of Space Science<\/p>\n\n\n\n<p class=\"wp-block-paragraph\"><strong>Shiro Komatsu<\/strong><br>Sveu\u010dili\u0161te Yamanashi, Fakultet znanosti o \u017eivotu i okoli\u0161u, izvanredni profesor, Primjena znanja u znanosti o \u017eivotu i politi\u010dkim znanostima<\/p>\n\n\n\n<p class=\"wp-block-paragraph\"><strong>Keiko Sato<\/strong><br>Posebno imenovani izvanredni profesor, Odjel za upravljanje medicinskom sigurno\u0161\u0107u, Sveu\u010dili\u0161na bolnica Kyoto, Primjena znanja o \u017eivotnim znanostima<\/p>\n\n\n\n<p class=\"wp-block-paragraph\"><strong>Mika Suzuki<\/strong><br>Sveu\u010dili\u0161te Kyoto iPS Institut za istra\u017eivanje stanica Uehiro Ethics Research Division Specijalni istra\u017eiva\u010d Primjena znanja o bioetici<\/p>\n\n\n\n<p class=\"wp-block-paragraph\"><strong>Yuki Takagi<\/strong><br>Sveu\u010dili\u0161te Kyoto, diplomski studij knji\u017eevnosti, doktorski program, znanje o primijenjenoj etici<\/p>\n\n\n\n<p class=\"wp-block-paragraph\"><strong>Masatsugu Senchiiwa<\/strong><br>Sveu\u010dili\u0161te Kitakyushu, Fakultet stranih jezika, honorarni predava\u010d, Primjena znanja politi\u010dkih znanosti<\/p>\n\n\n\n<p class=\"wp-block-paragraph\"><strong><a href=\"https:\/\/researchmap.jp\/Nagafumi_Nakamura\/?lang=japanese\" target=\"_blank\" rel=\"noreferrer noopener\">Nagafumi Nakamura<\/a><\/strong><br>Posebno imenovani docent, Institut za unapre\u0111enje slobodnih umjetnosti, Fakultet slobodnih umjetnosti, Sveu\u010dili\u0161te u Tokiju;<\/p>\n\n\n\n<p class=\"wp-block-paragraph\"><strong>Kojiro Honda<\/strong><br>Medicinsko sveu\u010dili\u0161te Kanazawa, humanisti\u010dke znanosti, izvanredni profesor, primjena znanja primijenjene filozofije<\/p>\n\n\n\n<p class=\"wp-block-paragraph\"><strong>Koki Miyano<\/strong><br>Sveu\u010dili\u0161te Kyoto, Centar za promicanje interdisciplinarnog obrazovanja i istra\u017eivanja, izvanredni profesor;<\/p>\n\n\n\n<p class=\"wp-block-paragraph\"><strong>Masahiro Morioka<\/strong><br>Sveu\u010dili\u0161te Waseda, Fakultet humanisti\u010dkih znanosti, profesor, Primjena znanja primijenjene filozofije<\/p>","protected":false},"excerpt":{"rendered":"<p>\u300a\u7a76\u6975\u306e\u9078\u629e\u300b\u7814\u7a76\u4f1a \u4eac\u90fd\u5927\u5b66 \u5b66\u969b\u878d\u5408\u6559\u80b2\u30bb\u30f3\u30bf\u30fc\u300a\u7a76\u6975\u306e\u9078\u629e\u300b\u7814\u7a76\u4f1a\uff08\u65e7 \u4eac\u90fd\u5927\u5b66\u300a\u7a76\u6975\u306e\u9078\u629e\u300b\u7814\u7a76\u30e9\u30a4\u30c8 [&hellip;]<\/p>\n","protected":false},"author":131104234,"featured_media":0,"parent":0,"menu_order":0,"comment_status":"closed","ping_status":"closed","template":"","meta":{"_crdt_document":"","advanced_seo_description":"","jetpack_seo_html_title":"","jetpack_seo_noindex":false,"footnotes":""},"class_list":["post-14","page","type-page","status-publish","hentry"],"jetpack_likes_enabled":true,"jetpack_sharing_enabled":true,"jetpack_shortlink":"https:\/\/wp.me\/PdK9kd-e","jetpack-related-posts":[],"amp_enabled":true,"_links":{"self":[{"href":"https:\/\/hardestchoice.org\/hr\/wp-json\/wp\/v2\/pages\/14","targetHints":{"allow":["GET"]}}],"collection":[{"href":"https:\/\/hardestchoice.org\/hr\/wp-json\/wp\/v2\/pages"}],"about":[{"href":"https:\/\/hardestchoice.org\/hr\/wp-json\/wp\/v2\/types\/page"}],"author":[{"embeddable":true,"href":"https:\/\/hardestchoice.org\/hr\/wp-json\/wp\/v2\/users\/131104234"}],"replies":[{"embeddable":true,"href":"https:\/\/hardestchoice.org\/hr\/wp-json\/wp\/v2\/comments?post=14"}],"version-history":[{"count":36,"href":"https:\/\/hardestchoice.org\/hr\/wp-json\/wp\/v2\/pages\/14\/revisions"}],"predecessor-version":[{"id":2469,"href":"https:\/\/hardestchoice.org\/hr\/wp-json\/wp\/v2\/pages\/14\/revisions\/2469"}],"wp:attachment":[{"href":"https:\/\/hardestchoice.org\/hr\/wp-json\/wp\/v2\/media?parent=14"}],"curies":[{"name":"radni list","href":"https:\/\/api.w.org\/{rel}","templated":true}]}}