{"id":14,"date":"2022-03-02T12:01:05","date_gmt":"2022-03-02T03:01:05","guid":{"rendered":"https:\/\/hardestchoice.org\/?page_id=14"},"modified":"2024-06-05T13:21:07","modified_gmt":"2024-06-05T04:21:07","slug":"aboutus","status":"publish","type":"page","link":"https:\/\/hardestchoice.org\/hu\/aboutus\/","title":{"rendered":"R\u00d3L R\u0150L"},"content":{"rendered":"<div class=\"wp-block-group alignfull is-layout-constrained wp-block-group-is-layout-constrained\">\n<h2 class=\"wp-block-heading\">&lt;&lt; V\u00e9gs\u0151 v\u00e1laszt\u00e1s &gt;&gt; Tanulm\u00e1nyi Csoport<\/h2>\n\n\n\n<p class=\"wp-block-paragraph\">Ez a Kiot\u00f3i Egyetem Interdiszciplin\u00e1ris Oktat\u00e1si K\u00f6zpontj\u00e1nak &quot;The Ultimate Choice&quot; tanulm\u00e1nyi csoportj\u00e1nak (kor\u00e1bbi Kiot\u00f3i Egyetem &quot;The Ultimate Choice&quot; Research Light Unit) webhelye.<\/p>\n\n\n\n<p class=\"wp-block-paragraph\">Kutat\u00e1sunknak nincsenek \u00e1lmai, rem\u00e9nyei vagy Nobel-d\u00edjai. Ezenk\u00edv\u00fcl \u00fagy \u00e9rezheti, hogy gondolnia kell az ilyen kegyetlens\u00e9gre. Ennek az az oka, hogy az Ultimate Choice kutat\u00e1sa annak a tanulm\u00e1nyoz\u00e1sa, hogy gondolkodjunk arr\u00f3l, mit \u00e9s kit kell fel\u00e1ldozni.<\/p>\n\n\n\n<p class=\"wp-block-paragraph\">De kutat\u00e1sra van sz\u00fcks\u00e9g. Mert ha nem k\u00e9sz\u00edt v\u00e1laszt az Ultimate Choice-ra, akkor rosszabb helyzetbe ker\u00fcl.<\/p>\n\n\n\n<p class=\"wp-block-paragraph\">P\u00e9ld\u00e1ul: \u201eKinek kell el\u0151nyben r\u00e9szes\u00edtenie az olt\u00e1st, ha egy magas hal\u00e1loz\u00e1si ar\u00e1ny\u00fa vil\u00e1gj\u00e1rv\u00e1ny idej\u00e9n hi\u00e1ny van az olt\u00f3anyagb\u00f3l?\u201d \u00e9s \u201eKinek kell els\u0151bbs\u00e9get \u00e9lveznie a megment\u00e9s szempontj\u00e1b\u00f3l, ha az embereket nagyszab\u00e1s\u00fa katasztr\u00f3f\u00e1b\u00f3l mentik ki\u201d. &#039; Az ilyen \u00e1ldozatv\u00e1laszt\u00e1sra akkoriban nem lehet helyben v\u00e1laszolni.<\/p>\n\n\n\n<p class=\"wp-block-paragraph\">Ha megv\u00e1laszolatlan marad ez az \u00e1ldozatk\u00e9rd\u00e9s, akkor val\u00f3sz\u00edn\u0171, hogy az \u00e9rkez\u00e9si sorrend elve lesz, a hatalmon l\u00e9v\u0151k \u00e9s a gazdagok el\u0151nyben r\u00e9szes\u00edt\u00e9se, vagy a v\u00e1laszt\u00e1s elker\u00fcl\u00e9se, ahol mindenkit fel\u00e1ldoznak. a legt\u00f6bb ember nem akarja.<\/p>\n\n\n\n<p class=\"wp-block-paragraph\">Ha tov\u00e1bbra is f\u00e9lren\u00e9z, az nem v\u00e1ltoztat a sz\u00f6rny\u0171 befejez\u00e9sen.<\/p>\n\n\n\n<p class=\"wp-block-paragraph\">Ezzel a k\u00e9rd\u00e9ssel kapcsolatban egyesek p\u00e9ld\u00e1ul a triage-ot is t\u00e1rs\u00edthatj\u00e1k. Azonban ami a nagy kelet-jap\u00e1n f\u00f6ldreng\u00e9ssel t\u00f6rt\u00e9nt, az olyan v\u00e9szhelyzet volt, amelyben m\u00e9g ha a &quot;els\u0151bbs\u00e9get \u00e9lvez\u0151 kezel\u00e9st&quot; is megjel\u00f6lt\u00e9k az oszt\u00e1lyoz\u00e1sban, t\u00fal sokan voltak, \u00e9s tov\u00e1bbi kiv\u00e1laszt\u00e1sra volt sz\u00fcks\u00e9g. Min\u00e9l nagyobb a katasztr\u00f3f\u00e1k \u00e9s probl\u00e9m\u00e1k l\u00e9pt\u00e9ke, ann\u00e1l nehezebb\u00e9 v\u00e1lik a hagyom\u00e1nyos rendszerek kezel\u00e9se, \u00e9s a \u201ev\u00e9gs\u0151 v\u00e1laszt\u00e1s\u201d mindenhol el\u0151fordul.<\/p>\n\n\n\n<p class=\"wp-block-paragraph\">Egy ilyen \u201ev\u00e9gs\u0151 v\u00e1laszt\u00e1s\u201d megjelen\u00e9s\u00e9re k\u00e9sz\u00fclve \u00fagy gondoljuk, hogy sz\u00fcks\u00e9g van egy olyan mechanizmusra, amely lehet\u0151v\u00e9 teszi a gondos megbesz\u00e9l\u00e9st \u00e9s az id\u0151 m\u00fal\u00e1s\u00e1val t\u00f6rt\u00e9n\u0151 szelekci\u00f3t annak \u00e9rdek\u00e9ben, hogy a lehet\u0151 legt\u00f6bb ember sz\u00e1m\u00e1ra meggy\u0151z\u0151 v\u00e1laszokat adjunk.<\/p>\n\n\n\n<p class=\"wp-block-paragraph\">Ez\u00e9rt az extr\u00e9m helyzetekben val\u00f3 v\u00e1laszt\u00e1s probl\u00e9m\u00e1j\u00e1t kutatjuk, \u00e9s jobb int\u00e9zked\u00e9seket kutatunk \u201eV\u00e9gs\u0151 v\u00e1laszt\u00e1s\u201d c\u00edmmel.<\/p>\n\n\n\n<p class=\"wp-block-paragraph\">Szeretn\u00e9l egy\u00fctt gondolkodni a &quot;The Ultimate Choice&quot;-n?<\/p>\n\n\n\n<p class=\"wp-block-paragraph\">(A j\u00f6v\u0151ben egy olyan glob\u00e1lis d\u00f6nt\u00e9shozatalt t\u00e1mogat\u00f3 rendszerre szeretn\u00e9k t\u00f6rekedni, mint a v\u00e1laszt\u00f3i javaslatok elfogad\u00e1sa, a tan\u00e1cskoz\u00e1si f\u00f3rum biztos\u00edt\u00e1sa, az egyes nyelveken v\u00e1ltozatok elk\u00e9sz\u00edt\u00e9se, de ez m\u00e9g messze van.)<\/p>\n\n\n\n<figure class=\"wp-block-image size-full\"><a href=\"https:\/\/i0.wp.com\/hardestchoice.org\/wp-content\/uploads\/2022\/04\/figure-hardestchoice.png?ssl=1\"><img loading=\"lazy\" decoding=\"async\" width=\"1280\" height=\"957\" data-attachment-id=\"79\" data-permalink=\"https:\/\/hardestchoice.org\/hu\/aboutus\/figure-hardestchoice\/\" data-orig-file=\"https:\/\/i0.wp.com\/hardestchoice.org\/wp-content\/uploads\/2022\/04\/figure-hardestchoice.png?fit=1280%2C957&amp;ssl=1\" data-orig-size=\"1280,957\" data-comments-opened=\"0\" data-image-meta=\"{&quot;aperture&quot;:&quot;0&quot;,&quot;credit&quot;:&quot;&quot;,&quot;camera&quot;:&quot;&quot;,&quot;caption&quot;:&quot;&quot;,&quot;created_timestamp&quot;:&quot;0&quot;,&quot;copyright&quot;:&quot;&quot;,&quot;focal_length&quot;:&quot;0&quot;,&quot;iso&quot;:&quot;0&quot;,&quot;shutter_speed&quot;:&quot;0&quot;,&quot;title&quot;:&quot;&quot;,&quot;orientation&quot;:&quot;0&quot;}\" data-image-title=\"figure-hardestchoice\" data-image-description=\"\" data-image-caption=\"\" data-large-file=\"https:\/\/i0.wp.com\/hardestchoice.org\/wp-content\/uploads\/2022\/04\/figure-hardestchoice.png?fit=1024%2C766&amp;ssl=1\" src=\"https:\/\/i0.wp.com\/hardestchoice.org\/wp-content\/uploads\/2022\/04\/figure-hardestchoice.png?fit=1280%2C957&amp;ssl=1\" alt=\"\" class=\"wp-image-79\" srcset=\"https:\/\/i0.wp.com\/hardestchoice.org\/wp-content\/uploads\/2022\/04\/figure-hardestchoice.png?w=1280&amp;ssl=1 1280w, https:\/\/i0.wp.com\/hardestchoice.org\/wp-content\/uploads\/2022\/04\/figure-hardestchoice.png?resize=300%2C224&amp;ssl=1 300w, https:\/\/i0.wp.com\/hardestchoice.org\/wp-content\/uploads\/2022\/04\/figure-hardestchoice.png?resize=1024%2C766&amp;ssl=1 1024w, https:\/\/i0.wp.com\/hardestchoice.org\/wp-content\/uploads\/2022\/04\/figure-hardestchoice.png?resize=768%2C574&amp;ssl=1 768w, https:\/\/i0.wp.com\/hardestchoice.org\/wp-content\/uploads\/2022\/04\/figure-hardestchoice.png?resize=16%2C12&amp;ssl=1 16w, https:\/\/i0.wp.com\/hardestchoice.org\/wp-content\/uploads\/2022\/04\/figure-hardestchoice.png?resize=400%2C300&amp;ssl=1 400w, https:\/\/i0.wp.com\/hardestchoice.org\/wp-content\/uploads\/2022\/04\/figure-hardestchoice.png?resize=200%2C150&amp;ssl=1 200w, https:\/\/i0.wp.com\/hardestchoice.org\/wp-content\/uploads\/2022\/04\/figure-hardestchoice.png?resize=1200%2C897&amp;ssl=1 1200w\" sizes=\"auto, (max-width: 1000px) 100vw, 1000px\" \/><\/a><\/figure>\n<\/div>\n\n\n\n<hr class=\"wp-block-separator has-alpha-channel-opacity is-style-wide\"\/>\n\n\n\n<h2 class=\"wp-block-heading\">Kutat\u00e1si \u00d6szt\u00f6nd\u00edj<\/h2>\n\n\n\n<p class=\"wp-block-paragraph\">&quot;<em>Az AI k\u00f6vetelm\u00e9nyei a t\u00e1rsadalmi d\u00f6nt\u00e9sek meghozatal\u00e1hoz<\/em>- j\u00f3 min\u0151s\u00e9g\u0171<em>adathalmaz<\/em>\u00e9s k\u00edv\u00e1natos<em>Kimenet<\/em>kutat\u00e1s\u201d (probl\u00e9masz\u00e1m<a href=\"https:\/\/toyotafound.secure.force.com\/psearch\/JoseiDetail?name=D19-ST-0019\">D19-ST-0019<\/a>, k\u00e9pvisel\u0151: Hirotsugu Ohba) (A Toyota Alap\u00edtv\u00e1ny 2019. \u00e9vi k\u00fcl\u00f6nsz\u00e1ma: \u201eA fejlett technol\u00f3gi\u00e1val k\u00f6z\u00f6sen l\u00e9trehozott \u00faj emberi t\u00e1rsadalom\u201d)<\/p>\n\n\n\n<p class=\"wp-block-paragraph\"><a href=\"https:\/\/toyotafound.secure.force.com\/psearch\/JoseiDetail?name=D19-ST-0019\">https:\/\/toyotafound.secure.force.com\/psearch\/JoseiDetail?name=D19-ST-0019<\/a><\/p>\n\n\n\n<hr class=\"wp-block-separator has-alpha-channel-opacity is-style-wide\"\/>\n\n\n\n<h2 class=\"wp-block-heading\">Kutat\u00f3tag<\/h2>\n\n\n\n<p class=\"wp-block-paragraph\"><\/p>\n\n\n\n<p class=\"wp-block-paragraph\"><strong>Yuko Ichii<\/strong><br>A Toki\u00f3i Egyetem, Kavli Univerzum Fizikai \u00e9s Matematikai Int\u00e9zet, speci\u00e1lisan kinevezett kutat\u00f3, a tudom\u00e1ny ismereteinek alkalmaz\u00e1sa, kommunik\u00e1ci\u00f3elm\u00e9let<\/p>\n\n\n\n<p class=\"wp-block-paragraph\"><strong>Makoto Ozono<\/strong><br>Adjunktus, Doshisha Egyetem B\u00f6lcs\u00e9szettudom\u00e1nyi Kutat\u00f3int\u00e9zete, Politikatudom\u00e1nyi ismeretek alkalmaz\u00e1sa<\/p>\n\n\n\n<p class=\"wp-block-paragraph\"><strong><a href=\"https:\/\/researchmap.jp\/overhiro\/\" data-type=\"URL\" data-id=\"https:\/\/researchmap.jp\/overhiro\/\" target=\"_blank\" rel=\"noreferrer noopener\">Hirotsugu Ohba<\/a><\/strong><br>Rikkyo Egyetem, Mesters\u00e9ges Intelligencia Tudom\u00e1nyos Iskola, speci\u00e1lisan kinevezett professzor, k\u00e9pvisel\u0151, \u00e1ltal\u00e1nos felel\u0151s<\/p>\n\n\n\n<p class=\"wp-block-paragraph\"><strong>Shimpei Okamoto<\/strong><br>Hiroshima Egyetem, Graduate School of Letters, adjunktus, az alkalmazott filoz\u00f3fia ismereteinek alkalmaz\u00e1sa<\/p>\n\n\n\n<p class=\"wp-block-paragraph\"><strong>Masafumi Kasagi<\/strong><br>Speci\u00e1lisan kinevezett egyetemi docens a Nagoya Egyetem Liber\u00e1lis M\u0171v\u00e9szeti \u00e9s Tudom\u00e1nyos Int\u00e9zet\u00e9ben;<\/p>\n\n\n\n<p class=\"wp-block-paragraph\"><strong>Noiru Kikuchi<\/strong><br>Orsz\u00e1gos Diplom\u00e1s Politikatudom\u00e1nyi Int\u00e9zet, Tudom\u00e1nyos, Technol\u00f3giai \u00e9s Innov\u00e1ci\u00f3s Politikai Kutat\u00f3k\u00f6zpont, Szak\u00e9rt\u0151, Tudom\u00e1nyos kommunik\u00e1ci\u00f3elm\u00e9leti ismeretek alkalmaz\u00e1sa<\/p>\n\n\n\n<p class=\"wp-block-paragraph\"><strong>Harushi Tamazawa<\/strong><br>Kiot\u00f3i Egyetem, Graduate School of Letters, kutat\u00f3, vez\u00e9rigazgat\u00f3-helyettes, A tud\u00e1s alkalmaz\u00e1sa az \u0171rtudom\u00e1nyban<\/p>\n\n\n\n<p class=\"wp-block-paragraph\"><strong>Satoshi Kawamura<\/strong><br>Graduate School of Science, Csillag\u00e1szati Obszervat\u00f3rium, Kiot\u00f3i Egyetem, Doktori kurzus, Az \u0171rtudom\u00e1nyi ismeretek alkalmaz\u00e1sa<\/p>\n\n\n\n<p class=\"wp-block-paragraph\"><strong>Shiro Komatsu<\/strong><br>Yamanashi Egyetem \u00c9let- \u00e9s K\u00f6rnyezettudom\u00e1nyi Kar, egyetemi docens, A tud\u00e1s alkalmaz\u00e1sa az \u00e9lettudom\u00e1nyban \u00e9s a politikatudom\u00e1nyban<\/p>\n\n\n\n<p class=\"wp-block-paragraph\"><strong>Keiko Sato<\/strong><br>Speci\u00e1lisan kinevezett egyetemi docens, Kiot\u00f3i Egyetemi K\u00f3rh\u00e1z Orvosi Biztons\u00e1gi Menedzsment Tansz\u00e9k, \u00c9lettudom\u00e1nyi ismeretek alkalmaz\u00e1sa<\/p>\n\n\n\n<p class=\"wp-block-paragraph\"><strong>Mika Suzuki<\/strong><br>Kiot\u00f3i Egyetem iPS Sejtkutat\u00f3 Int\u00e9zet Uehiro Ethics Research Division Speci\u00e1lis kutat\u00f3 Bioetikai ismeretek alkalmaz\u00e1sa<\/p>\n\n\n\n<p class=\"wp-block-paragraph\"><strong>Yuki Takagi<\/strong><br>Kyoto University, Graduate School of Letters, Doktori program, Alkalmazott etikai ismeretek<\/p>\n\n\n\n<p class=\"wp-block-paragraph\"><strong>Masatsugu Senchiiwa<\/strong><br>Kitakyushu Egyetem Idegennyelvi Kar, r\u00e9szmunkaid\u0151s oktat\u00f3, Politikatudom\u00e1nyi ismeretek alkalmaz\u00e1sa<\/p>\n\n\n\n<p class=\"wp-block-paragraph\"><strong><a href=\"https:\/\/researchmap.jp\/Nagafumi_Nakamura\/?lang=japanese\" target=\"_blank\" rel=\"noreferrer noopener\">Nagafumi Nakamura<\/a><\/strong><br>Kifejezetten kinevezett adjunktus, Institute for Advancement of Liberal Arts, Faculty of Liberal Arts, University of Tokyo;<\/p>\n\n\n\n<p class=\"wp-block-paragraph\"><strong>Kojiro Honda<\/strong><br>Kanazawa Orvostudom\u00e1nyi Egyetem, Hum\u00e1n Tudom\u00e1nyok, docens, Alkalmazott Filoz\u00f3fia Ismereteinek alkalmaz\u00e1sa<\/p>\n\n\n\n<p class=\"wp-block-paragraph\"><strong>Koki Miyano<\/strong><br>Kiot\u00f3i Egyetem, Interdiszciplin\u00e1ris Oktat\u00e1si \u00e9s Kutat\u00e1si K\u00f6zpont, egyetemi docens;<\/p>\n\n\n\n<p class=\"wp-block-paragraph\"><strong>Masahiro Morioka<\/strong><br>Waseda Egyetem, B\u00f6lcs\u00e9szettudom\u00e1nyi Kar, professzor, Alkalmazott Filoz\u00f3fia Ismereteinek alkalmaz\u00e1sa<\/p>","protected":false},"excerpt":{"rendered":"<p>\u300a\u7a76\u6975\u306e\u9078\u629e\u300b\u7814\u7a76\u4f1a \u4eac\u90fd\u5927\u5b66 \u5b66\u969b\u878d\u5408\u6559\u80b2\u30bb\u30f3\u30bf\u30fc\u300a\u7a76\u6975\u306e\u9078\u629e\u300b\u7814\u7a76\u4f1a\uff08\u65e7 \u4eac\u90fd\u5927\u5b66\u300a\u7a76\u6975\u306e\u9078\u629e\u300b\u7814\u7a76\u30e9\u30a4\u30c8 [&hellip;]<\/p>\n","protected":false},"author":131104234,"featured_media":0,"parent":0,"menu_order":0,"comment_status":"closed","ping_status":"closed","template":"","meta":{"_crdt_document":"","advanced_seo_description":"","jetpack_seo_html_title":"","jetpack_seo_noindex":false,"footnotes":""},"class_list":["post-14","page","type-page","status-publish","hentry"],"jetpack_likes_enabled":true,"jetpack_sharing_enabled":true,"jetpack_shortlink":"https:\/\/wp.me\/PdK9kd-e","jetpack-related-posts":[],"amp_enabled":true,"_links":{"self":[{"href":"https:\/\/hardestchoice.org\/hu\/wp-json\/wp\/v2\/pages\/14","targetHints":{"allow":["GET"]}}],"collection":[{"href":"https:\/\/hardestchoice.org\/hu\/wp-json\/wp\/v2\/pages"}],"about":[{"href":"https:\/\/hardestchoice.org\/hu\/wp-json\/wp\/v2\/types\/page"}],"author":[{"embeddable":true,"href":"https:\/\/hardestchoice.org\/hu\/wp-json\/wp\/v2\/users\/131104234"}],"replies":[{"embeddable":true,"href":"https:\/\/hardestchoice.org\/hu\/wp-json\/wp\/v2\/comments?post=14"}],"version-history":[{"count":36,"href":"https:\/\/hardestchoice.org\/hu\/wp-json\/wp\/v2\/pages\/14\/revisions"}],"predecessor-version":[{"id":2469,"href":"https:\/\/hardestchoice.org\/hu\/wp-json\/wp\/v2\/pages\/14\/revisions\/2469"}],"wp:attachment":[{"href":"https:\/\/hardestchoice.org\/hu\/wp-json\/wp\/v2\/media?parent=14"}],"curies":[{"name":"wp","href":"https:\/\/api.w.org\/{rel}","templated":true}]}}