{"id":29,"date":"2022-03-02T12:17:16","date_gmt":"2022-03-02T03:17:16","guid":{"rendered":"https:\/\/hardestchoice.org\/?page_id=29"},"modified":"2022-10-07T20:43:23","modified_gmt":"2022-10-07T11:43:23","slug":"contactus","status":"publish","type":"page","link":"https:\/\/hardestchoice.org\/hu\/contactus\/","title":{"rendered":"GYIK \/ KAPCSOLAT"},"content":{"rendered":"<hr class=\"wp-block-separator has-alpha-channel-opacity is-style-wide\"\/>\n\n\n\n<div class=\"wp-block-group is-layout-flow wp-block-group-is-layout-flow\">\n<h2 class=\"wp-block-heading\">GYIK<\/h2>\n\n\n\n<h4 class=\"wp-block-heading\">K: Jelenleg k\u00e9sz\u00fcl\u00fcnk.<\/h4>\n\n\n\n<p class=\"wp-block-paragraph\">V: V\u00e1laszt k\u00e9sz\u00edt\u00fcnk.<\/p>\n\n\n\n<div class=\"wp-block-columns is-layout-flex wp-container-core-columns-is-layout-1a9244c7 wp-block-columns-is-layout-flex\">\n<div class=\"wp-block-column is-layout-flow wp-block-column-is-layout-flow\" style=\"flex-basis:100%\">\n<hr class=\"wp-block-separator has-alpha-channel-opacity is-style-wide\"\/>\n<\/div>\n<\/div>\n\n\n\n<p class=\"wp-block-paragraph\"><\/p>\n\n\n\n<h3 class=\"wp-block-heading\">Az \u201eUltimate Choice\u201d t\u00e9m\u00e1r\u00f3l<\/h3>\n\n\n\n<p class=\"wp-block-paragraph\">Ez a t\u00e9ma azokra a k\u00e9rd\u00e9sekre \u00f6sszpontos\u00edt, amelyekkel a hallgat\u00f3k t\u00e9nylegesen szembes\u00fclnek \u00e9s szembes\u00fclnek majd, mik\u00f6zben kutat\u00e1saikat \u00e9s gyakorlatukat el\u0151rehaladj\u00e1k. A k\u00fcl\u00f6nb\u00f6z\u0151 ter\u00fcleteken rendk\u00edv\u00fcl neh\u00e9znek \u00edt\u00e9lt k\u00e9rd\u00e9seket a \u201elegv\u00e9gs\u0151 v\u00e1laszt\u00e1snak\u201d v\u00e1lasztj\u00e1k.<br>Azonban m\u00e9g ha a probl\u00e9m\u00e1t terepen is probl\u00e9m\u00e1nak tekintik, vannak olyan probl\u00e9m\u00e1k, amelyeket nem szabad megosztani a t\u00e1rsadalom eg\u00e9sz\u00e9vel. M\u00e1sr\u00e9szt vannak olyan k\u00e9rd\u00e9sek is, amelyeket a t\u00e1rsadalomnak meg kell osztania, \u00e9s amelyekr\u0151l a t\u00e1rsadalomnak elm\u00e9ly\u00edtenie kell a meg\u00e9rt\u00e9s\u00e9t. Ezenk\u00edv\u00fcl a t\u00e1rsadalomban vannak olyanok, akik szerint ez probl\u00e9ma, m\u00e1sok pedig azt, hogy nem.<br>Az emberek v\u00e1laszai nagyon elt\u00e9r\u0151ek lehetnek att\u00f3l f\u00fcgg\u0151en, hogy hogyan k\u00e9rdezed \u0151ket. Ha p\u00e9ld\u00e1ul a menek\u00fcltk\u00e9rd\u00e9sr\u0151l k\u00e9rdez\u00fcnk, ha el\u0151re kiemeli a menek\u00fcltek sors\u00e1t, nagyobb es\u00e9llyel mentheti meg \u0151ket, de ha kiemeli a menek\u00fcltek befogad\u00e1s\u00e1val j\u00e1r\u00f3 h\u00e1tr\u00e1nyokat, akkor nagyobb val\u00f3sz\u00edn\u0171s\u00e9ggel utas\u00edtja el \u0151ket.<br>Ebben a k\u00eds\u00e9rleti szakaszban jelenleg keress\u00fck a megfelel\u0151 m\u00f3dot az ehhez hasonl\u00f3 k\u00e9rd\u00e9sek feltev\u00e9s\u00e9re.<\/p>\n<\/div>\n\n\n\n<hr class=\"wp-block-separator has-alpha-channel-opacity is-style-wide\"\/>\n\n\n\n<h2 class=\"wp-block-heading\">El\u00e9rhet\u0151s\u00e9g<\/h2>\n\n\n\n<p class=\"wp-block-paragraph\">Ha kapcsolatba szeretne l\u00e9pni az ``Ultimate Choice&#039;&#039; kutat\u00f3csoporttal, k\u00e9rj\u00fck, l\u00e9pjen vel\u00fcnk kapcsolatba az al\u00e1bbi \u0171rlap seg\u00edts\u00e9g\u00e9vel.<\/p>\n\n\n\n<p class=\"wp-block-paragraph\">Ha b\u00e1rmilyen v\u00e9lem\u00e9nye van az \u201eUltimate Choice\u201d t\u00e9m\u00e1j\u00e1val kapcsolatban, k\u00e9rj\u00fck, \u00edrja le.<\/p>\n\n\n\n<p class=\"wp-block-paragraph\"><\/p>\n\n\n<div class=\"wp-block-jetpack-contact-form is-layout-flex wp-container-jetpack-contact-form-is-layout-2cb9499c wp-block-jetpack-contact-form-is-layout-flex\"><a href=\"https:\/\/hardestchoice.org\/hu\/contactus\/\" target=\"_blank\" rel=\"noopener noreferrer\">Submit a form.<\/a><\/div>\n\n\n<p class=\"wp-block-paragraph\"><\/p>\n\n\n\n<div style=\"height:100px\" aria-hidden=\"true\" class=\"wp-block-spacer\"><\/div>","protected":false},"excerpt":{"rendered":"<p>\u3088\u304f\u3042\u308b\u3054\u8cea\u554f Q: \u53ea\u4eca\u6e96\u5099\u4e2d\u3067\u3059\u3002 A: \u56de\u7b54\u3092\u6e96\u5099\u3057\u3066\u304a\u308a\u307e\u3059\u3002 \u300a\u7a76\u6975\u306e\u9078\u629e\u300b\u3068\u3044\u3046\u30c6\u30fc\u30de\u306b\u3064\u3044\u3066 \u3053 [&hellip;]<\/p>\n","protected":false},"author":136335720,"featured_media":0,"parent":0,"menu_order":0,"comment_status":"closed","ping_status":"closed","template":"","meta":{"_crdt_document":"","advanced_seo_description":"","jetpack_seo_html_title":"","jetpack_seo_noindex":false,"footnotes":""},"class_list":["post-29","page","type-page","status-publish","hentry"],"jetpack_likes_enabled":true,"jetpack_sharing_enabled":true,"jetpack_shortlink":"https:\/\/wp.me\/PdK9kd-t","jetpack-related-posts":[],"amp_enabled":true,"_links":{"self":[{"href":"https:\/\/hardestchoice.org\/hu\/wp-json\/wp\/v2\/pages\/29","targetHints":{"allow":["GET"]}}],"collection":[{"href":"https:\/\/hardestchoice.org\/hu\/wp-json\/wp\/v2\/pages"}],"about":[{"href":"https:\/\/hardestchoice.org\/hu\/wp-json\/wp\/v2\/types\/page"}],"author":[{"embeddable":true,"href":"https:\/\/hardestchoice.org\/hu\/wp-json\/wp\/v2\/users\/136335720"}],"replies":[{"embeddable":true,"href":"https:\/\/hardestchoice.org\/hu\/wp-json\/wp\/v2\/comments?post=29"}],"version-history":[{"count":34,"href":"https:\/\/hardestchoice.org\/hu\/wp-json\/wp\/v2\/pages\/29\/revisions"}],"predecessor-version":[{"id":1755,"href":"https:\/\/hardestchoice.org\/hu\/wp-json\/wp\/v2\/pages\/29\/revisions\/1755"}],"wp:attachment":[{"href":"https:\/\/hardestchoice.org\/hu\/wp-json\/wp\/v2\/media?parent=29"}],"curies":[{"name":"wp","href":"https:\/\/api.w.org\/{rel}","templated":true}]}}