{"id":29,"date":"2022-03-02T12:17:16","date_gmt":"2022-03-02T03:17:16","guid":{"rendered":"https:\/\/hardestchoice.org\/?page_id=29"},"modified":"2022-10-07T20:43:23","modified_gmt":"2022-10-07T11:43:23","slug":"contactus","status":"publish","type":"page","link":"https:\/\/hardestchoice.org\/is\/contactus\/","title":{"rendered":"Algengar spurningar \/ Haf\u00f0u samband"},"content":{"rendered":"<hr class=\"wp-block-separator has-alpha-channel-opacity is-style-wide\"\/>\n\n\n\n<div class=\"wp-block-group is-layout-flow wp-block-group-is-layout-flow\">\n<h2 class=\"wp-block-heading\">Algengar spurningar<\/h2>\n\n\n\n<h4 class=\"wp-block-heading\">Sp.: Vi\u00f0 erum n\u00fana a\u00f0 undirb\u00faa.<\/h4>\n\n\n\n<p class=\"wp-block-paragraph\">A: Vi\u00f0 erum a\u00f0 undirb\u00faa svar.<\/p>\n\n\n\n<div class=\"wp-block-columns is-layout-flex wp-container-core-columns-is-layout-1a9244c7 wp-block-columns-is-layout-flex\">\n<div class=\"wp-block-column is-layout-flow wp-block-column-is-layout-flow\" style=\"flex-basis:100%\">\n<hr class=\"wp-block-separator has-alpha-channel-opacity is-style-wide\"\/>\n<\/div>\n<\/div>\n\n\n\n<p class=\"wp-block-paragraph\"><\/p>\n\n\n\n<h3 class=\"wp-block-heading\">Um \u00feema\u00f0 \u201eUltimate Choice\u201c<\/h3>\n\n\n\n<p class=\"wp-block-paragraph\">\u00deetta \u00feema fjallar um m\u00e1lefni sem nemendur standa frammi fyrir og munu standa frammi fyrir \u00feegar \u00feeir efla ranns\u00f3knir s\u00ednar og i\u00f0kun. Spurningar sem \u00feykja afar erfi\u00f0ar \u00e1 \u00fdmsum svi\u00f0um eru valdar sem ``fullkominn kostur&#039;&#039;.<br>Hins vegar, jafnvel \u00fe\u00f3tt vandam\u00e1li\u00f0 s\u00e9 tali\u00f0 vera vandam\u00e1l \u00e1 svi\u00f0i, \u00fe\u00e1 eru nokkur vandam\u00e1l sem ekki \u00e6tti a\u00f0 deila me\u00f0 samf\u00e9laginu \u00ed heild. \u00c1 hinn b\u00f3ginn eru l\u00edka m\u00e1l sem samf\u00e9lagi\u00f0 \u00e6tti a\u00f0 deila og samf\u00e9lagi\u00f0 \u00e6tti a\u00f0 d\u00fdpka skilning sinn \u00e1. Ennfremur, innan samf\u00e9lagsins, er f\u00f3lk sem heldur a\u00f0 \u00fea\u00f0 s\u00e9 vandam\u00e1l og a\u00f0rir sem halda a\u00f0 \u00fea\u00f0 s\u00e9 ekki vandam\u00e1l.<br>Sv\u00f6r f\u00f3lks geta veri\u00f0 mj\u00f6g mismunandi eftir \u00fev\u00ed hvernig spurt er. Til d\u00e6mis, \u00feegar spurt er um fl\u00f3ttamannam\u00e1li\u00f0, ef \u00fe\u00fa leggur \u00e1herslu \u00e1 a\u00f0st\u00e6\u00f0ur fl\u00f3ttamanna fyrirfram, er l\u00edklegra a\u00f0 \u00fe\u00fa bjargar \u00fev\u00ed, en ef \u00fe\u00fa leggur \u00e1herslu \u00e1 \u00f3kostina sem fylgja \u00fev\u00ed a\u00f0 taka \u00e1 m\u00f3ti fl\u00f3ttam\u00f6nnum, \u00fe\u00e1 er l\u00edklegra a\u00f0 \u00fe\u00fa hafnar \u00feeim.<br>\u00c1 \u00feessu tilraunastigi erum vi\u00f0 a\u00f0 leita a\u00f0 vi\u00f0eigandi lei\u00f0 til a\u00f0 spyrja spurninga eins og \u00feessa.<\/p>\n<\/div>\n\n\n\n<hr class=\"wp-block-separator has-alpha-channel-opacity is-style-wide\"\/>\n\n\n\n<h2 class=\"wp-block-heading\">Samskiptauppl\u00fdsingar<\/h2>\n\n\n\n<p class=\"wp-block-paragraph\">Ef \u00fe\u00fa vilt hafa samband vi\u00f0 &quot;Ultimate Choice&quot; ranns\u00f3knarh\u00f3pinn, vinsamlegast haf\u00f0u samband vi\u00f0 okkur me\u00f0 \u00fev\u00ed a\u00f0 nota formi\u00f0 h\u00e9r a\u00f0 ne\u00f0an.<\/p>\n\n\n\n<p class=\"wp-block-paragraph\">Ef \u00fe\u00fa hefur einhverjar sko\u00f0anir var\u00f0andi \u00feetta \u00feema &quot;Ultimate Choice&quot;, vinsamlegast ekki hika vi\u00f0 a\u00f0 skrifa \u00fe\u00e6r ni\u00f0ur.<\/p>\n\n\n\n<p class=\"wp-block-paragraph\"><\/p>\n\n\n<div class=\"wp-block-jetpack-contact-form is-layout-flex wp-container-jetpack-contact-form-is-layout-2cb9499c wp-block-jetpack-contact-form-is-layout-flex\"><a href=\"https:\/\/hardestchoice.org\/is\/contactus\/\" target=\"_blank\" rel=\"noopener noreferrer\">Submit a form.<\/a><\/div>\n\n\n<p class=\"wp-block-paragraph\"><\/p>\n\n\n\n<div style=\"height:100px\" aria-hidden=\"true\" class=\"wp-block-spacer\"><\/div>","protected":false},"excerpt":{"rendered":"<p>\u3088\u304f\u3042\u308b\u3054\u8cea\u554f Q: \u53ea\u4eca\u6e96\u5099\u4e2d\u3067\u3059\u3002 A: \u56de\u7b54\u3092\u6e96\u5099\u3057\u3066\u304a\u308a\u307e\u3059\u3002 \u300a\u7a76\u6975\u306e\u9078\u629e\u300b\u3068\u3044\u3046\u30c6\u30fc\u30de\u306b\u3064\u3044\u3066 \u3053 [&hellip;]<\/p>\n","protected":false},"author":136335720,"featured_media":0,"parent":0,"menu_order":0,"comment_status":"closed","ping_status":"closed","template":"","meta":{"_crdt_document":"","advanced_seo_description":"","jetpack_seo_html_title":"","jetpack_seo_noindex":false,"footnotes":""},"class_list":["post-29","page","type-page","status-publish","hentry"],"jetpack_likes_enabled":true,"jetpack_sharing_enabled":true,"jetpack_shortlink":"https:\/\/wp.me\/PdK9kd-t","jetpack-related-posts":[],"amp_enabled":true,"_links":{"self":[{"href":"https:\/\/hardestchoice.org\/is\/wp-json\/wp\/v2\/pages\/29","targetHints":{"allow":["GET"]}}],"collection":[{"href":"https:\/\/hardestchoice.org\/is\/wp-json\/wp\/v2\/pages"}],"about":[{"href":"https:\/\/hardestchoice.org\/is\/wp-json\/wp\/v2\/types\/page"}],"author":[{"embeddable":true,"href":"https:\/\/hardestchoice.org\/is\/wp-json\/wp\/v2\/users\/136335720"}],"replies":[{"embeddable":true,"href":"https:\/\/hardestchoice.org\/is\/wp-json\/wp\/v2\/comments?post=29"}],"version-history":[{"count":34,"href":"https:\/\/hardestchoice.org\/is\/wp-json\/wp\/v2\/pages\/29\/revisions"}],"predecessor-version":[{"id":1755,"href":"https:\/\/hardestchoice.org\/is\/wp-json\/wp\/v2\/pages\/29\/revisions\/1755"}],"wp:attachment":[{"href":"https:\/\/hardestchoice.org\/is\/wp-json\/wp\/v2\/media?parent=29"}],"curies":[{"name":"wp","href":"https:\/\/api.w.org\/{rel}","templated":true}]}}