{"id":14,"date":"2022-03-02T12:01:05","date_gmt":"2022-03-02T03:01:05","guid":{"rendered":"https:\/\/hardestchoice.org\/?page_id=14"},"modified":"2024-06-05T13:21:07","modified_gmt":"2024-06-05T04:21:07","slug":"aboutus","status":"publish","type":"page","link":"https:\/\/hardestchoice.org\/it\/aboutus\/","title":{"rendered":"DI"},"content":{"rendered":"<div class=\"wp-block-group alignfull is-layout-constrained wp-block-group-is-layout-constrained\">\n<h2 class=\"wp-block-heading\">&lt;&lt; Scelta definitiva &gt;&gt; Gruppo di studio<\/h2>\n\n\n\n<p class=\"wp-block-paragraph\">Questo \u00e8 il sito web del gruppo di studio &quot;The Ultimate Choice&quot; del Centro universitario di Kyoto per l&#039;educazione interdisciplinare (ex Unit\u00e0 di ricerca leggera &quot;The Ultimate Choice&quot; dell&#039;Universit\u00e0 di Kyoto).<\/p>\n\n\n\n<p class=\"wp-block-paragraph\">La nostra ricerca non ha sogni, speranze o premi Nobel. Inoltre, potresti sentire di dover pensare a tale crudelt\u00e0. Questo perch\u00e9 la ricerca sulla scelta definitiva \u00e8 uno studio per riflettere su cosa e chi sacrificare.<\/p>\n\n\n\n<p class=\"wp-block-paragraph\">Ma \u00e8 necessaria la ricerca. Perch\u00e9 se non prepari una risposta per Ultimate Choice, finirai in una situazione peggiore.<\/p>\n\n\n\n<p class=\"wp-block-paragraph\">Ad esempio, &quot;a chi dovrebbe essere data la priorit\u00e0 per la vaccinazione quando c&#039;\u00e8 carenza di vaccini durante una pandemia con un alto tasso di mortalit\u00e0?&quot; e &quot;a chi dovrebbe essere data la priorit\u00e0 per il salvataggio quando le persone vengono salvate da un disastro su larga scala&quot;. &#039; La scelta del sacrificio come questo non \u00e8 qualcosa che pu\u00f2 essere risolta sul posto in quel momento.<\/p>\n\n\n\n<p class=\"wp-block-paragraph\">Se questa domanda sul sacrificio rimane senza risposta, \u00e8 probabile che ci sar\u00e0 un principio &quot;primo arrivato, primo servito&quot;, una preferenza per chi \u00e8 al potere e per i ricchi, o un&#039;elusione della scelta in cui tutti vengono sacrificati. la maggior parte delle persone non vuole.<\/p>\n\n\n\n<p class=\"wp-block-paragraph\">Continuare a distogliere lo sguardo non cambia il terribile finale.<\/p>\n\n\n\n<p class=\"wp-block-paragraph\">Inoltre, in relazione a questa domanda, alcune persone potrebbero associare il triage, ad esempio. Tuttavia, ci\u00f2 che \u00e8 accaduto con il Grande Terremoto del Giappone Orientale \u00e8 stata una situazione di emergenza in cui, anche se il &quot;trattamento prioritario&quot; \u00e8 stato etichettato nel triage, ce n&#039;erano troppi ed era necessaria un&#039;ulteriore selezione. Maggiore \u00e8 la portata dei disastri e dei problemi, pi\u00f9 difficile diventa affrontare i sistemi convenzionali e la &quot;scelta definitiva&quot; si verifica ovunque.<\/p>\n\n\n\n<p class=\"wp-block-paragraph\">In preparazione all&#039;emergere di una tale &quot;scelta definitiva&quot;, riteniamo che sia necessario disporre di un meccanismo che consenta un&#039;attenta discussione e selezione nel tempo al fine di produrre risposte convincenti per quante pi\u00f9 persone possibile.<\/p>\n\n\n\n<p class=\"wp-block-paragraph\">Pertanto, stiamo studiando il problema della scelta in situazioni estreme ed esplorando misure migliori sotto il titolo di &quot;Ultimate Choice&quot;.<\/p>\n\n\n\n<p class=\"wp-block-paragraph\">Vi piacerebbe pensare insieme a &quot;The Ultimate Choice&quot;?<\/p>\n\n\n\n<p class=\"wp-block-paragraph\">(In futuro, vorrei puntare a un sistema che supporti il processo decisionale globale, come accettare le proposte degli elettori, fornire un forum per la deliberazione e preparare versioni in ogni lingua, ma \u00e8 molto lontano.)<\/p>\n\n\n\n<figure class=\"wp-block-image size-full\"><a href=\"https:\/\/i0.wp.com\/hardestchoice.org\/wp-content\/uploads\/2022\/04\/figure-hardestchoice.png?ssl=1\"><img loading=\"lazy\" decoding=\"async\" width=\"1280\" height=\"957\" data-attachment-id=\"79\" data-permalink=\"https:\/\/hardestchoice.org\/it\/aboutus\/figure-hardestchoice\/\" data-orig-file=\"https:\/\/i0.wp.com\/hardestchoice.org\/wp-content\/uploads\/2022\/04\/figure-hardestchoice.png?fit=1280%2C957&amp;ssl=1\" data-orig-size=\"1280,957\" data-comments-opened=\"0\" data-image-meta=\"{&quot;aperture&quot;:&quot;0&quot;,&quot;credit&quot;:&quot;&quot;,&quot;camera&quot;:&quot;&quot;,&quot;caption&quot;:&quot;&quot;,&quot;created_timestamp&quot;:&quot;0&quot;,&quot;copyright&quot;:&quot;&quot;,&quot;focal_length&quot;:&quot;0&quot;,&quot;iso&quot;:&quot;0&quot;,&quot;shutter_speed&quot;:&quot;0&quot;,&quot;title&quot;:&quot;&quot;,&quot;orientation&quot;:&quot;0&quot;}\" data-image-title=\"figure-hardestchoice\" data-image-description=\"\" data-image-caption=\"\" data-large-file=\"https:\/\/i0.wp.com\/hardestchoice.org\/wp-content\/uploads\/2022\/04\/figure-hardestchoice.png?fit=1024%2C766&amp;ssl=1\" src=\"https:\/\/i0.wp.com\/hardestchoice.org\/wp-content\/uploads\/2022\/04\/figure-hardestchoice.png?fit=1280%2C957&amp;ssl=1\" alt=\"\" class=\"wp-image-79\" srcset=\"https:\/\/i0.wp.com\/hardestchoice.org\/wp-content\/uploads\/2022\/04\/figure-hardestchoice.png?w=1280&amp;ssl=1 1280w, https:\/\/i0.wp.com\/hardestchoice.org\/wp-content\/uploads\/2022\/04\/figure-hardestchoice.png?resize=300%2C224&amp;ssl=1 300w, https:\/\/i0.wp.com\/hardestchoice.org\/wp-content\/uploads\/2022\/04\/figure-hardestchoice.png?resize=1024%2C766&amp;ssl=1 1024w, https:\/\/i0.wp.com\/hardestchoice.org\/wp-content\/uploads\/2022\/04\/figure-hardestchoice.png?resize=768%2C574&amp;ssl=1 768w, https:\/\/i0.wp.com\/hardestchoice.org\/wp-content\/uploads\/2022\/04\/figure-hardestchoice.png?resize=16%2C12&amp;ssl=1 16w, https:\/\/i0.wp.com\/hardestchoice.org\/wp-content\/uploads\/2022\/04\/figure-hardestchoice.png?resize=400%2C300&amp;ssl=1 400w, https:\/\/i0.wp.com\/hardestchoice.org\/wp-content\/uploads\/2022\/04\/figure-hardestchoice.png?resize=200%2C150&amp;ssl=1 200w, https:\/\/i0.wp.com\/hardestchoice.org\/wp-content\/uploads\/2022\/04\/figure-hardestchoice.png?resize=1200%2C897&amp;ssl=1 1200w\" sizes=\"auto, (max-width: 1000px) 100vw, 1000px\" \/><\/a><\/figure>\n<\/div>\n\n\n\n<hr class=\"wp-block-separator has-alpha-channel-opacity is-style-wide\"\/>\n\n\n\n<h2 class=\"wp-block-heading\">Assegno di ricerca<\/h2>\n\n\n\n<p class=\"wp-block-paragraph\">&quot;<em>Requisiti per l&#039;intelligenza artificiale per prendere decisioni sociali<\/em>- buona qualit\u00e0<em>set di dati<\/em>e desiderabile<em>Produzione<\/em>ricerca\u201d (problema n<a href=\"https:\/\/toyotafound.secure.force.com\/psearch\/JoseiDetail?name=D19-ST-0019\">D19-ST-0019<\/a>, Rappresentante: Hirotsugu Ohba) (Numero speciale 2019 della Fondazione Toyota &quot;Nuova societ\u00e0 umana co-creata con tecnologia avanzata&quot;)<\/p>\n\n\n\n<p class=\"wp-block-paragraph\"><a href=\"https:\/\/toyotafound.secure.force.com\/psearch\/JoseiDetail?name=D19-ST-0019\">https:\/\/toyotafound.secure.force.com\/psearch\/JoseiDetail?name=D19-ST-0019<\/a><\/p>\n\n\n\n<hr class=\"wp-block-separator has-alpha-channel-opacity is-style-wide\"\/>\n\n\n\n<h2 class=\"wp-block-heading\">Membro della ricerca<\/h2>\n\n\n\n<p class=\"wp-block-paragraph\"><\/p>\n\n\n\n<p class=\"wp-block-paragraph\"><strong>Yuko Ichi<\/strong><br>Universit\u00e0 di Tokyo, Istituto Kavli per la fisica e la matematica dell&#039;universo, ricercatore appositamente nominato, applicazione della conoscenza della teoria della comunicazione scientifica<\/p>\n\n\n\n<p class=\"wp-block-paragraph\"><strong>Makoto Ozono<\/strong><br>Ricercatore aggiunto, Research Institute for Humanities, Doshisha University, Application of Political Science Knowledge<\/p>\n\n\n\n<p class=\"wp-block-paragraph\"><strong><a href=\"https:\/\/researchmap.jp\/overhiro\/\" data-type=\"URL\" data-id=\"https:\/\/researchmap.jp\/overhiro\/\" target=\"_blank\" rel=\"noreferrer noopener\">Hirotsugu Ohba<\/a><\/strong><br>Rikkyo University, Scuola di specializzazione in Scienze dell&#039;Intelligenza Artificiale, Professore appositamente nominato, Rappresentante, Responsabile generale<\/p>\n\n\n\n<p class=\"wp-block-paragraph\"><strong>Shimpei Okamoto<\/strong><br>Universit\u00e0 di Hiroshima, Graduate School of Letters, Assistant Professor, Application of Knowledge of Applied Philosophy<\/p>\n\n\n\n<p class=\"wp-block-paragraph\"><strong>Masafumi Kasagi<\/strong><br>Professore associato appositamente nominato, Istituto di arti e scienze liberali, Universit\u00e0 di Nagoya;<\/p>\n\n\n\n<p class=\"wp-block-paragraph\"><strong>Noiru Kikuchi<\/strong><br>National Graduate Institute for Policy Studies, Policy Research Center for Science, Technology and Innovation, Specialista, Applicazione della conoscenza della teoria della comunicazione scientifica<\/p>\n\n\n\n<p class=\"wp-block-paragraph\"><strong>Harushi Tamazawa<\/strong><br>Universit\u00e0 di Kyoto, Graduate School of Letters, Ricercatore, Vice CEO, Application of Knowledge in Space Science<\/p>\n\n\n\n<p class=\"wp-block-paragraph\"><strong>Satoshi Kawamura<\/strong><br>Graduate School of Science, Osservatorio astronomico, Universit\u00e0 di Kyoto, Corso di dottorato, Applicazione della conoscenza delle scienze spaziali<\/p>\n\n\n\n<p class=\"wp-block-paragraph\"><strong>Shiro Komatsu<\/strong><br>Universit\u00e0 di Yamanashi, Facolt\u00e0 di Scienze della Vita e dell&#039;Ambiente, Professore Associato, Applicazione della Conoscenza nelle Scienze della Vita e Scienze Politiche<\/p>\n\n\n\n<p class=\"wp-block-paragraph\"><strong>Keiko Sato<\/strong><br>Professore associato appositamente nominato, Dipartimento di gestione della sicurezza medica, Ospedale universitario di Kyoto, Applicazione della conoscenza delle scienze della vita<\/p>\n\n\n\n<p class=\"wp-block-paragraph\"><strong>Mika Suzuki<\/strong><br>Istituto di ricerca sulle cellule iPS dell&#039;Universit\u00e0 di Kyoto Uehiro Divisione di ricerca sull&#039;etica Ricercatore speciale Applicazione della conoscenza della bioetica<\/p>\n\n\n\n<p class=\"wp-block-paragraph\"><strong>Yuki Takagi<\/strong><br>Universit\u00e0 di Kyoto, Graduate School of Letters, programma di dottorato, conoscenza dell&#039;etica applicata<\/p>\n\n\n\n<p class=\"wp-block-paragraph\"><strong>Masatsugu Senchiiwa<\/strong><br>Universit\u00e0 di Kitakyushu, Facolt\u00e0 di Lingue Straniere, Docente a tempo parziale, Applicazione della conoscenza delle scienze politiche<\/p>\n\n\n\n<p class=\"wp-block-paragraph\"><strong><a href=\"https:\/\/researchmap.jp\/Nagafumi_Nakamura\/?lang=japanese\" target=\"_blank\" rel=\"noreferrer noopener\">Nagafumi Nakamura<\/a><\/strong><br>Professore assistente appositamente nominato, Istituto per l&#039;avanzamento delle arti liberali, Facolt\u00e0 di arti liberali, Universit\u00e0 di Tokyo;<\/p>\n\n\n\n<p class=\"wp-block-paragraph\"><strong>Kojiro Honda<\/strong><br>Kanazawa Medical University, Scienze Umane, Professore Associato, Applicazione della Conoscenza della Filosofia Applicata<\/p>\n\n\n\n<p class=\"wp-block-paragraph\"><strong>Koki Miyano<\/strong><br>Universit\u00e0 di Kyoto, Centro per la promozione dell&#039;istruzione e della ricerca interdisciplinare, professore associato;<\/p>\n\n\n\n<p class=\"wp-block-paragraph\"><strong>Masahiro Morioka<\/strong><br>Waseda University, Facolt\u00e0 di Scienze Umane, Professore, Applicazione della Conoscenza della Filosofia Applicata<\/p>","protected":false},"excerpt":{"rendered":"<p>\u300a\u7a76\u6975\u306e\u9078\u629e\u300b\u7814\u7a76\u4f1a \u4eac\u90fd\u5927\u5b66 \u5b66\u969b\u878d\u5408\u6559\u80b2\u30bb\u30f3\u30bf\u30fc\u300a\u7a76\u6975\u306e\u9078\u629e\u300b\u7814\u7a76\u4f1a\uff08\u65e7 \u4eac\u90fd\u5927\u5b66\u300a\u7a76\u6975\u306e\u9078\u629e\u300b\u7814\u7a76\u30e9\u30a4\u30c8 [&hellip;]<\/p>\n","protected":false},"author":131104234,"featured_media":0,"parent":0,"menu_order":0,"comment_status":"closed","ping_status":"closed","template":"","meta":{"_crdt_document":"","advanced_seo_description":"","jetpack_seo_html_title":"","jetpack_seo_noindex":false,"footnotes":""},"class_list":["post-14","page","type-page","status-publish","hentry"],"jetpack_likes_enabled":true,"jetpack_sharing_enabled":true,"jetpack_shortlink":"https:\/\/wp.me\/PdK9kd-e","jetpack-related-posts":[],"amp_enabled":true,"_links":{"self":[{"href":"https:\/\/hardestchoice.org\/it\/wp-json\/wp\/v2\/pages\/14","targetHints":{"allow":["GET"]}}],"collection":[{"href":"https:\/\/hardestchoice.org\/it\/wp-json\/wp\/v2\/pages"}],"about":[{"href":"https:\/\/hardestchoice.org\/it\/wp-json\/wp\/v2\/types\/page"}],"author":[{"embeddable":true,"href":"https:\/\/hardestchoice.org\/it\/wp-json\/wp\/v2\/users\/131104234"}],"replies":[{"embeddable":true,"href":"https:\/\/hardestchoice.org\/it\/wp-json\/wp\/v2\/comments?post=14"}],"version-history":[{"count":36,"href":"https:\/\/hardestchoice.org\/it\/wp-json\/wp\/v2\/pages\/14\/revisions"}],"predecessor-version":[{"id":2469,"href":"https:\/\/hardestchoice.org\/it\/wp-json\/wp\/v2\/pages\/14\/revisions\/2469"}],"wp:attachment":[{"href":"https:\/\/hardestchoice.org\/it\/wp-json\/wp\/v2\/media?parent=14"}],"curies":[{"name":"wp","href":"https:\/\/api.w.org\/{rel}","templated":true}]}}