{"id":14,"date":"2022-03-02T12:01:05","date_gmt":"2022-03-02T03:01:05","guid":{"rendered":"https:\/\/hardestchoice.org\/?page_id=14"},"modified":"2024-06-05T13:21:07","modified_gmt":"2024-06-05T04:21:07","slug":"aboutus","status":"publish","type":"page","link":"https:\/\/hardestchoice.org\/ku\/aboutus\/","title":{"rendered":"JI DOR"},"content":{"rendered":"<div class=\"wp-block-group alignfull is-layout-constrained wp-block-group-is-layout-constrained\">\n<h2 class=\"wp-block-heading\">&lt;&lt; Hilbijartina Daw\u00een &gt;&gt; Koma L\u00eakol\u00een\u00ea<\/h2>\n\n\n\n<p class=\"wp-block-paragraph\">Ev malpera Navenda Zan\u00eengeha Kyoto ya ji bo Perwerdehiya Navd\u00ees\u00eepl\u00een &quot;The Ultimate Hilbijartina&quot; Koma L\u00eakol\u00een\u00ea ye (Zan\u00eengeha Kyoto ya ber\u00ea &quot;The Ultimate Hilbijartina&quot; Yek\u00eeneya L\u00eakol\u00een\u00ea ya Ronah\u00ee).<\/p>\n\n\n\n<p class=\"wp-block-paragraph\">L\u00eakol\u00eena me xewn, h\u00eav\u00ee \u00fb xelat\u00ean Nobel\u00ea tune. Wek\u00ee din, dibe ku h\u00fbn hest bikin ku h\u00fbn hewce ne ku li ser zulmek wusa bifikirin. Ev ji ber ku l\u00eakol\u00eena li ser Hilbijartina Daw\u00een l\u00eakol\u00eenek e ku \u00e7i \u00fb k\u00ea feda bike dihesib\u00eene.<\/p>\n\n\n\n<p class=\"wp-block-paragraph\">L\u00ea l\u00eakol\u00een hewce ye. Ji ber ku heke h\u00fbn bersivek ji bo Hilbijartina Ultimate amade nekin, h\u00fbn \u00ea di rew\u015fek xirabtir de bibin.<\/p>\n\n\n\n<p class=\"wp-block-paragraph\">M\u00eenak\u00ee, ``dema ku k\u00eamb\u00fbna derziyan di dema pandemiyek bi r\u00eajeya mirina z\u00eade de hebe, div\u00ea p\u00ea\u015f\u00ee li derz\u00eel\u00eadana k\u00ea were girtin?\u201d \u00fb ``Dema ku mirov ji karesatek mezin t\u00eane rizgar kirin div\u00ea ji bo rizgarkirin\u00ea p\u00ea\u015f\u00ee li k\u00ea were girtin. &#039; Hilbijartina fedakariya bi v\u00ee reng\u00ee ne ti\u015ftek e ku di w\u00ea dem\u00ea de di cih de were bersivandin.<\/p>\n\n\n\n<p class=\"wp-block-paragraph\">Ger ev pirsa fedakariy\u00ea b\u00eabersiv b\u00ea hi\u015ftin, \u00eeht\u00eemal e ku d\u00ea bibe bingehek yekem, ku ew \u00ea p\u00ea\u015f\u00ee were xizmet kirin, terc\u00eehek ji bo desthilatdar \u00fb dewlemendan, an j\u00ee d\u00fbrketina ji hilbijartin\u00ea ku her kes t\u00ea qurban kirin. pir kes naxwazin.<\/p>\n\n\n\n<p class=\"wp-block-paragraph\">Berdewam nih\u00ear\u00eena d\u00fbr dawiya tirsnak naguhere.<\/p>\n\n\n\n<p class=\"wp-block-paragraph\">Di heman dem\u00ea de, di derbar\u00ea v\u00ea pirs\u00ea de, dibe ku hin kes ji bo nim\u00fbne, triage t\u00eakildar bikin. L\u00eabel\u00ea, ya ku bi Erdheja Mezin a Rojhilat\u00ea Japonya re qewim\u00ee rew\u015fek ac\u00eel b\u00fb ku t\u00ea de her \u00e7end &quot;tedawiya p\u00ea\u015f\u00een&quot; di ceribandin\u00ea de were n\u00ee\u015fankirin j\u00ee, pir z\u00eade b\u00fbn, \u00fb hilbijartinek din j\u00ee hewce b\u00fb. Her ku mezinahiya felaket \u00fb pirsgir\u00eakan mezintir dibe, ew qas dijwartir dibe ku bi pergal\u00ean kevne\u015fop\u00ee re mij\u00fbl bibe, \u00fb &quot;hilbijartina daw\u00ee&quot; li her dever\u00ea p\u00eak t\u00ea.<\/p>\n\n\n\n<p class=\"wp-block-paragraph\">Di amadekariy\u00ea de ji bo derketina hol\u00ea ya &quot;hilbijartinek daw\u00ee&quot;, em bawer dikin ku p\u00eadiv\u00ee ye ku mekan\u00eezmayek hebe ku dest\u00fbr\u00ea bide n\u00eeqa\u015f \u00fb bijartina bi h\u00fbrgul\u00ee bi dem\u00ea re da ku bersiv\u00ean ku ji gelek kesan re \u00eeqnadar in werin hilberandin.<\/p>\n\n\n\n<p class=\"wp-block-paragraph\">Ji ber v\u00ea yek\u00ea, em li ser pirsgir\u00eaka hilbijartin\u00ea di rew\u015f\u00ean giran de l\u00eakol\u00een dikin \u00fb di bin sernav\u00ea &quot;Hilbijartina Daw\u00ee&quot; de tedb\u00eer\u00ean \u00e7\u00eatir vedikolin.<\/p>\n\n\n\n<p class=\"wp-block-paragraph\">Ma h\u00fbn dixwazin bi hev re li ser &quot;Hilbijartina Daw\u00een&quot; bifikirin?<\/p>\n\n\n\n<p class=\"wp-block-paragraph\">(Di pa\u015feroj\u00ea de, ez dixwazim pergalek ku pi\u015ftgir\u00eeya biryara gerd\u00fbn\u00ee dike, wek qeb\u00fblkirina p\u00ea\u015fniyar\u00ean dengd\u00earan, peydakirina forumek ji bo n\u00eeqa\u015f\u00ea, \u00fb amadekirina versiyon\u00ean bi her ziman\u00ee, armanc bikim, l\u00ea ew r\u00eayek d\u00fbr e. )<\/p>\n\n\n\n<figure class=\"wp-block-image size-full\"><a href=\"https:\/\/i0.wp.com\/hardestchoice.org\/wp-content\/uploads\/2022\/04\/figure-hardestchoice.png?ssl=1\"><img loading=\"lazy\" decoding=\"async\" width=\"1280\" height=\"957\" data-attachment-id=\"79\" data-permalink=\"https:\/\/hardestchoice.org\/ku\/aboutus\/figure-hardestchoice\/\" data-orig-file=\"https:\/\/i0.wp.com\/hardestchoice.org\/wp-content\/uploads\/2022\/04\/figure-hardestchoice.png?fit=1280%2C957&amp;ssl=1\" data-orig-size=\"1280,957\" data-comments-opened=\"0\" data-image-meta=\"{&quot;aperture&quot;:&quot;0&quot;,&quot;credit&quot;:&quot;&quot;,&quot;camera&quot;:&quot;&quot;,&quot;caption&quot;:&quot;&quot;,&quot;created_timestamp&quot;:&quot;0&quot;,&quot;copyright&quot;:&quot;&quot;,&quot;focal_length&quot;:&quot;0&quot;,&quot;iso&quot;:&quot;0&quot;,&quot;shutter_speed&quot;:&quot;0&quot;,&quot;title&quot;:&quot;&quot;,&quot;orientation&quot;:&quot;0&quot;}\" data-image-title=\"figure-hardestchoice\" data-image-description=\"\" data-image-caption=\"\" data-large-file=\"https:\/\/i0.wp.com\/hardestchoice.org\/wp-content\/uploads\/2022\/04\/figure-hardestchoice.png?fit=1024%2C766&amp;ssl=1\" src=\"https:\/\/i0.wp.com\/hardestchoice.org\/wp-content\/uploads\/2022\/04\/figure-hardestchoice.png?fit=1280%2C957&amp;ssl=1\" alt=\"\" class=\"wp-image-79\" srcset=\"https:\/\/i0.wp.com\/hardestchoice.org\/wp-content\/uploads\/2022\/04\/figure-hardestchoice.png?w=1280&amp;ssl=1 1280w, https:\/\/i0.wp.com\/hardestchoice.org\/wp-content\/uploads\/2022\/04\/figure-hardestchoice.png?resize=300%2C224&amp;ssl=1 300w, https:\/\/i0.wp.com\/hardestchoice.org\/wp-content\/uploads\/2022\/04\/figure-hardestchoice.png?resize=1024%2C766&amp;ssl=1 1024w, https:\/\/i0.wp.com\/hardestchoice.org\/wp-content\/uploads\/2022\/04\/figure-hardestchoice.png?resize=768%2C574&amp;ssl=1 768w, https:\/\/i0.wp.com\/hardestchoice.org\/wp-content\/uploads\/2022\/04\/figure-hardestchoice.png?resize=16%2C12&amp;ssl=1 16w, https:\/\/i0.wp.com\/hardestchoice.org\/wp-content\/uploads\/2022\/04\/figure-hardestchoice.png?resize=400%2C300&amp;ssl=1 400w, https:\/\/i0.wp.com\/hardestchoice.org\/wp-content\/uploads\/2022\/04\/figure-hardestchoice.png?resize=200%2C150&amp;ssl=1 200w, https:\/\/i0.wp.com\/hardestchoice.org\/wp-content\/uploads\/2022\/04\/figure-hardestchoice.png?resize=1200%2C897&amp;ssl=1 1200w\" sizes=\"auto, (max-width: 1000px) 100vw, 1000px\" \/><\/a><\/figure>\n<\/div>\n\n\n\n<hr class=\"wp-block-separator has-alpha-channel-opacity is-style-wide\"\/>\n\n\n\n<h2 class=\"wp-block-heading\">Al\u00eekariya l\u00eakol\u00een\u00ea<\/h2>\n\n\n\n<p class=\"wp-block-paragraph\">&quot;<em>P\u00eadiviy\u00ean AI-\u00ea ku biryar\u00ean civak\u00ee bide<\/em>- kal\u00eeteya ba\u015f<em>set data<\/em>\u00fb t\u00ea xwestin<em>Kar\u00fbabr<\/em>l\u00eakol\u00een&quot; (hejmar pirsgir\u00eak<a href=\"https:\/\/toyotafound.secure.force.com\/psearch\/JoseiDetail?name=D19-ST-0019\">D19-ST-0019<\/a>, N\u00fbner: Hirotsugu Ohba) (Hejmara Taybet a Weqfa Toyota 2019 &quot;Civaka N\u00fb ya Mirov\u00ee ya ku bi Teknolojiya P\u00ea\u015fkeft\u00ee re Hevafirandiye&quot;)<\/p>\n\n\n\n<p class=\"wp-block-paragraph\"><a href=\"https:\/\/toyotafound.secure.force.com\/psearch\/JoseiDetail?name=D19-ST-0019\">https:\/\/toyotafound.secure.force.com\/psearch\/JoseiDetail?name=D19-ST-0019<\/a><\/p>\n\n\n\n<hr class=\"wp-block-separator has-alpha-channel-opacity is-style-wide\"\/>\n\n\n\n<h2 class=\"wp-block-heading\">Endam\u00ea l\u00eakol\u00een\u00ea<\/h2>\n\n\n\n<p class=\"wp-block-paragraph\"><\/p>\n\n\n\n<p class=\"wp-block-paragraph\"><strong>Yuko Ichii<\/strong><br>Zan\u00eengeha Tokyo, Enst\u00eetuya Kavli ji bo F\u00eez\u00eek \u00fb Matemat\u00eek\u00ee ya Gerd\u00fbn\u00ea, L\u00eakol\u00eener\u00ea Taybet\u00ee Tay\u00eenkir\u00ee, Ser\u00eel\u00eadana Zan\u00eena Teoriya Ragihandina Zanist\u00ee<\/p>\n\n\n\n<p class=\"wp-block-paragraph\"><strong>Makoto Ozono<\/strong><br>L\u00eakol\u00eener\u00ea Al\u00eekar, Enst\u00eetuya L\u00eakol\u00een\u00ea ya ji bo Zanist\u00ean Mirov\u00ee, Zan\u00eengeha Doshisha, Ser\u00eel\u00eadana Zanistiya Siyas\u00ee<\/p>\n\n\n\n<p class=\"wp-block-paragraph\"><strong><a href=\"https:\/\/researchmap.jp\/overhiro\/\" data-type=\"URL\" data-id=\"https:\/\/researchmap.jp\/overhiro\/\" target=\"_blank\" rel=\"noreferrer noopener\">Hirotsugu Ohba<\/a><\/strong><br>Zan\u00eengeha Rikkyo, Dibistana Mez\u00fbn a Zanistiya Hi\u015fmendiya Huner\u00ee, Profesor\u00ea Taybet, N\u00fbner, Berpirsiyar\u00ea Gi\u015ft\u00ee<\/p>\n\n\n\n<p class=\"wp-block-paragraph\"><strong>Shimpei Okamoto<\/strong><br>Zan\u00eengeha H\u00eero\u015f\u00eema, Dibistana L\u00eesans\u00ea ya W\u00eajey\u00ea, Profesor\u00ea Al\u00eekar, Ser\u00eel\u00eadana Zan\u00eeniya Felsefeya Sepand\u00ee<\/p>\n\n\n\n<p class=\"wp-block-paragraph\"><strong>Masafumi Kasagi<\/strong><br>Profesor\u00ea Taybet \u00ea Tay\u00eenkir\u00ee, Enst\u00eetuya Huner \u00fb Zanist\u00ean L\u00eeberal, Zan\u00eengeha Nagoya;<\/p>\n\n\n\n<p class=\"wp-block-paragraph\"><strong>Noiru Kikuchi<\/strong><br>Enst\u00eetuya Mez\u00fbn a Netewey\u00ee ya ji bo L\u00eakol\u00een\u00ean Siyaset\u00ea, Navenda L\u00eakol\u00een\u00ea ya Siyaset\u00ea ya Zanist, Teknoloj\u00ee \u00fb N\u00fbb\u00fbn\u00ea, Pispor, Serl\u00eadana Zan\u00eeniya Ragihandina Zanist\u00ee<\/p>\n\n\n\n<p class=\"wp-block-paragraph\"><strong>Harushi Tamazawa<\/strong><br>Zan\u00eengeha Kyoto, Dibistana Mez\u00fbn a Edebiyat\u00ea, L\u00eakol\u00eener, C\u00eegir\u00ea CEO, Ser\u00eel\u00eadana Zan\u00een\u00ea di Zanistiya Fezay\u00ea de<\/p>\n\n\n\n<p class=\"wp-block-paragraph\"><strong>Satoshi Kawamura<\/strong><br>Dibistana Zanist\u00ee ya Bilind, \u00c7avd\u00earxaneya Astronom\u00eek\u00ee, Zan\u00eengeha Kyoto, Kursa Doktoray\u00ea, Ser\u00eel\u00eadana zan\u00eena zanistiya fezay\u00ea<\/p>\n\n\n\n<p class=\"wp-block-paragraph\"><strong>Shiro Komatsu<\/strong><br>Zan\u00eengeha Yamanashi, Fakulteya Jiyan \u00fb Zanist\u00ean J\u00eengeh\u00ea, Profesor\u00ea Al\u00eekar, Ser\u00eel\u00eadana Zan\u00een\u00ea di Zanistiya Jiyan\u00ea \u00fb Zanistiya Siyas\u00ee de<\/p>\n\n\n\n<p class=\"wp-block-paragraph\"><strong>Keiko Sato<\/strong><br>Profesor\u00ea Bi taybet\u00ee Tay\u00eenkir\u00ee, Be\u015fa R\u00eavebiriya Ewlehiya Bij\u00eejk\u00ee, Nexwe\u015fxaneya Zan\u00eengeha Kyoto, Ser\u00eel\u00eadana Zanistiya Zanistiya Jiyan\u00ea<\/p>\n\n\n\n<p class=\"wp-block-paragraph\"><strong>Mika Suzuki<\/strong><br>Zan\u00eengeha Kyoto iPS Enst\u00eetuya L\u00eakol\u00een\u00ea ya Hucrey\u00ea Uehiro Be\u015fa L\u00eakol\u00een\u00ea ya Exlaq\u00ea L\u00eakol\u00eener\u00ea Taybet Ser\u00eel\u00eadana zan\u00eena biyoet\u00eek\u00ea<\/p>\n\n\n\n<p class=\"wp-block-paragraph\"><strong>Yuki Takagi<\/strong><br>Zan\u00eengeha Kyoto, Dibistana Mez\u00fbn a Edebiyat\u00ea, Bernameya Doktoray\u00ea, Zan\u00een\u00ean Et\u00eeka Serl\u00eadan<\/p>\n\n\n\n<p class=\"wp-block-paragraph\"><strong>Masatsugu Senchiiwa<\/strong><br>Zan\u00eengeha Kitakyushu, Fakulteya Ziman\u00ean Biyan\u00ee, H\u00eendekar\u00ea Part-time, Ser\u00eel\u00eadana Zanistiya Siyas\u00ee<\/p>\n\n\n\n<p class=\"wp-block-paragraph\"><strong><a href=\"https:\/\/researchmap.jp\/Nagafumi_Nakamura\/?lang=japanese\" target=\"_blank\" rel=\"noreferrer noopener\">Nagafumi Nakamura<\/a><\/strong><br>As\u00eestan Profesor\u00ea Taybet, Enst\u00eetuya P\u00ea\u015fkeftina Huner\u00ean L\u00eeberal, Fakulteya Huner\u00ean L\u00eeberal, Zan\u00eengeha Tokyo;<\/p>\n\n\n\n<p class=\"wp-block-paragraph\"><strong>Kojiro Honda<\/strong><br>Zan\u00eengeha Bij\u00ee\u015fk\u00ee ya Kanazawa, Zanist\u00ean Mirovan, Profesor\u00ea Hevkar, Serl\u00eadana Zan\u00eena Felsefeya Serl\u00eadan<\/p>\n\n\n\n<p class=\"wp-block-paragraph\"><strong>Koki Miyano<\/strong><br>Zan\u00eengeha Kyoto, Navenda P\u00ea\u015fvebirina Perwerdehiya Navbir\u00ee \u00fb L\u00eakol\u00een\u00ea, Profesor;<\/p>\n\n\n\n<p class=\"wp-block-paragraph\"><strong>Masahiro Morioka<\/strong><br>Zan\u00eengeha Waseda, Fakulteya Zanist\u00ean Mirov\u00ee, Profesor, Ser\u00eel\u00eadana Zan\u00eeniya Felsefeya Sepand\u00ee<\/p>","protected":false},"excerpt":{"rendered":"<p>\u300a\u7a76\u6975\u306e\u9078\u629e\u300b\u7814\u7a76\u4f1a \u4eac\u90fd\u5927\u5b66 \u5b66\u969b\u878d\u5408\u6559\u80b2\u30bb\u30f3\u30bf\u30fc\u300a\u7a76\u6975\u306e\u9078\u629e\u300b\u7814\u7a76\u4f1a\uff08\u65e7 \u4eac\u90fd\u5927\u5b66\u300a\u7a76\u6975\u306e\u9078\u629e\u300b\u7814\u7a76\u30e9\u30a4\u30c8 [&hellip;]<\/p>\n","protected":false},"author":131104234,"featured_media":0,"parent":0,"menu_order":0,"comment_status":"closed","ping_status":"closed","template":"","meta":{"_crdt_document":"","advanced_seo_description":"","jetpack_seo_html_title":"","jetpack_seo_noindex":false,"footnotes":""},"class_list":["post-14","page","type-page","status-publish","hentry"],"jetpack_likes_enabled":true,"jetpack_sharing_enabled":true,"jetpack_shortlink":"https:\/\/wp.me\/PdK9kd-e","jetpack-related-posts":[],"amp_enabled":true,"_links":{"self":[{"href":"https:\/\/hardestchoice.org\/ku\/wp-json\/wp\/v2\/pages\/14","targetHints":{"allow":["GET"]}}],"collection":[{"href":"https:\/\/hardestchoice.org\/ku\/wp-json\/wp\/v2\/pages"}],"about":[{"href":"https:\/\/hardestchoice.org\/ku\/wp-json\/wp\/v2\/types\/page"}],"author":[{"embeddable":true,"href":"https:\/\/hardestchoice.org\/ku\/wp-json\/wp\/v2\/users\/131104234"}],"replies":[{"embeddable":true,"href":"https:\/\/hardestchoice.org\/ku\/wp-json\/wp\/v2\/comments?post=14"}],"version-history":[{"count":36,"href":"https:\/\/hardestchoice.org\/ku\/wp-json\/wp\/v2\/pages\/14\/revisions"}],"predecessor-version":[{"id":2469,"href":"https:\/\/hardestchoice.org\/ku\/wp-json\/wp\/v2\/pages\/14\/revisions\/2469"}],"wp:attachment":[{"href":"https:\/\/hardestchoice.org\/ku\/wp-json\/wp\/v2\/media?parent=14"}],"curies":[{"name":"wp","href":"https:\/\/api.w.org\/{rel}","templated":true}]}}