{"id":14,"date":"2022-03-02T12:01:05","date_gmt":"2022-03-02T03:01:05","guid":{"rendered":"https:\/\/hardestchoice.org\/?page_id=14"},"modified":"2024-06-05T13:21:07","modified_gmt":"2024-06-05T04:21:07","slug":"aboutus","status":"publish","type":"page","link":"https:\/\/hardestchoice.org\/lt\/aboutus\/","title":{"rendered":"APIE"},"content":{"rendered":"<div class=\"wp-block-group alignfull is-layout-constrained wp-block-group-is-layout-constrained\">\n<h2 class=\"wp-block-heading\">\u201eUltimate Choice\u201c tyrimo grup\u0117<\/h2>\n\n\n\n<p class=\"wp-block-paragraph\">Tai Kioto universiteto tarpdisciplininio \u0161vietimo centro \u201eUltimate Choice\u201c tyrim\u0173 grup\u0117s (anks\u010diau Kioto universiteto \u201eUltimate Choice\u201c tyrim\u0173 \u0161viesos padalinio) puslapis.<\/p>\n\n\n\n<p class=\"wp-block-paragraph\">M\u016bs\u0173 tyrimai neturi joki\u0173 vil\u010di\u0173, svajoni\u0173 ar Nobelio premij\u0173. Be to, jums gali atrodyti, kad b\u016btina apsvarstyti tokius \u017eiaurius dalykus. Taip yra tod\u0117l, kad \u201eUltimate Choice\u201c tyrime nagrin\u0117jama, k\u0105 ir kas reik\u0117t\u0173 paaukoti.<\/p>\n\n\n\n<p class=\"wp-block-paragraph\">Bet tai b\u016btina studija. Nes jei neparuo\u0161i atsakymo \u012f \u201egalutin\u012f pasirinkim\u0105\u201c, susiklostys prastesn\u0117 situacija.<\/p>\n\n\n\n<p class=\"wp-block-paragraph\">Pavyzd\u017eiui, \u201eKam tur\u0117t\u0173 b\u016bti teikiama pirmenyb\u0117 skiepijant, kai tr\u016bksta vakcin\u0173 labai mirtinos pandemijos metu?\u201c ir \u201eKam tur\u0117t\u0173 b\u016bti teikiama pirmenyb\u0117 gelb\u0117jant \u017emones nuo didelio masto nelaim\u0117s?\u201c Toks aukos pasirinkimas yra ne ka\u017ekas, k\u0105 galima atsakyti vietoje.<\/p>\n\n\n\n<p class=\"wp-block-paragraph\">Jei neatsakysime \u012f \u0161\u012f pasiaukojimo klausim\u0105, grei\u010diausiai atsidursime situacijoje, kai pirmenyb\u0117 teikiama galingiesiems ir turtingiesiems, arba vengiame pasirinkimo ir galiausiai aukosime u\u017e visus. rezultatas, kurio dauguma \u017emoni\u0173 nenori.<\/p>\n\n\n\n<p class=\"wp-block-paragraph\">Net jei ir toliau \u017ei\u016br\u0117sime \u012f \u0161al\u012f, baisus rezultatas nepasikeis.<\/p>\n\n\n\n<p class=\"wp-block-paragraph\">Kai kurie \u017emon\u0117s taip pat gali pagalvoti apie skirstym\u0105, pavyzd\u017eiui, d\u0117l \u0161io klausimo. Ta\u010diau tai, kas \u012fvyko per Did\u012fj\u012f Ryt\u0173 Japonijos \u017eem\u0117s dreb\u0117jim\u0105, buvo nepaprastoji situacija, kai net jei skirstymas buvo pa\u017eym\u0117tas kaip \u201edid\u017eiausio prioriteto gydymas\u201c, atvej\u0173 skai\u010dius buvo per didelis ir reik\u0117jo tolesnio atrankos. Kuo didesnis nelaim\u0117s ar problemos mastas, tuo sunkiau reaguoti naudojant \u012fprastus mechanizmus, o \u201egalutinis pasirinkimas\u201c atsiranda visur.<\/p>\n\n\n\n<p class=\"wp-block-paragraph\">Ruo\u0161iantis atsirasti tokiam \u201egalutam pasirinkimui\u201c, manau, kad norint sukurti atsakymus, kuriuos gal\u0117t\u0173 priimti kuo daugiau \u017emoni\u0173, reikia sistemos, kuri leist\u0173 kruop\u0161\u010diai diskutuoti ir atrinkti.<\/p>\n\n\n\n<p class=\"wp-block-paragraph\">Tod\u0117l pavadinimu \u201eUltimate Choice\u201c mes tyrin\u0117jame pasirinkimo ekstremaliose situacijose problem\u0105 ir ie\u0161kome geresni\u0173 sprendim\u0173.<\/p>\n\n\n\n<p class=\"wp-block-paragraph\">Ar nor\u0117tum\u0117te kartu pagalvoti apie galutin\u012f pasirinkim\u0105?<\/p>\n\n\n\n<p class=\"wp-block-paragraph\">(Ateityje nor\u0117\u010diau siekti sistemos, kuri palaikyt\u0173 visuotin\u012f sprendim\u0173 pri\u0117mim\u0105 priimant rink\u0117j\u0173 pasi\u016blymus, suteikiant forum\u0105 svarstymui ir rengiant versijas \u012fvairiomis kalbomis, bet iki to dar toli.)<\/p>\n\n\n\n<figure class=\"wp-block-image size-full\"><a href=\"https:\/\/i0.wp.com\/hardestchoice.org\/wp-content\/uploads\/2022\/04\/figure-hardestchoice.png?ssl=1\"><img loading=\"lazy\" decoding=\"async\" width=\"1280\" height=\"957\" data-attachment-id=\"79\" data-permalink=\"https:\/\/hardestchoice.org\/lt\/aboutus\/figure-hardestchoice\/\" data-orig-file=\"https:\/\/i0.wp.com\/hardestchoice.org\/wp-content\/uploads\/2022\/04\/figure-hardestchoice.png?fit=1280%2C957&amp;ssl=1\" data-orig-size=\"1280,957\" data-comments-opened=\"0\" data-image-meta=\"{&quot;aperture&quot;:&quot;0&quot;,&quot;credit&quot;:&quot;&quot;,&quot;camera&quot;:&quot;&quot;,&quot;caption&quot;:&quot;&quot;,&quot;created_timestamp&quot;:&quot;0&quot;,&quot;copyright&quot;:&quot;&quot;,&quot;focal_length&quot;:&quot;0&quot;,&quot;iso&quot;:&quot;0&quot;,&quot;shutter_speed&quot;:&quot;0&quot;,&quot;title&quot;:&quot;&quot;,&quot;orientation&quot;:&quot;0&quot;}\" data-image-title=\"figure-hardestchoice\" data-image-description=\"\" data-image-caption=\"\" data-large-file=\"https:\/\/i0.wp.com\/hardestchoice.org\/wp-content\/uploads\/2022\/04\/figure-hardestchoice.png?fit=1024%2C766&amp;ssl=1\" src=\"https:\/\/i0.wp.com\/hardestchoice.org\/wp-content\/uploads\/2022\/04\/figure-hardestchoice.png?fit=1280%2C957&amp;ssl=1\" alt=\"\" class=\"wp-image-79\" srcset=\"https:\/\/i0.wp.com\/hardestchoice.org\/wp-content\/uploads\/2022\/04\/figure-hardestchoice.png?w=1280&amp;ssl=1 1280w, https:\/\/i0.wp.com\/hardestchoice.org\/wp-content\/uploads\/2022\/04\/figure-hardestchoice.png?resize=300%2C224&amp;ssl=1 300w, https:\/\/i0.wp.com\/hardestchoice.org\/wp-content\/uploads\/2022\/04\/figure-hardestchoice.png?resize=1024%2C766&amp;ssl=1 1024w, https:\/\/i0.wp.com\/hardestchoice.org\/wp-content\/uploads\/2022\/04\/figure-hardestchoice.png?resize=768%2C574&amp;ssl=1 768w, https:\/\/i0.wp.com\/hardestchoice.org\/wp-content\/uploads\/2022\/04\/figure-hardestchoice.png?resize=16%2C12&amp;ssl=1 16w, https:\/\/i0.wp.com\/hardestchoice.org\/wp-content\/uploads\/2022\/04\/figure-hardestchoice.png?resize=400%2C300&amp;ssl=1 400w, https:\/\/i0.wp.com\/hardestchoice.org\/wp-content\/uploads\/2022\/04\/figure-hardestchoice.png?resize=200%2C150&amp;ssl=1 200w, https:\/\/i0.wp.com\/hardestchoice.org\/wp-content\/uploads\/2022\/04\/figure-hardestchoice.png?resize=1200%2C897&amp;ssl=1 1200w\" sizes=\"auto, (max-width: 1000px) 100vw, 1000px\" \/><\/a><\/figure>\n<\/div>\n\n\n\n<hr class=\"wp-block-separator has-alpha-channel-opacity is-style-wide\"\/>\n\n\n\n<h2 class=\"wp-block-heading\">mokslini\u0173 tyrim\u0173 dotacijos<\/h2>\n\n\n\n<p class=\"wp-block-paragraph\">\u201c<em>Reikalavimai AI priimant socialinius sprendimus<\/em>- gera kokyb\u0117<em>duomen\u0173 rinkinys<\/em>ir pageidautina<em>I\u0161vestis<\/em>tyrimas\u201c (problemos numeris<a href=\"https:\/\/toyotafound.secure.force.com\/psearch\/JoseiDetail?name=D19-ST-0019\">D19-ST-0019<\/a>, atstovas: Hirotsugu Oba) (\u201eToyota Foundation 2019\u201c specifin\u0117 tema \u201eNauja \u017emoni\u0173 visuomen\u0117, sukurta kartu su pa\u017eangiomis technologijomis\u201c)<\/p>\n\n\n\n<p class=\"wp-block-paragraph\"><a href=\"https:\/\/toyotafound.secure.force.com\/psearch\/JoseiDetail?name=D19-ST-0019\">https:\/\/toyotafound.secure.force.com\/psearch\/JoseiDetail?name=D19-ST-0019<\/a><\/p>\n\n\n\n<hr class=\"wp-block-separator has-alpha-channel-opacity is-style-wide\"\/>\n\n\n\n<h2 class=\"wp-block-heading\">tyrimo nariai<\/h2>\n\n\n\n<p class=\"wp-block-paragraph\"><\/p>\n\n\n\n<p class=\"wp-block-paragraph\"><strong>Juko Kagai<\/strong><br>Tokijo universitetas, Kavli Visatos fizikos ir matematikos institutas, specialiai paskirtas tyr\u0117jas, mokslo komunikacijos teorijos \u017eini\u0173 taikymas<\/p>\n\n\n\n<p class=\"wp-block-paragraph\"><strong>Makoto Ozono<\/strong><br>Do\u0161i\u0161os universitetas, Humanitarini\u0173 moksl\u0173 institutas, Sutartinis tyr\u0117jas, Politikos moksl\u0173 \u017eini\u0173 taikymas<\/p>\n\n\n\n<p class=\"wp-block-paragraph\"><strong><a href=\"https:\/\/researchmap.jp\/overhiro\/\" data-type=\"URL\" data-id=\"https:\/\/researchmap.jp\/overhiro\/\" target=\"_blank\" rel=\"noreferrer noopener\">Hirotsugu Ohba<\/a><\/strong><br>Rikkyo universitetas, Dirbtinio intelekto mokslo absolventas, specialiai paskirtas profesorius, atstovas, generalinis atsakingas<\/p>\n\n\n\n<p class=\"wp-block-paragraph\"><strong>Shinpei Okamoto<\/strong><br>Hirosimos universitetas, Ra\u0161t\u0173 mokyklos absolventas, docentas, \u017eini\u0173 pritaikymas taikomojoje filosofijoje<\/p>\n\n\n\n<p class=\"wp-block-paragraph\"><strong>Masashi Kasagi<\/strong><br>Specialiai paskirtas Nagojos universiteto laisv\u0173j\u0173 men\u0173 koled\u017eo docentas, eksperimentin\u0117s filosofijos \u017eini\u0173 pritaikymas<\/p>\n\n\n\n<p class=\"wp-block-paragraph\"><strong>Noiru Kikuchi<\/strong><br>Nacionalinis politikos studij\u0173 institutas\/Mokslo ir technologij\u0173 inovacij\u0173 politikos tyrim\u0173 centras\/Profesionalai, \u017dini\u0173 taikymas mokslo komunikacijos teorijoje<\/p>\n\n\n\n<p class=\"wp-block-paragraph\"><strong>Harushi Tamazawa<\/strong><br>Kioto universitetas, Ra\u0161t\u0173 mokyklos absolventas, kosmoso mokslo \u017eini\u0173 pritaikymo tyr\u0117jas, vice-atstovas<\/p>\n\n\n\n<p class=\"wp-block-paragraph\"><strong>Satoshi Kawamura<\/strong><br>Kioto universitetas, Moksl\u0173 mokyklos astronomijos observatorija, doktorant\u016bros programa, kosmoso mokslo \u017eini\u0173 taikymas<\/p>\n\n\n\n<p class=\"wp-block-paragraph\"><strong>Shiro Komatsu<\/strong><br>Yamanashi universiteto Gyvyb\u0117s ir aplinkos moksl\u0173 fakulteto docentas, gyvosios gamtos moksl\u0173 ir politikos moksl\u0173 \u017eini\u0173 pritaikymas<\/p>\n\n\n\n<p class=\"wp-block-paragraph\"><strong>Keiko Sato<\/strong><br>Kioto universitetas, Medicinos fakulteto ligonin\u0117, Medicinin\u0117s saugos vadybos katedra, specialiai paskirtas docentas, Gyvyb\u0117s moksl\u0173 \u017eini\u0173 pritaikymas<\/p>\n\n\n\n<p class=\"wp-block-paragraph\"><strong>Mika Suzuki<\/strong><br>Kioto universitetas, iPS l\u0105steli\u0173 tyrim\u0173 institutas, Uehiro etikos tyrim\u0173 skyrius, specialusis tyr\u0117jas, bioetikos \u017eini\u0173 taikymas<\/p>\n\n\n\n<p class=\"wp-block-paragraph\"><strong>Yuki Takagi<\/strong><br>Kioto universitetas, Ra\u0161to auk\u0161toji mokykla, Doktorant\u016bros programa, \u017dini\u0173 taikymas taikomojoje etikoje<\/p>\n\n\n\n<p class=\"wp-block-paragraph\"><strong>Masatsugu Chichiiwa<\/strong><br>Kitakyushu miesto universitetas, U\u017esienio studij\u0173 fakultetas, neakivaizdinis d\u0117stytojas, politikos moksl\u0173 \u017eini\u0173 taikymas<\/p>\n\n\n\n<p class=\"wp-block-paragraph\"><strong><a href=\"https:\/\/researchmap.jp\/Nagafumi_Nakamura\/?lang=japanese\" target=\"_blank\" rel=\"noreferrer noopener\">Nagafumi Nakamura<\/a><\/strong><br>Tokijo universiteto Men\u0173 ir moksl\u0173 fakulteto Laisv\u0173j\u0173 men\u0173 ugdymo pa\u017eangos organizacijos projekt\u0173 docentas, Politikos moksl\u0173 \u017eini\u0173 pritaikymas<\/p>\n\n\n\n<p class=\"wp-block-paragraph\"><strong>Kojiro Honda<\/strong><br>Kanazavos medicinos universiteto Humanitarini\u0173 moksl\u0173 katedros docent\u0117, taikomosios filosofijos \u017eini\u0173 taikymas<\/p>\n\n\n\n<p class=\"wp-block-paragraph\"><strong>Koki Miyano<\/strong><br>Kioto universiteto Tarpdisciplininio \u0161vietimo ir tyrim\u0173 skatinimo centro docentas, tarpdalykin\u0117s integracijos \u017eini\u0173 pritaikymas<\/p>\n\n\n\n<p class=\"wp-block-paragraph\"><strong>Masahiro Morioka<\/strong><br>Vasedos universiteto Humanitarini\u0173 moksl\u0173 fakulteto profesorius, taikomosios filosofijos \u017eini\u0173 taikymas<\/p>","protected":false},"excerpt":{"rendered":"<p>\u300a\u7a76\u6975\u306e\u9078\u629e\u300b\u7814\u7a76\u4f1a \u4eac\u90fd\u5927\u5b66 \u5b66\u969b\u878d\u5408\u6559\u80b2\u30bb\u30f3\u30bf\u30fc\u300a\u7a76\u6975\u306e\u9078\u629e\u300b\u7814\u7a76\u4f1a\uff08\u65e7 \u4eac\u90fd\u5927\u5b66\u300a\u7a76\u6975\u306e\u9078\u629e\u300b\u7814\u7a76\u30e9\u30a4\u30c8 [&hellip;]<\/p>\n","protected":false},"author":131104234,"featured_media":0,"parent":0,"menu_order":0,"comment_status":"closed","ping_status":"closed","template":"","meta":{"_crdt_document":"","advanced_seo_description":"","jetpack_seo_html_title":"","jetpack_seo_noindex":false,"footnotes":""},"class_list":["post-14","page","type-page","status-publish","hentry"],"jetpack_likes_enabled":true,"jetpack_sharing_enabled":true,"jetpack_shortlink":"https:\/\/wp.me\/PdK9kd-e","jetpack-related-posts":[],"amp_enabled":true,"_links":{"self":[{"href":"https:\/\/hardestchoice.org\/lt\/wp-json\/wp\/v2\/pages\/14","targetHints":{"allow":["GET"]}}],"collection":[{"href":"https:\/\/hardestchoice.org\/lt\/wp-json\/wp\/v2\/pages"}],"about":[{"href":"https:\/\/hardestchoice.org\/lt\/wp-json\/wp\/v2\/types\/page"}],"author":[{"embeddable":true,"href":"https:\/\/hardestchoice.org\/lt\/wp-json\/wp\/v2\/users\/131104234"}],"replies":[{"embeddable":true,"href":"https:\/\/hardestchoice.org\/lt\/wp-json\/wp\/v2\/comments?post=14"}],"version-history":[{"count":36,"href":"https:\/\/hardestchoice.org\/lt\/wp-json\/wp\/v2\/pages\/14\/revisions"}],"predecessor-version":[{"id":2469,"href":"https:\/\/hardestchoice.org\/lt\/wp-json\/wp\/v2\/pages\/14\/revisions\/2469"}],"wp:attachment":[{"href":"https:\/\/hardestchoice.org\/lt\/wp-json\/wp\/v2\/media?parent=14"}],"curies":[{"name":"wp","href":"https:\/\/api.w.org\/{rel}","templated":true}]}}