{"id":24,"date":"2022-03-02T12:14:30","date_gmt":"2022-03-02T03:14:30","guid":{"rendered":"https:\/\/hardestchoice.org\/?page_id=24"},"modified":"2022-05-24T23:50:30","modified_gmt":"2022-05-24T14:50:30","slug":"research","status":"publish","type":"page","link":"https:\/\/hardestchoice.org\/lt\/research\/","title":{"rendered":"TYRIMAI"},"content":{"rendered":"<div class=\"wp-block-group is-layout-constrained wp-block-group-is-layout-constrained\">\n<p class=\"wp-block-paragraph\">Galite pamatyti temas ir id\u0117jas, kurias \u0161iuo metu tiriame, apklausas, \u012f kurias \u012fdarbiname, plakatus, paskelbtus ankstesniuose renginiuose ir kt.<\/p>\n\n\n\n<p class=\"has-small-font-size wp-block-paragraph\">*J\u016bs\u0173 pateiktus pasirinkimus ir nuomones analizuos ir apibendrins Kioto universiteto \u201eUltimate Choice\u201c tyrimo grup\u0117 tik mokslini\u0173 tyrim\u0173 tikslais, jie bus naudojami akademin\u0117se konferencijose, akademiniuose straipsniuose ir \u0161ioje svetain\u0117je. Asmenys nebus identifikuoti.<\/p>\n\n\n\n<div style=\"height:40px\" aria-hidden=\"true\" class=\"wp-block-spacer\"><\/div>\n\n\n\n<div class=\"wp-block-query is-style-quadrat-diamond-posts is-layout-constrained wp-block-query-is-layout-constrained\"><ul class=\"wp-block-post-template is-layout-flow wp-block-post-template-is-layout-flow\"><li class=\"wp-block-post post-6683 post type-post status-publish format-standard hentry category-1982\">\n\n<div class=\"wp-block-columns is-layout-flex wp-container-core-columns-is-layout-1a9244c7 wp-block-columns-is-layout-flex\">\n<div class=\"wp-block-column is-vertically-aligned-center is-layout-constrained wp-container-core-column-is-layout-9ec9d9a0 wp-block-column-is-layout-constrained\"><h2 class=\"has-text-align-left wp-block-post-title has-large-font-size\"><a href=\"https:\/\/hardestchoice.org\/lt\/2025\/04\/28\/6683\/\" target=\"_self\" >Ataskaitos \u201eSocialini\u0173 bals\u0173 \u012ftraukimas \u012f dirbtin\u012f intelekt\u0105: socialin\u0117s apklausos apie aukos pasirinkim\u0105 ataskaita\u201c paskelbimas<\/a><\/h2>\n\n\n<div class=\"wp-block-group post-meta is-nowrap is-layout-flex wp-container-core-group-is-layout-1a9244c7 wp-block-group-is-layout-flex\"><div style=\"font-size:16px;\" class=\"is-style-post-date-icon wp-block-post-date\"><time datetime=\"2025-04-28T13:33:10+09:00\">2025 m. baland\u017eio 28 d.<\/time><\/div>\n\n<div style=\"font-size:16px\" class=\"taxonomy-category is-style-post-category-icon wp-block-post-terms\"><a href=\"https:\/\/hardestchoice.org\/lt\/category\/%e6%9c%aa%e5%88%86%e9%a1%9e\/\" rel=\"tag\">Ne\u012ftraukta \u012f kategorijas<\/a><\/div><\/div>\n<\/div>\n<\/div>\n\n\n\n<div style=\"height:30px\" aria-hidden=\"true\" class=\"wp-block-spacer\"><\/div>\n\n<\/li><li class=\"wp-block-post post-2688 post type-post status-publish format-standard hentry category-1982\">\n\n<div class=\"wp-block-columns is-layout-flex wp-container-core-columns-is-layout-1a9244c7 wp-block-columns-is-layout-flex\">\n<div class=\"wp-block-column is-vertically-aligned-center is-layout-constrained wp-container-core-column-is-layout-9ec9d9a0 wp-block-column-is-layout-constrained\"><h2 class=\"has-text-align-left wp-block-post-title has-large-font-size\"><a href=\"https:\/\/hardestchoice.org\/lt\/2024\/08\/23\/2688\/\" target=\"_self\" >Paskelbtos \u201ePaprastos moralini\u0173 duomen\u0173 rinkini\u0173 tyrim\u0173 ap\u017evalgos\u201c skaidr\u0117s<\/a><\/h2>\n\n\n<div class=\"wp-block-group post-meta is-nowrap is-layout-flex wp-container-core-group-is-layout-1a9244c7 wp-block-group-is-layout-flex\"><div style=\"font-size:16px;\" class=\"is-style-post-date-icon wp-block-post-date\"><time datetime=\"2024-08-23T14:27:05+09:00\">2024 m. rugpj\u016b\u010dio 23 d<\/time><\/div>\n\n<div style=\"font-size:16px\" class=\"taxonomy-category is-style-post-category-icon wp-block-post-terms\"><a href=\"https:\/\/hardestchoice.org\/lt\/category\/%e6%9c%aa%e5%88%86%e9%a1%9e\/\" rel=\"tag\">Ne\u012ftraukta \u012f kategorijas<\/a><\/div><\/div>\n<\/div>\n<\/div>\n\n\n\n<div style=\"height:30px\" aria-hidden=\"true\" class=\"wp-block-spacer\"><\/div>\n\n<\/li><li class=\"wp-block-post post-2436 post type-post status-publish format-standard hentry category-1982\">\n\n<div class=\"wp-block-columns is-layout-flex wp-container-core-columns-is-layout-1a9244c7 wp-block-columns-is-layout-flex\">\n<div class=\"wp-block-column is-vertically-aligned-center is-layout-constrained wp-container-core-column-is-layout-9ec9d9a0 wp-block-column-is-layout-constrained\"><h2 class=\"has-text-align-left wp-block-post-title has-large-font-size\"><a href=\"https:\/\/hardestchoice.org\/lt\/2024\/05\/27\/2436\/\" target=\"_self\" >Paskelbtas AI derinimo tyrimo dokumento vertimas<\/a><\/h2>\n\n\n<div class=\"wp-block-group post-meta is-nowrap is-layout-flex wp-container-core-group-is-layout-1a9244c7 wp-block-group-is-layout-flex\"><div style=\"font-size:16px;\" class=\"is-style-post-date-icon wp-block-post-date\"><time datetime=\"2024-05-27T13:35:29+09:00\">2024 m. gegu\u017e\u0117s 27 d<\/time><\/div>\n\n<div style=\"font-size:16px\" class=\"taxonomy-category is-style-post-category-icon wp-block-post-terms\"><a href=\"https:\/\/hardestchoice.org\/lt\/category\/%e6%9c%aa%e5%88%86%e9%a1%9e\/\" rel=\"tag\">Ne\u012ftraukta \u012f kategorijas<\/a><\/div><\/div>\n<\/div>\n<\/div>\n\n\n\n<div style=\"height:30px\" aria-hidden=\"true\" class=\"wp-block-spacer\"><\/div>\n\n<\/li><li class=\"wp-block-post post-1891 post type-post status-publish format-standard hentry category-1982\">\n\n<div class=\"wp-block-columns is-layout-flex wp-container-core-columns-is-layout-1a9244c7 wp-block-columns-is-layout-flex\">\n<div class=\"wp-block-column is-vertically-aligned-center is-layout-constrained wp-container-core-column-is-layout-9ec9d9a0 wp-block-column-is-layout-constrained\"><h2 class=\"has-text-align-left wp-block-post-title has-large-font-size\"><a href=\"https:\/\/hardestchoice.org\/lt\/2023\/10\/19\/1891\/\" target=\"_self\" >[\u017diniatinklio apklausos ap\u017evalga] \u300aUltimate Choice\u300b2023 m. sausis \/ 2023 m. gegu\u017e\u0117s m\u0117n.<\/a><\/h2>\n\n\n<div class=\"wp-block-group post-meta is-nowrap is-layout-flex wp-container-core-group-is-layout-1a9244c7 wp-block-group-is-layout-flex\"><div style=\"font-size:16px;\" class=\"is-style-post-date-icon wp-block-post-date\"><time datetime=\"2023-10-19T11:19:56+09:00\">2023 m. spalio 19 d<\/time><\/div>\n\n<div style=\"font-size:16px\" class=\"taxonomy-category is-style-post-category-icon wp-block-post-terms\"><a href=\"https:\/\/hardestchoice.org\/lt\/category\/%e6%9c%aa%e5%88%86%e9%a1%9e\/\" rel=\"tag\">Ne\u012ftraukta \u012f kategorijas<\/a><\/div><\/div>\n<\/div>\n<\/div>\n\n\n\n<div style=\"height:30px\" aria-hidden=\"true\" class=\"wp-block-spacer\"><\/div>\n\n<\/li><li class=\"wp-block-post post-1726 post type-post status-publish format-standard hentry category-1982\">\n\n<div class=\"wp-block-columns is-layout-flex wp-container-core-columns-is-layout-1a9244c7 wp-block-columns-is-layout-flex\">\n<div class=\"wp-block-column is-vertically-aligned-center is-layout-constrained wp-container-core-column-is-layout-9ec9d9a0 wp-block-column-is-layout-constrained\"><h2 class=\"has-text-align-left wp-block-post-title has-large-font-size\"><a href=\"https:\/\/hardestchoice.org\/lt\/2022\/10\/04\/1726\/\" target=\"_self\" >[Web Survey Bulletin] \u201eUltimate Choice\u201c 2022 m. rugs\u0117jo m\u0117n.<\/a><\/h2>\n\n\n<div class=\"wp-block-group post-meta is-nowrap is-layout-flex wp-container-core-group-is-layout-1a9244c7 wp-block-group-is-layout-flex\"><div style=\"font-size:16px;\" class=\"is-style-post-date-icon wp-block-post-date\"><time datetime=\"2022-10-04T14:25:24+09:00\">2022 m. spalio 4 d<\/time><\/div>\n\n<div style=\"font-size:16px\" class=\"taxonomy-category is-style-post-category-icon wp-block-post-terms\"><a href=\"https:\/\/hardestchoice.org\/lt\/category\/%e6%9c%aa%e5%88%86%e9%a1%9e\/\" rel=\"tag\">Ne\u012ftraukta \u012f kategorijas<\/a><\/div><\/div>\n<\/div>\n<\/div>\n\n\n\n<div style=\"height:30px\" aria-hidden=\"true\" class=\"wp-block-spacer\"><\/div>\n\n<\/li><li class=\"wp-block-post post-1703 post type-post status-publish format-standard hentry category-124847 category-124855\">\n\n<div class=\"wp-block-columns is-layout-flex wp-container-core-columns-is-layout-1a9244c7 wp-block-columns-is-layout-flex\">\n<div class=\"wp-block-column is-vertically-aligned-center is-layout-constrained wp-container-core-column-is-layout-9ec9d9a0 wp-block-column-is-layout-constrained\"><h2 class=\"has-text-align-left wp-block-post-title has-large-font-size\"><a href=\"https:\/\/hardestchoice.org\/lt\/2022\/09\/22\/1703\/\" target=\"_self\" >Rezultat\u0173 ataskaita \u201eKiekvienas susiduria su &lt;galutinis pasirinkimas&gt; 2022 m. rugpj\u016b\u010dio m\u0117n.\u201c<\/a><\/h2>\n\n\n<div class=\"wp-block-group post-meta is-nowrap is-layout-flex wp-container-core-group-is-layout-1a9244c7 wp-block-group-is-layout-flex\"><div style=\"font-size:16px;\" class=\"is-style-post-date-icon wp-block-post-date\"><time datetime=\"2022-09-22T11:39:18+09:00\">2022 m. rugs\u0117jo 22 d<\/time><\/div>\n\n<div style=\"font-size:16px\" class=\"taxonomy-category is-style-post-category-icon wp-block-post-terms\"><a href=\"https:\/\/hardestchoice.org\/lt\/category\/%e9%81%8e%e5%8e%bb%e3%81%ae\/\" rel=\"tag\">\u012fvykis<\/a><span class=\"wp-block-post-terms__separator\">, <\/span><a href=\"https:\/\/hardestchoice.org\/lt\/category\/%e7%86%9f%e8%ad%b0\/\" rel=\"tag\">svarstymas<\/a><\/div><\/div>\n<\/div>\n<\/div>\n\n\n\n<div style=\"height:30px\" aria-hidden=\"true\" class=\"wp-block-spacer\"><\/div>\n\n<\/li><li class=\"wp-block-post post-1646 post type-post status-publish format-standard hentry category-124848 category-124847 category-124855\">\n\n<div class=\"wp-block-columns is-layout-flex wp-container-core-columns-is-layout-1a9244c7 wp-block-columns-is-layout-flex\">\n<div class=\"wp-block-column is-vertically-aligned-center is-layout-constrained wp-container-core-column-is-layout-9ec9d9a0 wp-block-column-is-layout-constrained\"><h2 class=\"has-text-align-left wp-block-post-title has-large-font-size\"><a href=\"https:\/\/hardestchoice.org\/lt\/2022\/08\/18\/1646\/\" target=\"_self\" >&lt;Apklausos pabaiga&gt; \u201eSusipa\u017einkite su visais \u201eGalutinis pasirinkimas\u201c 2022 m. rugpj\u016b\u010dio m\u0117n.<\/a><\/h2>\n\n\n<div class=\"wp-block-group post-meta is-nowrap is-layout-flex wp-container-core-group-is-layout-1a9244c7 wp-block-group-is-layout-flex\"><div style=\"font-size:16px;\" class=\"is-style-post-date-icon wp-block-post-date\"><time datetime=\"2022-08-18T22:47:11+09:00\">2022 m. rugpj\u016b\u010dio 18 d<\/time><\/div>\n\n<div style=\"font-size:16px\" class=\"taxonomy-category is-style-post-category-icon wp-block-post-terms\"><a href=\"https:\/\/hardestchoice.org\/lt\/category\/%e7%8f%be%e5%9c%a8%e6%a4%9c%e8%a8%8e%e4%b8%ad\/\" rel=\"tag\">id\u0117ja<\/a><span class=\"wp-block-post-terms__separator\">, <\/span><a href=\"https:\/\/hardestchoice.org\/lt\/category\/%e9%81%8e%e5%8e%bb%e3%81%ae\/\" rel=\"tag\">\u012fvykis<\/a><span class=\"wp-block-post-terms__separator\">, <\/span><a href=\"https:\/\/hardestchoice.org\/lt\/category\/%e7%86%9f%e8%ad%b0\/\" rel=\"tag\">svarstymas<\/a><\/div><\/div>\n<\/div>\n<\/div>\n\n\n\n<div style=\"height:30px\" aria-hidden=\"true\" class=\"wp-block-spacer\"><\/div>\n\n<\/li><li class=\"wp-block-post post-1303 post type-post status-publish format-standard hentry category-124847 category-124854\">\n\n<div class=\"wp-block-columns is-layout-flex wp-container-core-columns-is-layout-1a9244c7 wp-block-columns-is-layout-flex\">\n<div class=\"wp-block-column is-vertically-aligned-center is-layout-constrained wp-container-core-column-is-layout-9ec9d9a0 wp-block-column-is-layout-constrained\"><h2 class=\"has-text-align-left wp-block-post-title has-large-font-size\"><a href=\"https:\/\/hardestchoice.org\/lt\/2022\/05\/27\/1303\/\" target=\"_self\" >Visi paskaitykime seminaro \u201eKosmin\u0117s or\u0173 prognoz\u0117s\u201c prane\u0161im\u0105<\/a><\/h2>\n\n\n<div class=\"wp-block-group post-meta is-nowrap is-layout-flex wp-container-core-group-is-layout-1a9244c7 wp-block-group-is-layout-flex\"><div style=\"font-size:16px;\" class=\"is-style-post-date-icon wp-block-post-date\"><time datetime=\"2022-05-27T16:53:20+09:00\">2022 m. gegu\u017e\u0117s 27 d<\/time><\/div>\n\n<div style=\"font-size:16px\" class=\"taxonomy-category is-style-post-category-icon wp-block-post-terms\"><a href=\"https:\/\/hardestchoice.org\/lt\/category\/%e9%81%8e%e5%8e%bb%e3%81%ae\/\" rel=\"tag\">\u012fvykis<\/a><span class=\"wp-block-post-terms__separator\">, <\/span><a href=\"https:\/\/hardestchoice.org\/lt\/category\/%e4%ba%8b%e4%be%8b%e4%bd%9c%e6%88%90\/\" rel=\"tag\">Atvejo analiz\u0117s k\u016brimas<\/a><\/div><\/div>\n<\/div>\n<\/div>\n\n\n\n<div style=\"height:30px\" aria-hidden=\"true\" class=\"wp-block-spacer\"><\/div>\n\n<\/li><li class=\"wp-block-post post-1122 post type-post status-publish format-standard hentry category-124847 category-124855\">\n\n<div class=\"wp-block-columns is-layout-flex wp-container-core-columns-is-layout-1a9244c7 wp-block-columns-is-layout-flex\">\n<div class=\"wp-block-column is-vertically-aligned-center is-layout-constrained wp-container-core-column-is-layout-9ec9d9a0 wp-block-column-is-layout-constrained\"><h2 class=\"has-text-align-left wp-block-post-title has-large-font-size\"><a href=\"https:\/\/hardestchoice.org\/lt\/2022\/05\/24\/1122\/\" target=\"_self\" >Bandomasis \u201eteisingo pasirinkimo\u201c korona kriz\u0117s metu tyrimas<\/a><\/h2>\n\n\n<div class=\"wp-block-group post-meta is-nowrap is-layout-flex wp-container-core-group-is-layout-1a9244c7 wp-block-group-is-layout-flex\"><div style=\"font-size:16px;\" class=\"is-style-post-date-icon wp-block-post-date\"><time datetime=\"2022-05-24T17:00:00+09:00\">2022 m. gegu\u017e\u0117s 24 d<\/time><\/div>\n\n<div style=\"font-size:16px\" class=\"taxonomy-category is-style-post-category-icon wp-block-post-terms\"><a href=\"https:\/\/hardestchoice.org\/lt\/category\/%e9%81%8e%e5%8e%bb%e3%81%ae\/\" rel=\"tag\">\u012fvykis<\/a><span class=\"wp-block-post-terms__separator\">, <\/span><a href=\"https:\/\/hardestchoice.org\/lt\/category\/%e7%86%9f%e8%ad%b0\/\" rel=\"tag\">svarstymas<\/a><\/div><\/div>\n<\/div>\n<\/div>\n\n\n\n<div style=\"height:30px\" aria-hidden=\"true\" class=\"wp-block-spacer\"><\/div>\n\n<\/li><li class=\"wp-block-post post-993 post type-post status-publish format-standard hentry category-124847\">\n\n<div class=\"wp-block-columns is-layout-flex wp-container-core-columns-is-layout-1a9244c7 wp-block-columns-is-layout-flex\">\n<div class=\"wp-block-column is-vertically-aligned-center is-layout-constrained wp-container-core-column-is-layout-9ec9d9a0 wp-block-column-is-layout-constrained\"><h2 class=\"has-text-align-left wp-block-post-title has-large-font-size\"><a href=\"https:\/\/hardestchoice.org\/lt\/2020\/01\/11\/993\/\" target=\"_self\" >2020 m. sausio m\u0117n. studij\u0173 grup\u0117<\/a><\/h2>\n\n\n<div class=\"wp-block-group post-meta is-nowrap is-layout-flex wp-container-core-group-is-layout-1a9244c7 wp-block-group-is-layout-flex\"><div style=\"font-size:16px;\" class=\"is-style-post-date-icon wp-block-post-date\"><time datetime=\"2020-01-11T16:20:00+09:00\">2020 m. sausio 11 d<\/time><\/div>\n\n<div style=\"font-size:16px\" class=\"taxonomy-category is-style-post-category-icon wp-block-post-terms\"><a href=\"https:\/\/hardestchoice.org\/lt\/category\/%e9%81%8e%e5%8e%bb%e3%81%ae\/\" rel=\"tag\">\u012fvykis<\/a><\/div><\/div>\n<\/div>\n<\/div>\n\n\n\n<div style=\"height:30px\" aria-hidden=\"true\" class=\"wp-block-spacer\"><\/div>\n\n<\/li><\/ul>\n\n<nav class=\"alignwide wp-block-query-pagination is-layout-flex wp-block-query-pagination-is-layout-flex\" aria-label=\"Puslapiavimas\">\n\n\n<div class=\"wp-block-query-pagination-numbers\"><span aria-current=\"page\" class=\"page-numbers current\">1<\/span>\n<a class=\"page-numbers\" href=\"?query-10-page=2\">2<\/a><\/div>\n\n<a href=\"\/lt\/wp-json\/wp\/v2\/pages\/24?query-10-page=2\" class=\"wp-block-query-pagination-next\">Kitas puslapis<span class='wp-block-query-pagination-next-arrow is-arrow-arrow' aria-hidden='true'>\u2192<\/span><\/a>\n<\/nav><\/div>\n\n\n\n<div style=\"height:60px\" aria-hidden=\"true\" class=\"wp-block-spacer\"><\/div>\n<\/div>","protected":false},"excerpt":{"rendered":"<p>\u73fe\u5728\u7814\u7a76\u4e2d\u306e\u30c6\u30fc\u30de\u3084\u30a2\u30a4\u30c7\u30a2\u3001\u52df\u96c6\u4e2d\u306e\u8abf\u67fb\u3001\u904e\u53bb\u306e\u30a4\u30d9\u30f3\u30c8\u3067\u516c\u958b\u3057\u305f\u30dd\u30b9\u30bf\u30fc\u7b49\u3092\u3054\u89a7\u3044\u305f\u3060\u3051\u307e\u3059\u3002 \u203b\u3054\u56de\u7b54\u3044 [&hellip;]<\/p>\n","protected":false},"author":136335720,"featured_media":0,"parent":0,"menu_order":0,"comment_status":"closed","ping_status":"closed","template":"","meta":{"_crdt_document":"","advanced_seo_description":"","jetpack_seo_html_title":"","jetpack_seo_noindex":false,"jetpack_post_was_ever_published":false,"footnotes":""},"class_list":["post-24","page","type-page","status-publish","hentry"],"jetpack_likes_enabled":true,"jetpack_sharing_enabled":true,"jetpack_shortlink":"https:\/\/wp.me\/PdK9kd-o","jetpack-related-posts":[],"amp_enabled":true,"_links":{"self":[{"href":"https:\/\/hardestchoice.org\/lt\/wp-json\/wp\/v2\/pages\/24","targetHints":{"allow":["GET"]}}],"collection":[{"href":"https:\/\/hardestchoice.org\/lt\/wp-json\/wp\/v2\/pages"}],"about":[{"href":"https:\/\/hardestchoice.org\/lt\/wp-json\/wp\/v2\/types\/page"}],"author":[{"embeddable":true,"href":"https:\/\/hardestchoice.org\/lt\/wp-json\/wp\/v2\/users\/136335720"}],"replies":[{"embeddable":true,"href":"https:\/\/hardestchoice.org\/lt\/wp-json\/wp\/v2\/comments?post=24"}],"version-history":[{"count":23,"href":"https:\/\/hardestchoice.org\/lt\/wp-json\/wp\/v2\/pages\/24\/revisions"}],"predecessor-version":[{"id":1644,"href":"https:\/\/hardestchoice.org\/lt\/wp-json\/wp\/v2\/pages\/24\/revisions\/1644"}],"wp:attachment":[{"href":"https:\/\/hardestchoice.org\/lt\/wp-json\/wp\/v2\/media?parent=24"}],"curies":[{"name":"wp","href":"https:\/\/api.w.org\/{rel}","templated":true}]}}