{"id":29,"date":"2022-03-02T12:17:16","date_gmt":"2022-03-02T03:17:16","guid":{"rendered":"https:\/\/hardestchoice.org\/?page_id=29"},"modified":"2022-10-07T20:43:23","modified_gmt":"2022-10-07T11:43:23","slug":"contactus","status":"publish","type":"page","link":"https:\/\/hardestchoice.org\/lt\/contactus\/","title":{"rendered":"DUK \/ KONTAKTAI"},"content":{"rendered":"<hr class=\"wp-block-separator has-alpha-channel-opacity is-style-wide\"\/>\n\n\n\n<div class=\"wp-block-group is-layout-flow wp-block-group-is-layout-flow\">\n<h2 class=\"wp-block-heading\">DUK<\/h2>\n\n\n\n<h4 class=\"wp-block-heading\">Klausimas: \u0160iuo metu ruo\u0161iam\u0117s.<\/h4>\n\n\n\n<p class=\"wp-block-paragraph\">A: Mes ruo\u0161iame atsakym\u0105.<\/p>\n\n\n\n<div class=\"wp-block-columns is-layout-flex wp-container-core-columns-is-layout-1a9244c7 wp-block-columns-is-layout-flex\">\n<div class=\"wp-block-column is-layout-flow wp-block-column-is-layout-flow\" style=\"flex-basis:100%\">\n<hr class=\"wp-block-separator has-alpha-channel-opacity is-style-wide\"\/>\n<\/div>\n<\/div>\n\n\n\n<p class=\"wp-block-paragraph\"><\/p>\n\n\n\n<h3 class=\"wp-block-heading\">Apie tem\u0105 \u201eUltimate Choice\u201c<\/h3>\n\n\n\n<p class=\"wp-block-paragraph\">\u0160ioje temoje pagrindinis d\u0117mesys skiriamas problemoms, su kuriomis studentai i\u0161 tikr\u0173j\u0173 susiduria ir susidurs tobul\u0117dami savo tyrimus ir praktik\u0105. Klausimai, kurie \u012fvairiose srityse laikomi itin sunkiais, pasirenkami kaip \u201egaliausias pasirinkimas\u201c.<br>Ta\u010diau net jei problema yra laikoma \u0161ios srities problema, yra problem\u0173, kuri\u0173 nereik\u0117t\u0173 dalytis su visa visuomene. Kita vertus, yra ir problem\u0173, kuriomis visuomen\u0117 tur\u0117t\u0173 pritarti ir apie kurias visuomen\u0117 tur\u0117t\u0173 gilinti savo supratim\u0105. Be to, visuomen\u0117je yra \u017emoni\u0173, kurie mano, kad tai yra problema, ir kit\u0173, kurie mano, kad tai n\u0117ra problema.<br>\u017dmoni\u0173 atsakymai gali labai skirtis priklausomai nuo to, kaip j\u0173 klausiate. Pavyzd\u017eiui, klausdami apie pab\u0117g\u0117li\u0173 problem\u0105, jei i\u0161 anksto akcentuosite pab\u0117g\u0117li\u0173 pad\u0117t\u012f, grei\u010diausiai juos i\u0161gelb\u0117site, ta\u010diau jei akcentuosite tr\u016bkumus, kylan\u010dius priimant pab\u0117g\u0117lius, grei\u010diausiai juos atstumsite.<br>\u0160iame bandomajame etape \u0161iuo metu ie\u0161kome tinkamo b\u016bdo u\u017eduoti tokius klausimus.<\/p>\n<\/div>\n\n\n\n<hr class=\"wp-block-separator has-alpha-channel-opacity is-style-wide\"\/>\n\n\n\n<h2 class=\"wp-block-heading\">Kontaktin\u0117 informacija<\/h2>\n\n\n\n<p class=\"wp-block-paragraph\">Jei norite susisiekti su \u201eUltimate Choice\u201c tyrim\u0173 grupe, susisiekite su mumis naudodami \u017eemiau esan\u010di\u0105 form\u0105.<\/p>\n\n\n\n<p class=\"wp-block-paragraph\">Jei turite koki\u0173 nors nuomoni\u0173 apie \u0161i\u0105 \u201eUltimate Choice\u201c tem\u0105, nedvejodami para\u0161ykite jas.<\/p>\n\n\n\n<p class=\"wp-block-paragraph\"><\/p>\n\n\n<div class=\"wp-block-jetpack-contact-form is-layout-flex wp-container-jetpack-contact-form-is-layout-2cb9499c wp-block-jetpack-contact-form-is-layout-flex\"><a href=\"https:\/\/hardestchoice.org\/lt\/contactus\/\" target=\"_blank\" rel=\"noopener noreferrer\">Submit a form.<\/a><\/div>\n\n\n<p class=\"wp-block-paragraph\"><\/p>\n\n\n\n<div style=\"height:100px\" aria-hidden=\"true\" class=\"wp-block-spacer\"><\/div>","protected":false},"excerpt":{"rendered":"<p>\u3088\u304f\u3042\u308b\u3054\u8cea\u554f Q: \u53ea\u4eca\u6e96\u5099\u4e2d\u3067\u3059\u3002 A: \u56de\u7b54\u3092\u6e96\u5099\u3057\u3066\u304a\u308a\u307e\u3059\u3002 \u300a\u7a76\u6975\u306e\u9078\u629e\u300b\u3068\u3044\u3046\u30c6\u30fc\u30de\u306b\u3064\u3044\u3066 \u3053 [&hellip;]<\/p>\n","protected":false},"author":136335720,"featured_media":0,"parent":0,"menu_order":0,"comment_status":"closed","ping_status":"closed","template":"","meta":{"_crdt_document":"","advanced_seo_description":"","jetpack_seo_html_title":"","jetpack_seo_noindex":false,"footnotes":""},"class_list":["post-29","page","type-page","status-publish","hentry"],"jetpack_likes_enabled":true,"jetpack_sharing_enabled":true,"jetpack_shortlink":"https:\/\/wp.me\/PdK9kd-t","jetpack-related-posts":[],"amp_enabled":true,"_links":{"self":[{"href":"https:\/\/hardestchoice.org\/lt\/wp-json\/wp\/v2\/pages\/29","targetHints":{"allow":["GET"]}}],"collection":[{"href":"https:\/\/hardestchoice.org\/lt\/wp-json\/wp\/v2\/pages"}],"about":[{"href":"https:\/\/hardestchoice.org\/lt\/wp-json\/wp\/v2\/types\/page"}],"author":[{"embeddable":true,"href":"https:\/\/hardestchoice.org\/lt\/wp-json\/wp\/v2\/users\/136335720"}],"replies":[{"embeddable":true,"href":"https:\/\/hardestchoice.org\/lt\/wp-json\/wp\/v2\/comments?post=29"}],"version-history":[{"count":34,"href":"https:\/\/hardestchoice.org\/lt\/wp-json\/wp\/v2\/pages\/29\/revisions"}],"predecessor-version":[{"id":1755,"href":"https:\/\/hardestchoice.org\/lt\/wp-json\/wp\/v2\/pages\/29\/revisions\/1755"}],"wp:attachment":[{"href":"https:\/\/hardestchoice.org\/lt\/wp-json\/wp\/v2\/media?parent=29"}],"curies":[{"name":"wp","href":"https:\/\/api.w.org\/{rel}","templated":true}]}}