{"id":14,"date":"2022-03-02T12:01:05","date_gmt":"2022-03-02T03:01:05","guid":{"rendered":"https:\/\/hardestchoice.org\/?page_id=14"},"modified":"2024-06-05T13:21:07","modified_gmt":"2024-06-05T04:21:07","slug":"aboutus","status":"publish","type":"page","link":"https:\/\/hardestchoice.org\/lv\/aboutus\/","title":{"rendered":"PAR"},"content":{"rendered":"<div class=\"wp-block-group alignfull is-layout-constrained wp-block-group-is-layout-constrained\">\n<h2 class=\"wp-block-heading\">&lt;&lt; Gal\u012bg\u0101 izv\u0113le &gt;&gt; P\u0113t\u012bjumu grupa<\/h2>\n\n\n\n<p class=\"wp-block-paragraph\">\u0160\u012b ir Kioto Universit\u0101tes Starpdisciplin\u0101r\u0101s izgl\u012bt\u012bbas centra `` Ultimate Choice ` Research Group (iepriek\u0161 Kioto Universit\u0101tes `` Ultimate Choice &#039;&#039; Research Light Unit) m\u0101jas lapa.<\/p>\n\n\n\n<p class=\"wp-block-paragraph\">M\u016bsu p\u0113t\u012bjumiem nav cer\u012bbu, sap\u0146u vai Nobela pr\u0113mijas. Turkl\u0101t jums var \u0161\u0137ist, ka ir j\u0101apsver \u0161\u0101das ne\u017e\u0113l\u012bgas lietas. Tas ir t\u0101p\u0113c, ka &quot;Ultimate Choice&quot; p\u0113t\u012bjumos tiek apsv\u0113rts, kas un kam b\u016btu j\u0101upur\u0113.<\/p>\n\n\n\n<p class=\"wp-block-paragraph\">Bet tas ir nepiecie\u0161ams p\u0113t\u012bjums. Jo, ja nesagatavosi atbildi uz ``gal\u0113jo izv\u0113li&#039;&#039;, izveidosies slikt\u0101ka situ\u0101cija.<\/p>\n\n\n\n<p class=\"wp-block-paragraph\">Piem\u0113ram, &quot;Kam b\u016btu j\u0101pie\u0161\u0137ir priorit\u0101te vakcin\u0101cijai, ja tr\u016bkst vakc\u012bnu \u013coti let\u0101las pand\u0113mijas gad\u012bjum\u0101?&quot; un &quot;Kam b\u016btu j\u0101pie\u0161\u0137ir priorit\u0101te gl\u0101b\u0161anai, gl\u0101bjot cilv\u0113kus no liela m\u0113roga katastrofas?&quot; Upura izv\u0113le piem\u0113ram, tas nav kaut kas t\u0101ds, uz ko var atbild\u0113t uz vietas.<\/p>\n\n\n\n<p class=\"wp-block-paragraph\">Ja m\u0113s neatbild\u0113sim uz \u0161o jaut\u0101jumu par upur\u0113\u0161anu, iesp\u0113jams, non\u0101ksim situ\u0101cij\u0101, kad pirmais brauc, pirmais, pirmais, pirmais, kas pirmie, varenajiem un bag\u0101tajiem tiek dota priek\u0161roka, vai ar\u012b m\u0113s izvair\u0101mies no izv\u0113les un visiem upuriem. Tas b\u016bs rezult\u0101ts, ko liel\u0101k\u0101 da\u013ca cilv\u0113ki negrib.<\/p>\n\n\n\n<p class=\"wp-block-paragraph\">Pat ja turpin\u0101sim skat\u012bties prom, briesm\u012bgais izn\u0101kums nemain\u012bsies.<\/p>\n\n\n\n<p class=\"wp-block-paragraph\">Da\u017ei cilv\u0113ki var dom\u0101t ar\u012b par \u0161\u0137iro\u0161anu, piem\u0113ram, saist\u012bb\u0101 ar \u0161o jaut\u0101jumu. Tom\u0113r tas, kas notika Lielaj\u0101 Austrumjap\u0101nas zemestr\u012bc\u0113, bija \u0101rk\u0101rtas situ\u0101cija, kur\u0101 pat tad, ja \u0161\u0137iro\u0161ana tika atz\u012bm\u0113ta k\u0101 &quot;augst\u0101k\u0101s priorit\u0101tes \u0101rst\u0113\u0161ana&quot;, gad\u012bjumu skaits bija p\u0101r\u0101k liels un bija nepiecie\u0161ama turpm\u0101ka atlase. Jo liel\u0101ks ir katastrofas vai probl\u0113mas m\u0113rogs, jo gr\u016bt\u0101k k\u013c\u016bst rea\u0123\u0113t, izmantojot parastos meh\u0101nismus, un visur b\u016bs lab\u0101k\u0101 izv\u0113le.<\/p>\n\n\n\n<p class=\"wp-block-paragraph\">Gatavojoties \u0161\u0101das ``gal\u012bg\u0101s izv\u0113les&#039;&#039; par\u0101d\u012b\u0161an\u0101s, uzskatu, ka mums ir vajadz\u012bga sist\u0113ma, kas \u013cauj cilv\u0113kiem velt\u012bt laiku diskusij\u0101m un izv\u0113les izdar\u012b\u0161anai, lai rad\u012btu p\u0113c iesp\u0113jas liel\u0101kam cilv\u0113ku skaitam pie\u0146emamas atbildes.<\/p>\n\n\n\n<p class=\"wp-block-paragraph\">T\u0101p\u0113c ar nosaukumu ``Ultimate Choice&#039;&#039; m\u0113s p\u0113t\u0101m izv\u0113les probl\u0113mu ekstrem\u0101l\u0101s situ\u0101cij\u0101s un mekl\u0113jam lab\u0101kus risin\u0101jumus.<\/p>\n\n\n\n<p class=\"wp-block-paragraph\">Vai v\u0113laties kop\u0101 padom\u0101t par lab\u0101ko izv\u0113li?<\/p>\n\n\n\n<p class=\"wp-block-paragraph\">(N\u0101kotn\u0113 es v\u0113l\u0113tos censties izveidot sist\u0113mu, kas atbalsta glob\u0101lu l\u0113mumu pie\u0146em\u0161anu, pie\u0146emot v\u0113l\u0113t\u0101ju priek\u0161likumus, nodro\u0161inot forumu apspried\u0113m un sagatavojot versijas da\u017e\u0101d\u0101s valod\u0101s, ta\u010du l\u012bdz tam v\u0113l ir t\u0101lu.)<\/p>\n\n\n\n<figure class=\"wp-block-image size-full\"><a href=\"https:\/\/i0.wp.com\/hardestchoice.org\/wp-content\/uploads\/2022\/04\/figure-hardestchoice.png?ssl=1\"><img loading=\"lazy\" decoding=\"async\" width=\"1280\" height=\"957\" data-attachment-id=\"79\" data-permalink=\"https:\/\/hardestchoice.org\/lv\/aboutus\/figure-hardestchoice\/\" data-orig-file=\"https:\/\/i0.wp.com\/hardestchoice.org\/wp-content\/uploads\/2022\/04\/figure-hardestchoice.png?fit=1280%2C957&amp;ssl=1\" data-orig-size=\"1280,957\" data-comments-opened=\"0\" data-image-meta=\"{&quot;aperture&quot;:&quot;0&quot;,&quot;credit&quot;:&quot;&quot;,&quot;camera&quot;:&quot;&quot;,&quot;caption&quot;:&quot;&quot;,&quot;created_timestamp&quot;:&quot;0&quot;,&quot;copyright&quot;:&quot;&quot;,&quot;focal_length&quot;:&quot;0&quot;,&quot;iso&quot;:&quot;0&quot;,&quot;shutter_speed&quot;:&quot;0&quot;,&quot;title&quot;:&quot;&quot;,&quot;orientation&quot;:&quot;0&quot;}\" data-image-title=\"figure-hardestchoice\" data-image-description=\"\" data-image-caption=\"\" data-large-file=\"https:\/\/i0.wp.com\/hardestchoice.org\/wp-content\/uploads\/2022\/04\/figure-hardestchoice.png?fit=1024%2C766&amp;ssl=1\" src=\"https:\/\/i0.wp.com\/hardestchoice.org\/wp-content\/uploads\/2022\/04\/figure-hardestchoice.png?fit=1280%2C957&amp;ssl=1\" alt=\"\" class=\"wp-image-79\" srcset=\"https:\/\/i0.wp.com\/hardestchoice.org\/wp-content\/uploads\/2022\/04\/figure-hardestchoice.png?w=1280&amp;ssl=1 1280w, https:\/\/i0.wp.com\/hardestchoice.org\/wp-content\/uploads\/2022\/04\/figure-hardestchoice.png?resize=300%2C224&amp;ssl=1 300w, https:\/\/i0.wp.com\/hardestchoice.org\/wp-content\/uploads\/2022\/04\/figure-hardestchoice.png?resize=1024%2C766&amp;ssl=1 1024w, https:\/\/i0.wp.com\/hardestchoice.org\/wp-content\/uploads\/2022\/04\/figure-hardestchoice.png?resize=768%2C574&amp;ssl=1 768w, https:\/\/i0.wp.com\/hardestchoice.org\/wp-content\/uploads\/2022\/04\/figure-hardestchoice.png?resize=16%2C12&amp;ssl=1 16w, https:\/\/i0.wp.com\/hardestchoice.org\/wp-content\/uploads\/2022\/04\/figure-hardestchoice.png?resize=400%2C300&amp;ssl=1 400w, https:\/\/i0.wp.com\/hardestchoice.org\/wp-content\/uploads\/2022\/04\/figure-hardestchoice.png?resize=200%2C150&amp;ssl=1 200w, https:\/\/i0.wp.com\/hardestchoice.org\/wp-content\/uploads\/2022\/04\/figure-hardestchoice.png?resize=1200%2C897&amp;ssl=1 1200w\" sizes=\"auto, (max-width: 1000px) 100vw, 1000px\" \/><\/a><\/figure>\n<\/div>\n\n\n\n<hr class=\"wp-block-separator has-alpha-channel-opacity is-style-wide\"\/>\n\n\n\n<h2 class=\"wp-block-heading\">p\u0113tniec\u012bbas granti<\/h2>\n\n\n\n<p class=\"wp-block-paragraph\">&quot;<em>Pras\u012bbas AI, lai pie\u0146emtu soci\u0101lus l\u0113mumus<\/em>- laba kvalit\u0101te<em>datu kopa<\/em>un v\u0113lams<em>Izvade<\/em>p\u0113t\u012bjums\u201d (probl\u0113mas numurs<a href=\"https:\/\/toyotafound.secure.force.com\/psearch\/JoseiDetail?name=D19-ST-0019\">D19-ST-0019<\/a>, p\u0101rst\u0101vis: Hirotsugu Oba) (Toyota Foundation 2019 \u012bpa\u0161\u0101 t\u0113ma \u201cJauna cilv\u0113ku sabiedr\u012bba, kas rad\u012bta kop\u0101 ar progres\u012bv\u0101m tehnolo\u0123ij\u0101m\u201d)<\/p>\n\n\n\n<p class=\"wp-block-paragraph\"><a href=\"https:\/\/toyotafound.secure.force.com\/psearch\/JoseiDetail?name=D19-ST-0019\">https:\/\/toyotafound.secure.force.com\/psearch\/JoseiDetail?name=D19-ST-0019<\/a><\/p>\n\n\n\n<hr class=\"wp-block-separator has-alpha-channel-opacity is-style-wide\"\/>\n\n\n\n<h2 class=\"wp-block-heading\">p\u0113t\u012bjuma dal\u012bbnieki<\/h2>\n\n\n\n<p class=\"wp-block-paragraph\"><\/p>\n\n\n\n<p class=\"wp-block-paragraph\"><strong>Juko Kagai<\/strong><br>Tokijas Universit\u0101te, Kavli Visuma Fizikas un matem\u0101tikas instit\u016bts, \u012bpa\u0161i iecelts p\u0113tnieks, zin\u0101tnes komunik\u0101cijas teorijas zin\u0101\u0161anu pielietojums<\/p>\n\n\n\n<p class=\"wp-block-paragraph\"><strong>Makoto Ozono<\/strong><br>Do\u0161i\u0161as Universit\u0101te, Humanit\u0101ro zin\u0101t\u0146u instit\u016bts, l\u012bgump\u0113tnieks, politikas zin\u0101tnes zin\u0101\u0161anu pielietojums<\/p>\n\n\n\n<p class=\"wp-block-paragraph\"><strong><a href=\"https:\/\/researchmap.jp\/overhiro\/\" data-type=\"URL\" data-id=\"https:\/\/researchmap.jp\/overhiro\/\" target=\"_blank\" rel=\"noreferrer noopener\">Hirotsugu Ohba<\/a><\/strong><br>Rikkyo Universit\u0101te, M\u0101ksl\u012bg\u0101 intelekta zin\u0101tnes augstskola, \u012bpa\u0161i iecelts profesors, p\u0101rst\u0101vis, \u0123ener\u0101latbild\u012bgais<\/p>\n\n\n\n<p class=\"wp-block-paragraph\"><strong>\u0160inpejs Okamoto<\/strong><br>Hirosimas Universit\u0101te, Burtu skola, docente, lieti\u0161\u0137\u0101s filozofijas zin\u0101\u0161anu pielieto\u0161ana<\/p>\n\n\n\n<p class=\"wp-block-paragraph\"><strong>Ma\u0161a\u0161i Kasagi<\/strong><br>\u012apa\u0161i iecelts asoci\u0113tais profesors Nagojas Universit\u0101tes Br\u012bvo m\u0101kslu koled\u017e\u0101, Eksperiment\u0101l\u0101s filozofijas zin\u0101\u0161anu pielietojums<\/p>\n\n\n\n<p class=\"wp-block-paragraph\"><strong>Noiru Kiku\u010di<\/strong><br>Nacion\u0101lais politikas studiju instit\u016bts\/Zin\u0101tnes un tehnolo\u0123iju inov\u0101ciju politikas p\u0113tniec\u012bbas centrs\/Profesion\u0101\u013ci, zin\u0101\u0161anu pielieto\u0161ana zin\u0101tnes komunik\u0101cijas teorij\u0101<\/p>\n\n\n\n<p class=\"wp-block-paragraph\"><strong>Haru\u0161i Tamazava<\/strong><br>Kioto Universit\u0101te, Burtu augstskola, p\u0113tnieks, vicep\u0101rst\u0101vis, Kosmosa zin\u0101tnes zin\u0101\u0161anu pielieto\u0161ana<\/p>\n\n\n\n<p class=\"wp-block-paragraph\"><strong>Sato\u0161i Kavamura<\/strong><br>Kioto Universit\u0101te, Zin\u0101t\u0146u augstskolas Astronomijas observatorija, Doktorant\u016bras programma, Kosmosa zin\u0101tnes zin\u0101\u0161anu pielieto\u0161ana<\/p>\n\n\n\n<p class=\"wp-block-paragraph\"><strong>\u0160iro Komatsu<\/strong><br>Jamana\u0161i Universit\u0101te, Dz\u012bv\u012bbas un vides zin\u0101t\u0146u fakult\u0101te, asoci\u0113tais profesors, zin\u0101\u0161anu pielietojums no dz\u012bv\u012bbas zin\u0101tnes un politikas zin\u0101tnes<\/p>\n\n\n\n<p class=\"wp-block-paragraph\"><strong>Keiko Sato<\/strong><br>Kioto Universit\u0101te, Medic\u012bnas fakult\u0101tes slimn\u012bca, Medic\u012bnas dro\u0161\u012bbas vad\u012bbas katedra, \u012bpa\u0161i iecelts asoci\u0113tais profesors, dz\u012bv\u012bbas zin\u0101tnes zin\u0101\u0161anu pielieto\u0161ana<\/p>\n\n\n\n<p class=\"wp-block-paragraph\"><strong>Mika Suzuki<\/strong><br>Kioto Universit\u0101te, iPS \u0161\u016bnu p\u0113tniec\u012bbas instit\u016bts, Uehiro \u0113tikas p\u0113tniec\u012bbas noda\u013ca, \u012bpa\u0161ais p\u0113tnieks, bio\u0113tikas zin\u0101\u0161anu pielieto\u0161ana<\/p>\n\n\n\n<p class=\"wp-block-paragraph\"><strong>Juki Takagi<\/strong><br>Kioto Universit\u0101te, Burtu augstskola, Doktorant\u016bras programma, Zin\u0101\u0161anu pielieto\u0161ana lieti\u0161\u0137aj\u0101 \u0113tik\u0101<\/p>\n\n\n\n<p class=\"wp-block-paragraph\"><strong>Masacu \u010ci\u010diva<\/strong><br>Kitakyushu City University, \u0100rzemju studiju fakult\u0101te, nepilna laika pasniedz\u0113ja, politikas zin\u0101tnes zin\u0101\u0161anu pielieto\u0161ana<\/p>\n\n\n\n<p class=\"wp-block-paragraph\"><strong><a href=\"https:\/\/researchmap.jp\/Nagafumi_Nakamura\/?lang=japanese\" target=\"_blank\" rel=\"noreferrer noopener\">Nagafumi Nakamura<\/a><\/strong><br>Projekta docente, Br\u012bv\u0101s m\u0101kslas izgl\u012bt\u012bbas veicin\u0101\u0161anas organiz\u0101cija, M\u0101kslas un zin\u0101t\u0146u fakult\u0101te, Tokijas Universit\u0101te, Politikas zin\u0101tnes zin\u0101\u0161anu pielieto\u0161ana<\/p>\n\n\n\n<p class=\"wp-block-paragraph\"><strong>Kojiro Honda<\/strong><br>Kanazavas Medic\u012bnas universit\u0101te, Humanit\u0101ro zin\u0101t\u0146u noda\u013ca, asoci\u0113tais profesors, Lieti\u0161\u0137\u0101s filozofijas zin\u0101\u0161anu pielieto\u0161ana<\/p>\n\n\n\n<p class=\"wp-block-paragraph\"><strong>Koki Miyano<\/strong><br>Asoci\u0113tais profesors, Kioto Universit\u0101tes Starpdisciplin\u0101r\u0101s izgl\u012bt\u012bbas un p\u0113tniec\u012bbas veicin\u0101\u0161anas centrs, starpdisciplin\u0101r\u0101s integr\u0101cijas zin\u0101\u0161anu pielieto\u0161ana<\/p>\n\n\n\n<p class=\"wp-block-paragraph\"><strong>Masahiro Morioka<\/strong><br>Vasedas Universit\u0101te, Humanit\u0101ro zin\u0101t\u0146u fakult\u0101te, profesore, Lieti\u0161\u0137\u0101s filozofijas zin\u0101\u0161anu pielieto\u0161ana<\/p>","protected":false},"excerpt":{"rendered":"<p>\u300a\u7a76\u6975\u306e\u9078\u629e\u300b\u7814\u7a76\u4f1a \u4eac\u90fd\u5927\u5b66 \u5b66\u969b\u878d\u5408\u6559\u80b2\u30bb\u30f3\u30bf\u30fc\u300a\u7a76\u6975\u306e\u9078\u629e\u300b\u7814\u7a76\u4f1a\uff08\u65e7 \u4eac\u90fd\u5927\u5b66\u300a\u7a76\u6975\u306e\u9078\u629e\u300b\u7814\u7a76\u30e9\u30a4\u30c8 [&hellip;]<\/p>\n","protected":false},"author":131104234,"featured_media":0,"parent":0,"menu_order":0,"comment_status":"closed","ping_status":"closed","template":"","meta":{"_crdt_document":"","advanced_seo_description":"","jetpack_seo_html_title":"","jetpack_seo_noindex":false,"footnotes":""},"class_list":["post-14","page","type-page","status-publish","hentry"],"jetpack_likes_enabled":true,"jetpack_sharing_enabled":true,"jetpack_shortlink":"https:\/\/wp.me\/PdK9kd-e","jetpack-related-posts":[],"amp_enabled":true,"_links":{"self":[{"href":"https:\/\/hardestchoice.org\/lv\/wp-json\/wp\/v2\/pages\/14","targetHints":{"allow":["GET"]}}],"collection":[{"href":"https:\/\/hardestchoice.org\/lv\/wp-json\/wp\/v2\/pages"}],"about":[{"href":"https:\/\/hardestchoice.org\/lv\/wp-json\/wp\/v2\/types\/page"}],"author":[{"embeddable":true,"href":"https:\/\/hardestchoice.org\/lv\/wp-json\/wp\/v2\/users\/131104234"}],"replies":[{"embeddable":true,"href":"https:\/\/hardestchoice.org\/lv\/wp-json\/wp\/v2\/comments?post=14"}],"version-history":[{"count":36,"href":"https:\/\/hardestchoice.org\/lv\/wp-json\/wp\/v2\/pages\/14\/revisions"}],"predecessor-version":[{"id":2469,"href":"https:\/\/hardestchoice.org\/lv\/wp-json\/wp\/v2\/pages\/14\/revisions\/2469"}],"wp:attachment":[{"href":"https:\/\/hardestchoice.org\/lv\/wp-json\/wp\/v2\/media?parent=14"}],"curies":[{"name":"wp","href":"https:\/\/api.w.org\/{rel}","templated":true}]}}