{"id":2,"date":"2022-02-22T12:05:45","date_gmt":"2022-02-22T03:05:45","guid":{"rendered":"https:\/\/hardestchoice.org\/home\/"},"modified":"2022-10-07T23:06:48","modified_gmt":"2022-10-07T14:06:48","slug":"home","status":"publish","type":"page","link":"https:\/\/hardestchoice.org\/lv\/","title":{"rendered":"M\u0100JAS M\u0100JAS"},"content":{"rendered":"<div class=\"wp-block-cover alignfull home-title\"><span aria-hidden=\"true\" class=\"wp-block-cover__background has-background-background-color has-background-dim\"><\/span><img data-recalc-dims=\"1\" loading=\"lazy\" decoding=\"async\" width=\"1920\" height=\"1008\" data-attachment-id=\"1611\" data-permalink=\"https:\/\/hardestchoice.org\/lv\/home\/choice-2692466_1920\/\" data-orig-file=\"https:\/\/i0.wp.com\/hardestchoice.org\/wp-content\/uploads\/2022\/07\/choice-2692466_1920.jpg?fit=1920%2C1008&amp;ssl=1\" data-orig-size=\"1920,1008\" data-comments-opened=\"0\" data-image-meta=\"{&quot;aperture&quot;:&quot;0&quot;,&quot;credit&quot;:&quot;&quot;,&quot;camera&quot;:&quot;&quot;,&quot;caption&quot;:&quot;&quot;,&quot;created_timestamp&quot;:&quot;0&quot;,&quot;copyright&quot;:&quot;&quot;,&quot;focal_length&quot;:&quot;0&quot;,&quot;iso&quot;:&quot;0&quot;,&quot;shutter_speed&quot;:&quot;0&quot;,&quot;title&quot;:&quot;&quot;,&quot;orientation&quot;:&quot;0&quot;}\" data-image-title=\"choice-2692466_1920\" data-image-description=\"\" data-image-caption=\"\" data-medium-file=\"https:\/\/i0.wp.com\/hardestchoice.org\/wp-content\/uploads\/2022\/07\/choice-2692466_1920.jpg?fit=300%2C158&amp;ssl=1\" data-large-file=\"https:\/\/i0.wp.com\/hardestchoice.org\/wp-content\/uploads\/2022\/07\/choice-2692466_1920.jpg?fit=1024%2C538&amp;ssl=1\" class=\"wp-block-cover__image-background wp-image-1611\" alt=\"Att\u0113ls no Pixabay, autors Gerds Altmans \" src=\"https:\/\/i0.wp.com\/hardestchoice.org\/wp-content\/uploads\/2022\/07\/choice-2692466_1920.jpg?resize=1920%2C1008&#038;ssl=1\" style=\"object-position:50% 50%\" data-object-fit=\"cover\" data-object-position=\"50% 50%\" srcset=\"https:\/\/i0.wp.com\/hardestchoice.org\/wp-content\/uploads\/2022\/07\/choice-2692466_1920.jpg?w=1920&amp;ssl=1 1920w, https:\/\/i0.wp.com\/hardestchoice.org\/wp-content\/uploads\/2022\/07\/choice-2692466_1920.jpg?resize=300%2C158&amp;ssl=1 300w, https:\/\/i0.wp.com\/hardestchoice.org\/wp-content\/uploads\/2022\/07\/choice-2692466_1920.jpg?resize=1024%2C538&amp;ssl=1 1024w, https:\/\/i0.wp.com\/hardestchoice.org\/wp-content\/uploads\/2022\/07\/choice-2692466_1920.jpg?resize=768%2C403&amp;ssl=1 768w, https:\/\/i0.wp.com\/hardestchoice.org\/wp-content\/uploads\/2022\/07\/choice-2692466_1920.jpg?resize=1536%2C806&amp;ssl=1 1536w, https:\/\/i0.wp.com\/hardestchoice.org\/wp-content\/uploads\/2022\/07\/choice-2692466_1920.jpg?resize=18%2C9&amp;ssl=1 18w, https:\/\/i0.wp.com\/hardestchoice.org\/wp-content\/uploads\/2022\/07\/choice-2692466_1920.jpg?resize=1200%2C630&amp;ssl=1 1200w\" sizes=\"auto, (max-width: 1000px) 100vw, 1000px\" \/><div class=\"wp-block-cover__inner-container is-layout-flow wp-block-cover-is-layout-flow\">\n<figure class=\"wp-block-image is-resized\" id=\"block-4d637d81-873f-4292-b603-b7320fb34fa1\"><img data-recalc-dims=\"1\" loading=\"lazy\" decoding=\"async\" src=\"https:\/\/i0.wp.com\/hardestchoice.org\/wp-content\/uploads\/2022\/05\/main-logo-bk-1.png?resize=329%2C121&#038;ssl=1\" alt=\"GR\u016aT\u0100K\u0100 IZV\u0112LE\" width=\"329\" height=\"121\"\/><\/figure>\n\n\n\n<div style=\"height:30px\" aria-hidden=\"true\" class=\"wp-block-spacer\"><\/div>\n\n\n\n<p class=\"has-text-align-center has-primary-color has-text-color has-large-font-size wp-block-paragraph\" id=\"block-5c0f1368-255c-44f4-b062-97af4631e77e\"><strong> &lt;&lt; Gal\u012bg\u0101 izv\u0113le &gt;&gt; P\u0113t\u012bjumu grupa<\/strong><\/p>\n\n\n\n<p class=\"has-text-align-center has-primary-color has-text-color has-medium-font-size wp-block-paragraph\" id=\"block-5c0f1368-255c-44f4-b062-97af4631e77e\">(bijus\u012b Kioto Universit\u0101tes &#039;The Ultimate Choice&#039; Research Light Unit)<\/p>\n\n\n\n<p class=\"has-text-align-center has-primary-color has-text-color has-medium-font-size wp-block-paragraph\" id=\"block-5c0f1368-255c-44f4-b062-97af4631e77e\"><br><strong>M\u0113s p\u0113t\u0101m izv\u0113les probl\u0113mas ekstrem\u0101l\u0101s situ\u0101cij\u0101s.<\/strong><\/p>\n\n\n\n<p class=\"wp-block-paragraph\"><\/p>\n\n\n\n<p class=\"wp-block-paragraph\"><\/p>\n\n\n\n<p class=\"wp-block-paragraph\"><\/p>\n\n\n\n<p class=\"wp-block-paragraph\"><\/p>\n\n\n\n<div class=\"wp-block-buttons is-content-justification-center is-nowrap is-layout-flex wp-container-core-buttons-is-layout-65182d36 wp-block-buttons-is-layout-flex\">\n<div class=\"wp-block-button\"><a class=\"wp-block-button__link has-primary-background-color has-background wp-element-button\" href=\"https:\/\/hardestchoice.org\/lv\/aboutus\/\" style=\"border-radius:100px\">Par mums<\/a><\/div>\n<\/div>\n<\/div><\/div>\n\n\n\n<p class=\"wp-block-paragraph\">Ko j\u016bs dar\u0101t, ja nevarat k\u0101du izgl\u0101bt, neupur\u0113jot k\u0101du citu?<br><br>&quot;Neviennoz\u012bm\u012bgi&quot; &quot;nere\u0101li&quot; ... dzirdamas da\u017e\u0101das balsis.<br>P\u0101ri visam izskan\u0113s kritika, ka &quot;\u0161\u0101ds jaut\u0101jums pats par sevi ir ne\u0113tisks&quot;.<\/p>\n\n\n\n<p class=\"wp-block-paragraph\">Bet Ultimate Choice past\u0101v.<\/p>\n\n\n\n<p class=\"wp-block-paragraph\">P\u0113t\u012bjums &quot;Ultimate Choice&quot; pamaz\u0101m iedzi\u013cin\u0101s neaizskaramaj\u0101 gr\u016btaj\u0101 probl\u0113m\u0101 no da\u017e\u0101d\u0101m perspekt\u012bv\u0101m, piem\u0113ram, k\u0101 to uztvert, k\u0101 to uzdot un k\u0101 izlemt.<\/p>\n\n\n\n<div class=\"wp-block-cover alignfull is-light home-research\" style=\"padding-top:100px;padding-right:5vw;padding-bottom:100px;padding-left:5vw\"><span aria-hidden=\"true\" class=\"wp-block-cover__background has-background-dim-100 has-background-dim\" style=\"background-color:#f8f8f8\"><\/span><div class=\"wp-block-cover__inner-container is-layout-flow wp-block-cover-is-layout-flow\">\n<div class=\"wp-block-group is-layout-flow wp-block-group-is-layout-flow\" style=\"font-size:25px\">\n<h2 class=\"wp-block-heading\" style=\"font-size:56px\">P\u0112TNIEC\u012aBA<\/h2>\n\n\n\n<p class=\"has-small-font-size wp-block-paragraph\">\u0160is ir pa\u0161reiz\u0113jais p\u0113t\u012bjuma statuss.<\/p>\n\n\n\n<div style=\"height:20px\" aria-hidden=\"true\" class=\"wp-block-spacer\"><\/div>\n\n\n<ul class=\"wp-block-latest-posts__list has-dates alignwide wp-block-latest-posts\"><li><a class=\"wp-block-latest-posts__post-title\" href=\"https:\/\/hardestchoice.org\/lv\/2025\/04\/28\/6683\/\">Zi\u0146ojuma &quot;Soci\u0101lo balsu ievie\u0161ana m\u0101ksl\u012bgaj\u0101 intelekt\u0101: Soci\u0101l\u0101s aptaujas zi\u0146ojums par upur\u0113\u0161an\u0101s izv\u0113li&quot; public\u0113\u0161ana<\/a><time datetime=\"2025-04-28T13:33:10+09:00\" class=\"wp-block-latest-posts__post-date\">2025. gada 28. apr\u012bl\u012b<\/time><\/li>\n<li><a class=\"wp-block-latest-posts__post-title\" href=\"https:\/\/hardestchoice.org\/lv\/2024\/08\/23\/2688\/\">Public\u0113ti zi\u0146ojuma slaidi \u201cVienk\u0101r\u0161s mor\u0101l\u0101s datu kopas izp\u0113tes p\u0101rskats\u201d.<\/a><time datetime=\"2024-08-23T14:27:05+09:00\" class=\"wp-block-latest-posts__post-date\">2024.\u00a0gada 23.\u00a0augusts<\/time><\/li>\n<li><a class=\"wp-block-latest-posts__post-title\" href=\"https:\/\/hardestchoice.org\/lv\/2024\/05\/27\/2436\/\">Public\u0113ts AI izl\u012bdzin\u0101\u0161anas aptaujas dokumenta tulkojums<\/a><time datetime=\"2024-05-27T13:35:29+09:00\" class=\"wp-block-latest-posts__post-date\">2024.\u00a0gada 27.\u00a0maijs<\/time><\/li>\n<\/ul>\n\n\n<div class=\"wp-block-buttons is-content-justification-center is-layout-flex wp-container-core-buttons-is-layout-77b97fe5 wp-block-buttons-is-layout-flex\">\n<div class=\"wp-block-button aligncenter has-custom-font-size is-style-fill has-medium-font-size\"><a class=\"wp-block-button__link wp-element-button\" href=\"https:\/\/hardestchoice.org\/lv\/research\/\" style=\"border-radius:100px;padding-top:0.5rem;padding-right:2rem;padding-bottom:0.5rem;padding-left:2rem\">Las\u012bt vair\u0101k<\/a><\/div>\n<\/div>\n<\/div>\n<\/div><\/div>\n\n\n\n<div class=\"wp-block-columns alignfull is-layout-flex wp-container-core-columns-is-layout-75cdc7a9 wp-block-columns-is-layout-flex\" style=\"padding-top:0px;padding-right:0px;padding-bottom:0px;padding-left:0px\">\n<div class=\"wp-block-column is-layout-flow wp-block-column-is-layout-flow\">\n<div class=\"wp-block-group has-border-color has-background-border-color is-layout-flow wp-block-group-is-layout-flow\" style=\"border-style:solid;padding-top:60px;padding-right:5vw;padding-bottom:60px;padding-left:5vw\">\n<h2 class=\"wp-block-heading\" style=\"font-size:56px\">AKTIVIT\u0100TES<\/h2>\n\n\n\n<figure class=\"wp-block-image size-full bg-activities\"><img data-recalc-dims=\"1\" loading=\"lazy\" decoding=\"async\" width=\"226\" height=\"164\" data-attachment-id=\"918\" data-permalink=\"https:\/\/hardestchoice.org\/lv\/bg-activities\/\" data-orig-file=\"https:\/\/i0.wp.com\/hardestchoice.org\/wp-content\/uploads\/2022\/05\/bg-activities.png?fit=226%2C164&amp;ssl=1\" data-orig-size=\"226,164\" data-comments-opened=\"0\" data-image-meta=\"{&quot;aperture&quot;:&quot;0&quot;,&quot;credit&quot;:&quot;&quot;,&quot;camera&quot;:&quot;&quot;,&quot;caption&quot;:&quot;&quot;,&quot;created_timestamp&quot;:&quot;0&quot;,&quot;copyright&quot;:&quot;&quot;,&quot;focal_length&quot;:&quot;0&quot;,&quot;iso&quot;:&quot;0&quot;,&quot;shutter_speed&quot;:&quot;0&quot;,&quot;title&quot;:&quot;&quot;,&quot;orientation&quot;:&quot;0&quot;}\" data-image-title=\"bg-activities\" data-image-description=\"\" data-image-caption=\"\" data-medium-file=\"https:\/\/i0.wp.com\/hardestchoice.org\/wp-content\/uploads\/2022\/05\/bg-activities.png?fit=226%2C164&amp;ssl=1\" data-large-file=\"https:\/\/i0.wp.com\/hardestchoice.org\/wp-content\/uploads\/2022\/05\/bg-activities.png?fit=226%2C164&amp;ssl=1\" src=\"https:\/\/i0.wp.com\/hardestchoice.org\/wp-content\/uploads\/2022\/05\/bg-activities.png?resize=226%2C164&#038;ssl=1\" alt=\"\" class=\"wp-image-918\" srcset=\"https:\/\/i0.wp.com\/hardestchoice.org\/wp-content\/uploads\/2022\/05\/bg-activities.png?w=226&amp;ssl=1 226w, https:\/\/i0.wp.com\/hardestchoice.org\/wp-content\/uploads\/2022\/05\/bg-activities.png?resize=18%2C12&amp;ssl=1 18w\" sizes=\"auto, (max-width: 226px) 100vw, 226px\" \/><\/figure>\n\n\n\n<p class=\"wp-block-paragraph\">&lt;&lt; Ultimate Choice &gt;&gt; J\u016bs varat redz\u0113t m\u0101c\u012bbu grupas aktivit\u0101\u0161u ierakstus, sasniegumus, publik\u0101cijas utt.<\/p>\n\n\n\n<div class=\"wp-block-buttons is-content-justification-center is-layout-flex wp-container-core-buttons-is-layout-77b97fe5 wp-block-buttons-is-layout-flex\">\n<div class=\"wp-block-button alignleft has-custom-font-size has-medium-font-size\"><a class=\"wp-block-button__link wp-element-button\" href=\"https:\/\/hardestchoice.org\/lv\/activities\/\" style=\"border-radius:100px;padding-top:0.5rem;padding-right:2rem;padding-bottom:0.5rem;padding-left:2rem\">Las\u012bt vair\u0101k<\/a><\/div>\n<\/div>\n<\/div>\n<\/div>\n\n\n\n<div class=\"wp-block-column is-layout-flow wp-block-column-is-layout-flow\">\n<div class=\"wp-block-group has-border-color has-background-border-color is-layout-flow wp-block-group-is-layout-flow\" style=\"border-style:solid;padding-top:60px;padding-right:5vw;padding-bottom:60px;padding-left:5vw\">\n<h2 class=\"wp-block-heading\" style=\"font-size:56px\">Bie\u017e\u0101k uzdotie jaut\u0101jumi \/ KONTAKTI<\/h2>\n\n\n\n<figure class=\"wp-block-image size-full bg-faq\"><img data-recalc-dims=\"1\" loading=\"lazy\" decoding=\"async\" width=\"169\" height=\"228\" data-attachment-id=\"919\" data-permalink=\"https:\/\/hardestchoice.org\/lv\/bg-faq\/\" data-orig-file=\"https:\/\/i0.wp.com\/hardestchoice.org\/wp-content\/uploads\/2022\/05\/bg-faq.png?fit=169%2C228&amp;ssl=1\" data-orig-size=\"169,228\" data-comments-opened=\"0\" data-image-meta=\"{&quot;aperture&quot;:&quot;0&quot;,&quot;credit&quot;:&quot;&quot;,&quot;camera&quot;:&quot;&quot;,&quot;caption&quot;:&quot;&quot;,&quot;created_timestamp&quot;:&quot;0&quot;,&quot;copyright&quot;:&quot;&quot;,&quot;focal_length&quot;:&quot;0&quot;,&quot;iso&quot;:&quot;0&quot;,&quot;shutter_speed&quot;:&quot;0&quot;,&quot;title&quot;:&quot;&quot;,&quot;orientation&quot;:&quot;0&quot;}\" data-image-title=\"bg-faq\" data-image-description=\"\" data-image-caption=\"\" data-medium-file=\"https:\/\/i0.wp.com\/hardestchoice.org\/wp-content\/uploads\/2022\/05\/bg-faq.png?fit=169%2C228&amp;ssl=1\" data-large-file=\"https:\/\/i0.wp.com\/hardestchoice.org\/wp-content\/uploads\/2022\/05\/bg-faq.png?fit=169%2C228&amp;ssl=1\" src=\"https:\/\/i0.wp.com\/hardestchoice.org\/wp-content\/uploads\/2022\/05\/bg-faq.png?resize=169%2C228&#038;ssl=1\" alt=\"\" class=\"wp-image-919\" srcset=\"https:\/\/i0.wp.com\/hardestchoice.org\/wp-content\/uploads\/2022\/05\/bg-faq.png?w=169&amp;ssl=1 169w, https:\/\/i0.wp.com\/hardestchoice.org\/wp-content\/uploads\/2022\/05\/bg-faq.png?resize=9%2C12&amp;ssl=1 9w\" sizes=\"auto, (max-width: 169px) 100vw, 169px\" \/><\/figure>\n\n\n\n<p class=\"wp-block-paragraph\">Ja jums ir k\u0101di jaut\u0101jumi vai neskaidr\u012bbas par \u0161\u012bs studiju grupas darb\u012bbu, l\u016bdzu, noklik\u0161\u0137iniet \u0161eit.<\/p>\n\n\n\n<div class=\"wp-block-buttons is-content-justification-center is-layout-flex wp-container-core-buttons-is-layout-77b97fe5 wp-block-buttons-is-layout-flex\">\n<div class=\"wp-block-button alignleft has-custom-font-size has-medium-font-size\"><a class=\"wp-block-button__link wp-element-button\" href=\"https:\/\/hardestchoice.org\/lv\/contactus\/\" style=\"border-radius:100px;padding-top:0.5rem;padding-right:2rem;padding-bottom:0.5rem;padding-left:2rem\">Las\u012bt vair\u0101k<\/a><\/div>\n<\/div>\n<\/div>\n<\/div>\n<\/div>\n\n\n\n<div class=\"wp-block-cover alignfull is-light home-news\"><span aria-hidden=\"true\" class=\"wp-block-cover__background has-secondary-background-color has-background-dim-100 has-background-dim\"><\/span><div class=\"wp-block-cover__inner-container is-layout-flow wp-block-cover-is-layout-flow\">\n<div class=\"wp-block-group is-layout-flow wp-block-group-is-layout-flow\">\n<div style=\"height:40px\" aria-hidden=\"true\" class=\"wp-block-spacer pc-spacer\"><\/div>\n\n\n\n<h2 class=\"has-text-align-center wp-block-heading\" style=\"font-size:56px\">JAUNUMI<\/h2>\n\n\n\n<p class=\"has-text-align-center wp-block-paragraph\">L\u016bdzu, sekojiet mums, kam\u0113r veicat atjaunin\u0101jumus Twitter un Facebook.<\/p>\n\n\n\n<figure class=\"wp-block-embed aligncenter is-type-rich is-provider-twitter wp-block-embed-twitter\"><div class=\"wp-block-embed__wrapper\">\n<div class=\"embed-twitter\"><a class=\"twitter-timeline\" data-width=\"500\" data-height=\"750\" data-dnt=\"true\" href=\"https:\/\/twitter.com\/HardestChoiceRG?ref_src=twsrc%5Etfw\">Tv\u012bti no HardestChoiceRG<\/a><script async src=\"https:\/\/platform.twitter.com\/widgets.js\" charset=\"utf-8\"><\/script><\/div>\n<\/div><\/figure>\n\n\n\n<ul class=\"wp-block-social-links has-large-icon-size has-visible-labels is-style-default is-content-justification-center is-layout-flex wp-container-core-social-links-is-layout-77b97fe5 wp-block-social-links-is-layout-flex\"><li class=\"wp-social-link wp-social-link-twitter  wp-block-social-link\"><a rel=\"noopener nofollow\" target=\"_blank\" href=\"https:\/\/twitter.com\/HardestChoiceRG\" class=\"wp-block-social-link-anchor\"><svg width=\"24\" height=\"24\" viewbox=\"0 0 24 24\" version=\"1.1\" xmlns=\"http:\/\/www.w3.org\/2000\/svg\" aria-hidden=\"true\" focusable=\"false\"><path d=\"M22.23,5.924c-0.736,0.326-1.527,0.547-2.357,0.646c0.847-0.508,1.498-1.312,1.804-2.27 c-0.793,0.47-1.671,0.812-2.606,0.996C18.324,4.498,17.257,4,16.077,4c-2.266,0-4.103,1.837-4.103,4.103 c0,0.322,0.036,0.635,0.106,0.935C8.67,8.867,5.647,7.234,3.623,4.751C3.27,5.357,3.067,6.062,3.067,6.814 c0,1.424,0.724,2.679,1.825,3.415c-0.673-0.021-1.305-0.206-1.859-0.513c0,0.017,0,0.034,0,0.052c0,1.988,1.414,3.647,3.292,4.023 c-0.344,0.094-0.707,0.144-1.081,0.144c-0.264,0-0.521-0.026-0.772-0.074c0.522,1.63,2.038,2.816,3.833,2.85 c-1.404,1.1-3.174,1.756-5.096,1.756c-0.331,0-0.658-0.019-0.979-0.057c1.816,1.164,3.973,1.843,6.29,1.843 c7.547,0,11.675-6.252,11.675-11.675c0-0.178-0.004-0.355-0.012-0.531C20.985,7.47,21.68,6.747,22.23,5.924z\"><\/path><\/svg><span class=\"wp-block-social-link-label\">Twitter<\/span><\/a><\/li>\n\n<li class=\"wp-social-link wp-social-link-facebook  wp-block-social-link\"><a rel=\"noopener nofollow\" target=\"_blank\" href=\"https:\/\/www.facebook.com\/hardestchoice.org\" class=\"wp-block-social-link-anchor\"><svg width=\"24\" height=\"24\" viewbox=\"0 0 24 24\" version=\"1.1\" xmlns=\"http:\/\/www.w3.org\/2000\/svg\" aria-hidden=\"true\" focusable=\"false\"><path d=\"M12 2C6.5 2 2 6.5 2 12c0 5 3.7 9.1 8.4 9.9v-7H7.9V12h2.5V9.8c0-2.5 1.5-3.9 3.8-3.9 1.1 0 2.2.2 2.2.2v2.5h-1.3c-1.2 0-1.6.8-1.6 1.6V12h2.8l-.4 2.9h-2.3v7C18.3 21.1 22 17 22 12c0-5.5-4.5-10-10-10z\"><\/path><\/svg><span class=\"wp-block-social-link-label\">Facebook<\/span><\/a><\/li><\/ul>\n\n\n\n<div style=\"height:40px\" aria-hidden=\"true\" class=\"wp-block-spacer\"><\/div>\n<\/div>\n<\/div><\/div>\n\n\n\n<div class=\"wp-block-cover alignwide is-light\"><span aria-hidden=\"true\" class=\"wp-block-cover__background has-background-background-color has-background-dim-100 has-background-dim\"><\/span><div class=\"wp-block-cover__inner-container is-layout-flow wp-block-cover-is-layout-flow\">\n<div class=\"wp-block-group home-link is-layout-flow wp-block-group-is-layout-flow\">\n<div style=\"height:40px\" aria-hidden=\"true\" class=\"wp-block-spacer pc-spacer\"><\/div>\n\n\n\n<h2 class=\"wp-block-heading\" style=\"font-size:56px\">SAITE<\/h2>\n\n\n\n<figure class=\"wp-block-image size-full bg-link\"><img data-recalc-dims=\"1\" loading=\"lazy\" decoding=\"async\" width=\"295\" height=\"191\" data-attachment-id=\"1109\" data-permalink=\"https:\/\/hardestchoice.org\/lv\/bg-link\/\" data-orig-file=\"https:\/\/i0.wp.com\/hardestchoice.org\/wp-content\/uploads\/2022\/05\/bg-link.png?fit=295%2C191&amp;ssl=1\" data-orig-size=\"295,191\" data-comments-opened=\"0\" data-image-meta=\"{&quot;aperture&quot;:&quot;0&quot;,&quot;credit&quot;:&quot;&quot;,&quot;camera&quot;:&quot;&quot;,&quot;caption&quot;:&quot;&quot;,&quot;created_timestamp&quot;:&quot;0&quot;,&quot;copyright&quot;:&quot;&quot;,&quot;focal_length&quot;:&quot;0&quot;,&quot;iso&quot;:&quot;0&quot;,&quot;shutter_speed&quot;:&quot;0&quot;,&quot;title&quot;:&quot;&quot;,&quot;orientation&quot;:&quot;0&quot;}\" data-image-title=\"bg-link\" data-image-description=\"\" data-image-caption=\"\" data-medium-file=\"https:\/\/i0.wp.com\/hardestchoice.org\/wp-content\/uploads\/2022\/05\/bg-link.png?fit=295%2C191&amp;ssl=1\" data-large-file=\"https:\/\/i0.wp.com\/hardestchoice.org\/wp-content\/uploads\/2022\/05\/bg-link.png?fit=295%2C191&amp;ssl=1\" src=\"https:\/\/i0.wp.com\/hardestchoice.org\/wp-content\/uploads\/2022\/05\/bg-link.png?resize=295%2C191&#038;ssl=1\" alt=\"\" class=\"wp-image-1109\" srcset=\"https:\/\/i0.wp.com\/hardestchoice.org\/wp-content\/uploads\/2022\/05\/bg-link.png?w=295&amp;ssl=1 295w, https:\/\/i0.wp.com\/hardestchoice.org\/wp-content\/uploads\/2022\/05\/bg-link.png?resize=18%2C12&amp;ssl=1 18w\" sizes=\"auto, (max-width: 295px) 100vw, 295px\" \/><\/figure>\n\n\n\n<ul class=\"wp-block-list\" style=\"font-size:20px\">\n<li><a rel=\"noreferrer noopener\" href=\"http:\/\/www.cpier.kyoto-u.ac.jp\/\" target=\"_blank\">Kioto universit\u0101tes starpdisciplin\u0101rais izgl\u012bt\u012bbas un p\u0113tniec\u012bbas veicin\u0101\u0161anas centrs<\/a><\/li>\n\n\n\n<li><a rel=\"noreferrer noopener\" href=\"https:\/\/research.kyoto-u.ac.jp\/academic-day\/\" target=\"_blank\">Kioto Universit\u0101tes Akad\u0113misk\u0101 diena<\/a><\/li>\n<\/ul>\n\n\n\n<div style=\"height:40px\" aria-hidden=\"true\" class=\"wp-block-spacer pc-spacer\"><\/div>\n<\/div>\n<\/div><\/div>\n\n\n\n<p class=\"wp-block-paragraph\">\u0160\u012b m\u0101jas lapa ir<em>Pras\u012bbas AI, lai pie\u0146emtu soci\u0101lus l\u0113mumus<\/em>- laba kvalit\u0101te<em>datu kopa<\/em>un v\u0113lams<em>Izvade<\/em>p\u0113t\u012bjums\u201d (probl\u0113mas numurs<a href=\"https:\/\/toyotafound.secure.force.com\/psearch\/JoseiDetail?name=D19-ST-0019\">D19-ST-0019<\/a>, p\u0101rst\u0101vis: Hirotsugu Ohba) (Toyota Foundation 2019 specifisk\u0101 t\u0113ma &quot;Jauna cilv\u0113ku sabiedr\u012bba, kas izveidota kop\u0101 ar progres\u012bv\u0101m tehnolo\u0123ij\u0101m&quot;).<\/p>","protected":false},"excerpt":{"rendered":"<p>\u8ab0\u304b\u3092\u72a0\u7272\u306b\u3057\u306a\u3051\u308c\u3070\u3001\u8ab0\u304b\u3092\u6551\u3048\u306a\u3044\u3068\u304d\u3001\u3042\u306a\u305f\u306a\u3089\u3069\u3046\u3057\u307e\u3059\u304b\uff1f \u300c\u3042\u3044\u307e\u3044\u300d\u300c\u975e\u73fe\u5b9f\u7684\u300d\u30fb\u30fb\u30fb\u69d8\u3005\u306a\u58f0\u304c [&hellip;]<\/p>\n","protected":false},"author":136335720,"featured_media":0,"parent":0,"menu_order":0,"comment_status":"closed","ping_status":"closed","template":"header-footer-only","meta":{"_crdt_document":"","advanced_seo_description":"","jetpack_seo_html_title":"","jetpack_seo_noindex":false,"jetpack_post_was_ever_published":false,"footnotes":""},"class_list":["post-2","page","type-page","status-publish","hentry"],"jetpack_likes_enabled":null,"jetpack_sharing_enabled":false,"jetpack_shortlink":"https:\/\/wp.me\/PdK9kd-2","jetpack-related-posts":[],"amp_enabled":true,"_links":{"self":[{"href":"https:\/\/hardestchoice.org\/lv\/wp-json\/wp\/v2\/pages\/2","targetHints":{"allow":["GET"]}}],"collection":[{"href":"https:\/\/hardestchoice.org\/lv\/wp-json\/wp\/v2\/pages"}],"about":[{"href":"https:\/\/hardestchoice.org\/lv\/wp-json\/wp\/v2\/types\/page"}],"author":[{"embeddable":true,"href":"https:\/\/hardestchoice.org\/lv\/wp-json\/wp\/v2\/users\/136335720"}],"replies":[{"embeddable":true,"href":"https:\/\/hardestchoice.org\/lv\/wp-json\/wp\/v2\/comments?post=2"}],"version-history":[{"count":100,"href":"https:\/\/hardestchoice.org\/lv\/wp-json\/wp\/v2\/pages\/2\/revisions"}],"predecessor-version":[{"id":2444,"href":"https:\/\/hardestchoice.org\/lv\/wp-json\/wp\/v2\/pages\/2\/revisions\/2444"}],"wp:attachment":[{"href":"https:\/\/hardestchoice.org\/lv\/wp-json\/wp\/v2\/media?parent=2"}],"curies":[{"name":"wp","href":"https:\/\/api.w.org\/{rel}","templated":true}]}}