{"id":29,"date":"2022-03-02T12:17:16","date_gmt":"2022-03-02T03:17:16","guid":{"rendered":"https:\/\/hardestchoice.org\/?page_id=29"},"modified":"2022-10-07T20:43:23","modified_gmt":"2022-10-07T11:43:23","slug":"contactus","status":"publish","type":"page","link":"https:\/\/hardestchoice.org\/lv\/contactus\/","title":{"rendered":"Bie\u017e\u0101k uzdotie jaut\u0101jumi \/ KONTAKTI"},"content":{"rendered":"<hr class=\"wp-block-separator has-alpha-channel-opacity is-style-wide\"\/>\n\n\n\n<div class=\"wp-block-group is-layout-flow wp-block-group-is-layout-flow\">\n<h2 class=\"wp-block-heading\">FAQ<\/h2>\n\n\n\n<h4 class=\"wp-block-heading\">J: M\u0113s pa\u0161laik gatavojamies.<\/h4>\n\n\n\n<p class=\"wp-block-paragraph\">A: M\u0113s gatavojam atbildi.<\/p>\n\n\n\n<div class=\"wp-block-columns is-layout-flex wp-container-core-columns-is-layout-1a9244c7 wp-block-columns-is-layout-flex\">\n<div class=\"wp-block-column is-layout-flow wp-block-column-is-layout-flow\" style=\"flex-basis:100%\">\n<hr class=\"wp-block-separator has-alpha-channel-opacity is-style-wide\"\/>\n<\/div>\n<\/div>\n\n\n\n<p class=\"wp-block-paragraph\"><\/p>\n\n\n\n<h3 class=\"wp-block-heading\">Par t\u0113mu \u201cGal\u012bg\u0101 izv\u0113le\u201d<\/h3>\n\n\n\n<p class=\"wp-block-paragraph\">\u0160\u012b t\u0113ma ir v\u0113rsta uz jaut\u0101jumiem, ar kuriem studenti faktiski saskaras un saskarsies, virzoties uz priek\u0161u p\u0113tniec\u012bb\u0101 un praks\u0113. Jaut\u0101jumi, kas da\u017e\u0101d\u0101s jom\u0101s tiek uzskat\u012bti par \u0101rk\u0101rt\u012bgi sare\u017e\u0123\u012btiem, tiek izv\u0113l\u0113ti k\u0101 ``gal\u012bg\u0101 izv\u0113le&#039;&#039;.<br>Tom\u0113r, pat ja probl\u0113ma tiek uzskat\u012bta par probl\u0113mu \u0161aj\u0101 jom\u0101, ir da\u017eas probl\u0113mas, par kur\u0101m nevajadz\u0113tu dal\u012bties ar sabiedr\u012bbu kopum\u0101. No otras puses, ir ar\u012b jaut\u0101jumi, par kuriem b\u016btu j\u0101dal\u0101s sabiedr\u012bbai un par kuriem sabiedr\u012bbai vajadz\u0113tu padzi\u013cin\u0101t izpratni. Turkl\u0101t sabiedr\u012bb\u0101 ir cilv\u0113ki, kuri dom\u0101, ka t\u0101 ir probl\u0113ma, un citi, kas dom\u0101, ka t\u0101 nav probl\u0113ma.<br>Cilv\u0113ku atbildes var iev\u0113rojami at\u0161\u0137irties atkar\u012bb\u0101 no t\u0101, k\u0101 j\u016bs vi\u0146iem uzdodat. Piem\u0113ram, jaut\u0101jot par b\u0113g\u013cu jaut\u0101jumu, ja j\u016bs jau iepriek\u0161 uzsv\u0113rsit b\u0113g\u013cu no\u017e\u0113lojamo st\u0101vokli, j\u016bs, visticam\u0101k, tos izgl\u0101bsit, bet, ja uzsv\u0113rsit m\u012bnusus, kas rodas, uz\u0146emot b\u0113g\u013cus, j\u016bs, visticam\u0101k, tos noraid\u012bsit.<br>\u0160aj\u0101 izm\u0113\u0123in\u0101juma posm\u0101 m\u0113s pa\u0161laik mekl\u0113jam piem\u0113rotu veidu, k\u0101 uzdot \u0161\u0101dus jaut\u0101jumus.<\/p>\n<\/div>\n\n\n\n<hr class=\"wp-block-separator has-alpha-channel-opacity is-style-wide\"\/>\n\n\n\n<h2 class=\"wp-block-heading\">Kontaktinform\u0101cija<\/h2>\n\n\n\n<p class=\"wp-block-paragraph\">Ja v\u0113laties sazin\u0101ties ar &quot;Ultimate Choice&quot; p\u0113t\u012bjumu grupu, l\u016bdzu, sazinieties ar mums, izmantojot zem\u0101k eso\u0161o formu.<\/p>\n\n\n\n<p class=\"wp-block-paragraph\">Ja jums ir k\u0101di viedok\u013ci par \u0161o t\u0113mu &quot;Ultimate Choice&quot;, l\u016bdzu, pierakstiet tos.<\/p>\n\n\n\n<p class=\"wp-block-paragraph\"><\/p>\n\n\n<div class=\"wp-block-jetpack-contact-form is-layout-flex wp-container-jetpack-contact-form-is-layout-2cb9499c wp-block-jetpack-contact-form-is-layout-flex\"><a href=\"https:\/\/hardestchoice.org\/lv\/contactus\/\" target=\"_blank\" rel=\"noopener noreferrer\">Submit a form.<\/a><\/div>\n\n\n<p class=\"wp-block-paragraph\"><\/p>\n\n\n\n<div style=\"height:100px\" aria-hidden=\"true\" class=\"wp-block-spacer\"><\/div>","protected":false},"excerpt":{"rendered":"<p>\u3088\u304f\u3042\u308b\u3054\u8cea\u554f Q: \u53ea\u4eca\u6e96\u5099\u4e2d\u3067\u3059\u3002 A: \u56de\u7b54\u3092\u6e96\u5099\u3057\u3066\u304a\u308a\u307e\u3059\u3002 \u300a\u7a76\u6975\u306e\u9078\u629e\u300b\u3068\u3044\u3046\u30c6\u30fc\u30de\u306b\u3064\u3044\u3066 \u3053 [&hellip;]<\/p>\n","protected":false},"author":136335720,"featured_media":0,"parent":0,"menu_order":0,"comment_status":"closed","ping_status":"closed","template":"","meta":{"_crdt_document":"","advanced_seo_description":"","jetpack_seo_html_title":"","jetpack_seo_noindex":false,"jetpack_post_was_ever_published":false,"footnotes":""},"class_list":["post-29","page","type-page","status-publish","hentry"],"jetpack_likes_enabled":true,"jetpack_sharing_enabled":true,"jetpack_shortlink":"https:\/\/wp.me\/PdK9kd-t","jetpack-related-posts":[],"amp_enabled":true,"_links":{"self":[{"href":"https:\/\/hardestchoice.org\/lv\/wp-json\/wp\/v2\/pages\/29","targetHints":{"allow":["GET"]}}],"collection":[{"href":"https:\/\/hardestchoice.org\/lv\/wp-json\/wp\/v2\/pages"}],"about":[{"href":"https:\/\/hardestchoice.org\/lv\/wp-json\/wp\/v2\/types\/page"}],"author":[{"embeddable":true,"href":"https:\/\/hardestchoice.org\/lv\/wp-json\/wp\/v2\/users\/136335720"}],"replies":[{"embeddable":true,"href":"https:\/\/hardestchoice.org\/lv\/wp-json\/wp\/v2\/comments?post=29"}],"version-history":[{"count":34,"href":"https:\/\/hardestchoice.org\/lv\/wp-json\/wp\/v2\/pages\/29\/revisions"}],"predecessor-version":[{"id":1755,"href":"https:\/\/hardestchoice.org\/lv\/wp-json\/wp\/v2\/pages\/29\/revisions\/1755"}],"wp:attachment":[{"href":"https:\/\/hardestchoice.org\/lv\/wp-json\/wp\/v2\/media?parent=29"}],"curies":[{"name":"wp","href":"https:\/\/api.w.org\/{rel}","templated":true}]}}