{"id":14,"date":"2022-03-02T12:01:05","date_gmt":"2022-03-02T03:01:05","guid":{"rendered":"https:\/\/hardestchoice.org\/?page_id=14"},"modified":"2024-06-05T13:21:07","modified_gmt":"2024-06-05T04:21:07","slug":"aboutus","status":"publish","type":"page","link":"https:\/\/hardestchoice.org\/pl\/aboutus\/","title":{"rendered":"O"},"content":{"rendered":"<div class=\"wp-block-group alignfull is-layout-constrained wp-block-group-is-layout-constrained\">\n<h2 class=\"wp-block-heading\">\u300aOstateczny wyb\u00f3r\u300b Grupa badawcza<\/h2>\n\n\n\n<p class=\"wp-block-paragraph\">To jest strona internetowa Grupy Badawczej \u201eThe Ultimate Choice\u201d Uniwersytetu w Kioto, Centrum Edukacji Interdyscyplinarnej (dawniej Jednostki Badawczej \u201eThe Ultimate Choice\u201d Uniwersytetu Kioto).<\/p>\n\n\n\n<p class=\"wp-block-paragraph\">Nasze badania nie maj\u0105 marze\u0144, nadziei ani nagr\u00f3d Nobla. Co wi\u0119cej, mo\u017cesz czu\u0107, \u017ce musisz pomy\u015ble\u0107 o takim okrucie\u0144stwie. Dzieje si\u0119 tak, poniewa\u017c badania nad Ostatecznym Wyborem to studium my\u015blenia o tym, co i kogo po\u015bwi\u0119ci\u0107.<\/p>\n\n\n\n<p class=\"wp-block-paragraph\">Ale potrzebne s\u0105 badania. Bo je\u015bli nie przygotujesz odpowiedzi na Ultimate Choice, znajdziesz si\u0119 w gorszej sytuacji.<\/p>\n\n\n\n<p class=\"wp-block-paragraph\">Na przyk\u0142ad, \u201ekogo nale\u017cy traktowa\u0107 priorytetowo w przypadku szczepie\u0144, gdy brakuje szczepionek podczas pandemii o wysokim wska\u017aniku \u015bmiertelno\u015bci?\u201d oraz \u201eKogo nale\u017cy traktowa\u0107 priorytetowo w przypadku ratowania ludzi z katastrofy na du\u017c\u0105 skal\u0119\u201d. \u201eTaki wyb\u00f3r po\u015bwi\u0119cenia nie jest w tym czasie czym\u015b, na co mo\u017cna odpowiedzie\u0107 na miejscu.<\/p>\n\n\n\n<p class=\"wp-block-paragraph\">Je\u015bli to pytanie o po\u015bwi\u0119cenie pozostanie bez odpowiedzi, prawdopodobnie pojawi si\u0119 zasada \u201ekto pierwszy, ten lepszy\u201d, preferowanie rz\u0105dz\u0105cych i bogatych lub unikanie wyboru, w kt\u00f3rym po\u015bwi\u0119ca si\u0119 wszystkich. wi\u0119kszo\u015b\u0107 ludzi nie chce.<\/p>\n\n\n\n<p class=\"wp-block-paragraph\">Dalsze odwracanie wzroku nie zmienia strasznego zako\u0144czenia.<\/p>\n\n\n\n<p class=\"wp-block-paragraph\">R\u00f3wnie\u017c w zwi\u0105zku z tym pytaniem niekt\u00f3rzy ludzie mog\u0105 kojarzy\u0107 na przyk\u0142ad triage. Jednak to, co sta\u0142o si\u0119 z wielkim trz\u0119sieniem ziemi we wschodniej Japonii, by\u0142o sytuacj\u0105 nadzwyczajn\u0105, w kt\u00f3rej nawet je\u015bli podczas selekcji oznaczono \u201eleczenie o najwy\u017cszym priorytecie\u201d, by\u0142o ich zbyt wiele i konieczna by\u0142a dalsza selekcja. Im wi\u0119ksza skala katastrof i problem\u00f3w, tym trudniej radzi\u0107 sobie z konwencjonalnymi systemami, a \u201eostateczny wyb\u00f3r\u201d pojawia si\u0119 wsz\u0119dzie.<\/p>\n\n\n\n<p class=\"wp-block-paragraph\">Przygotowuj\u0105c si\u0119 do pojawienia si\u0119 takiego \u201eostatecznego wyboru\u201d, uwa\u017camy, \u017ce niezb\u0119dny jest mechanizm, kt\u00f3ry pozwala na uwa\u017cn\u0105 dyskusj\u0119 i selekcj\u0119 w czasie, aby uzyska\u0107 odpowiedzi przekonuj\u0105ce do jak najwi\u0119kszej liczby os\u00f3b.<\/p>\n\n\n\n<p class=\"wp-block-paragraph\">Dlatego badamy problem wyboru w sytuacjach ekstremalnych i szukamy lepszych \u015brodk\u00f3w pod tytu\u0142em \u201eOstateczny wyb\u00f3r\u201d.<\/p>\n\n\n\n<p class=\"wp-block-paragraph\">Czy chcieliby\u015bcie wsp\u00f3lnie pomy\u015ble\u0107 o \u201eThe Ultimate Choice\u201d?<\/p>\n\n\n\n<p class=\"wp-block-paragraph\">(W przysz\u0142o\u015bci chcia\u0142bym d\u0105\u017cy\u0107 do systemu, kt\u00f3ry wspiera\u0142by globalne podejmowanie decyzji, takich jak przyjmowanie propozycji od wyborc\u00f3w, udost\u0119pnianie forum do dyskusji i przygotowywanie wersji w ka\u017cdym j\u0119zyku, ale jeszcze daleko. )<\/p>\n\n\n\n<figure class=\"wp-block-image size-full\"><a href=\"https:\/\/i0.wp.com\/hardestchoice.org\/wp-content\/uploads\/2022\/04\/figure-hardestchoice.png?ssl=1\"><img loading=\"lazy\" decoding=\"async\" width=\"1280\" height=\"957\" data-attachment-id=\"79\" data-permalink=\"https:\/\/hardestchoice.org\/pl\/aboutus\/figure-hardestchoice\/\" data-orig-file=\"https:\/\/i0.wp.com\/hardestchoice.org\/wp-content\/uploads\/2022\/04\/figure-hardestchoice.png?fit=1280%2C957&amp;ssl=1\" data-orig-size=\"1280,957\" data-comments-opened=\"0\" data-image-meta=\"{&quot;aperture&quot;:&quot;0&quot;,&quot;credit&quot;:&quot;&quot;,&quot;camera&quot;:&quot;&quot;,&quot;caption&quot;:&quot;&quot;,&quot;created_timestamp&quot;:&quot;0&quot;,&quot;copyright&quot;:&quot;&quot;,&quot;focal_length&quot;:&quot;0&quot;,&quot;iso&quot;:&quot;0&quot;,&quot;shutter_speed&quot;:&quot;0&quot;,&quot;title&quot;:&quot;&quot;,&quot;orientation&quot;:&quot;0&quot;}\" data-image-title=\"figure-hardestchoice\" data-image-description=\"\" data-image-caption=\"\" data-large-file=\"https:\/\/i0.wp.com\/hardestchoice.org\/wp-content\/uploads\/2022\/04\/figure-hardestchoice.png?fit=1024%2C766&amp;ssl=1\" src=\"https:\/\/i0.wp.com\/hardestchoice.org\/wp-content\/uploads\/2022\/04\/figure-hardestchoice.png?fit=1280%2C957&amp;ssl=1\" alt=\"\" class=\"wp-image-79\" srcset=\"https:\/\/i0.wp.com\/hardestchoice.org\/wp-content\/uploads\/2022\/04\/figure-hardestchoice.png?w=1280&amp;ssl=1 1280w, https:\/\/i0.wp.com\/hardestchoice.org\/wp-content\/uploads\/2022\/04\/figure-hardestchoice.png?resize=300%2C224&amp;ssl=1 300w, https:\/\/i0.wp.com\/hardestchoice.org\/wp-content\/uploads\/2022\/04\/figure-hardestchoice.png?resize=1024%2C766&amp;ssl=1 1024w, https:\/\/i0.wp.com\/hardestchoice.org\/wp-content\/uploads\/2022\/04\/figure-hardestchoice.png?resize=768%2C574&amp;ssl=1 768w, https:\/\/i0.wp.com\/hardestchoice.org\/wp-content\/uploads\/2022\/04\/figure-hardestchoice.png?resize=16%2C12&amp;ssl=1 16w, https:\/\/i0.wp.com\/hardestchoice.org\/wp-content\/uploads\/2022\/04\/figure-hardestchoice.png?resize=400%2C300&amp;ssl=1 400w, https:\/\/i0.wp.com\/hardestchoice.org\/wp-content\/uploads\/2022\/04\/figure-hardestchoice.png?resize=200%2C150&amp;ssl=1 200w, https:\/\/i0.wp.com\/hardestchoice.org\/wp-content\/uploads\/2022\/04\/figure-hardestchoice.png?resize=1200%2C897&amp;ssl=1 1200w\" sizes=\"auto, (max-width: 1000px) 100vw, 1000px\" \/><\/a><\/figure>\n<\/div>\n\n\n\n<hr class=\"wp-block-separator has-alpha-channel-opacity is-style-wide\"\/>\n\n\n\n<h2 class=\"wp-block-heading\">Grant badawczy<\/h2>\n\n\n\n<p class=\"wp-block-paragraph\">&quot;<em>Wymagania dla AI do podejmowania decyzji spo\u0142ecznych<\/em>- dobra jako\u015b\u0107<em>zbi\u00f3r danych<\/em>i po\u017c\u0105dane<em>Wyj\u015bcie<\/em>badania\u201d (numer problemu<a href=\"https:\/\/toyotafound.secure.force.com\/psearch\/JoseiDetail?name=D19-ST-0019\">D19-ST-0019<\/a>, przedstawiciel: Hirotsugu Ohba) (Wydanie specjalne Fundacji Toyoty 2019 \u201eNowe spo\u0142ecze\u0144stwo ludzkie wsp\u00f3\u0142tworzone z zaawansowan\u0105 technologi\u0105\u201d)<\/p>\n\n\n\n<p class=\"wp-block-paragraph\"><a href=\"https:\/\/toyotafound.secure.force.com\/psearch\/JoseiDetail?name=D19-ST-0019\">https:\/\/toyotafound.secure.force.com\/psearch\/JoseiDetail?name=D19-ST-0019<\/a><\/p>\n\n\n\n<hr class=\"wp-block-separator has-alpha-channel-opacity is-style-wide\"\/>\n\n\n\n<h2 class=\"wp-block-heading\">Cz\u0142onek naukowy<\/h2>\n\n\n\n<p class=\"wp-block-paragraph\"><\/p>\n\n\n\n<p class=\"wp-block-paragraph\"><strong>Yuko Ichii<\/strong><br>Uniwersytet w Tokio, Kavli Institute for the Physics and Mathematics of the Universe, Specially Appointed Researcher, Zastosowanie wiedzy o teorii komunikacji naukowej<\/p>\n\n\n\n<p class=\"wp-block-paragraph\"><strong>Makoto Ozono<\/strong><br>Adiunkt, Instytut Badawczy Nauk Humanistycznych, Uniwersytet Doshisha, Zastosowanie wiedzy o naukach politycznych<\/p>\n\n\n\n<p class=\"wp-block-paragraph\"><strong><a href=\"https:\/\/researchmap.jp\/overhiro\/\" data-type=\"URL\" data-id=\"https:\/\/researchmap.jp\/overhiro\/\" target=\"_blank\" rel=\"noreferrer noopener\">Hirotsugu Ohba<\/a><\/strong><br>Uniwersytet Rikkyo, Absolwent Szko\u0142y Nauk o Sztucznej Inteligencji, profesor specjalnie mianowany, przedstawiciel, dyrektor generalny<\/p>\n\n\n\n<p class=\"wp-block-paragraph\"><strong>Shimpei Okamoto<\/strong><br>Hiroshima University, Graduate School of Letters, Adiunkt, Zastosowanie Wiedzy z Filozofii Stosowanej<\/p>\n\n\n\n<p class=\"wp-block-paragraph\"><strong>Masafumi Kasagi<\/strong><br>Specjalnie mianowany profesor nadzwyczajny w Instytucie Sztuki i Nauki Wyzwolonej Uniwersytetu Nagoya;<\/p>\n\n\n\n<p class=\"wp-block-paragraph\"><strong>Noiru Kikuchi<\/strong><br>National Graduate Institute for Policy Studies, Policy Research Center for Science, Technology and Innovation, Specjalista, Zastosowanie wiedzy z teorii komunikacji naukowej<\/p>\n\n\n\n<p class=\"wp-block-paragraph\"><strong>Harushi Tamazawa<\/strong><br>Uniwersytet w Kioto, Graduate School of Letters, badacz, zast\u0119pca dyrektora generalnego, zastosowanie wiedzy w kosmosie<\/p>\n\n\n\n<p class=\"wp-block-paragraph\"><strong>Satoshi Kawamura<\/strong><br>Graduate School of Science, Obserwatorium Astronomiczne, Uniwersytet w Kioto, Studia doktoranckie, Zastosowanie wiedzy o kosmosie<\/p>\n\n\n\n<p class=\"wp-block-paragraph\"><strong>Shiro Komatsu<\/strong><br>University of Yamanashi, Wydzia\u0142 Nauk o \u017byciu i \u015arodowisku, profesor nadzwyczajny, zastosowanie wiedzy w naukach przyrodniczych i naukach politycznych<\/p>\n\n\n\n<p class=\"wp-block-paragraph\"><strong>Keiko Sato<\/strong><br>Specjalnie mianowany profesor nadzwyczajny, Departament Zarz\u0105dzania Bezpiecze\u0144stwem Medycznym, Szpital Uniwersytecki w Kioto, Zastosowanie wiedzy o naukach przyrodniczych<\/p>\n\n\n\n<p class=\"wp-block-paragraph\"><strong>Mika Suzuki<\/strong><br>Uniwersytet w Kioto iPS Cell Research Institute Uehiro Ethics Research Division Specjalny badacz Zastosowanie wiedzy bioetycznej<\/p>\n\n\n\n<p class=\"wp-block-paragraph\"><strong>Yuki Takagi<\/strong><br>Uniwersytet w Kioto, Graduate School of Letters, program doktorancki, wiedza o etyce stosowanej<\/p>\n\n\n\n<p class=\"wp-block-paragraph\"><strong>Masatsugu Senchiiwa<\/strong><br>Uniwersytet Kitakyushu, Wydzia\u0142 J\u0119zyk\u00f3w Obcych, Zaoczny Wyk\u0142adowca, Zastosowanie Wiedzy Politologicznej<\/p>\n\n\n\n<p class=\"wp-block-paragraph\"><strong><a href=\"https:\/\/researchmap.jp\/Nagafumi_Nakamura\/?lang=japanese\" target=\"_blank\" rel=\"noreferrer noopener\">Nagafumi Nakamura<\/a><\/strong><br>Specjalnie mianowany adiunkt, Institute for Advancement of Liberal Arts, Faculty of Liberal Arts, The University of Tokyo;<\/p>\n\n\n\n<p class=\"wp-block-paragraph\"><strong>Kojiro Honda<\/strong><br>Kanazawa Medical University, Human Sciences, Associate Professor, Application of Applied Philosophy<\/p>\n\n\n\n<p class=\"wp-block-paragraph\"><strong>Koki Miyano<\/strong><br>Uniwersytet w Kioto, Centrum Promocji Interdyscyplinarnej Edukacji i Bada\u0144, profesor nadzwyczajny;<\/p>\n\n\n\n<p class=\"wp-block-paragraph\"><strong>Masahiro Morioka<\/strong><br>Waseda University, Wydzia\u0142 Nauk Humanistycznych, profesor, zastosowanie wiedzy z zakresu filozofii stosowanej<\/p>","protected":false},"excerpt":{"rendered":"<p>\u300a\u7a76\u6975\u306e\u9078\u629e\u300b\u7814\u7a76\u4f1a \u4eac\u90fd\u5927\u5b66 \u5b66\u969b\u878d\u5408\u6559\u80b2\u30bb\u30f3\u30bf\u30fc\u300a\u7a76\u6975\u306e\u9078\u629e\u300b\u7814\u7a76\u4f1a\uff08\u65e7 \u4eac\u90fd\u5927\u5b66\u300a\u7a76\u6975\u306e\u9078\u629e\u300b\u7814\u7a76\u30e9\u30a4\u30c8 [&hellip;]<\/p>\n","protected":false},"author":131104234,"featured_media":0,"parent":0,"menu_order":0,"comment_status":"closed","ping_status":"closed","template":"","meta":{"_crdt_document":"","advanced_seo_description":"","jetpack_seo_html_title":"","jetpack_seo_noindex":false,"footnotes":""},"class_list":["post-14","page","type-page","status-publish","hentry"],"jetpack_likes_enabled":true,"jetpack_sharing_enabled":true,"jetpack_shortlink":"https:\/\/wp.me\/PdK9kd-e","jetpack-related-posts":[],"amp_enabled":true,"_links":{"self":[{"href":"https:\/\/hardestchoice.org\/pl\/wp-json\/wp\/v2\/pages\/14","targetHints":{"allow":["GET"]}}],"collection":[{"href":"https:\/\/hardestchoice.org\/pl\/wp-json\/wp\/v2\/pages"}],"about":[{"href":"https:\/\/hardestchoice.org\/pl\/wp-json\/wp\/v2\/types\/page"}],"author":[{"embeddable":true,"href":"https:\/\/hardestchoice.org\/pl\/wp-json\/wp\/v2\/users\/131104234"}],"replies":[{"embeddable":true,"href":"https:\/\/hardestchoice.org\/pl\/wp-json\/wp\/v2\/comments?post=14"}],"version-history":[{"count":36,"href":"https:\/\/hardestchoice.org\/pl\/wp-json\/wp\/v2\/pages\/14\/revisions"}],"predecessor-version":[{"id":2469,"href":"https:\/\/hardestchoice.org\/pl\/wp-json\/wp\/v2\/pages\/14\/revisions\/2469"}],"wp:attachment":[{"href":"https:\/\/hardestchoice.org\/pl\/wp-json\/wp\/v2\/media?parent=14"}],"curies":[{"name":"wp","href":"https:\/\/api.w.org\/{rel}","templated":true}]}}