{"id":29,"date":"2022-03-02T12:17:16","date_gmt":"2022-03-02T03:17:16","guid":{"rendered":"https:\/\/hardestchoice.org\/?page_id=29"},"modified":"2022-10-07T20:43:23","modified_gmt":"2022-10-07T11:43:23","slug":"contactus","status":"publish","type":"page","link":"https:\/\/hardestchoice.org\/pl\/contactus\/","title":{"rendered":"FAQ \/ KONTAKT"},"content":{"rendered":"<hr class=\"wp-block-separator has-alpha-channel-opacity is-style-wide\"\/>\n\n\n\n<div class=\"wp-block-group is-layout-flow wp-block-group-is-layout-flow\">\n<h2 class=\"wp-block-heading\">Cz\u0119sto zadawane pytania<\/h2>\n\n\n\n<h4 class=\"wp-block-heading\">P: Obecnie si\u0119 przygotowujemy.<\/h4>\n\n\n\n<p class=\"wp-block-paragraph\">Odpowied\u017a: Przygotowujemy odpowied\u017a.<\/p>\n\n\n\n<div class=\"wp-block-columns is-layout-flex wp-container-core-columns-is-layout-1a9244c7 wp-block-columns-is-layout-flex\">\n<div class=\"wp-block-column is-layout-flow wp-block-column-is-layout-flow\" style=\"flex-basis:100%\">\n<hr class=\"wp-block-separator has-alpha-channel-opacity is-style-wide\"\/>\n<\/div>\n<\/div>\n\n\n\n<p class=\"wp-block-paragraph\"><\/p>\n\n\n\n<h3 class=\"wp-block-heading\">O temacie \u201eOstateczny wyb\u00f3r\u201d<\/h3>\n\n\n\n<p class=\"wp-block-paragraph\">Temat ten skupia si\u0119 na zagadnieniach, z kt\u00f3rymi faktycznie borykaj\u0105 si\u0119 studenci i z kt\u00f3rymi b\u0119d\u0105 si\u0119 boryka\u0107 w trakcie post\u0119p\u00f3w w badaniach i praktyce. Jako \u201eostateczny wyb\u00f3r\u201d wybierane s\u0105 pytania uznane za niezwykle trudne w r\u00f3\u017cnych dziedzinach.<br>Jednak nawet je\u015bli problem jest uwa\u017cany za problem w danej dziedzinie, istniej\u0105 pewne problemy, kt\u00f3rymi nie nale\u017cy dzieli\u0107 si\u0119 ze spo\u0142ecze\u0144stwem jako ca\u0142o\u015bci\u0105. Z drugiej strony s\u0105 te\u017c kwestie, kt\u00f3re spo\u0142ecze\u0144stwo powinno podziela\u0107 i kt\u00f3re spo\u0142ecze\u0144stwo powinno pog\u0142\u0119bia\u0107. Co wi\u0119cej, w spo\u0142ecze\u0144stwie s\u0105 ludzie, kt\u00f3rzy uwa\u017caj\u0105, \u017ce jest to problem, i inni, kt\u00f3rzy uwa\u017caj\u0105, \u017ce nie stanowi to problemu.<br>Odpowiedzi ludzi mog\u0105 si\u0119 znacznie r\u00f3\u017cni\u0107 w zale\u017cno\u015bci od tego, jak ich zadasz. Na przyk\u0142ad, pytaj\u0105c o kwesti\u0119 uchod\u017ac\u00f3w, je\u015bli z g\u00f3ry podkre\u015blisz trudn\u0105 sytuacj\u0119 uchod\u017ac\u00f3w, b\u0119dzie wi\u0119ksze prawdopodobie\u0144stwo, \u017ce ich uratujesz, ale je\u015bli podkre\u015blisz wady, jakie wi\u0105\u017c\u0105 si\u0119 z przyjmowaniem uchod\u017ac\u00f3w, istnieje wi\u0119ksze prawdopodobie\u0144stwo, \u017ce ich odrzucisz.<br>Na etapie pilota\u017cowym szukamy obecnie odpowiedniego sposobu zadawania takich pyta\u0144.<\/p>\n<\/div>\n\n\n\n<hr class=\"wp-block-separator has-alpha-channel-opacity is-style-wide\"\/>\n\n\n\n<h2 class=\"wp-block-heading\">Informacje kontaktowe<\/h2>\n\n\n\n<p class=\"wp-block-paragraph\">Je\u017celi chcieliby Pa\u0144stwo skontaktowa\u0107 si\u0119 z grup\u0105 badawcz\u0105 ``Ultimate Choice&#039;&#039;, prosimy o kontakt za pomoc\u0105 poni\u017cszego formularza.<\/p>\n\n\n\n<p class=\"wp-block-paragraph\">Je\u015bli masz jakie\u015b opinie na temat tematu \u201eUltimate Choice\u201d, mo\u017cesz je zapisa\u0107.<\/p>\n\n\n\n<p class=\"wp-block-paragraph\"><\/p>\n\n\n<div class=\"wp-block-jetpack-contact-form is-layout-flex wp-container-jetpack-contact-form-is-layout-2cb9499c wp-block-jetpack-contact-form-is-layout-flex\"><a href=\"https:\/\/hardestchoice.org\/pl\/contactus\/\" target=\"_blank\" rel=\"noopener noreferrer\">Prze\u015blij formularz.<\/a><\/div>\n\n\n<p class=\"wp-block-paragraph\"><\/p>\n\n\n\n<div style=\"height:100px\" aria-hidden=\"true\" class=\"wp-block-spacer\"><\/div>","protected":false},"excerpt":{"rendered":"<p>\u3088\u304f\u3042\u308b\u3054\u8cea\u554f Q: \u53ea\u4eca\u6e96\u5099\u4e2d\u3067\u3059\u3002 A: \u56de\u7b54\u3092\u6e96\u5099\u3057\u3066\u304a\u308a\u307e\u3059\u3002 \u300a\u7a76\u6975\u306e\u9078\u629e\u300b\u3068\u3044\u3046\u30c6\u30fc\u30de\u306b\u3064\u3044\u3066 \u3053 [&hellip;]<\/p>\n","protected":false},"author":136335720,"featured_media":0,"parent":0,"menu_order":0,"comment_status":"closed","ping_status":"closed","template":"","meta":{"_crdt_document":"","advanced_seo_description":"","jetpack_seo_html_title":"","jetpack_seo_noindex":false,"jetpack_post_was_ever_published":false,"footnotes":""},"class_list":["post-29","page","type-page","status-publish","hentry"],"jetpack_likes_enabled":true,"jetpack_sharing_enabled":true,"jetpack_shortlink":"https:\/\/wp.me\/PdK9kd-t","jetpack-related-posts":[],"amp_enabled":true,"_links":{"self":[{"href":"https:\/\/hardestchoice.org\/pl\/wp-json\/wp\/v2\/pages\/29","targetHints":{"allow":["GET"]}}],"collection":[{"href":"https:\/\/hardestchoice.org\/pl\/wp-json\/wp\/v2\/pages"}],"about":[{"href":"https:\/\/hardestchoice.org\/pl\/wp-json\/wp\/v2\/types\/page"}],"author":[{"embeddable":true,"href":"https:\/\/hardestchoice.org\/pl\/wp-json\/wp\/v2\/users\/136335720"}],"replies":[{"embeddable":true,"href":"https:\/\/hardestchoice.org\/pl\/wp-json\/wp\/v2\/comments?post=29"}],"version-history":[{"count":34,"href":"https:\/\/hardestchoice.org\/pl\/wp-json\/wp\/v2\/pages\/29\/revisions"}],"predecessor-version":[{"id":1755,"href":"https:\/\/hardestchoice.org\/pl\/wp-json\/wp\/v2\/pages\/29\/revisions\/1755"}],"wp:attachment":[{"href":"https:\/\/hardestchoice.org\/pl\/wp-json\/wp\/v2\/media?parent=29"}],"curies":[{"name":"wp","href":"https:\/\/api.w.org\/{rel}","templated":true}]}}