{"id":14,"date":"2022-03-02T12:01:05","date_gmt":"2022-03-02T03:01:05","guid":{"rendered":"https:\/\/hardestchoice.org\/?page_id=14"},"modified":"2024-06-05T13:21:07","modified_gmt":"2024-06-05T04:21:07","slug":"aboutus","status":"publish","type":"page","link":"https:\/\/hardestchoice.org\/pt\/aboutus\/","title":{"rendered":"CERCA DE"},"content":{"rendered":"<div class=\"wp-block-group alignfull is-layout-constrained wp-block-group-is-layout-constrained\">\n<h2 class=\"wp-block-heading\">\u300aEscolha Final\u300b Grupo de Estudo<\/h2>\n\n\n\n<p class=\"wp-block-paragraph\">Este \u00e9 o site do Grupo de Estudos &quot;The Ultimate Choice&quot; do Centro de Educa\u00e7\u00e3o Interdisciplinar da Universidade de Kyoto (antiga Unidade de Pesquisa Light &quot;The Ultimate Choice&quot; da Universidade de Kyoto).<\/p>\n\n\n\n<p class=\"wp-block-paragraph\">Nossa pesquisa n\u00e3o tem sonhos, esperan\u00e7as ou pr\u00eamios Nobel. Al\u00e9m disso, voc\u00ea pode sentir que precisa pensar sobre essa crueldade. Isso ocorre porque a pesquisa sobre a Escolha Definitiva \u00e9 um estudo sobre o que e quem sacrificar.<\/p>\n\n\n\n<p class=\"wp-block-paragraph\">Mas a pesquisa \u00e9 necess\u00e1ria. Porque se voc\u00ea n\u00e3o preparar uma resposta para a Ultimate Choice, vai acabar em uma situa\u00e7\u00e3o pior.<\/p>\n\n\n\n<p class=\"wp-block-paragraph\">Por exemplo, ``quem deve ser priorizado para vacina\u00e7\u00e3o quando h\u00e1 escassez de vacinas durante uma pandemia com alta taxa de mortalidade?&#039;&#039; e ``quem deve ser priorizado para resgate quando pessoas s\u00e3o resgatadas de um desastre de grande escala.&#039; &#039; A escolha de sacrif\u00edcio como este n\u00e3o \u00e9 algo que pode ser respondido no local naquele momento.<\/p>\n\n\n\n<p class=\"wp-block-paragraph\">Se esta quest\u00e3o do sacrif\u00edcio for deixada sem resposta, \u00e9 prov\u00e1vel que haja uma base de primeiro a chegar, primeiro a ser servido, uma prefer\u00eancia por aqueles que est\u00e3o no poder e os ricos, ou uma evita\u00e7\u00e3o de escolha onde todos s\u00e3o sacrificados. a maioria das pessoas n\u00e3o quer.<\/p>\n\n\n\n<p class=\"wp-block-paragraph\">Continuar a desviar o olhar n\u00e3o muda o final terr\u00edvel.<\/p>\n\n\n\n<p class=\"wp-block-paragraph\">Tamb\u00e9m em rela\u00e7\u00e3o a essa quest\u00e3o, algumas pessoas podem associar triagem, por exemplo. No entanto, o que aconteceu com o Grande Terremoto no Leste do Jap\u00e3o foi uma situa\u00e7\u00e3o de emerg\u00eancia na qual, mesmo que o &quot;tratamento de alta prioridade&quot; fosse marcado na triagem, havia muitos e uma sele\u00e7\u00e3o adicional era necess\u00e1ria. Quanto maior a escala de desastres e problemas, mais dif\u00edcil se torna lidar com sistemas convencionais, e a &quot;escolha final&quot; ocorre em todos os lugares.<\/p>\n\n\n\n<p class=\"wp-block-paragraph\">Na prepara\u00e7\u00e3o para o surgimento dessa \u201cescolha final\u201d, acreditamos que \u00e9 necess\u00e1rio ter um mecanismo que permita uma discuss\u00e3o cuidadosa e uma sele\u00e7\u00e3o ao longo do tempo, a fim de produzir respostas que sejam convincentes para o maior n\u00famero poss\u00edvel de pessoas.<\/p>\n\n\n\n<p class=\"wp-block-paragraph\">Portanto, estamos pesquisando o problema de escolha em situa\u00e7\u00f5es extremas e explorando melhores medidas sob o t\u00edtulo de &quot;Ultimate Choice&quot;.<\/p>\n\n\n\n<p class=\"wp-block-paragraph\">Voc\u00ea gostaria de pensar sobre &quot;The Ultimate Choice&quot; juntos?<\/p>\n\n\n\n<p class=\"wp-block-paragraph\">(No futuro, gostaria de almejar um sistema que apoie a tomada de decis\u00e3o global, como aceitar propostas de eleitores, fornecer um f\u00f3rum para delibera\u00e7\u00e3o e preparar vers\u00f5es em cada idioma, mas est\u00e1 muito longe.)<\/p>\n\n\n\n<figure class=\"wp-block-image size-full\"><a href=\"https:\/\/i0.wp.com\/hardestchoice.org\/wp-content\/uploads\/2022\/04\/figure-hardestchoice.png?ssl=1\"><img loading=\"lazy\" decoding=\"async\" width=\"1280\" height=\"957\" data-attachment-id=\"79\" data-permalink=\"https:\/\/hardestchoice.org\/pt\/aboutus\/figure-hardestchoice\/\" data-orig-file=\"https:\/\/i0.wp.com\/hardestchoice.org\/wp-content\/uploads\/2022\/04\/figure-hardestchoice.png?fit=1280%2C957&amp;ssl=1\" data-orig-size=\"1280,957\" data-comments-opened=\"0\" data-image-meta=\"{&quot;aperture&quot;:&quot;0&quot;,&quot;credit&quot;:&quot;&quot;,&quot;camera&quot;:&quot;&quot;,&quot;caption&quot;:&quot;&quot;,&quot;created_timestamp&quot;:&quot;0&quot;,&quot;copyright&quot;:&quot;&quot;,&quot;focal_length&quot;:&quot;0&quot;,&quot;iso&quot;:&quot;0&quot;,&quot;shutter_speed&quot;:&quot;0&quot;,&quot;title&quot;:&quot;&quot;,&quot;orientation&quot;:&quot;0&quot;}\" data-image-title=\"figure-hardestchoice\" data-image-description=\"\" data-image-caption=\"\" data-large-file=\"https:\/\/i0.wp.com\/hardestchoice.org\/wp-content\/uploads\/2022\/04\/figure-hardestchoice.png?fit=1024%2C766&amp;ssl=1\" src=\"https:\/\/i0.wp.com\/hardestchoice.org\/wp-content\/uploads\/2022\/04\/figure-hardestchoice.png?fit=1280%2C957&amp;ssl=1\" alt=\"\" class=\"wp-image-79\" srcset=\"https:\/\/i0.wp.com\/hardestchoice.org\/wp-content\/uploads\/2022\/04\/figure-hardestchoice.png?w=1280&amp;ssl=1 1280w, https:\/\/i0.wp.com\/hardestchoice.org\/wp-content\/uploads\/2022\/04\/figure-hardestchoice.png?resize=300%2C224&amp;ssl=1 300w, https:\/\/i0.wp.com\/hardestchoice.org\/wp-content\/uploads\/2022\/04\/figure-hardestchoice.png?resize=1024%2C766&amp;ssl=1 1024w, https:\/\/i0.wp.com\/hardestchoice.org\/wp-content\/uploads\/2022\/04\/figure-hardestchoice.png?resize=768%2C574&amp;ssl=1 768w, https:\/\/i0.wp.com\/hardestchoice.org\/wp-content\/uploads\/2022\/04\/figure-hardestchoice.png?resize=16%2C12&amp;ssl=1 16w, https:\/\/i0.wp.com\/hardestchoice.org\/wp-content\/uploads\/2022\/04\/figure-hardestchoice.png?resize=400%2C300&amp;ssl=1 400w, https:\/\/i0.wp.com\/hardestchoice.org\/wp-content\/uploads\/2022\/04\/figure-hardestchoice.png?resize=200%2C150&amp;ssl=1 200w, https:\/\/i0.wp.com\/hardestchoice.org\/wp-content\/uploads\/2022\/04\/figure-hardestchoice.png?resize=1200%2C897&amp;ssl=1 1200w\" sizes=\"auto, (max-width: 1000px) 100vw, 1000px\" \/><\/a><\/figure>\n<\/div>\n\n\n\n<hr class=\"wp-block-separator has-alpha-channel-opacity is-style-wide\"\/>\n\n\n\n<h2 class=\"wp-block-heading\">Bolsa de Investiga\u00e7\u00e3o<\/h2>\n\n\n\n<p class=\"wp-block-paragraph\">&quot;<em>Requisitos para a IA tomar decis\u00f5es sociais<\/em>- boa qualidade<em>conjunto de dados<\/em>e desej\u00e1vel<em>Resultado<\/em>pesquisa\u201d (n\u00famero do problema<a href=\"https:\/\/toyotafound.secure.force.com\/psearch\/JoseiDetail?name=D19-ST-0019\">D19-ST-0019<\/a>, Representante: Hirotsugu Ohba) (Toyota Foundation 2019 Special Issue &quot;New Human Society Co-created with Advanced Technology&quot;)<\/p>\n\n\n\n<p class=\"wp-block-paragraph\"><a href=\"https:\/\/toyotafound.secure.force.com\/psearch\/JoseiDetail?name=D19-ST-0019\">https:\/\/toyotafound.secure.force.com\/psearch\/JoseiDetail?name=D19-ST-0019<\/a><\/p>\n\n\n\n<hr class=\"wp-block-separator has-alpha-channel-opacity is-style-wide\"\/>\n\n\n\n<h2 class=\"wp-block-heading\">membro da pesquisa<\/h2>\n\n\n\n<p class=\"wp-block-paragraph\"><\/p>\n\n\n\n<p class=\"wp-block-paragraph\"><strong>Yuko Ichii<\/strong><br>Universidade de T\u00f3quio, Instituto Kavli de F\u00edsica e Matem\u00e1tica do Universo, Pesquisador Especialmente Nomeado, Aplica\u00e7\u00e3o do Conhecimento da Teoria da Comunica\u00e7\u00e3o Cient\u00edfica<\/p>\n\n\n\n<p class=\"wp-block-paragraph\"><strong>Makoto Ozono<\/strong><br>Pesquisador Adjunto, Instituto de Pesquisa em Humanidades, Universidade Doshisha, Aplica\u00e7\u00e3o do Conhecimento em Ci\u00eancia Pol\u00edtica<\/p>\n\n\n\n<p class=\"wp-block-paragraph\"><strong><a href=\"https:\/\/researchmap.jp\/overhiro\/\" data-type=\"URL\" data-id=\"https:\/\/researchmap.jp\/overhiro\/\" target=\"_blank\" rel=\"noreferrer noopener\">Hirotsugu Ohba<\/a><\/strong><br>Universidade Rikkyo, Escola de P\u00f3s-Gradua\u00e7\u00e3o em Ci\u00eancia da Intelig\u00eancia Artificial, Professor Especialmente Nomeado, Representante, Respons\u00e1vel Geral<\/p>\n\n\n\n<p class=\"wp-block-paragraph\"><strong>Shimpei Okamoto<\/strong><br>Universidade de Hiroshima, Escola de P\u00f3s-Gradua\u00e7\u00e3o em Letras, Professor Assistente, Aplica\u00e7\u00e3o de Conhecimento de Filosofia Aplicada<\/p>\n\n\n\n<p class=\"wp-block-paragraph\"><strong>Masafumi Kasagi<\/strong><br>Professor Associado Especialmente Nomeado, Instituto de Artes e Ci\u00eancias Liberais, Universidade de Nagoya;<\/p>\n\n\n\n<p class=\"wp-block-paragraph\"><strong>Noiru Kikuchi<\/strong><br>Instituto Nacional de P\u00f3s-Gradua\u00e7\u00e3o em Estudos Pol\u00edticos, Centro de Pesquisas Pol\u00edticas em Ci\u00eancia, Tecnologia e Inova\u00e7\u00e3o, Especialista, Aplica\u00e7\u00e3o do conhecimento da teoria da comunica\u00e7\u00e3o cient\u00edfica<\/p>\n\n\n\n<p class=\"wp-block-paragraph\"><strong>Harushi Tamazawa<\/strong><br>Universidade de Kyoto, Escola de P\u00f3s-Gradua\u00e7\u00e3o em Letras, Pesquisador, Vice-CEO, Aplica\u00e7\u00e3o de Conhecimento em Ci\u00eancia Espacial<\/p>\n\n\n\n<p class=\"wp-block-paragraph\"><strong>Satoshi Kawamura<\/strong><br>Escola de P\u00f3s-Gradua\u00e7\u00e3o em Ci\u00eancias, Observat\u00f3rio Astron\u00f4mico, Universidade de Kyoto, Curso de doutorado, Aplica\u00e7\u00e3o do conhecimento da ci\u00eancia espacial<\/p>\n\n\n\n<p class=\"wp-block-paragraph\"><strong>Shiro Komatsu<\/strong><br>Universidade de Yamanashi, Faculdade de Ci\u00eancias Biol\u00f3gicas e Ambientais, Professor Associado, Aplica\u00e7\u00e3o do Conhecimento em Ci\u00eancias Biol\u00f3gicas e Ci\u00eancias Pol\u00edticas<\/p>\n\n\n\n<p class=\"wp-block-paragraph\"><strong>Keiko Sato<\/strong><br>Professor Associado Especialmente Nomeado, Departamento de Gerenciamento de Seguran\u00e7a M\u00e9dica, Hospital da Universidade de Kyoto, Aplica\u00e7\u00e3o do Conhecimento em Ci\u00eancias da Vida<\/p>\n\n\n\n<p class=\"wp-block-paragraph\"><strong>Mika Suzuki<\/strong><br>Universidade de Kyoto iPS Cell Research Institute Uehiro Ethics Research Division Pesquisador Especial Aplica\u00e7\u00e3o do conhecimento bio\u00e9tico<\/p>\n\n\n\n<p class=\"wp-block-paragraph\"><strong>Yuki Takagi<\/strong><br>Universidade de Kyoto, Escola de P\u00f3s-Gradua\u00e7\u00e3o em Letras, Programa de Doutorado, Conhecimento de \u00c9tica Aplicada<\/p>\n\n\n\n<p class=\"wp-block-paragraph\"><strong>Masatsugu Senchiiwa<\/strong><br>Universidade de Kitakyushu, Faculdade de L\u00ednguas Estrangeiras, Professor em Meio Per\u00edodo, Aplica\u00e7\u00e3o de Conhecimento em Ci\u00eancia Pol\u00edtica<\/p>\n\n\n\n<p class=\"wp-block-paragraph\"><strong><a href=\"https:\/\/researchmap.jp\/Nagafumi_Nakamura\/?lang=japanese\" target=\"_blank\" rel=\"noreferrer noopener\">Nagafumi Nakamura<\/a><\/strong><br>Professor Assistente Especialmente Nomeado, Instituto para o Avan\u00e7o das Artes Liberais, Faculdade de Artes Liberais, Universidade de T\u00f3quio;<\/p>\n\n\n\n<p class=\"wp-block-paragraph\"><strong>Kojiro Honda<\/strong><br>Kanazawa Medical University, Ci\u00eancias Humanas, Professor Associado, Aplica\u00e7\u00e3o do Conhecimento da Filosofia Aplicada<\/p>\n\n\n\n<p class=\"wp-block-paragraph\"><strong>Koki Miyano<\/strong><br>Universidade de Kyoto, Centro para a Promo\u00e7\u00e3o da Educa\u00e7\u00e3o e Pesquisa Interdisciplinar, Professor Associado;<\/p>\n\n\n\n<p class=\"wp-block-paragraph\"><strong>Masahiro Morioka<\/strong><br>Waseda University, Faculdade de Ci\u00eancias Humanas, Professor, Aplica\u00e7\u00e3o do Conhecimento da Filosofia Aplicada<\/p>","protected":false},"excerpt":{"rendered":"<p>\u300a\u7a76\u6975\u306e\u9078\u629e\u300b\u7814\u7a76\u4f1a \u4eac\u90fd\u5927\u5b66 \u5b66\u969b\u878d\u5408\u6559\u80b2\u30bb\u30f3\u30bf\u30fc\u300a\u7a76\u6975\u306e\u9078\u629e\u300b\u7814\u7a76\u4f1a\uff08\u65e7 \u4eac\u90fd\u5927\u5b66\u300a\u7a76\u6975\u306e\u9078\u629e\u300b\u7814\u7a76\u30e9\u30a4\u30c8 [&hellip;]<\/p>\n","protected":false},"author":131104234,"featured_media":0,"parent":0,"menu_order":0,"comment_status":"closed","ping_status":"closed","template":"","meta":{"_crdt_document":"","advanced_seo_description":"","jetpack_seo_html_title":"","jetpack_seo_noindex":false,"footnotes":""},"class_list":["post-14","page","type-page","status-publish","hentry"],"jetpack_likes_enabled":true,"jetpack_sharing_enabled":true,"jetpack_shortlink":"https:\/\/wp.me\/PdK9kd-e","jetpack-related-posts":[],"amp_enabled":true,"_links":{"self":[{"href":"https:\/\/hardestchoice.org\/pt\/wp-json\/wp\/v2\/pages\/14","targetHints":{"allow":["GET"]}}],"collection":[{"href":"https:\/\/hardestchoice.org\/pt\/wp-json\/wp\/v2\/pages"}],"about":[{"href":"https:\/\/hardestchoice.org\/pt\/wp-json\/wp\/v2\/types\/page"}],"author":[{"embeddable":true,"href":"https:\/\/hardestchoice.org\/pt\/wp-json\/wp\/v2\/users\/131104234"}],"replies":[{"embeddable":true,"href":"https:\/\/hardestchoice.org\/pt\/wp-json\/wp\/v2\/comments?post=14"}],"version-history":[{"count":36,"href":"https:\/\/hardestchoice.org\/pt\/wp-json\/wp\/v2\/pages\/14\/revisions"}],"predecessor-version":[{"id":2469,"href":"https:\/\/hardestchoice.org\/pt\/wp-json\/wp\/v2\/pages\/14\/revisions\/2469"}],"wp:attachment":[{"href":"https:\/\/hardestchoice.org\/pt\/wp-json\/wp\/v2\/media?parent=14"}],"curies":[{"name":"wp","href":"https:\/\/api.w.org\/{rel}","templated":true}]}}