{"id":29,"date":"2022-03-02T12:17:16","date_gmt":"2022-03-02T03:17:16","guid":{"rendered":"https:\/\/hardestchoice.org\/?page_id=29"},"modified":"2022-10-07T20:43:23","modified_gmt":"2022-10-07T11:43:23","slug":"contactus","status":"publish","type":"page","link":"https:\/\/hardestchoice.org\/pt\/contactus\/","title":{"rendered":"Perguntas frequentes \/ CONTATO"},"content":{"rendered":"<hr class=\"wp-block-separator has-alpha-channel-opacity is-style-wide\"\/>\n\n\n\n<div class=\"wp-block-group is-layout-flow wp-block-group-is-layout-flow\">\n<h2 class=\"wp-block-heading\">Perguntas frequentes<\/h2>\n\n\n\n<h4 class=\"wp-block-heading\">P: Estamos nos preparando agora.<\/h4>\n\n\n\n<p class=\"wp-block-paragraph\">R: Estamos preparando uma resposta.<\/p>\n\n\n\n<div class=\"wp-block-columns is-layout-flex wp-container-core-columns-is-layout-1a9244c7 wp-block-columns-is-layout-flex\">\n<div class=\"wp-block-column is-layout-flow wp-block-column-is-layout-flow\" style=\"flex-basis:100%\">\n<hr class=\"wp-block-separator has-alpha-channel-opacity is-style-wide\"\/>\n<\/div>\n<\/div>\n\n\n\n<p class=\"wp-block-paragraph\"><\/p>\n\n\n\n<h3 class=\"wp-block-heading\">Sobre o tema &quot;The Ultimate Choice&quot;<\/h3>\n\n\n\n<p class=\"wp-block-paragraph\">Este tema lida com quest\u00f5es que os alunos realmente enfrentam ou enfrentar\u00e3o no avan\u00e7o de suas pesquisas e pr\u00e1ticas. Quest\u00f5es consideradas extremamente dif\u00edceis em v\u00e1rios campos s\u00e3o consideradas como &quot;escolha final&quot;.<br>No entanto, existem alguns problemas que n\u00e3o devem ser compartilhados pela sociedade como um todo, mesmo que os consideremos como problemas do campo. Por outro lado, tamb\u00e9m existem quest\u00f5es que devem ser compartilhadas pela sociedade, e que a sociedade deve aprofundar seu entendimento. Al\u00e9m disso, mesmo dentro da sociedade, tem gente que acha que \u00e9 um problema, e tem gente que acha que n\u00e3o \u00e9.<br>Dependendo de como voc\u00ea faz a pergunta, as pessoas v\u00e3o responder de forma diferente. Por exemplo, ao perguntar sobre o problema dos refugiados, se a situa\u00e7\u00e3o dos refugiados for enfatizada com anteced\u00eancia, eles tendem a salv\u00e1-los.<br>Ainda estamos tentando encontrar a maneira certa de fazer essas perguntas durante esta fase piloto.<\/p>\n<\/div>\n\n\n\n<hr class=\"wp-block-separator has-alpha-channel-opacity is-style-wide\"\/>\n\n\n\n<h2 class=\"wp-block-heading\">Informa\u00e7\u00f5es de contato<\/h2>\n\n\n\n<p class=\"wp-block-paragraph\">Por favor, use o seguinte para entrar em contato com o Ultimate Choice Study Group.<\/p>\n\n\n\n<p class=\"wp-block-paragraph\">Se voc\u00ea tem alguma opini\u00e3o sobre este tema de &quot;The Ultimate Choice&quot;, sinta-se \u00e0 vontade para escrever qualquer coisa.<\/p>\n\n\n\n<p class=\"wp-block-paragraph\"><\/p>\n\n\n<div class=\"wp-block-jetpack-contact-form is-layout-flex wp-container-jetpack-contact-form-is-layout-2cb9499c wp-block-jetpack-contact-form-is-layout-flex\"><a href=\"https:\/\/hardestchoice.org\/pt\/contactus\/\" target=\"_blank\" rel=\"noopener noreferrer\">Submit a form.<\/a><\/div>\n\n\n<p class=\"wp-block-paragraph\"><\/p>\n\n\n\n<div style=\"height:100px\" aria-hidden=\"true\" class=\"wp-block-spacer\"><\/div>","protected":false},"excerpt":{"rendered":"<p>\u3088\u304f\u3042\u308b\u3054\u8cea\u554f Q: \u53ea\u4eca\u6e96\u5099\u4e2d\u3067\u3059\u3002 A: \u56de\u7b54\u3092\u6e96\u5099\u3057\u3066\u304a\u308a\u307e\u3059\u3002 \u300a\u7a76\u6975\u306e\u9078\u629e\u300b\u3068\u3044\u3046\u30c6\u30fc\u30de\u306b\u3064\u3044\u3066 \u3053 [&hellip;]<\/p>\n","protected":false},"author":136335720,"featured_media":0,"parent":0,"menu_order":0,"comment_status":"closed","ping_status":"closed","template":"","meta":{"_crdt_document":"","advanced_seo_description":"","jetpack_seo_html_title":"","jetpack_seo_noindex":false,"footnotes":""},"class_list":["post-29","page","type-page","status-publish","hentry"],"jetpack_likes_enabled":true,"jetpack_sharing_enabled":true,"jetpack_shortlink":"https:\/\/wp.me\/PdK9kd-t","jetpack-related-posts":[],"amp_enabled":true,"_links":{"self":[{"href":"https:\/\/hardestchoice.org\/pt\/wp-json\/wp\/v2\/pages\/29","targetHints":{"allow":["GET"]}}],"collection":[{"href":"https:\/\/hardestchoice.org\/pt\/wp-json\/wp\/v2\/pages"}],"about":[{"href":"https:\/\/hardestchoice.org\/pt\/wp-json\/wp\/v2\/types\/page"}],"author":[{"embeddable":true,"href":"https:\/\/hardestchoice.org\/pt\/wp-json\/wp\/v2\/users\/136335720"}],"replies":[{"embeddable":true,"href":"https:\/\/hardestchoice.org\/pt\/wp-json\/wp\/v2\/comments?post=29"}],"version-history":[{"count":34,"href":"https:\/\/hardestchoice.org\/pt\/wp-json\/wp\/v2\/pages\/29\/revisions"}],"predecessor-version":[{"id":1755,"href":"https:\/\/hardestchoice.org\/pt\/wp-json\/wp\/v2\/pages\/29\/revisions\/1755"}],"wp:attachment":[{"href":"https:\/\/hardestchoice.org\/pt\/wp-json\/wp\/v2\/media?parent=29"}],"curies":[{"name":"wp","href":"https:\/\/api.w.org\/{rel}","templated":true}]}}