{"id":14,"date":"2022-03-02T12:01:05","date_gmt":"2022-03-02T03:01:05","guid":{"rendered":"https:\/\/hardestchoice.org\/?page_id=14"},"modified":"2024-06-05T13:21:07","modified_gmt":"2024-06-05T04:21:07","slug":"aboutus","status":"publish","type":"page","link":"https:\/\/hardestchoice.org\/ro\/aboutus\/","title":{"rendered":"DESPRE"},"content":{"rendered":"<div class=\"wp-block-group alignfull is-layout-constrained wp-block-group-is-layout-constrained\">\n<h2 class=\"wp-block-heading\">\u201eAlegere final\u0103\u201d Grup de studiu<\/h2>\n\n\n\n<p class=\"wp-block-paragraph\">Acesta este site-ul web al Grupului de Studiu \u201eThe Ultimate Choice\u201d al Centrului Universit\u0103\u021bii din Kyoto pentru Educa\u021bie Interdisciplinar\u0103 (fosta Unitate de Cercetare \u201eThe Ultimate Choice\u201d al Universit\u0103\u021bii Kyoto).<\/p>\n\n\n\n<p class=\"wp-block-paragraph\">Cercetarea noastr\u0103 nu are vise, speran\u021be sau premii Nobel. Mai mult, este posibil s\u0103 sim\u021bi c\u0103 trebuie s\u0103 te g\u00e2nde\u0219ti la o asemenea cruzime. Acest lucru se datoreaz\u0103 faptului c\u0103 cercetarea privind alegerea suprem\u0103 este o cercetare care ia \u00een considerare ce \u0219i pe cine s\u0103 sacrifice.<\/p>\n\n\n\n<p class=\"wp-block-paragraph\">Dar este nevoie de cercetare. Pentru c\u0103 dac\u0103 nu preg\u0103ti\u021bi un r\u0103spuns pentru Ultimate Choice, ve\u021bi ajunge \u00eentr-o situa\u021bie mai proast\u0103.<\/p>\n\n\n\n<p class=\"wp-block-paragraph\">De exemplu, \u201ecui ar trebui s\u0103 i se acorde prioritate pentru vaccinare atunci c\u00e2nd exist\u0103 o lips\u0103 de vaccinuri \u00een timpul unei pandemii cu o rat\u0103 mare de mortalitate?\u201d \u0219i \u201ecui ar trebui s\u0103 i se acorde prioritate pentru salvare atunci c\u00e2nd oamenii sunt salva\u021bi dintr-un dezastru pe scar\u0103 larg\u0103\u201d. &#039; Alegerea unui astfel de sacrificiu nu este ceva la care se poate r\u0103spunde pe loc la acel moment.<\/p>\n\n\n\n<p class=\"wp-block-paragraph\">Dac\u0103 aceast\u0103 \u00eentrebare a sacrificiului r\u0103m\u00e2ne f\u0103r\u0103 r\u0103spuns, este probabil s\u0103 existe o baz\u0103 primul venit, primul servit, o preferin\u021b\u0103 pentru cei care de\u021bin putere \u0219i cei boga\u021bi sau o evitare a alegerii \u00een care toat\u0103 lumea este sacrificat\u0103. majoritatea oamenilor nu vor.<\/p>\n\n\n\n<p class=\"wp-block-paragraph\">A continua s\u0103 prive\u0219ti \u00een alt\u0103 parte nu schimb\u0103 sf\u00e2r\u0219itul teribil.<\/p>\n\n\n\n<p class=\"wp-block-paragraph\">De asemenea, \u00een leg\u0103tur\u0103 cu aceast\u0103 \u00eentrebare, unii oameni pot asocia triajul, de exemplu. Cu toate acestea, ceea ce s-a \u00eent\u00e2mplat cu Marele Cutremur din Japonia de Est a fost o situa\u021bie de urgen\u021b\u0103 \u00een care, chiar dac\u0103 \u201etratamentul cu prioritate maxim\u0103\u201d a fost marcat \u00een triaj, erau prea mul\u021bi \u0219i era necesar\u0103 o selec\u021bie suplimentar\u0103. Cu c\u00e2t amploarea dezastrelor \u0219i problemelor este mai mare, cu at\u00e2t devine mai dificil s\u0103 faci fa\u021b\u0103 sistemelor conven\u021bionale, iar \u201ealegerea final\u0103\u201d apare peste tot.<\/p>\n\n\n\n<p class=\"wp-block-paragraph\">\u00cen preg\u0103tirea pentru apari\u021bia unei astfel de \u201ealegeri finale\u201d, consider\u0103m c\u0103 este necesar s\u0103 existe un mecanism care s\u0103 permit\u0103 o discu\u021bie \u0219i o selec\u021bie atent\u0103 \u00een timp pentru a produce r\u0103spunsuri conving\u0103toare pentru c\u00e2t mai mul\u021bi oameni.<\/p>\n\n\n\n<p class=\"wp-block-paragraph\">Prin urmare, cercet\u0103m problema alegerii \u00een situa\u021bii extreme \u0219i explor\u0103m m\u0103suri mai bune sub titlul de \u201eAlegere definitiv\u0103\u201d.<\/p>\n\n\n\n<p class=\"wp-block-paragraph\">V-ar pl\u0103cea s\u0103 v\u0103 g\u00e2ndi\u021bi \u00eempreun\u0103 la \u201eThe Ultimate Choice\u201d?<\/p>\n\n\n\n<p class=\"wp-block-paragraph\">(\u00cen viitor, a\u0219 dori s\u0103 urm\u0103resc un sistem care s\u0103 sprijine luarea deciziilor la nivel global, cum ar fi acceptarea propunerilor de la aleg\u0103tori, oferirea unui forum pentru deliberare \u0219i preg\u0103tirea versiunilor \u00een fiecare limb\u0103, dar este departe.)<\/p>\n\n\n\n<figure class=\"wp-block-image size-full\"><a href=\"https:\/\/i0.wp.com\/hardestchoice.org\/wp-content\/uploads\/2022\/04\/figure-hardestchoice.png?ssl=1\"><img loading=\"lazy\" decoding=\"async\" width=\"1280\" height=\"957\" data-attachment-id=\"79\" data-permalink=\"https:\/\/hardestchoice.org\/ro\/aboutus\/figure-hardestchoice\/\" data-orig-file=\"https:\/\/i0.wp.com\/hardestchoice.org\/wp-content\/uploads\/2022\/04\/figure-hardestchoice.png?fit=1280%2C957&amp;ssl=1\" data-orig-size=\"1280,957\" data-comments-opened=\"0\" data-image-meta=\"{&quot;aperture&quot;:&quot;0&quot;,&quot;credit&quot;:&quot;&quot;,&quot;camera&quot;:&quot;&quot;,&quot;caption&quot;:&quot;&quot;,&quot;created_timestamp&quot;:&quot;0&quot;,&quot;copyright&quot;:&quot;&quot;,&quot;focal_length&quot;:&quot;0&quot;,&quot;iso&quot;:&quot;0&quot;,&quot;shutter_speed&quot;:&quot;0&quot;,&quot;title&quot;:&quot;&quot;,&quot;orientation&quot;:&quot;0&quot;}\" data-image-title=\"figure-hardestchoice\" data-image-description=\"\" data-image-caption=\"\" data-medium-file=\"https:\/\/i0.wp.com\/hardestchoice.org\/wp-content\/uploads\/2022\/04\/figure-hardestchoice.png?fit=300%2C224&amp;ssl=1\" data-large-file=\"https:\/\/i0.wp.com\/hardestchoice.org\/wp-content\/uploads\/2022\/04\/figure-hardestchoice.png?fit=1024%2C766&amp;ssl=1\" src=\"https:\/\/i0.wp.com\/hardestchoice.org\/wp-content\/uploads\/2022\/04\/figure-hardestchoice.png?fit=1280%2C957&amp;ssl=1\" alt=\"\" class=\"wp-image-79\" srcset=\"https:\/\/i0.wp.com\/hardestchoice.org\/wp-content\/uploads\/2022\/04\/figure-hardestchoice.png?w=1280&amp;ssl=1 1280w, https:\/\/i0.wp.com\/hardestchoice.org\/wp-content\/uploads\/2022\/04\/figure-hardestchoice.png?resize=300%2C224&amp;ssl=1 300w, https:\/\/i0.wp.com\/hardestchoice.org\/wp-content\/uploads\/2022\/04\/figure-hardestchoice.png?resize=1024%2C766&amp;ssl=1 1024w, https:\/\/i0.wp.com\/hardestchoice.org\/wp-content\/uploads\/2022\/04\/figure-hardestchoice.png?resize=768%2C574&amp;ssl=1 768w, https:\/\/i0.wp.com\/hardestchoice.org\/wp-content\/uploads\/2022\/04\/figure-hardestchoice.png?resize=16%2C12&amp;ssl=1 16w, https:\/\/i0.wp.com\/hardestchoice.org\/wp-content\/uploads\/2022\/04\/figure-hardestchoice.png?resize=400%2C300&amp;ssl=1 400w, https:\/\/i0.wp.com\/hardestchoice.org\/wp-content\/uploads\/2022\/04\/figure-hardestchoice.png?resize=200%2C150&amp;ssl=1 200w, https:\/\/i0.wp.com\/hardestchoice.org\/wp-content\/uploads\/2022\/04\/figure-hardestchoice.png?resize=1200%2C897&amp;ssl=1 1200w\" sizes=\"auto, (max-width: 1000px) 100vw, 1000px\" \/><\/a><\/figure>\n<\/div>\n\n\n\n<hr class=\"wp-block-separator has-alpha-channel-opacity is-style-wide\"\/>\n\n\n\n<h2 class=\"wp-block-heading\">Grant de cercetare<\/h2>\n\n\n\n<p class=\"wp-block-paragraph\">&quot;<em>Cerin\u021be pentru ca AI s\u0103 ia decizii sociale<\/em>- calitate bun\u0103<em>set de date<\/em>si de dorit<em>Ie\u0219ire<\/em>cercetare\u201d (num\u0103rul problemei<a href=\"https:\/\/toyotafound.secure.force.com\/psearch\/JoseiDetail?name=D19-ST-0019\">D19-ST-0019<\/a>, Reprezentant: Hirotsugu Ohba) (Num\u0103rul special al Funda\u021biei Toyota 2019 \u201eNoua societate uman\u0103 creat\u0103 \u00een comun cu tehnologie avansat\u0103\u201d)<\/p>\n\n\n\n<p class=\"wp-block-paragraph\"><a href=\"https:\/\/toyotafound.secure.force.com\/psearch\/JoseiDetail?name=D19-ST-0019\">https:\/\/toyotafound.secure.force.com\/psearch\/JoseiDetail?name=D19-ST-0019<\/a><\/p>\n\n\n\n<hr class=\"wp-block-separator has-alpha-channel-opacity is-style-wide\"\/>\n\n\n\n<h2 class=\"wp-block-heading\">Membru de cercetare<\/h2>\n\n\n\n<p class=\"wp-block-paragraph\"><\/p>\n\n\n\n<p class=\"wp-block-paragraph\"><strong>Yuko Ichii<\/strong><br>Universitatea din Tokyo, Institutul Kavli pentru Fizica \u0219i Matematica Universului, Cercet\u0103tor special numit, Aplicarea cuno\u0219tin\u021belor Teoria comunic\u0103rii \u0219tiin\u021bifice<\/p>\n\n\n\n<p class=\"wp-block-paragraph\"><strong>Makoto Ozono<\/strong><br>Cercet\u0103tor adjunct, Institutul de Cercetare pentru \u0218tiin\u021be Umaniste, Universitatea Doshisha, Aplicarea cuno\u0219tin\u021belor \u00een \u0219tiin\u021be politice<\/p>\n\n\n\n<p class=\"wp-block-paragraph\"><strong><a href=\"https:\/\/researchmap.jp\/overhiro\/\" data-type=\"URL\" data-id=\"https:\/\/researchmap.jp\/overhiro\/\" target=\"_blank\" rel=\"noreferrer noopener\">Hirotsugu Ohba<\/a><\/strong><br>Universitatea Rikkyo, \u0218coala Absolvent\u0103 de \u0218tiin\u021be ale Inteligen\u021bei Artificiale, profesor special numit, reprezentant, responsabil general<\/p>\n\n\n\n<p class=\"wp-block-paragraph\"><strong>Shimpei Okamoto<\/strong><br>Universitatea Hiroshima, \u0218coala Absolvent\u0103 de Litere, profesor asistent, Aplicarea cuno\u0219tin\u021belor de filosofie aplicat\u0103<\/p>\n\n\n\n<p class=\"wp-block-paragraph\"><strong>Masafumi Kasagi<\/strong><br>Profesor asociat special numit, Institutul de Arte \u0219i \u0218tiin\u021be Liberale, Universitatea Nagoya;<\/p>\n\n\n\n<p class=\"wp-block-paragraph\"><strong>Noiru Kikuchi<\/strong><br>Institutul Na\u021bional Absolvent pentru Studii Politice, Centrul de Cercetare Politic\u0103 pentru \u0218tiin\u021b\u0103, Tehnologie \u0219i Inovare, Specialist, Aplicarea cuno\u0219tin\u021belor \u00een comunicarea \u0219tiin\u021bific\u0103<\/p>\n\n\n\n<p class=\"wp-block-paragraph\"><strong>Harushi Tamazawa<\/strong><br>Universitatea Kyoto, \u0218coala Absolvent\u0103 de Litere, Cercet\u0103tor, CEO adjunct, Aplicarea cuno\u0219tin\u021belor \u00een \u0219tiin\u021ba spa\u021bial\u0103<\/p>\n\n\n\n<p class=\"wp-block-paragraph\"><strong>Satoshi Kawamura<\/strong><br>\u0218coala Absolvent\u0103 de \u0218tiin\u021be, Observatorul Astronomic, Universitatea Kyoto, Curs de doctorat, Aplicarea cuno\u0219tin\u021belor \u0219tiin\u021belor spa\u021biale<\/p>\n\n\n\n<p class=\"wp-block-paragraph\"><strong>Shiro Komatsu<\/strong><br>Universitatea din Yamanashi, Facultatea de \u0218tiin\u021be ale Vie\u021bii \u0219i ale Mediului, Profesor asociat, Aplicarea cuno\u0219tin\u021belor \u00een \u0218tiin\u021ba Vie\u021bii \u0219i \u0218tiin\u021be Politice<\/p>\n\n\n\n<p class=\"wp-block-paragraph\"><strong>Keiko Sato<\/strong><br>Profesor asociat special numit, Departamentul de Management al Securit\u0103\u021bii Medicale, Spitalul Universitar Kyoto, Aplicarea cuno\u0219tin\u021belor \u00een \u0219tiin\u021ba vie\u021bii<\/p>\n\n\n\n<p class=\"wp-block-paragraph\"><strong>Mika Suzuki<\/strong><br>Universitatea Kyoto iPS Cell Research Institute Uehiro Ethics Research Division Cercet\u0103tor special Aplicarea cuno\u0219tin\u021belor bioetice<\/p>\n\n\n\n<p class=\"wp-block-paragraph\"><strong>Yuki Takagi<\/strong><br>Universitatea Kyoto, \u0218coala Absolvent\u0103 de Litere, Program de doctorat, Cuno\u0219tin\u021be de etic\u0103 aplicat\u0103<\/p>\n\n\n\n<p class=\"wp-block-paragraph\"><strong>Masatsugu Senchiiwa<\/strong><br>Universitatea din Kitakyushu, Facultatea de Limbi Str\u0103ine, Lector cu jum\u0103tate de norm\u0103, Aplicarea cuno\u0219tin\u021belor \u00een \u0219tiin\u021be politice<\/p>\n\n\n\n<p class=\"wp-block-paragraph\"><strong><a href=\"https:\/\/researchmap.jp\/Nagafumi_Nakamura\/?lang=japanese\" target=\"_blank\" rel=\"noreferrer noopener\">Nagafumi Nakamura<\/a><\/strong><br>Profesor asistent special numit, Institutul pentru Avansarea Artelor Liberale, Facultatea de Arte Liberale, Universitatea din Tokyo;<\/p>\n\n\n\n<p class=\"wp-block-paragraph\"><strong>Kojiro Honda<\/strong><br>Universitatea Medical\u0103 Kanazawa, \u0218tiin\u021be Umane, Profesor asociat, Aplicarea cuno\u0219tin\u021belor de filozofie aplicat\u0103<\/p>\n\n\n\n<p class=\"wp-block-paragraph\"><strong>Koki Miyano<\/strong><br>Universitatea din Kyoto, Centrul pentru Promovarea Educa\u021biei \u0219i Cercet\u0103rii Interdisciplinare, profesor asociat;<\/p>\n\n\n\n<p class=\"wp-block-paragraph\"><strong>Masahiro Morioka<\/strong><br>Universitatea Waseda, Facultatea de \u0218tiin\u021be Umane, profesor, Aplicarea cuno\u0219tin\u021belor de filozofie aplicat\u0103<\/p>","protected":false},"excerpt":{"rendered":"<p>\u300a\u7a76\u6975\u306e\u9078\u629e\u300b\u7814\u7a76\u4f1a \u4eac\u90fd\u5927\u5b66 \u5b66\u969b\u878d\u5408\u6559\u80b2\u30bb\u30f3\u30bf\u30fc\u300a\u7a76\u6975\u306e\u9078\u629e\u300b\u7814\u7a76\u4f1a\uff08\u65e7 \u4eac\u90fd\u5927\u5b66\u300a\u7a76\u6975\u306e\u9078\u629e\u300b\u7814\u7a76\u30e9\u30a4\u30c8 [&hellip;]<\/p>\n","protected":false},"author":131104234,"featured_media":0,"parent":0,"menu_order":0,"comment_status":"closed","ping_status":"closed","template":"","meta":{"_crdt_document":"","advanced_seo_description":"","jetpack_seo_html_title":"","jetpack_seo_noindex":false,"jetpack_post_was_ever_published":false,"footnotes":""},"class_list":["post-14","page","type-page","status-publish","hentry"],"jetpack_likes_enabled":true,"jetpack_sharing_enabled":true,"jetpack_shortlink":"https:\/\/wp.me\/PdK9kd-e","jetpack-related-posts":[],"amp_enabled":true,"_links":{"self":[{"href":"https:\/\/hardestchoice.org\/ro\/wp-json\/wp\/v2\/pages\/14","targetHints":{"allow":["GET"]}}],"collection":[{"href":"https:\/\/hardestchoice.org\/ro\/wp-json\/wp\/v2\/pages"}],"about":[{"href":"https:\/\/hardestchoice.org\/ro\/wp-json\/wp\/v2\/types\/page"}],"author":[{"embeddable":true,"href":"https:\/\/hardestchoice.org\/ro\/wp-json\/wp\/v2\/users\/131104234"}],"replies":[{"embeddable":true,"href":"https:\/\/hardestchoice.org\/ro\/wp-json\/wp\/v2\/comments?post=14"}],"version-history":[{"count":36,"href":"https:\/\/hardestchoice.org\/ro\/wp-json\/wp\/v2\/pages\/14\/revisions"}],"predecessor-version":[{"id":2469,"href":"https:\/\/hardestchoice.org\/ro\/wp-json\/wp\/v2\/pages\/14\/revisions\/2469"}],"wp:attachment":[{"href":"https:\/\/hardestchoice.org\/ro\/wp-json\/wp\/v2\/media?parent=14"}],"curies":[{"name":"wp","href":"https:\/\/api.w.org\/{rel}","templated":true}]}}