{"id":29,"date":"2022-03-02T12:17:16","date_gmt":"2022-03-02T03:17:16","guid":{"rendered":"https:\/\/hardestchoice.org\/?page_id=29"},"modified":"2022-10-07T20:43:23","modified_gmt":"2022-10-07T11:43:23","slug":"contactus","status":"publish","type":"page","link":"https:\/\/hardestchoice.org\/ro\/contactus\/","title":{"rendered":"\u00centreb\u0103ri frecvente \/ CONTACT"},"content":{"rendered":"<hr class=\"wp-block-separator has-alpha-channel-opacity is-style-wide\"\/>\n\n\n\n<div class=\"wp-block-group is-layout-flow wp-block-group-is-layout-flow\">\n<h2 class=\"wp-block-heading\">FAQ<\/h2>\n\n\n\n<h4 class=\"wp-block-heading\">\u00ce: Ne preg\u0103tim acum.<\/h4>\n\n\n\n<p class=\"wp-block-paragraph\">R: Preg\u0103tim un r\u0103spuns.<\/p>\n\n\n\n<div class=\"wp-block-columns is-layout-flex wp-container-core-columns-is-layout-1a9244c7 wp-block-columns-is-layout-flex\">\n<div class=\"wp-block-column is-layout-flow wp-block-column-is-layout-flow\" style=\"flex-basis:100%\">\n<hr class=\"wp-block-separator has-alpha-channel-opacity is-style-wide\"\/>\n<\/div>\n<\/div>\n\n\n\n<p class=\"wp-block-paragraph\"><\/p>\n\n\n\n<h3 class=\"wp-block-heading\">Despre tema \u201eThe Ultimate Choice\u201d<\/h3>\n\n\n\n<p class=\"wp-block-paragraph\">Aceast\u0103 tem\u0103 acoper\u0103 probleme cu care studen\u021bii se confrunt\u0103 sau se vor confrunta pe m\u0103sur\u0103 ce \u00ee\u0219i avanseaz\u0103 cercetarea \u0219i practica. \u00centreb\u0103rile care sunt considerate a fi extrem de dificile \u00een diverse domenii sunt luate drept \u201ealegerea final\u0103\u201d.<br>Exist\u0103 \u00eens\u0103 unele probleme care nu ar trebui \u00eemp\u0103rt\u0103\u0219ite de societate \u00een ansamblu, chiar dac\u0103 le consider\u0103m a fi probleme \u00een domeniu. Pe de alt\u0103 parte, exist\u0103 \u0219i probleme care ar trebui s\u0103 fie \u00eemp\u0103rt\u0103\u0219ite de societate \u0219i pe care societatea ar trebui s\u0103-\u0219i aprofundeze \u00een\u021belegerea. \u00cen plus, chiar \u0219i \u00een cadrul societ\u0103\u021bii, exist\u0103 oameni care cred c\u0103 este o problem\u0103 \u0219i sunt oameni care cred c\u0103 nu este.<br>\u00cen func\u021bie de modul \u00een care pui \u00eentrebarea, oamenii vor r\u0103spunde diferit. De exemplu, atunci c\u00e2nd \u00eentreba\u021bi despre problema refugia\u021bilor, dac\u0103 situa\u021bia refugia\u021bilor este subliniat\u0103 \u00een prealabil, ace\u0219tia au tendin\u021ba de a salva refugia\u021bii.<br>\u00cenc\u0103 \u00eencerc\u0103m s\u0103 g\u0103sim modalitatea corect\u0103 de a pune aceste \u00eentreb\u0103ri \u00een aceast\u0103 faz\u0103 pilot.<\/p>\n<\/div>\n\n\n\n<hr class=\"wp-block-separator has-alpha-channel-opacity is-style-wide\"\/>\n\n\n\n<h2 class=\"wp-block-heading\">Informatii de contact<\/h2>\n\n\n\n<p class=\"wp-block-paragraph\">V\u0103 rug\u0103m s\u0103 utiliza\u021bi urm\u0103toarele pentru a contacta Grupul de studiu Ultimate Choice.<\/p>\n\n\n\n<p class=\"wp-block-paragraph\">Dac\u0103 ave\u021bi p\u0103reri despre aceast\u0103 tem\u0103 a \u201eThe Ultimate Choice\u201d, v\u0103 rug\u0103m s\u0103 nu ezita\u021bi s\u0103 scrie\u021bi orice.<\/p>\n\n\n\n<p class=\"wp-block-paragraph\"><\/p>\n\n\n<div class=\"wp-block-jetpack-contact-form is-layout-flex wp-container-jetpack-contact-form-is-layout-2cb9499c wp-block-jetpack-contact-form-is-layout-flex\"><a href=\"https:\/\/hardestchoice.org\/ro\/contactus\/\" target=\"_blank\" rel=\"noopener noreferrer\">Trimite un formular.<\/a><\/div>\n\n\n<p class=\"wp-block-paragraph\"><\/p>\n\n\n\n<div style=\"height:100px\" aria-hidden=\"true\" class=\"wp-block-spacer\"><\/div>","protected":false},"excerpt":{"rendered":"<p>\u3088\u304f\u3042\u308b\u3054\u8cea\u554f Q: \u53ea\u4eca\u6e96\u5099\u4e2d\u3067\u3059\u3002 A: \u56de\u7b54\u3092\u6e96\u5099\u3057\u3066\u304a\u308a\u307e\u3059\u3002 \u300a\u7a76\u6975\u306e\u9078\u629e\u300b\u3068\u3044\u3046\u30c6\u30fc\u30de\u306b\u3064\u3044\u3066 \u3053 [&hellip;]<\/p>\n","protected":false},"author":136335720,"featured_media":0,"parent":0,"menu_order":0,"comment_status":"closed","ping_status":"closed","template":"","meta":{"_crdt_document":"","advanced_seo_description":"","jetpack_seo_html_title":"","jetpack_seo_noindex":false,"footnotes":""},"class_list":["post-29","page","type-page","status-publish","hentry"],"jetpack_likes_enabled":true,"jetpack_sharing_enabled":true,"jetpack_shortlink":"https:\/\/wp.me\/PdK9kd-t","jetpack-related-posts":[],"amp_enabled":true,"_links":{"self":[{"href":"https:\/\/hardestchoice.org\/ro\/wp-json\/wp\/v2\/pages\/29","targetHints":{"allow":["GET"]}}],"collection":[{"href":"https:\/\/hardestchoice.org\/ro\/wp-json\/wp\/v2\/pages"}],"about":[{"href":"https:\/\/hardestchoice.org\/ro\/wp-json\/wp\/v2\/types\/page"}],"author":[{"embeddable":true,"href":"https:\/\/hardestchoice.org\/ro\/wp-json\/wp\/v2\/users\/136335720"}],"replies":[{"embeddable":true,"href":"https:\/\/hardestchoice.org\/ro\/wp-json\/wp\/v2\/comments?post=29"}],"version-history":[{"count":34,"href":"https:\/\/hardestchoice.org\/ro\/wp-json\/wp\/v2\/pages\/29\/revisions"}],"predecessor-version":[{"id":1755,"href":"https:\/\/hardestchoice.org\/ro\/wp-json\/wp\/v2\/pages\/29\/revisions\/1755"}],"wp:attachment":[{"href":"https:\/\/hardestchoice.org\/ro\/wp-json\/wp\/v2\/media?parent=29"}],"curies":[{"name":"wp","href":"https:\/\/api.w.org\/{rel}","templated":true}]}}