{"id":14,"date":"2022-03-02T12:01:05","date_gmt":"2022-03-02T03:01:05","guid":{"rendered":"https:\/\/hardestchoice.org\/?page_id=14"},"modified":"2024-06-05T13:21:07","modified_gmt":"2024-06-05T04:21:07","slug":"aboutus","status":"publish","type":"page","link":"https:\/\/hardestchoice.org\/sk\/aboutus\/","title":{"rendered":"O"},"content":{"rendered":"<div class=\"wp-block-group alignfull is-layout-constrained wp-block-group-is-layout-constrained\">\n<h2 class=\"wp-block-heading\">\u0160tudijn\u00e1 skupina \u300aKone\u010dn\u00fd v\u00fdber\u300b<\/h2>\n\n\n\n<p class=\"wp-block-paragraph\">Toto je domovsk\u00e1 str\u00e1nka Kj\u00f3tskeho univerzitn\u00e9ho interdisciplin\u00e1rneho vzdel\u00e1vacieho centra ``Ultimate Choice&#039;&#039; Research Group (predt\u00fdm Kj\u00f3tska univerzita ``Ultimate Choice&#039;&#039; Research Light Unit).<\/p>\n\n\n\n<p class=\"wp-block-paragraph\">N\u00e1\u0161 v\u00fdskum nem\u00e1 \u017eiadne n\u00e1deje, sny ani Nobelove ceny. Okrem toho m\u00f4\u017eete ma\u0165 pocit, \u017ee je potrebn\u00e9 zv\u00e1\u017ei\u0165 tak\u00e9to krut\u00e9 veci. Je to preto, \u017ee v\u00fdskum ``Ultimate Choice&#039;&#039; zva\u017euje, \u010do a kto by mal by\u0165 obetovan\u00fd.<\/p>\n\n\n\n<p class=\"wp-block-paragraph\">Ale je to potrebn\u00e1 \u0161t\u00fadia. Preto\u017ee ak si nepriprav\u00edte odpove\u010f na ``kone\u010dn\u00fd v\u00fdber&#039;&#039;, nastane hor\u0161ia situ\u00e1cia.<\/p>\n\n\n\n<p class=\"wp-block-paragraph\">Napr\u00edklad: \u201eKoho treba uprednostni\u0165 pri o\u010dkovan\u00ed, ke\u010f je nedostatok o\u010dkovac\u00edch l\u00e1tok v pr\u00edpade vysoko smrte\u013enej pand\u00e9mie?\u201c a \u201eKoho treba uprednostni\u0165 pri z\u00e1chrane pri z\u00e1chrane \u013eud\u00ed z rozsiahlej katastrofy?\u201c V\u00fdber obete ako toto nie je nie\u010do, na \u010do sa d\u00e1 odpoveda\u0165 na mieste.<\/p>\n\n\n\n<p class=\"wp-block-paragraph\">Ak neodpovieme na t\u00fato ot\u00e1zku obetovania, s najv\u00e4\u010d\u0161ou pravdepodobnos\u0165ou sa ocitneme v situ\u00e1cii, ke\u010f sa uprednost\u0148uj\u00fa mocn\u00ed a bohat\u00ed, kto sk\u00f4r pr\u00edde, alebo sa vyhneme mo\u017enosti vo\u013eby a v\u0161etci bud\u00fa obetovan\u00ed. V\u00fdsledkom bude, \u017ee v\u00e4\u010d\u0161ina \u013eudia nechc\u00fa.<\/p>\n\n\n\n<p class=\"wp-block-paragraph\">Aj ke\u010f budeme na\u010falej uh\u00fdba\u0165 poh\u013eadom, hrozn\u00fd v\u00fdsledok sa nezmen\u00ed.<\/p>\n\n\n\n<p class=\"wp-block-paragraph\">Niekomu m\u00f4\u017ee v s\u00favislosti s touto ot\u00e1zkou napadn\u00fa\u0165 napr\u00edklad aj triedenie. \u010co sa v\u0161ak stalo pri ve\u013ekom zemetrasen\u00ed vo v\u00fdchodnom Japonsku, bola n\u00fadzov\u00e1 situ\u00e1cia, v ktorej aj ke\u010f bolo triedenie ozna\u010den\u00e9 ako \u201elie\u010dba s najvy\u0161\u0161ou prioritou\u201c, po\u010det pr\u00edpadov bol pr\u00edli\u0161 ve\u013ek\u00fd a bol potrebn\u00fd \u010fal\u0161\u00ed v\u00fdber. \u010c\u00edm v\u00e4\u010d\u0161\u00ed je rozsah katastrofy alebo probl\u00e9mu, t\u00fdm \u0165a\u017e\u0161ie je reagova\u0165 pomocou konven\u010dn\u00fdch mechanizmov a kone\u010dn\u00e1 vo\u013eba bude v\u0161ade.<\/p>\n\n\n\n<p class=\"wp-block-paragraph\">V r\u00e1mci pr\u00edpravy na vznik takejto ``kone\u010dnej vo\u013eby&#039;&#039; ver\u00edm, \u017ee potrebujeme syst\u00e9m, ktor\u00fd \u013eu\u010fom umo\u017en\u00ed diskutova\u0165 a rozhodova\u0165 sa s cie\u013eom vytvori\u0165 odpovede, ktor\u00e9 bud\u00fa prijate\u013en\u00e9 pre \u010do najviac \u013eud\u00ed.<\/p>\n\n\n\n<p class=\"wp-block-paragraph\">Preto pod n\u00e1zvom ``Ultimate Choice&#039;&#039; sk\u00famame probl\u00e9m vo\u013eby v extr\u00e9mnych situ\u00e1ci\u00e1ch a h\u013ead\u00e1me lep\u0161ie rie\u0161enia.<\/p>\n\n\n\n<p class=\"wp-block-paragraph\">Chceli by ste spolu poprem\u00fd\u0161\u013ea\u0165 nad ultim\u00e1tnou vo\u013ebou?<\/p>\n\n\n\n<p class=\"wp-block-paragraph\">(V bud\u00facnosti by som sa chcel zamera\u0165 na syst\u00e9m, ktor\u00fd podporuje glob\u00e1lne rozhodovanie prij\u00edman\u00edm n\u00e1vrhov od voli\u010dov, poskytovan\u00edm diskusn\u00e9ho f\u00f3ra a pr\u00edpravou verzi\u00ed v r\u00f4znych jazykoch, ale to je e\u0161te \u010faleko. )<\/p>\n\n\n\n<figure class=\"wp-block-image size-full\"><a href=\"https:\/\/i0.wp.com\/hardestchoice.org\/wp-content\/uploads\/2022\/04\/figure-hardestchoice.png?ssl=1\"><img loading=\"lazy\" decoding=\"async\" width=\"1280\" height=\"957\" data-attachment-id=\"79\" data-permalink=\"https:\/\/hardestchoice.org\/sk\/aboutus\/figure-hardestchoice\/\" data-orig-file=\"https:\/\/i0.wp.com\/hardestchoice.org\/wp-content\/uploads\/2022\/04\/figure-hardestchoice.png?fit=1280%2C957&amp;ssl=1\" data-orig-size=\"1280,957\" data-comments-opened=\"0\" data-image-meta=\"{&quot;aperture&quot;:&quot;0&quot;,&quot;credit&quot;:&quot;&quot;,&quot;camera&quot;:&quot;&quot;,&quot;caption&quot;:&quot;&quot;,&quot;created_timestamp&quot;:&quot;0&quot;,&quot;copyright&quot;:&quot;&quot;,&quot;focal_length&quot;:&quot;0&quot;,&quot;iso&quot;:&quot;0&quot;,&quot;shutter_speed&quot;:&quot;0&quot;,&quot;title&quot;:&quot;&quot;,&quot;orientation&quot;:&quot;0&quot;}\" data-image-title=\"figure-hardestchoice\" data-image-description=\"\" data-image-caption=\"\" data-large-file=\"https:\/\/i0.wp.com\/hardestchoice.org\/wp-content\/uploads\/2022\/04\/figure-hardestchoice.png?fit=1024%2C766&amp;ssl=1\" src=\"https:\/\/i0.wp.com\/hardestchoice.org\/wp-content\/uploads\/2022\/04\/figure-hardestchoice.png?fit=1280%2C957&amp;ssl=1\" alt=\"\" class=\"wp-image-79\" srcset=\"https:\/\/i0.wp.com\/hardestchoice.org\/wp-content\/uploads\/2022\/04\/figure-hardestchoice.png?w=1280&amp;ssl=1 1280w, https:\/\/i0.wp.com\/hardestchoice.org\/wp-content\/uploads\/2022\/04\/figure-hardestchoice.png?resize=300%2C224&amp;ssl=1 300w, https:\/\/i0.wp.com\/hardestchoice.org\/wp-content\/uploads\/2022\/04\/figure-hardestchoice.png?resize=1024%2C766&amp;ssl=1 1024w, https:\/\/i0.wp.com\/hardestchoice.org\/wp-content\/uploads\/2022\/04\/figure-hardestchoice.png?resize=768%2C574&amp;ssl=1 768w, https:\/\/i0.wp.com\/hardestchoice.org\/wp-content\/uploads\/2022\/04\/figure-hardestchoice.png?resize=16%2C12&amp;ssl=1 16w, https:\/\/i0.wp.com\/hardestchoice.org\/wp-content\/uploads\/2022\/04\/figure-hardestchoice.png?resize=400%2C300&amp;ssl=1 400w, https:\/\/i0.wp.com\/hardestchoice.org\/wp-content\/uploads\/2022\/04\/figure-hardestchoice.png?resize=200%2C150&amp;ssl=1 200w, https:\/\/i0.wp.com\/hardestchoice.org\/wp-content\/uploads\/2022\/04\/figure-hardestchoice.png?resize=1200%2C897&amp;ssl=1 1200w\" sizes=\"auto, (max-width: 1000px) 100vw, 1000px\" \/><\/a><\/figure>\n<\/div>\n\n\n\n<hr class=\"wp-block-separator has-alpha-channel-opacity is-style-wide\"\/>\n\n\n\n<h2 class=\"wp-block-heading\">v\u00fdskumn\u00e9 granty<\/h2>\n\n\n\n<p class=\"wp-block-paragraph\">&quot;<em>Po\u017eiadavky na AI pri prij\u00edman\u00ed soci\u00e1lnych rozhodnut\u00ed<\/em>- dobr\u00e1 kvalita<em>s\u00fabor \u00fadajov<\/em>a \u017eiaduce<em>V\u00fdkon<\/em>v\u00fdskum\u201c (probl\u00e9m \u010d\u00edslo<a href=\"https:\/\/toyotafound.secure.force.com\/psearch\/JoseiDetail?name=D19-ST-0019\">D19-ST-0019<\/a>, z\u00e1stupca: Hirotsugu Oba) (\u0160pecifick\u00e1 t\u00e9ma Nad\u00e1cie Toyota 2019 \u201eNov\u00e1 \u013eudsk\u00e1 spolo\u010dnos\u0165 spoluvytvoren\u00e1 pokro\u010dilou technol\u00f3giou\u201c)<\/p>\n\n\n\n<p class=\"wp-block-paragraph\"><a href=\"https:\/\/toyotafound.secure.force.com\/psearch\/JoseiDetail?name=D19-ST-0019\">https:\/\/toyotafound.secure.force.com\/psearch\/JoseiDetail?name=D19-ST-0019<\/a><\/p>\n\n\n\n<hr class=\"wp-block-separator has-alpha-channel-opacity is-style-wide\"\/>\n\n\n\n<h2 class=\"wp-block-heading\">\u010dlenovia v\u00fdskumu<\/h2>\n\n\n\n<p class=\"wp-block-paragraph\"><\/p>\n\n\n\n<p class=\"wp-block-paragraph\"><strong>Yuko Kagai<\/strong><br>Univerzita v Tokiu, Kavliho in\u0161tit\u00fat pre fyziku a matematiku vesm\u00edru, \u0161peci\u00e1lne poveren\u00fd v\u00fdskumn\u00edk, aplik\u00e1cia poznatkov te\u00f3rie vedeckej komunik\u00e1cie<\/p>\n\n\n\n<p class=\"wp-block-paragraph\"><strong>Makoto Ozono<\/strong><br>Univerzita Doshisha, In\u0161tit\u00fat humanitn\u00fdch vied, zmluvn\u00fd v\u00fdskumn\u00edk, Aplik\u00e1cia poznatkov z politol\u00f3gie<\/p>\n\n\n\n<p class=\"wp-block-paragraph\"><strong><a href=\"https:\/\/researchmap.jp\/overhiro\/\" data-type=\"URL\" data-id=\"https:\/\/researchmap.jp\/overhiro\/\" target=\"_blank\" rel=\"noreferrer noopener\">Hirotsugu Ohba<\/a><\/strong><br>Univerzita Rikkyo, postgradu\u00e1lna \u0161kola vedy o umelej inteligencii, \u0161peci\u00e1lne vymenovan\u00fd profesor, z\u00e1stupca, v\u0161eobecn\u00e1 zodpovednos\u0165<\/p>\n\n\n\n<p class=\"wp-block-paragraph\"><strong>Shinpei Okamoto<\/strong><br>Hiroshima University, Graduate School of Letters, odborn\u00fd asistent, aplik\u00e1cia vedomost\u00ed v aplikovanej filozofii<\/p>\n\n\n\n<p class=\"wp-block-paragraph\"><strong>Masashi Kasagi<\/strong><br>\u0160peci\u00e1lne vymenovan\u00fd docent, Nagoya University College of Liberal Arts, aplik\u00e1cia znalost\u00ed z experiment\u00e1lnej filozofie<\/p>\n\n\n\n<p class=\"wp-block-paragraph\"><strong>Noiru Kikuchi<\/strong><br>National Graduate Institute for Policy Studies\/Veda a technol\u00f3gie Inova\u010dn\u00e9 centrum pre v\u00fdskum politiky\/Profesion\u00e1li, Aplik\u00e1cia poznatkov v te\u00f3rii vedeckej komunik\u00e1cie<\/p>\n\n\n\n<p class=\"wp-block-paragraph\"><strong>Harushi Tamazawa<\/strong><br>Kyoto University, Graduate School of Letters, v\u00fdskumn\u00edk, z\u00e1stupca z\u00e1stupcu, aplik\u00e1cia poznatkov vesm\u00edrnej vedy<\/p>\n\n\n\n<p class=\"wp-block-paragraph\"><strong>Satoshi Kawamura<\/strong><br>Kyoto University, Graduate School of Science Astronomick\u00e9 observat\u00f3rium, doktorandsk\u00fd program, Aplik\u00e1cia poznatkov vesm\u00edrnej vedy<\/p>\n\n\n\n<p class=\"wp-block-paragraph\"><strong>Shiro Komatsu<\/strong><br>Univerzita Yamanashi, Fakulta vied o \u017eivote a \u017eivotn\u00e9ho prostredia, docent, aplik\u00e1cia poznatkov z vied o \u017eivote a politol\u00f3gie<\/p>\n\n\n\n<p class=\"wp-block-paragraph\"><strong>Keiko Sato<\/strong><br>Kj\u00f3tska univerzita, Lek\u00e1rska fakulta, Katedra mana\u017ementu lek\u00e1rskej bezpe\u010dnosti, \u0161peci\u00e1lne menovan\u00fd docent, Aplik\u00e1cia poznatkov o \u017eivej pr\u00edrode<\/p>\n\n\n\n<p class=\"wp-block-paragraph\"><strong>Mika Suzuki<\/strong><br>Kyoto University, IPS Cell Research Institute, Uehiro Ethics Research Division, \u0160peci\u00e1lny v\u00fdskumn\u00edk, Aplik\u00e1cia poznatkov bioetiky<\/p>\n\n\n\n<p class=\"wp-block-paragraph\"><strong>Yuki Takagi<\/strong><br>Kyoto University, Graduate School of Letters, doktorandsk\u00fd program, aplik\u00e1cia znalost\u00ed v aplikovanej etike<\/p>\n\n\n\n<p class=\"wp-block-paragraph\"><strong>Masatsugu Chichiiwa<\/strong><br>Univerzita mesta Kitakyushu, Fakulta zahrani\u010dn\u00fdch \u0161t\u00fadi\u00ed, extern\u00e1 lektorka, aplik\u00e1cia poznatkov z politol\u00f3gie<\/p>\n\n\n\n<p class=\"wp-block-paragraph\"><strong><a href=\"https:\/\/researchmap.jp\/Nagafumi_Nakamura\/?lang=japanese\" target=\"_blank\" rel=\"noreferrer noopener\">Nagafumi Nakamura<\/a><\/strong><br>Projektov\u00fd asistent, Organiz\u00e1cia pre rozvoj vzdel\u00e1vania slobodn\u00fdch umen\u00ed, Filozofick\u00e1 fakulta, Tokijsk\u00e1 univerzita, Aplik\u00e1cia poznatkov politol\u00f3gie<\/p>\n\n\n\n<p class=\"wp-block-paragraph\"><strong>Kojiro Honda<\/strong><br>Kanazawa Medical University, Katedra humanitn\u00fdch vied, docent, Aplik\u00e1cia poznatkov z aplikovanej filozofie<\/p>\n\n\n\n<p class=\"wp-block-paragraph\"><strong>Koki Miyano<\/strong><br>Docent, Centrum pre podporu interdisciplin\u00e1rneho vzdel\u00e1vania a v\u00fdskumu, Kj\u00f3tska univerzita, Aplik\u00e1cia poznatkov z interdisciplin\u00e1rnej integr\u00e1cie<\/p>\n\n\n\n<p class=\"wp-block-paragraph\"><strong>Masahiro Morioka<\/strong><br>Univerzita Waseda, Fakulta humanitn\u00fdch vied, profesor, Aplik\u00e1cia poznatkov z aplikovanej filozofie<\/p>","protected":false},"excerpt":{"rendered":"<p>\u300a\u7a76\u6975\u306e\u9078\u629e\u300b\u7814\u7a76\u4f1a \u4eac\u90fd\u5927\u5b66 \u5b66\u969b\u878d\u5408\u6559\u80b2\u30bb\u30f3\u30bf\u30fc\u300a\u7a76\u6975\u306e\u9078\u629e\u300b\u7814\u7a76\u4f1a\uff08\u65e7 \u4eac\u90fd\u5927\u5b66\u300a\u7a76\u6975\u306e\u9078\u629e\u300b\u7814\u7a76\u30e9\u30a4\u30c8 [&hellip;]<\/p>\n","protected":false},"author":131104234,"featured_media":0,"parent":0,"menu_order":0,"comment_status":"closed","ping_status":"closed","template":"","meta":{"_crdt_document":"","advanced_seo_description":"","jetpack_seo_html_title":"","jetpack_seo_noindex":false,"footnotes":""},"class_list":["post-14","page","type-page","status-publish","hentry"],"jetpack_likes_enabled":true,"jetpack_sharing_enabled":true,"jetpack_shortlink":"https:\/\/wp.me\/PdK9kd-e","jetpack-related-posts":[],"amp_enabled":true,"_links":{"self":[{"href":"https:\/\/hardestchoice.org\/sk\/wp-json\/wp\/v2\/pages\/14","targetHints":{"allow":["GET"]}}],"collection":[{"href":"https:\/\/hardestchoice.org\/sk\/wp-json\/wp\/v2\/pages"}],"about":[{"href":"https:\/\/hardestchoice.org\/sk\/wp-json\/wp\/v2\/types\/page"}],"author":[{"embeddable":true,"href":"https:\/\/hardestchoice.org\/sk\/wp-json\/wp\/v2\/users\/131104234"}],"replies":[{"embeddable":true,"href":"https:\/\/hardestchoice.org\/sk\/wp-json\/wp\/v2\/comments?post=14"}],"version-history":[{"count":36,"href":"https:\/\/hardestchoice.org\/sk\/wp-json\/wp\/v2\/pages\/14\/revisions"}],"predecessor-version":[{"id":2469,"href":"https:\/\/hardestchoice.org\/sk\/wp-json\/wp\/v2\/pages\/14\/revisions\/2469"}],"wp:attachment":[{"href":"https:\/\/hardestchoice.org\/sk\/wp-json\/wp\/v2\/media?parent=14"}],"curies":[{"name":"wp","href":"https:\/\/api.w.org\/{rel}","templated":true}]}}