{"id":29,"date":"2022-03-02T12:17:16","date_gmt":"2022-03-02T03:17:16","guid":{"rendered":"https:\/\/hardestchoice.org\/?page_id=29"},"modified":"2022-10-07T20:43:23","modified_gmt":"2022-10-07T11:43:23","slug":"contactus","status":"publish","type":"page","link":"https:\/\/hardestchoice.org\/sk\/contactus\/","title":{"rendered":"FAQ \/ KONTAKT"},"content":{"rendered":"<hr class=\"wp-block-separator has-alpha-channel-opacity is-style-wide\"\/>\n\n\n\n<div class=\"wp-block-group is-layout-flow wp-block-group-is-layout-flow\">\n<h2 class=\"wp-block-heading\">FAQ<\/h2>\n\n\n\n<h4 class=\"wp-block-heading\">O: Moment\u00e1lne sa pripravujeme.<\/h4>\n\n\n\n<p class=\"wp-block-paragraph\">Odpove\u010f: Pripravujeme odpove\u010f.<\/p>\n\n\n\n<div class=\"wp-block-columns is-layout-flex wp-container-core-columns-is-layout-1a9244c7 wp-block-columns-is-layout-flex\">\n<div class=\"wp-block-column is-layout-flow wp-block-column-is-layout-flow\" style=\"flex-basis:100%\">\n<hr class=\"wp-block-separator has-alpha-channel-opacity is-style-wide\"\/>\n<\/div>\n<\/div>\n\n\n\n<p class=\"wp-block-paragraph\"><\/p>\n\n\n\n<h3 class=\"wp-block-heading\">O t\u00e9me \u201eUltimate Choice\u201c<\/h3>\n\n\n\n<p class=\"wp-block-paragraph\">T\u00e1to t\u00e9ma sa zameriava na probl\u00e9my, ktor\u00fdm \u0161tudenti skuto\u010dne \u010delia a bud\u00fa \u010deli\u0165, ke\u010f bud\u00fa napredova\u0165 vo svojom v\u00fdskume a praxi. Ot\u00e1zky, ktor\u00e9 s\u00fa v r\u00f4znych oblastiach pova\u017eovan\u00e9 za mimoriadne zlo\u017eit\u00e9, s\u00fa vybran\u00e9 ako ``kone\u010dn\u00e1 vo\u013eba&#039;&#039;.<br>Aj ke\u010f sa probl\u00e9m pova\u017euje za probl\u00e9m v tejto oblasti, existuj\u00fa ur\u010dit\u00e9 probl\u00e9my, ktor\u00e9 by sa nemali zdie\u013ea\u0165 so spolo\u010dnos\u0165ou ako celkom. Na druhej strane existuj\u00fa aj probl\u00e9my, ktor\u00e9 by mala spolo\u010dnos\u0165 zdie\u013ea\u0165 a ktor\u00e9 by spolo\u010dnos\u0165 mala preh\u013abi\u0165. Okrem toho v spolo\u010dnosti existuj\u00fa \u013eudia, ktor\u00ed si myslia, \u017ee to je probl\u00e9m, a in\u00ed, ktor\u00ed si myslia, \u017ee to probl\u00e9m nie je.<br>Odpovede \u013eud\u00ed sa m\u00f4\u017eu zna\u010dne l\u00ed\u0161i\u0165 v z\u00e1vislosti od toho, ako sa ich p\u00fdtate. Ke\u010f sa napr\u00edklad p\u00fdtate na ute\u010deneck\u00fa ot\u00e1zku, ak vopred zd\u00f4razn\u00edte \u0165a\u017ek\u00fa situ\u00e1ciu ute\u010dencov, sk\u00f4r ich zachr\u00e1nite, no ak zd\u00f4razn\u00edte nev\u00fdhody, ktor\u00e9 prin\u00e1\u0161a prij\u00edmanie ute\u010dencov, sk\u00f4r ich odmietnete.<br>V tejto pilotnej f\u00e1ze moment\u00e1lne h\u013ead\u00e1me vhodn\u00fd sp\u00f4sob kladenia ot\u00e1zok, ako je t\u00e1to.<\/p>\n<\/div>\n\n\n\n<hr class=\"wp-block-separator has-alpha-channel-opacity is-style-wide\"\/>\n\n\n\n<h2 class=\"wp-block-heading\">Kontaktn\u00e9 inform\u00e1cie<\/h2>\n\n\n\n<p class=\"wp-block-paragraph\">Ak by ste chceli kontaktova\u0165 v\u00fdskumn\u00fa skupinu ``Ultimate Choice&#039;&#039;, kontaktujte n\u00e1s pomocou ni\u017e\u0161ie uveden\u00e9ho formul\u00e1ra.<\/p>\n\n\n\n<p class=\"wp-block-paragraph\">Ak m\u00e1te nejak\u00e9 n\u00e1zory na t\u00fato t\u00e9mu ``Ultimate Choice,&#039;&#039;, pokojne ich nap\u00ed\u0161te.<\/p>\n\n\n\n<p class=\"wp-block-paragraph\"><\/p>\n\n\n<div class=\"wp-block-jetpack-contact-form is-layout-flex wp-container-jetpack-contact-form-is-layout-2cb9499c wp-block-jetpack-contact-form-is-layout-flex\"><a href=\"https:\/\/hardestchoice.org\/sk\/contactus\/\" target=\"_blank\" rel=\"noopener noreferrer\">Submit a form.<\/a><\/div>\n\n\n<p class=\"wp-block-paragraph\"><\/p>\n\n\n\n<div style=\"height:100px\" aria-hidden=\"true\" class=\"wp-block-spacer\"><\/div>","protected":false},"excerpt":{"rendered":"<p>\u3088\u304f\u3042\u308b\u3054\u8cea\u554f Q: \u53ea\u4eca\u6e96\u5099\u4e2d\u3067\u3059\u3002 A: \u56de\u7b54\u3092\u6e96\u5099\u3057\u3066\u304a\u308a\u307e\u3059\u3002 \u300a\u7a76\u6975\u306e\u9078\u629e\u300b\u3068\u3044\u3046\u30c6\u30fc\u30de\u306b\u3064\u3044\u3066 \u3053 [&hellip;]<\/p>\n","protected":false},"author":136335720,"featured_media":0,"parent":0,"menu_order":0,"comment_status":"closed","ping_status":"closed","template":"","meta":{"_crdt_document":"","advanced_seo_description":"","jetpack_seo_html_title":"","jetpack_seo_noindex":false,"jetpack_post_was_ever_published":false,"footnotes":""},"class_list":["post-29","page","type-page","status-publish","hentry"],"jetpack_likes_enabled":true,"jetpack_sharing_enabled":true,"jetpack_shortlink":"https:\/\/wp.me\/PdK9kd-t","jetpack-related-posts":[],"amp_enabled":true,"_links":{"self":[{"href":"https:\/\/hardestchoice.org\/sk\/wp-json\/wp\/v2\/pages\/29","targetHints":{"allow":["GET"]}}],"collection":[{"href":"https:\/\/hardestchoice.org\/sk\/wp-json\/wp\/v2\/pages"}],"about":[{"href":"https:\/\/hardestchoice.org\/sk\/wp-json\/wp\/v2\/types\/page"}],"author":[{"embeddable":true,"href":"https:\/\/hardestchoice.org\/sk\/wp-json\/wp\/v2\/users\/136335720"}],"replies":[{"embeddable":true,"href":"https:\/\/hardestchoice.org\/sk\/wp-json\/wp\/v2\/comments?post=29"}],"version-history":[{"count":34,"href":"https:\/\/hardestchoice.org\/sk\/wp-json\/wp\/v2\/pages\/29\/revisions"}],"predecessor-version":[{"id":1755,"href":"https:\/\/hardestchoice.org\/sk\/wp-json\/wp\/v2\/pages\/29\/revisions\/1755"}],"wp:attachment":[{"href":"https:\/\/hardestchoice.org\/sk\/wp-json\/wp\/v2\/media?parent=29"}],"curies":[{"name":"wp","href":"https:\/\/api.w.org\/{rel}","templated":true}]}}