{"id":14,"date":"2022-03-02T12:01:05","date_gmt":"2022-03-02T03:01:05","guid":{"rendered":"https:\/\/hardestchoice.org\/?page_id=14"},"modified":"2024-06-05T13:21:07","modified_gmt":"2024-06-05T04:21:07","slug":"aboutus","status":"publish","type":"page","link":"https:\/\/hardestchoice.org\/sl\/aboutus\/","title":{"rendered":"O"},"content":{"rendered":"<div class=\"wp-block-group alignfull is-layout-constrained wp-block-group-is-layout-constrained\">\n<h2 class=\"wp-block-heading\">\u0160tudijska skupina \u300aUltimate Choice\u300b<\/h2>\n\n\n\n<p class=\"wp-block-paragraph\">To je doma\u010da stran Raziskovalne skupine ``Ultimate Choice&#039;&#039; Interdisciplinarnega izobra\u017eevalnega centra Kjotske univerze (prej Univerza Kyoto ``Ultimate Choice&#039;&#039; Research Light Unit).<\/p>\n\n\n\n<p class=\"wp-block-paragraph\">Na\u0161e raziskave nimajo upanja, sanj ali Nobelovih nagrad. Poleg tega se vam morda zdi, da je treba razmisliti o tako krutih stvareh. To je zato, ker raziskava ``Ultimate Choice`` upo\u0161teva, kaj in koga je treba \u017ertvovati.<\/p>\n\n\n\n<p class=\"wp-block-paragraph\">Je pa nujen \u0161tudij. Kajti \u010de ne pripravi\u0161 odgovora za `kon\u010dno izbiro`, bo pri\u0161lo do slab\u0161e situacije.<\/p>\n\n\n\n<p class=\"wp-block-paragraph\">Na primer, &quot;Komu je treba dati prednost pri cepljenju, ko primanjkuje cepiv v primeru zelo smrtonosne pandemije?&quot; in &quot;Komu je treba dati prednost pri re\u0161evanju pri re\u0161evanju ljudi pred katastrofo velikega obsega?&quot; Izbira \u017ertvovanja kot da to ni nekaj, na kar se da takoj odgovoriti.<\/p>\n\n\n\n<p class=\"wp-block-paragraph\">\u010ce ne odgovorimo na to vpra\u0161anje o \u017ertvovanju, se bomo najverjetneje zna\u0161li v situaciji, ko bo kdor prvi pride, prvi melje, bodo imeli prednost mo\u010dni in bogati ali pa se bomo izogibali izbiri in bodo vsi \u017ertvovani. ljudje ne \u017eelijo.<\/p>\n\n\n\n<p class=\"wp-block-paragraph\">Tudi \u010de \u0161e naprej gledamo stran, se grozen izid ne bo spremenil.<\/p>\n\n\n\n<p class=\"wp-block-paragraph\">Nekateri ob tem vpra\u0161anju morda pomislijo tudi na tria\u017eo, na primer. Toda to, kar se je zgodilo v velikem potresu na vzhodu Japonske, je bila izredna situacija, v kateri je bilo \u0161tevilo primerov preveliko in je bila potrebna nadaljnja selekcija, \u010deprav je bila tria\u017ea ozna\u010dena kot &quot;zdravljenje z najvi\u0161jo prioriteto&quot;. Ve\u010dji kot je obseg nesre\u010de ali te\u017eave, te\u017eje se je odzvati z uporabo obi\u010dajnih mehanizmov in kon\u010dna izbira se bo pojavila povsod.<\/p>\n\n\n\n<p class=\"wp-block-paragraph\">V pripravah na pojav tak\u0161ne \u00bbkon\u010dne izbire\u00ab menim, da za ustvarjanje odgovorov, ki jih bo lahko sprejelo \u010dim ve\u010d ljudi, potrebujemo sistem, ki omogo\u010da skrbno razpravo in izbiro.<\/p>\n\n\n\n<p class=\"wp-block-paragraph\">Zato pod naslovom \u00bbUltimate Choice\u00ab raziskujemo problem izbire v ekstremnih situacijah in i\u0161\u010demo bolj\u0161e re\u0161itve.<\/p>\n\n\n\n<p class=\"wp-block-paragraph\">Bi radi skupaj razmi\u0161ljali o kon\u010dni izbiri?<\/p>\n\n\n\n<p class=\"wp-block-paragraph\">(V prihodnosti bi si \u017eelel prizadevati za sistem, ki podpira globalno odlo\u010danje s sprejemanjem predlogov volivcev, zagotavljanjem foruma za posvetovanje in pripravo razli\u010dic v razli\u010dnih jezikih, vendar je to \u0161e dale\u010d.)<\/p>\n\n\n\n<figure class=\"wp-block-image size-full\"><a href=\"https:\/\/i0.wp.com\/hardestchoice.org\/wp-content\/uploads\/2022\/04\/figure-hardestchoice.png?ssl=1\"><img loading=\"lazy\" decoding=\"async\" width=\"1280\" height=\"957\" data-attachment-id=\"79\" data-permalink=\"https:\/\/hardestchoice.org\/sl\/aboutus\/figure-hardestchoice\/\" data-orig-file=\"https:\/\/i0.wp.com\/hardestchoice.org\/wp-content\/uploads\/2022\/04\/figure-hardestchoice.png?fit=1280%2C957&amp;ssl=1\" data-orig-size=\"1280,957\" data-comments-opened=\"0\" data-image-meta=\"{&quot;aperture&quot;:&quot;0&quot;,&quot;credit&quot;:&quot;&quot;,&quot;camera&quot;:&quot;&quot;,&quot;caption&quot;:&quot;&quot;,&quot;created_timestamp&quot;:&quot;0&quot;,&quot;copyright&quot;:&quot;&quot;,&quot;focal_length&quot;:&quot;0&quot;,&quot;iso&quot;:&quot;0&quot;,&quot;shutter_speed&quot;:&quot;0&quot;,&quot;title&quot;:&quot;&quot;,&quot;orientation&quot;:&quot;0&quot;}\" data-image-title=\"figure-hardestchoice\" data-image-description=\"\" data-image-caption=\"\" data-large-file=\"https:\/\/i0.wp.com\/hardestchoice.org\/wp-content\/uploads\/2022\/04\/figure-hardestchoice.png?fit=1024%2C766&amp;ssl=1\" src=\"https:\/\/i0.wp.com\/hardestchoice.org\/wp-content\/uploads\/2022\/04\/figure-hardestchoice.png?fit=1280%2C957&amp;ssl=1\" alt=\"\" class=\"wp-image-79\" srcset=\"https:\/\/i0.wp.com\/hardestchoice.org\/wp-content\/uploads\/2022\/04\/figure-hardestchoice.png?w=1280&amp;ssl=1 1280w, https:\/\/i0.wp.com\/hardestchoice.org\/wp-content\/uploads\/2022\/04\/figure-hardestchoice.png?resize=300%2C224&amp;ssl=1 300w, https:\/\/i0.wp.com\/hardestchoice.org\/wp-content\/uploads\/2022\/04\/figure-hardestchoice.png?resize=1024%2C766&amp;ssl=1 1024w, https:\/\/i0.wp.com\/hardestchoice.org\/wp-content\/uploads\/2022\/04\/figure-hardestchoice.png?resize=768%2C574&amp;ssl=1 768w, https:\/\/i0.wp.com\/hardestchoice.org\/wp-content\/uploads\/2022\/04\/figure-hardestchoice.png?resize=16%2C12&amp;ssl=1 16w, https:\/\/i0.wp.com\/hardestchoice.org\/wp-content\/uploads\/2022\/04\/figure-hardestchoice.png?resize=400%2C300&amp;ssl=1 400w, https:\/\/i0.wp.com\/hardestchoice.org\/wp-content\/uploads\/2022\/04\/figure-hardestchoice.png?resize=200%2C150&amp;ssl=1 200w, https:\/\/i0.wp.com\/hardestchoice.org\/wp-content\/uploads\/2022\/04\/figure-hardestchoice.png?resize=1200%2C897&amp;ssl=1 1200w\" sizes=\"auto, (max-width: 1000px) 100vw, 1000px\" \/><\/a><\/figure>\n<\/div>\n\n\n\n<hr class=\"wp-block-separator has-alpha-channel-opacity is-style-wide\"\/>\n\n\n\n<h2 class=\"wp-block-heading\">\u0161tipendije za raziskave<\/h2>\n\n\n\n<p class=\"wp-block-paragraph\">&quot;<em>Zahteve za AI za sprejemanje dru\u017ebenih odlo\u010ditev<\/em>- dobra kakovost<em>nabor podatkov<\/em>in za\u017eeleno<em>Izhod<\/em>raziskovanje\u00ab (\u0161tevilka problema<a href=\"https:\/\/toyotafound.secure.force.com\/psearch\/JoseiDetail?name=D19-ST-0019\">D19-ST-0019<\/a>, predstavnik: Hirotsugu Oba) (posebna tema Toyotine fundacije 2019 \u00bbNova \u010dlove\u0161ka dru\u017eba, soustvarjena z napredno tehnologijo\u00ab)<\/p>\n\n\n\n<p class=\"wp-block-paragraph\"><a href=\"https:\/\/toyotafound.secure.force.com\/psearch\/JoseiDetail?name=D19-ST-0019\">https:\/\/toyotafound.secure.force.com\/psearch\/JoseiDetail?name=D19-ST-0019<\/a><\/p>\n\n\n\n<hr class=\"wp-block-separator has-alpha-channel-opacity is-style-wide\"\/>\n\n\n\n<h2 class=\"wp-block-heading\">raziskovalci<\/h2>\n\n\n\n<p class=\"wp-block-paragraph\"><\/p>\n\n\n\n<p class=\"wp-block-paragraph\"><strong>Yuko Kagai<\/strong><br>Univerza v Tokiu, In\u0161titut Kavli za fiziko in matematiko vesolja, posebej imenovani raziskovalec, uporaba znanja teorije znanstvene komunikacije<\/p>\n\n\n\n<p class=\"wp-block-paragraph\"><strong>Makoto Ozono<\/strong><br>Univerza Doshisha, In\u0161titut za humanistiko, pogodbeni raziskovalec, uporaba znanja politologije<\/p>\n\n\n\n<p class=\"wp-block-paragraph\"><strong><a href=\"https:\/\/researchmap.jp\/overhiro\/\" data-type=\"URL\" data-id=\"https:\/\/researchmap.jp\/overhiro\/\" target=\"_blank\" rel=\"noreferrer noopener\">Hirotsugu Ohba<\/a><\/strong><br>Univerza Rikkyo, podiplomska \u0161ola znanosti o umetni inteligenci, posebej imenovani profesor, predstavnik, generalno odgovoren<\/p>\n\n\n\n<p class=\"wp-block-paragraph\"><strong>Shinpei Okamoto<\/strong><br>Univerza v Hiro\u0161imi, podiplomska \u0161ola za literaturo, docent, uporaba znanja v uporabni filozofiji<\/p>\n\n\n\n<p class=\"wp-block-paragraph\"><strong>Masa\u0161i Kasagi<\/strong><br>Posebej imenovani izredni profesor, Nagoya University College of Liberal Arts, uporaba znanja iz eksperimentalne filozofije<\/p>\n\n\n\n<p class=\"wp-block-paragraph\"><strong>Noiru Kiku\u010di<\/strong><br>Nacionalni podiplomski in\u0161titut za politi\u010dne \u0161tudije\/Raziskovalni center za politiko inovacij v znanosti in tehnologiji\/strokovnjaki, uporaba znanja v teoriji znanstvenega komuniciranja<\/p>\n\n\n\n<p class=\"wp-block-paragraph\"><strong>Harushi Tamazawa<\/strong><br>Kyoto University, Graduate School of Letters, raziskovalec, podpredstavnik, uporaba znanja o vesoljski znanosti<\/p>\n\n\n\n<p class=\"wp-block-paragraph\"><strong>Satoshi Kawamura<\/strong><br>Kyoto University, Graduate School of Science Astronomical Observatory, Doctoral Program, Application of Space Science Knowledge<\/p>\n\n\n\n<p class=\"wp-block-paragraph\"><strong>Shiro Komatsu<\/strong><br>Univerza Yamanashi, Fakulteta za znanosti o \u017eivljenju in okolju, izredni profesor, uporaba znanj iz znanosti o \u017eivljenju in politologije<\/p>\n\n\n\n<p class=\"wp-block-paragraph\"><strong>Keiko Sato<\/strong><br>Univerza v Kjotu, bolni\u0161nica Medicinske fakultete, oddelek za upravljanje medicinske varnosti, posebej imenovani izredni profesor, uporaba znanja znanosti o \u017eivljenju<\/p>\n\n\n\n<p class=\"wp-block-paragraph\"><strong>Mika Suzuki<\/strong><br>Kyoto University, iPS Cell Research Institute, Uehiro Ethics Research Division, Special Researcher, Application of knowledge of bioethics<\/p>\n\n\n\n<p class=\"wp-block-paragraph\"><strong>Yuki Takagi<\/strong><br>Kyoto University, Graduate School of Letters, Doctoral Program, Application of Knowledge in Applied Ethics<\/p>\n\n\n\n<p class=\"wp-block-paragraph\"><strong>Masatsugu Chichiiwa<\/strong><br>Kitakyushu City University, Fakulteta za tuje \u0161tudije, honorarni predavatelj, uporaba politolo\u0161kih znanj<\/p>\n\n\n\n<p class=\"wp-block-paragraph\"><strong><a href=\"https:\/\/researchmap.jp\/Nagafumi_Nakamura\/?lang=japanese\" target=\"_blank\" rel=\"noreferrer noopener\">Nagafumi Nakamura<\/a><\/strong><br>Projektni asistent, Organizacija za napredek izobra\u017eevanja svobodnih umetnosti, Fakulteta za umetnost in znanost, Univerza v Tokiu, Uporaba znanja politologije<\/p>\n\n\n\n<p class=\"wp-block-paragraph\"><strong>Kojiro Honda<\/strong><br>Medicinska univerza Kanazawa, oddelek za humanisti\u010dne vede, izredni profesor, uporaba znanja iz uporabne filozofije<\/p>\n\n\n\n<p class=\"wp-block-paragraph\"><strong>Koki Miyano<\/strong><br>Izredni profesor, Center za promocijo interdisciplinarnega izobra\u017eevanja in raziskav, Univerza v Kjotu, uporaba znanja iz interdisciplinarnega povezovanja<\/p>\n\n\n\n<p class=\"wp-block-paragraph\"><strong>Masahiro Morioka<\/strong><br>Univerza Waseda, Fakulteta za humanisti\u010dne vede, profesor, Uporaba znanja iz uporabne filozofije<\/p>","protected":false},"excerpt":{"rendered":"<p>\u300a\u7a76\u6975\u306e\u9078\u629e\u300b\u7814\u7a76\u4f1a \u4eac\u90fd\u5927\u5b66 \u5b66\u969b\u878d\u5408\u6559\u80b2\u30bb\u30f3\u30bf\u30fc\u300a\u7a76\u6975\u306e\u9078\u629e\u300b\u7814\u7a76\u4f1a\uff08\u65e7 \u4eac\u90fd\u5927\u5b66\u300a\u7a76\u6975\u306e\u9078\u629e\u300b\u7814\u7a76\u30e9\u30a4\u30c8 [&hellip;]<\/p>\n","protected":false},"author":131104234,"featured_media":0,"parent":0,"menu_order":0,"comment_status":"closed","ping_status":"closed","template":"","meta":{"_crdt_document":"","advanced_seo_description":"","jetpack_seo_html_title":"","jetpack_seo_noindex":false,"footnotes":""},"class_list":["post-14","page","type-page","status-publish","hentry"],"jetpack_likes_enabled":true,"jetpack_sharing_enabled":true,"jetpack_shortlink":"https:\/\/wp.me\/PdK9kd-e","jetpack-related-posts":[],"amp_enabled":true,"_links":{"self":[{"href":"https:\/\/hardestchoice.org\/sl\/wp-json\/wp\/v2\/pages\/14","targetHints":{"allow":["GET"]}}],"collection":[{"href":"https:\/\/hardestchoice.org\/sl\/wp-json\/wp\/v2\/pages"}],"about":[{"href":"https:\/\/hardestchoice.org\/sl\/wp-json\/wp\/v2\/types\/page"}],"author":[{"embeddable":true,"href":"https:\/\/hardestchoice.org\/sl\/wp-json\/wp\/v2\/users\/131104234"}],"replies":[{"embeddable":true,"href":"https:\/\/hardestchoice.org\/sl\/wp-json\/wp\/v2\/comments?post=14"}],"version-history":[{"count":36,"href":"https:\/\/hardestchoice.org\/sl\/wp-json\/wp\/v2\/pages\/14\/revisions"}],"predecessor-version":[{"id":2469,"href":"https:\/\/hardestchoice.org\/sl\/wp-json\/wp\/v2\/pages\/14\/revisions\/2469"}],"wp:attachment":[{"href":"https:\/\/hardestchoice.org\/sl\/wp-json\/wp\/v2\/media?parent=14"}],"curies":[{"name":"delovni list","href":"https:\/\/api.w.org\/{rel}","templated":true}]}}