{"id":29,"date":"2022-03-02T12:17:16","date_gmt":"2022-03-02T03:17:16","guid":{"rendered":"https:\/\/hardestchoice.org\/?page_id=29"},"modified":"2022-10-07T20:43:23","modified_gmt":"2022-10-07T11:43:23","slug":"contactus","status":"publish","type":"page","link":"https:\/\/hardestchoice.org\/sl\/contactus\/","title":{"rendered":"POGOSTA VPRA\u0160ANJA \/ KONTAKT"},"content":{"rendered":"<hr class=\"wp-block-separator has-alpha-channel-opacity is-style-wide\"\/>\n\n\n\n<div class=\"wp-block-group is-layout-flow wp-block-group-is-layout-flow\">\n<h2 class=\"wp-block-heading\">pogosta vpra\u0161anja<\/h2>\n\n\n\n<h4 class=\"wp-block-heading\">V: Trenutno se pripravljamo.<\/h4>\n\n\n\n<p class=\"wp-block-paragraph\">O: Pripravljamo odgovor.<\/p>\n\n\n\n<div class=\"wp-block-columns is-layout-flex wp-container-core-columns-is-layout-1a9244c7 wp-block-columns-is-layout-flex\">\n<div class=\"wp-block-column is-layout-flow wp-block-column-is-layout-flow\" style=\"flex-basis:100%\">\n<hr class=\"wp-block-separator has-alpha-channel-opacity is-style-wide\"\/>\n<\/div>\n<\/div>\n\n\n\n<p class=\"wp-block-paragraph\"><\/p>\n\n\n\n<h3 class=\"wp-block-heading\">O temi &quot;Ultimate Choice&quot;<\/h3>\n\n\n\n<p class=\"wp-block-paragraph\">Ta tema se osredoto\u010da na vpra\u0161anja, s katerimi se \u0161tudenti dejansko soo\u010dajo in se bodo soo\u010dali, ko bodo napredovali pri svojih raziskavah in praksi. Za \u00bbkon\u010dno izbiro\u00ab so izbrana vpra\u0161anja, ki na razli\u010dnih podro\u010djih veljajo za izjemno te\u017eka.<br>Toda tudi \u010de se problem obravnava kot problem na terenu, obstajajo nekateri problemi, ki jih ne bi smeli deliti z dru\u017ebo kot celoto. Po drugi strani pa obstajajo tudi vpra\u0161anja, ki bi jih morala dru\u017eba deliti in jih mora dru\u017eba poglobiti v razumevanje. Poleg tega so znotraj dru\u017ebe ljudje, ki mislijo, da je to problem, in drugi, ki mislijo, da to ni problem.<br>Odgovori ljudi se lahko zelo razlikujejo glede na to, kako jih vpra\u0161ate. Na primer, ko spra\u0161ujete o begunski problematiki, \u010de vnaprej poudarjate stisko beguncev, jih boste bolj verjetno re\u0161ili, \u010de pa poudarjate slabosti, ki jih prina\u0161a sprejemanje beguncev, jih boste bolj verjetno zavrnili.<br>V tej pilotni fazi trenutno i\u0161\u010demo ustrezen na\u010din za postavljanje tak\u0161nih vpra\u0161anj.<\/p>\n<\/div>\n\n\n\n<hr class=\"wp-block-separator has-alpha-channel-opacity is-style-wide\"\/>\n\n\n\n<h2 class=\"wp-block-heading\">Kontaktni podatki<\/h2>\n\n\n\n<p class=\"wp-block-paragraph\">\u010ce \u017eelite stopiti v stik z raziskovalno skupino ``Ultimate Choice``, nas kontaktirajte prek spodnjega obrazca.<\/p>\n\n\n\n<p class=\"wp-block-paragraph\">\u010ce imate kakr\u0161na koli mnenja o tej temi ,,Ultimate Choice&#039;&#039;, vas prosimo, da jih zapi\u0161ete.<\/p>\n\n\n\n<p class=\"wp-block-paragraph\"><\/p>\n\n\n<div class=\"wp-block-jetpack-contact-form is-layout-flex wp-container-jetpack-contact-form-is-layout-2cb9499c wp-block-jetpack-contact-form-is-layout-flex\"><a href=\"https:\/\/hardestchoice.org\/sl\/contactus\/\" target=\"_blank\" rel=\"noopener noreferrer\">Submit a form.<\/a><\/div>\n\n\n<p class=\"wp-block-paragraph\"><\/p>\n\n\n\n<div style=\"height:100px\" aria-hidden=\"true\" class=\"wp-block-spacer\"><\/div>","protected":false},"excerpt":{"rendered":"<p>\u3088\u304f\u3042\u308b\u3054\u8cea\u554f Q: \u53ea\u4eca\u6e96\u5099\u4e2d\u3067\u3059\u3002 A: \u56de\u7b54\u3092\u6e96\u5099\u3057\u3066\u304a\u308a\u307e\u3059\u3002 \u300a\u7a76\u6975\u306e\u9078\u629e\u300b\u3068\u3044\u3046\u30c6\u30fc\u30de\u306b\u3064\u3044\u3066 \u3053 [&hellip;]<\/p>\n","protected":false},"author":136335720,"featured_media":0,"parent":0,"menu_order":0,"comment_status":"closed","ping_status":"closed","template":"","meta":{"_crdt_document":"","advanced_seo_description":"","jetpack_seo_html_title":"","jetpack_seo_noindex":false,"footnotes":""},"class_list":["post-29","page","type-page","status-publish","hentry"],"jetpack_likes_enabled":true,"jetpack_sharing_enabled":true,"jetpack_shortlink":"https:\/\/wp.me\/PdK9kd-t","jetpack-related-posts":[],"amp_enabled":true,"_links":{"self":[{"href":"https:\/\/hardestchoice.org\/sl\/wp-json\/wp\/v2\/pages\/29","targetHints":{"allow":["GET"]}}],"collection":[{"href":"https:\/\/hardestchoice.org\/sl\/wp-json\/wp\/v2\/pages"}],"about":[{"href":"https:\/\/hardestchoice.org\/sl\/wp-json\/wp\/v2\/types\/page"}],"author":[{"embeddable":true,"href":"https:\/\/hardestchoice.org\/sl\/wp-json\/wp\/v2\/users\/136335720"}],"replies":[{"embeddable":true,"href":"https:\/\/hardestchoice.org\/sl\/wp-json\/wp\/v2\/comments?post=29"}],"version-history":[{"count":34,"href":"https:\/\/hardestchoice.org\/sl\/wp-json\/wp\/v2\/pages\/29\/revisions"}],"predecessor-version":[{"id":1755,"href":"https:\/\/hardestchoice.org\/sl\/wp-json\/wp\/v2\/pages\/29\/revisions\/1755"}],"wp:attachment":[{"href":"https:\/\/hardestchoice.org\/sl\/wp-json\/wp\/v2\/media?parent=29"}],"curies":[{"name":"delovni list","href":"https:\/\/api.w.org\/{rel}","templated":true}]}}