{"id":14,"date":"2022-03-02T12:01:05","date_gmt":"2022-03-02T03:01:05","guid":{"rendered":"https:\/\/hardestchoice.org\/?page_id=14"},"modified":"2024-06-05T13:21:07","modified_gmt":"2024-06-05T04:21:07","slug":"aboutus","status":"publish","type":"page","link":"https:\/\/hardestchoice.org\/sq\/aboutus\/","title":{"rendered":"RRETH"},"content":{"rendered":"<div class=\"wp-block-group alignfull is-layout-constrained wp-block-group-is-layout-constrained\">\n<h2 class=\"wp-block-heading\">&lt;&lt; Zgjedhja p\u00ebrfundimtare &gt;&gt; Grupi i Studimit<\/h2>\n\n\n\n<p>Kjo \u00ebsht\u00eb faqja e internetit e Qendr\u00ebs Universitare t\u00eb Kiotos p\u00ebr Edukimin Nd\u00ebrdisiplinor &quot;The Ultimate Choice&quot; Grupi Studimor (ish Universiteti i Kiotos &quot;The Ultimate Choice&quot; Nj\u00ebsia K\u00ebrkimore e Drit\u00ebs).<\/p>\n\n\n\n<p>Hulumtimi yn\u00eb nuk ka \u00ebndrra, shpresa apo \u00e7mime Nobel. P\u00ebr m\u00eb tep\u00ebr, mund t\u00eb mendoni se duhet t\u00eb mendoni p\u00ebr nj\u00eb mizori t\u00eb till\u00eb. Kjo ndodh sepse k\u00ebrkimi mbi Zgjedhjen P\u00ebrfundimtare \u00ebsht\u00eb nj\u00eb studim i t\u00eb menduarit se \u00e7far\u00eb dhe k\u00eb t\u00eb sakrifikosh.<\/p>\n\n\n\n<p>Por nevojiten k\u00ebrkime. Sepse n\u00ebse nuk p\u00ebrgatit nj\u00eb p\u00ebrgjigje p\u00ebr Zgjedhjen P\u00ebrfundimtare, do t\u00eb p\u00ebrfundosh n\u00eb nj\u00eb situat\u00eb m\u00eb t\u00eb keqe.<\/p>\n\n\n\n<p>P\u00ebr shembull, `` kujt duhet t&#039;i jepet p\u00ebrpar\u00ebsi vaksinimit kur ka munges\u00eb vaksinash gjat\u00eb nj\u00eb pandemie me shkall\u00eb t\u00eb lart\u00eb vdekshm\u00ebrie?&#039;&#039; dhe ``Kush duhet t\u00eb ket\u00eb p\u00ebrpar\u00ebsi p\u00ebr shp\u00ebtimin kur njer\u00ebzit shp\u00ebtohen nga nj\u00eb fatkeq\u00ebsi n\u00eb shkall\u00eb t\u00eb gjer\u00eb.&#039; Zgjedhja e nj\u00eb sakrifice si kjo nuk \u00ebsht\u00eb di\u00e7ka q\u00eb mund t\u00eb p\u00ebrgjigjet aty p\u00ebr aty.<\/p>\n\n\n\n<p>N\u00ebse kjo pyetje e sakrific\u00ebs lihet pa p\u00ebrgjigje, ka t\u00eb ngjar\u00eb q\u00eb t\u00eb ket\u00eb nj\u00eb baz\u00eb t\u00eb par\u00eb, nj\u00eb preferenc\u00eb p\u00ebr ata q\u00eb jan\u00eb n\u00eb pushtet dhe t\u00eb pasurit, ose nj\u00eb shmangie t\u00eb zgjedhjes ku t\u00eb gjith\u00eb sakrifikohen. Do t\u00eb jet\u00eb fundi q\u00eb shumica e njer\u00ebzve nuk duan.<\/p>\n\n\n\n<p>T\u00eb vazhdosh t\u00eb shikosh larg nuk e ndryshon fundin e tmerrsh\u00ebm.<\/p>\n\n\n\n<p>Gjithashtu, n\u00eb lidhje me k\u00ebt\u00eb pyetje, disa njer\u00ebz mund t\u00eb lidhin triazhin, p\u00ebr shembull. Megjithat\u00eb, ajo q\u00eb ndodhi me T\u00ebrmetin e Madh t\u00eb Japonis\u00eb Lindore ishte nj\u00eb situat\u00eb emergjente n\u00eb t\u00eb cil\u00ebn edhe n\u00ebse &quot;trajtimi me prioritet t\u00eb lart\u00eb&quot; ishte sh\u00ebnuar n\u00eb triazh, kishte shum\u00eb t\u00eb till\u00eb dhe ishte e nevojshme p\u00ebrzgjedhja e m\u00ebtejshme. Sa m\u00eb e madhe t\u00eb jet\u00eb shkalla e fatkeq\u00ebsive dhe problemeve, aq m\u00eb e v\u00ebshtir\u00eb b\u00ebhet p\u00ebrballja me sistemet konvencionale dhe &quot;zgjedhja p\u00ebrfundimtare&quot; ndodh kudo.<\/p>\n\n\n\n<p>N\u00eb p\u00ebrgatitje p\u00ebr shfaqjen e nj\u00eb &quot;zgjedhjeje p\u00ebrfundimtare&quot; t\u00eb till\u00eb, ne besojm\u00eb se \u00ebsht\u00eb e nevojshme t\u00eb kemi nj\u00eb mekaniz\u00ebm q\u00eb lejon diskutimin dhe p\u00ebrzgjedhjen e kujdesshme me kalimin e koh\u00ebs, n\u00eb m\u00ebnyr\u00eb q\u00eb t\u00eb prodhohen p\u00ebrgjigje q\u00eb jan\u00eb bind\u00ebse p\u00ebr sa m\u00eb shum\u00eb njer\u00ebz t\u00eb jet\u00eb e mundur.<\/p>\n\n\n\n<p>Prandaj, ne po hulumtojm\u00eb problemin e zgjedhjes n\u00eb situata ekstreme dhe po shqyrtojm\u00eb masa m\u00eb t\u00eb mira n\u00ebn titullin &quot;Zgjedhja p\u00ebrfundimtare&quot;.<\/p>\n\n\n\n<p>D\u00ebshironi t\u00eb mendoni s\u00eb bashku p\u00ebr &quot;Zgjedhja p\u00ebrfundimtare&quot;?<\/p>\n\n\n\n<p>(N\u00eb t\u00eb ardhmen, do t\u00eb doja t\u00eb synoja p\u00ebr nj\u00eb sistem q\u00eb mb\u00ebshtet vendimmarrjen globale, si\u00e7 \u00ebsht\u00eb pranimi i propozimeve nga votuesit, ofrimi i nj\u00eb forumi p\u00ebr diskutim dhe p\u00ebrgatitja e versioneve n\u00eb secil\u00ebn gjuh\u00eb, por \u00ebsht\u00eb shum\u00eb larg. )<\/p>\n\n\n\n<figure class=\"wp-block-image size-full\"><a href=\"https:\/\/i0.wp.com\/hardestchoice.org\/wp-content\/uploads\/2022\/04\/figure-hardestchoice.png?ssl=1\"><img loading=\"lazy\" decoding=\"async\" width=\"1280\" height=\"957\" data-attachment-id=\"79\" data-permalink=\"https:\/\/hardestchoice.org\/sq\/aboutus\/figure-hardestchoice\/\" data-orig-file=\"https:\/\/i0.wp.com\/hardestchoice.org\/wp-content\/uploads\/2022\/04\/figure-hardestchoice.png?fit=1280%2C957&amp;ssl=1\" data-orig-size=\"1280,957\" data-comments-opened=\"0\" data-image-meta=\"{&quot;aperture&quot;:&quot;0&quot;,&quot;credit&quot;:&quot;&quot;,&quot;camera&quot;:&quot;&quot;,&quot;caption&quot;:&quot;&quot;,&quot;created_timestamp&quot;:&quot;0&quot;,&quot;copyright&quot;:&quot;&quot;,&quot;focal_length&quot;:&quot;0&quot;,&quot;iso&quot;:&quot;0&quot;,&quot;shutter_speed&quot;:&quot;0&quot;,&quot;title&quot;:&quot;&quot;,&quot;orientation&quot;:&quot;0&quot;}\" data-image-title=\"figure-hardestchoice\" data-image-description=\"\" data-image-caption=\"\" data-medium-file=\"https:\/\/i0.wp.com\/hardestchoice.org\/wp-content\/uploads\/2022\/04\/figure-hardestchoice.png?fit=300%2C224&amp;ssl=1\" data-large-file=\"https:\/\/i0.wp.com\/hardestchoice.org\/wp-content\/uploads\/2022\/04\/figure-hardestchoice.png?fit=1024%2C766&amp;ssl=1\" src=\"https:\/\/i0.wp.com\/hardestchoice.org\/wp-content\/uploads\/2022\/04\/figure-hardestchoice.png?fit=1280%2C957&amp;ssl=1\" alt=\"\" class=\"wp-image-79\" srcset=\"https:\/\/i0.wp.com\/hardestchoice.org\/wp-content\/uploads\/2022\/04\/figure-hardestchoice.png?w=1280&amp;ssl=1 1280w, https:\/\/i0.wp.com\/hardestchoice.org\/wp-content\/uploads\/2022\/04\/figure-hardestchoice.png?resize=300%2C224&amp;ssl=1 300w, https:\/\/i0.wp.com\/hardestchoice.org\/wp-content\/uploads\/2022\/04\/figure-hardestchoice.png?resize=1024%2C766&amp;ssl=1 1024w, https:\/\/i0.wp.com\/hardestchoice.org\/wp-content\/uploads\/2022\/04\/figure-hardestchoice.png?resize=768%2C574&amp;ssl=1 768w, https:\/\/i0.wp.com\/hardestchoice.org\/wp-content\/uploads\/2022\/04\/figure-hardestchoice.png?resize=16%2C12&amp;ssl=1 16w, https:\/\/i0.wp.com\/hardestchoice.org\/wp-content\/uploads\/2022\/04\/figure-hardestchoice.png?resize=400%2C300&amp;ssl=1 400w, https:\/\/i0.wp.com\/hardestchoice.org\/wp-content\/uploads\/2022\/04\/figure-hardestchoice.png?resize=200%2C150&amp;ssl=1 200w, https:\/\/i0.wp.com\/hardestchoice.org\/wp-content\/uploads\/2022\/04\/figure-hardestchoice.png?resize=1200%2C897&amp;ssl=1 1200w\" sizes=\"auto, (max-width: 1000px) 100vw, 1000px\" \/><\/a><\/figure>\n<\/div>\n\n\n\n<hr class=\"wp-block-separator has-alpha-channel-opacity is-style-wide\"\/>\n\n\n\n<h2 class=\"wp-block-heading\">Grant k\u00ebrkimor<\/h2>\n\n\n\n<p>&quot;<em>K\u00ebrkesat p\u00ebr AI p\u00ebr t\u00eb marr\u00eb vendime sociale<\/em>- cil\u00ebsi t\u00eb mir\u00eb<em>grup t\u00eb dh\u00ebnash<\/em>dhe e d\u00ebshirueshme<em>Prodhimi<\/em>hulumtim\u201d (numri i problemit<a href=\"https:\/\/toyotafound.secure.force.com\/psearch\/JoseiDetail?name=D19-ST-0019\">D19-ST-0019<\/a>, P\u00ebrfaq\u00ebsues: Hirotsugu Ohba) (Numri special i Fondacionit Toyota 2019 &quot;New Human Society bashk\u00eb-krijuar me teknologjin\u00eb e avancuar&quot;)<\/p>\n\n\n\n<p><a href=\"https:\/\/toyotafound.secure.force.com\/psearch\/JoseiDetail?name=D19-ST-0019\">https:\/\/toyotafound.secure.force.com\/psearch\/JoseiDetail?name=D19-ST-0019<\/a><\/p>\n\n\n\n<hr class=\"wp-block-separator has-alpha-channel-opacity is-style-wide\"\/>\n\n\n\n<h2 class=\"wp-block-heading\">An\u00ebtar hulumtues<\/h2>\n\n\n\n<p><\/p>\n\n\n\n<p><strong>Yuko Ichii<\/strong><br>Universiteti i Tokios, Instituti Kavli p\u00ebr Fizik\u00ebn dhe Matematik\u00ebn e Universit, Studiues i Em\u00ebruar Posa\u00e7\u00ebrisht, Aplikimi i Njohurive t\u00eb Teoris\u00eb s\u00eb Komunikimit t\u00eb Shkenc\u00ebs<\/p>\n\n\n\n<p><strong>Makoto Ozono<\/strong><br>Studiues ndihm\u00ebs, Instituti K\u00ebrkimor p\u00ebr Shkenca Humane, Universiteti Doshisha, Aplikimi i njohurive t\u00eb Shkencave Politike<\/p>\n\n\n\n<p><strong><a href=\"https:\/\/researchmap.jp\/overhiro\/\" data-type=\"URL\" data-id=\"https:\/\/researchmap.jp\/overhiro\/\" target=\"_blank\" rel=\"noreferrer noopener\">Hirotsugu Ohba<\/a><\/strong><br>Universiteti Rikkyo, Shkolla e Diplomuar e Shkencave t\u00eb Inteligjenc\u00ebs Artificiale, Profesor i em\u00ebruar posa\u00e7\u00ebrisht, P\u00ebrfaq\u00ebsues, P\u00ebrgjegj\u00ebs i P\u00ebrgjithsh\u00ebm<\/p>\n\n\n\n<p><strong>Shimpei Okamoto<\/strong><br>Universiteti Hiroshima, Shkolla e diplomuar e letrave, profesor asistent, aplikimi i njohurive t\u00eb filozofis\u00eb s\u00eb aplikuar<\/p>\n\n\n\n<p><strong>Masafumi Kasagi<\/strong><br>Profesor i asociuar i em\u00ebruar posa\u00e7\u00ebrisht, Instituti i Arteve dhe Shkencave Liberale, Universiteti Nagoya;<\/p>\n\n\n\n<p><strong>Noiru Kikuchi<\/strong><br>Instituti Komb\u00ebtar i Diplomuar p\u00ebr Studime Politike, Qendra e K\u00ebrkimeve Politike p\u00ebr Shkenc\u00ebn, Teknologjin\u00eb dhe Inovacionin, Specialist, Aplikimi i njohurive t\u00eb teoris\u00eb s\u00eb komunikimit shkencor<\/p>\n\n\n\n<p><strong>Harushi Tamazawa<\/strong><br>Universiteti i Kiotos, Shkolla e Diplomuar e Letrave, Hulumtues, Z\u00ebvend\u00ebs Drejtor Ekzekutiv, Zbatimi i njohurive n\u00eb shkenc\u00ebn e hap\u00ebsir\u00ebs<\/p>\n\n\n\n<p><strong>Satoshi Kawamura<\/strong><br>Shkolla e diplomuar e Shkencave, Observatori Astronomik, Universiteti i Kiotos, Kursi i doktoratur\u00ebs, Aplikimi i njohurive t\u00eb shkenc\u00ebs hap\u00ebsinore<\/p>\n\n\n\n<p><strong>Shiro Komatsu<\/strong><br>Universiteti i Yamanashi, Fakulteti i Shkencave t\u00eb Jet\u00ebs dhe Mjedisit, Profesor i Asociuar, Aplikimi i njohurive n\u00eb shkencat e jet\u00ebs dhe shkencat politike<\/p>\n\n\n\n<p><strong>Keiko Sato<\/strong><br>Profesor i asociuar i em\u00ebruar posa\u00e7\u00ebrisht, Departamenti i Menaxhimit t\u00eb Siguris\u00eb Mjek\u00ebsore, Spitali Universitar i Kiotos, Aplikimi i njohurive t\u00eb shkenc\u00ebs s\u00eb jet\u00ebs<\/p>\n\n\n\n<p><strong>Mika Suzuki<\/strong><br>Instituti i K\u00ebrkimeve Qelizore iPS i Universitetit t\u00eb Kiotos Divizioni i K\u00ebrkimeve t\u00eb Etik\u00ebs Uehiro Studiues Special Zbatimi i njohurive t\u00eb bioetik\u00ebs<\/p>\n\n\n\n<p><strong>Yuki Takagi<\/strong><br>Universiteti i Kiotos, Shkolla e diplomuar e letrave, Programi i doktoratur\u00ebs, Njohuri e Etik\u00ebs s\u00eb Aplikuar<\/p>\n\n\n\n<p><strong>Masatsugu Senchiiwa<\/strong><br>Universiteti i Kitakyushu, Fakulteti i Gjuh\u00ebve t\u00eb Huaja, Pedagog me koh\u00eb t\u00eb pjesshme, Aplikimi i njohurive t\u00eb Shkencave Politike<\/p>\n\n\n\n<p><strong><a href=\"https:\/\/researchmap.jp\/Nagafumi_Nakamura\/?lang=japanese\" target=\"_blank\" rel=\"noreferrer noopener\">Nagafumi Nakamura<\/a><\/strong><br>Asistent Profesor i em\u00ebruar posa\u00e7\u00ebrisht, Instituti p\u00ebr Avancimin e Arteve Liberale, Fakulteti i Arteve Liberale, Universiteti i Tokios;<\/p>\n\n\n\n<p><strong>Kojiro Honda<\/strong><br>Universiteti Mjek\u00ebsor Kanazawa, Shkenca Humane, Profesor i Asociuar, Aplikimi i Njohurive t\u00eb Filozofis\u00eb s\u00eb Aplikuar<\/p>\n\n\n\n<p><strong>Koki Miyano<\/strong><br>Universiteti i Kiotos, Qendra p\u00ebr Promovimin e Arsimit dhe K\u00ebrkimit Nd\u00ebrdisiplinor, Profesor i Asociuar;<\/p>\n\n\n\n<p><strong>Masahiro Morioka<\/strong><br>Universiteti Waseda, Fakulteti i Shkencave Humane, Profesor, Aplikimi i Njohurive t\u00eb Filozofis\u00eb s\u00eb Aplikuar<\/p>","protected":false},"excerpt":{"rendered":"<p>Grupi i Studimit &quot;Zgjedhja p\u00ebrfundimtare&quot; Qendra e Arsimit Nd\u00ebrdisiplinor t\u00eb Universitetit t\u00eb Kiotos &quot;Zgjedhja p\u00ebrfundimtare&quot; Grupi i studimit (dikur Drita k\u00ebrkimore e Universitetit t\u00eb Kiotos &quot;Zgjedhja p\u00ebrfundimtare&quot; [\u2026]<\/p>","protected":false},"author":131104234,"featured_media":0,"parent":0,"menu_order":0,"comment_status":"closed","ping_status":"closed","template":"","meta":{"advanced_seo_description":"","jetpack_seo_html_title":"","jetpack_seo_noindex":false,"jetpack_post_was_ever_published":false,"footnotes":""},"class_list":["post-14","page","type-page","status-publish","hentry"],"jetpack_likes_enabled":true,"jetpack_sharing_enabled":true,"jetpack_shortlink":"https:\/\/wp.me\/PdK9kd-e","jetpack-related-posts":[],"amp_enabled":true,"_links":{"self":[{"href":"https:\/\/hardestchoice.org\/sq\/wp-json\/wp\/v2\/pages\/14","targetHints":{"allow":["GET"]}}],"collection":[{"href":"https:\/\/hardestchoice.org\/sq\/wp-json\/wp\/v2\/pages"}],"about":[{"href":"https:\/\/hardestchoice.org\/sq\/wp-json\/wp\/v2\/types\/page"}],"author":[{"embeddable":true,"href":"https:\/\/hardestchoice.org\/sq\/wp-json\/wp\/v2\/users\/131104234"}],"replies":[{"embeddable":true,"href":"https:\/\/hardestchoice.org\/sq\/wp-json\/wp\/v2\/comments?post=14"}],"version-history":[{"count":36,"href":"https:\/\/hardestchoice.org\/sq\/wp-json\/wp\/v2\/pages\/14\/revisions"}],"predecessor-version":[{"id":2469,"href":"https:\/\/hardestchoice.org\/sq\/wp-json\/wp\/v2\/pages\/14\/revisions\/2469"}],"wp:attachment":[{"href":"https:\/\/hardestchoice.org\/sq\/wp-json\/wp\/v2\/media?parent=14"}],"curies":[{"name":"wp","href":"https:\/\/api.w.org\/{rel}","templated":true}]}}