{"id":29,"date":"2022-03-02T12:17:16","date_gmt":"2022-03-02T03:17:16","guid":{"rendered":"https:\/\/hardestchoice.org\/?page_id=29"},"modified":"2022-10-07T20:43:23","modified_gmt":"2022-10-07T11:43:23","slug":"contactus","status":"publish","type":"page","link":"https:\/\/hardestchoice.org\/sq\/contactus\/","title":{"rendered":"FAQ \/ KONTAKT"},"content":{"rendered":"<hr class=\"wp-block-separator has-alpha-channel-opacity is-style-wide\"\/>\n\n\n\n<div class=\"wp-block-group is-layout-flow wp-block-group-is-layout-flow\">\n<h2 class=\"wp-block-heading\">FAQ<\/h2>\n\n\n\n<h4 class=\"wp-block-heading\">Pyetje: Ne jemi duke u p\u00ebrgatitur tani.<\/h4>\n\n\n\n<p class=\"wp-block-paragraph\">P\u00ebrgjigje: Ne jemi duke p\u00ebrgatitur nj\u00eb p\u00ebrgjigje.<\/p>\n\n\n\n<div class=\"wp-block-columns is-layout-flex wp-container-core-columns-is-layout-1a9244c7 wp-block-columns-is-layout-flex\">\n<div class=\"wp-block-column is-layout-flow wp-block-column-is-layout-flow\" style=\"flex-basis:100%\">\n<hr class=\"wp-block-separator has-alpha-channel-opacity is-style-wide\"\/>\n<\/div>\n<\/div>\n\n\n\n<p class=\"wp-block-paragraph\"><\/p>\n\n\n\n<h3 class=\"wp-block-heading\">Rreth tem\u00ebs &quot;Zgjedhja p\u00ebrfundimtare&quot;<\/h3>\n\n\n\n<p class=\"wp-block-paragraph\">Kjo tem\u00eb mbulon \u00e7\u00ebshtjet me t\u00eb cilat student\u00ebt n\u00eb t\u00eb v\u00ebrtet\u00eb p\u00ebrballen ose do t\u00eb p\u00ebrballen nd\u00ebrsa avancojn\u00eb k\u00ebrkimin dhe praktik\u00ebn e tyre. Pyetjet q\u00eb konsiderohen t\u00eb jen\u00eb jasht\u00ebzakonisht t\u00eb v\u00ebshtira n\u00eb fusha t\u00eb ndryshme merren si &quot;zgjedhja p\u00ebrfundimtare&quot;.<br>Megjithat\u00eb, ka disa probleme q\u00eb nuk duhen ndar\u00eb nga shoq\u00ebria n\u00eb t\u00ebr\u00ebsi, edhe n\u00ebse i konsiderojm\u00eb si probleme n\u00eb terren. Nga ana tjet\u00ebr, ka edhe \u00e7\u00ebshtje q\u00eb duhet t&#039;i ndaj\u00eb shoq\u00ebria dhe se shoq\u00ebria duhet t\u00eb thelloj\u00eb mir\u00ebkuptimin e saj. P\u00ebr m\u00eb tep\u00ebr, edhe brenda shoq\u00ebris\u00eb, ka njer\u00ebz q\u00eb mendojn\u00eb se \u00ebsht\u00eb problem, dhe ka njer\u00ebz q\u00eb mendojn\u00eb se nuk \u00ebsht\u00eb.<br>N\u00eb var\u00ebsi t\u00eb m\u00ebnyr\u00ebs se si e b\u00ebni pyetjen, njer\u00ebzit do t\u00eb p\u00ebrgjigjen ndryshe. P\u00ebr shembull, kur pyetet p\u00ebr problemin e refugjat\u00ebve, n\u00ebse paraprakisht theksohet gjendja e r\u00ebnd\u00eb e refugjat\u00ebve, ata priren t\u00eb shp\u00ebtojn\u00eb refugjat\u00ebt.<br>Ne ende po p\u00ebrpiqemi t\u00eb gjejm\u00eb m\u00ebnyr\u00ebn e duhur p\u00ebr t&#039;i b\u00ebr\u00eb k\u00ebto pyetje gjat\u00eb k\u00ebsaj faze pilot.<\/p>\n<\/div>\n\n\n\n<hr class=\"wp-block-separator has-alpha-channel-opacity is-style-wide\"\/>\n\n\n\n<h2 class=\"wp-block-heading\">Informacioni i kontaktit<\/h2>\n\n\n\n<p class=\"wp-block-paragraph\">Ju lutemi p\u00ebrdorni formularin e m\u00ebposht\u00ebm p\u00ebr t\u00eb kontaktuar Grupin e Studimit t\u00eb Zgjedhjes P\u00ebrfundimtare.<\/p>\n\n\n\n<p class=\"wp-block-paragraph\">N\u00ebse keni ndonj\u00eb mendim p\u00ebr k\u00ebt\u00eb tem\u00eb t\u00eb &quot;Zgjedhja p\u00ebrfundimtare&quot;, ju lutemi mos ngurroni t\u00eb shkruani ndonj\u00eb gj\u00eb.<\/p>\n\n\n\n<p class=\"wp-block-paragraph\"><\/p>\n\n\n<div class=\"wp-block-jetpack-contact-form is-layout-flex wp-container-jetpack-contact-form-is-layout-2cb9499c wp-block-jetpack-contact-form-is-layout-flex\"><a href=\"https:\/\/hardestchoice.org\/sq\/contactus\/\" target=\"_blank\" rel=\"noopener noreferrer\">Parashtroni nj\u00eb formular.<\/a><\/div>\n\n\n<p class=\"wp-block-paragraph\"><\/p>\n\n\n\n<div style=\"height:100px\" aria-hidden=\"true\" class=\"wp-block-spacer\"><\/div>","protected":false},"excerpt":{"rendered":"<p>\u3088\u304f\u3042\u308b\u3054\u8cea\u554f Q: \u53ea\u4eca\u6e96\u5099\u4e2d\u3067\u3059\u3002 A: \u56de\u7b54\u3092\u6e96\u5099\u3057\u3066\u304a\u308a\u307e\u3059\u3002 \u300a\u7a76\u6975\u306e\u9078\u629e\u300b\u3068\u3044\u3046\u30c6\u30fc\u30de\u306b\u3064\u3044\u3066 \u3053 [&hellip;]<\/p>\n","protected":false},"author":136335720,"featured_media":0,"parent":0,"menu_order":0,"comment_status":"closed","ping_status":"closed","template":"","meta":{"_crdt_document":"","advanced_seo_description":"","jetpack_seo_html_title":"","jetpack_seo_noindex":false,"footnotes":""},"class_list":["post-29","page","type-page","status-publish","hentry"],"jetpack_likes_enabled":true,"jetpack_sharing_enabled":true,"jetpack_shortlink":"https:\/\/wp.me\/PdK9kd-t","jetpack-related-posts":[],"amp_enabled":true,"_links":{"self":[{"href":"https:\/\/hardestchoice.org\/sq\/wp-json\/wp\/v2\/pages\/29","targetHints":{"allow":["GET"]}}],"collection":[{"href":"https:\/\/hardestchoice.org\/sq\/wp-json\/wp\/v2\/pages"}],"about":[{"href":"https:\/\/hardestchoice.org\/sq\/wp-json\/wp\/v2\/types\/page"}],"author":[{"embeddable":true,"href":"https:\/\/hardestchoice.org\/sq\/wp-json\/wp\/v2\/users\/136335720"}],"replies":[{"embeddable":true,"href":"https:\/\/hardestchoice.org\/sq\/wp-json\/wp\/v2\/comments?post=29"}],"version-history":[{"count":34,"href":"https:\/\/hardestchoice.org\/sq\/wp-json\/wp\/v2\/pages\/29\/revisions"}],"predecessor-version":[{"id":1755,"href":"https:\/\/hardestchoice.org\/sq\/wp-json\/wp\/v2\/pages\/29\/revisions\/1755"}],"wp:attachment":[{"href":"https:\/\/hardestchoice.org\/sq\/wp-json\/wp\/v2\/media?parent=29"}],"curies":[{"name":"wp","href":"https:\/\/api.w.org\/{rel}","templated":true}]}}