{"id":14,"date":"2022-03-02T12:01:05","date_gmt":"2022-03-02T03:01:05","guid":{"rendered":"https:\/\/hardestchoice.org\/?page_id=14"},"modified":"2024-06-05T13:21:07","modified_gmt":"2024-06-05T04:21:07","slug":"aboutus","status":"publish","type":"page","link":"https:\/\/hardestchoice.org\/sv\/aboutus\/","title":{"rendered":"HANDLA OM"},"content":{"rendered":"<div class=\"wp-block-group alignfull is-layout-constrained wp-block-group-is-layout-constrained\">\n<h2 class=\"wp-block-heading\">\u300aUltimativt val\u300b Studiegrupp<\/h2>\n\n\n\n<p class=\"wp-block-paragraph\">Detta \u00e4r webbplatsen f\u00f6r Kyoto University Center for Interdisciplinary Education &quot;The Ultimate Choice&quot; Study Group (tidigare Kyoto University &quot;The Ultimate Choice&quot; Research Light Unit).<\/p>\n\n\n\n<p class=\"wp-block-paragraph\">V\u00e5r forskning har inga dr\u00f6mmar, f\u00f6rhoppningar eller Nobelpriser. Dessutom kan du k\u00e4nna att du beh\u00f6ver t\u00e4nka p\u00e5 s\u00e5dan grymhet. Detta beror p\u00e5 att forskning om det ultimata valet \u00e4r en studie av att t\u00e4nka p\u00e5 vad och vem man ska offra.<\/p>\n\n\n\n<p class=\"wp-block-paragraph\">Men forskning beh\u00f6vs. F\u00f6r om du inte f\u00f6rbereder ett svar f\u00f6r Ultimate Choice kommer du att hamna i en v\u00e4rre situation.<\/p>\n\n\n\n<p class=\"wp-block-paragraph\">Till exempel, ``vem ska prioriteras f\u00f6r vaccination n\u00e4r det r\u00e5der brist p\u00e5 vaccin under en pandemi med h\u00f6g d\u00f6dlighet?&#039;&#039; och ``vem ska prioriteras f\u00f6r r\u00e4ddning n\u00e4r m\u00e4nniskor r\u00e4ddas fr\u00e5n en storskalig katastrof.&#039; &#039; Valet av offer som detta \u00e4r inget som kan besvaras p\u00e5 plats vid den tiden.<\/p>\n\n\n\n<p class=\"wp-block-paragraph\">Om denna fr\u00e5ga om uppoffring l\u00e4mnas obesvarad \u00e4r det troligt att det kommer att finnas en f\u00f6rst till kvarn-princip, en preferens f\u00f6r makthavare och de rika, eller ett undvikande av val d\u00e4r alla offras. Det kommer att bli slutet de flesta m\u00e4nniskor vill inte.<\/p>\n\n\n\n<p class=\"wp-block-paragraph\">Att forts\u00e4tta titta bort f\u00f6r\u00e4ndrar inte det hemska slutet.<\/p>\n\n\n\n<p class=\"wp-block-paragraph\">\u00c4ven i samband med denna fr\u00e5ga kan vissa m\u00e4nniskor associera triage, till exempel. Men vad som h\u00e4nde med jordb\u00e4vningen i den stora \u00f6stra Japan var en n\u00f6dsituation d\u00e4r \u00e4ven om &quot;h\u00f6gsta prioritetsbehandlingen&quot; var m\u00e4rkt i triaget, fanns det f\u00f6r m\u00e5nga och ytterligare urval var n\u00f6dv\u00e4ndigt. Ju st\u00f6rre omfattningen av katastrofer och problem \u00e4r, desto sv\u00e5rare blir det att hantera konventionella system, och det &quot;slutliga valet&quot; f\u00f6rekommer \u00f6verallt.<\/p>\n\n\n\n<p class=\"wp-block-paragraph\">Som f\u00f6rberedelse f\u00f6r uppkomsten av ett s\u00e5dant &quot;ultimativt val&quot; anser vi att det \u00e4r n\u00f6dv\u00e4ndigt att ha en mekanism som m\u00f6jligg\u00f6r noggrann diskussion och urval \u00f6ver tid f\u00f6r att f\u00e5 fram svar som \u00e4r \u00f6vertygande f\u00f6r s\u00e5 m\u00e5nga m\u00e4nniskor som m\u00f6jligt.<\/p>\n\n\n\n<p class=\"wp-block-paragraph\">D\u00e4rf\u00f6r forskar vi om problemet med valm\u00f6jligheter i extrema situationer och utforskar b\u00e4ttre \u00e5tg\u00e4rder under rubriken &quot;Ultimate Choice&quot;.<\/p>\n\n\n\n<p class=\"wp-block-paragraph\">Skulle ni vilja fundera p\u00e5 &quot;The Ultimate Choice&quot; tillsammans?<\/p>\n\n\n\n<p class=\"wp-block-paragraph\">(I framtiden skulle jag vilja sikta p\u00e5 ett system som st\u00f6djer globalt beslutsfattande, som att acceptera f\u00f6rslag fr\u00e5n v\u00e4ljare, tillhandah\u00e5lla ett forum f\u00f6r \u00f6verl\u00e4ggningar och f\u00f6rbereda versioner p\u00e5 varje spr\u00e5k, men det \u00e4r l\u00e5ngt kvar.)<\/p>\n\n\n\n<figure class=\"wp-block-image size-full\"><a href=\"https:\/\/i0.wp.com\/hardestchoice.org\/wp-content\/uploads\/2022\/04\/figure-hardestchoice.png?ssl=1\"><img loading=\"lazy\" decoding=\"async\" width=\"1280\" height=\"957\" data-attachment-id=\"79\" data-permalink=\"https:\/\/hardestchoice.org\/sv\/aboutus\/figure-hardestchoice\/\" data-orig-file=\"https:\/\/i0.wp.com\/hardestchoice.org\/wp-content\/uploads\/2022\/04\/figure-hardestchoice.png?fit=1280%2C957&amp;ssl=1\" data-orig-size=\"1280,957\" data-comments-opened=\"0\" data-image-meta=\"{&quot;aperture&quot;:&quot;0&quot;,&quot;credit&quot;:&quot;&quot;,&quot;camera&quot;:&quot;&quot;,&quot;caption&quot;:&quot;&quot;,&quot;created_timestamp&quot;:&quot;0&quot;,&quot;copyright&quot;:&quot;&quot;,&quot;focal_length&quot;:&quot;0&quot;,&quot;iso&quot;:&quot;0&quot;,&quot;shutter_speed&quot;:&quot;0&quot;,&quot;title&quot;:&quot;&quot;,&quot;orientation&quot;:&quot;0&quot;}\" data-image-title=\"figure-hardestchoice\" data-image-description=\"\" data-image-caption=\"\" data-large-file=\"https:\/\/i0.wp.com\/hardestchoice.org\/wp-content\/uploads\/2022\/04\/figure-hardestchoice.png?fit=1024%2C766&amp;ssl=1\" src=\"https:\/\/i0.wp.com\/hardestchoice.org\/wp-content\/uploads\/2022\/04\/figure-hardestchoice.png?fit=1280%2C957&amp;ssl=1\" alt=\"\" class=\"wp-image-79\" srcset=\"https:\/\/i0.wp.com\/hardestchoice.org\/wp-content\/uploads\/2022\/04\/figure-hardestchoice.png?w=1280&amp;ssl=1 1280w, https:\/\/i0.wp.com\/hardestchoice.org\/wp-content\/uploads\/2022\/04\/figure-hardestchoice.png?resize=300%2C224&amp;ssl=1 300w, https:\/\/i0.wp.com\/hardestchoice.org\/wp-content\/uploads\/2022\/04\/figure-hardestchoice.png?resize=1024%2C766&amp;ssl=1 1024w, https:\/\/i0.wp.com\/hardestchoice.org\/wp-content\/uploads\/2022\/04\/figure-hardestchoice.png?resize=768%2C574&amp;ssl=1 768w, https:\/\/i0.wp.com\/hardestchoice.org\/wp-content\/uploads\/2022\/04\/figure-hardestchoice.png?resize=16%2C12&amp;ssl=1 16w, https:\/\/i0.wp.com\/hardestchoice.org\/wp-content\/uploads\/2022\/04\/figure-hardestchoice.png?resize=400%2C300&amp;ssl=1 400w, https:\/\/i0.wp.com\/hardestchoice.org\/wp-content\/uploads\/2022\/04\/figure-hardestchoice.png?resize=200%2C150&amp;ssl=1 200w, https:\/\/i0.wp.com\/hardestchoice.org\/wp-content\/uploads\/2022\/04\/figure-hardestchoice.png?resize=1200%2C897&amp;ssl=1 1200w\" sizes=\"auto, (max-width: 1000px) 100vw, 1000px\" \/><\/a><\/figure>\n<\/div>\n\n\n\n<hr class=\"wp-block-separator has-alpha-channel-opacity is-style-wide\"\/>\n\n\n\n<h2 class=\"wp-block-heading\">Forskningsanslag<\/h2>\n\n\n\n<p class=\"wp-block-paragraph\">&quot;<em>Krav p\u00e5 AI f\u00f6r att fatta sociala beslut<\/em>- bra kvalitet<em>dataupps\u00e4ttning<\/em>och \u00f6nskv\u00e4rda<em>Produktion<\/em>forskning\u201d (problemnummer<a href=\"https:\/\/toyotafound.secure.force.com\/psearch\/JoseiDetail?name=D19-ST-0019\">D19-ST-0019<\/a>, Representant: Hirotsugu Ohba) (Toyota Foundation 2019 Special Issue &quot;New Human Society Co-created with Advanced Technology&quot;)<\/p>\n\n\n\n<p class=\"wp-block-paragraph\"><a href=\"https:\/\/toyotafound.secure.force.com\/psearch\/JoseiDetail?name=D19-ST-0019\">https:\/\/toyotafound.secure.force.com\/psearch\/JoseiDetail?name=D19-ST-0019<\/a><\/p>\n\n\n\n<hr class=\"wp-block-separator has-alpha-channel-opacity is-style-wide\"\/>\n\n\n\n<h2 class=\"wp-block-heading\">Forskningsmedlem<\/h2>\n\n\n\n<p class=\"wp-block-paragraph\"><\/p>\n\n\n\n<p class=\"wp-block-paragraph\"><strong>Yuko Ichii<\/strong><br>Tokyos universitet, Kavli-institutet f\u00f6r universums fysik och matematik, s\u00e4rskilt utsedd forskare, till\u00e4mpning av kunskap om vetenskapskommunikationsteori<\/p>\n\n\n\n<p class=\"wp-block-paragraph\"><strong>Makoto Ozono<\/strong><br>Adjungerad forskare, Research Institute for Humanities, Doshisha University, Till\u00e4mpning av statsvetenskaplig kunskap<\/p>\n\n\n\n<p class=\"wp-block-paragraph\"><strong><a href=\"https:\/\/researchmap.jp\/overhiro\/\" data-type=\"URL\" data-id=\"https:\/\/researchmap.jp\/overhiro\/\" target=\"_blank\" rel=\"noreferrer noopener\">Hirotsugu Ohba<\/a><\/strong><br>Rikkyo University, Graduate School of Artificial Intelligence Science, s\u00e4rskilt utsedd professor, representant, allm\u00e4nt ansvarig<\/p>\n\n\n\n<p class=\"wp-block-paragraph\"><strong>Shimpei Okamoto<\/strong><br>Hiroshima University, Graduate School of Letters, bitr\u00e4dande professor, till\u00e4mpning av kunskaper om till\u00e4mpad filosofi<\/p>\n\n\n\n<p class=\"wp-block-paragraph\"><strong>Masafumi Kasagi<\/strong><br>S\u00e4rskilt utsedd docent, Institutet f\u00f6r liberala konster och vetenskaper, Nagoya University;<\/p>\n\n\n\n<p class=\"wp-block-paragraph\"><strong>Noiru Kikuchi<\/strong><br>National Graduate Institute for Policy Studies, Policy Research Centre for Science, Technology and Innovation, Specialist, Till\u00e4mpning av kunskap om vetenskapskommunikationsteori<\/p>\n\n\n\n<p class=\"wp-block-paragraph\"><strong>Harushi Tamazawa<\/strong><br>Kyoto University, Graduate School of Letters, forskare, vice VD, Application of Knowledge in Space Science<\/p>\n\n\n\n<p class=\"wp-block-paragraph\"><strong>Satoshi Kawamura<\/strong><br>Graduate School of Science, Astronomical Observatory, Kyoto University, Doktorskurs, Till\u00e4mpning av kunskap om rymdvetenskap<\/p>\n\n\n\n<p class=\"wp-block-paragraph\"><strong>Shiro Komatsu<\/strong><br>University of Yamanashi, fakulteten f\u00f6r livs- och milj\u00f6vetenskap, docent, till\u00e4mpning av kunskap inom biovetenskap och statsvetenskap<\/p>\n\n\n\n<p class=\"wp-block-paragraph\"><strong>Keiko Sato<\/strong><br>S\u00e4rskilt utsedd docent, Institutionen f\u00f6r medicinsk s\u00e4kerhetsledning, Kyoto universitetssjukhus, till\u00e4mpning av livsvetenskaplig kunskap<\/p>\n\n\n\n<p class=\"wp-block-paragraph\"><strong>Mika Suzuki<\/strong><br>Kyoto University iPS Cell Research Institute Uehiro Ethics Research Division Specialforskare Till\u00e4mpning av bioetisk kunskap<\/p>\n\n\n\n<p class=\"wp-block-paragraph\"><strong>Yuki Takagi<\/strong><br>Kyoto University, Graduate School of Letters, doktorandprogrammet, till\u00e4mpad etikkunskap<\/p>\n\n\n\n<p class=\"wp-block-paragraph\"><strong>Masatsugu Senchiiwa<\/strong><br>University of Kitakyushu, fakulteten f\u00f6r fr\u00e4mmande spr\u00e5k, deltidslektor, till\u00e4mpning av statsvetenskaplig kunskap<\/p>\n\n\n\n<p class=\"wp-block-paragraph\"><strong><a href=\"https:\/\/researchmap.jp\/Nagafumi_Nakamura\/?lang=japanese\" target=\"_blank\" rel=\"noreferrer noopener\">Nagafumi Nakamura<\/a><\/strong><br>S\u00e4rskilt utsedd adjunkt, Institute for Advancement of Liberal Arts, fakulteten f\u00f6r liberal konst, University of Tokyo;<\/p>\n\n\n\n<p class=\"wp-block-paragraph\"><strong>Kojiro Honda<\/strong><br>Kanazawa Medical University, Human Sciences, Docent, Till\u00e4mpning av kunskaper om till\u00e4mpad filosofi<\/p>\n\n\n\n<p class=\"wp-block-paragraph\"><strong>Koki Miyano<\/strong><br>Kyoto University, Centrum f\u00f6r fr\u00e4mjande av tv\u00e4rvetenskaplig utbildning och forskning, docent;<\/p>\n\n\n\n<p class=\"wp-block-paragraph\"><strong>Masahiro Morioka<\/strong><br>Waseda University, Fakulteten f\u00f6r humanvetenskap, professor, till\u00e4mpning av kunskaper om till\u00e4mpad filosofi<\/p>","protected":false},"excerpt":{"rendered":"<p>\u300a\u7a76\u6975\u306e\u9078\u629e\u300b\u7814\u7a76\u4f1a \u4eac\u90fd\u5927\u5b66 \u5b66\u969b\u878d\u5408\u6559\u80b2\u30bb\u30f3\u30bf\u30fc\u300a\u7a76\u6975\u306e\u9078\u629e\u300b\u7814\u7a76\u4f1a\uff08\u65e7 \u4eac\u90fd\u5927\u5b66\u300a\u7a76\u6975\u306e\u9078\u629e\u300b\u7814\u7a76\u30e9\u30a4\u30c8 [&hellip;]<\/p>\n","protected":false},"author":131104234,"featured_media":0,"parent":0,"menu_order":0,"comment_status":"closed","ping_status":"closed","template":"","meta":{"_crdt_document":"","advanced_seo_description":"","jetpack_seo_html_title":"","jetpack_seo_noindex":false,"footnotes":""},"class_list":["post-14","page","type-page","status-publish","hentry"],"jetpack_likes_enabled":true,"jetpack_sharing_enabled":true,"jetpack_shortlink":"https:\/\/wp.me\/PdK9kd-e","jetpack-related-posts":[],"amp_enabled":true,"_links":{"self":[{"href":"https:\/\/hardestchoice.org\/sv\/wp-json\/wp\/v2\/pages\/14","targetHints":{"allow":["GET"]}}],"collection":[{"href":"https:\/\/hardestchoice.org\/sv\/wp-json\/wp\/v2\/pages"}],"about":[{"href":"https:\/\/hardestchoice.org\/sv\/wp-json\/wp\/v2\/types\/page"}],"author":[{"embeddable":true,"href":"https:\/\/hardestchoice.org\/sv\/wp-json\/wp\/v2\/users\/131104234"}],"replies":[{"embeddable":true,"href":"https:\/\/hardestchoice.org\/sv\/wp-json\/wp\/v2\/comments?post=14"}],"version-history":[{"count":36,"href":"https:\/\/hardestchoice.org\/sv\/wp-json\/wp\/v2\/pages\/14\/revisions"}],"predecessor-version":[{"id":2469,"href":"https:\/\/hardestchoice.org\/sv\/wp-json\/wp\/v2\/pages\/14\/revisions\/2469"}],"wp:attachment":[{"href":"https:\/\/hardestchoice.org\/sv\/wp-json\/wp\/v2\/media?parent=14"}],"curies":[{"name":"wp","href":"https:\/\/api.w.org\/{rel}","templated":true}]}}